{"id":1092,"date":"2017-03-10T14:12:53","date_gmt":"2017-03-10T13:12:53","guid":{"rendered":"https:\/\/szachygrodzisk.pl\/?page_id=1092"},"modified":"2017-03-12T13:56:43","modified_gmt":"2017-03-12T12:56:43","slug":"pierwsze-urodziny-regulamin","status":"publish","type":"page","link":"https:\/\/szachygrodzisk.pl\/index.php\/pierwsze-urodziny-regulamin\/","title":{"rendered":"Pierwsze Urodziny &#8211; REGULAMIN"},"content":{"rendered":"<p>Zawody obj\u0119te Honorowym Patronatem Burmistrza Grodziska Mazowieckiego<\/p>\n<h5>1. Cele zawod\u00f3w<\/h5>\n<p>Popularyzacja gry w szachy w Grodzisku Mazowieckim i okolicach<br \/>\n\u015awi\u0119towanie pierwszej rocznicy za\u0142o\u017cenia Klubu<br \/>\nUmo\u017cliwienie dzieciom, m\u0142odzie\u017cy i doros\u0142ym zdobycia lub podwy\u017cszenia kategorii szachowych<br \/>\nWy\u0142onienie w sportowej rywalizacji najlepszych m\u0142odych szachist\u00f3w regionu<br \/>\nIntegracja lokalnego \u015brodowiska szachowego<\/p>\n<h5>2. Organizatorzy<\/h5>\n<p>Uczniowski Klub Sportowy Szachowa Dw\u00f3jka Grodzisk Mazowiecki<br \/>\nSzko\u0142a Podstawowa nr 2 im. Marii Konopnickiej w Grodzisku Mazowieckim<span style=\"color: #ff0000;\"><br \/>\n<\/span><\/p>\n<h5>3. Program zawod\u00f3w<\/h5>\n<p>Miejsce rozgrywek: Szko\u0142a Podstawowa nr 2, ul. Westfala 3, Grodzisk Maz.<br \/>\nTermin: <u><strong>weekend 1-2 kwietnia 2017 r.<\/strong><\/u><\/p>\n<p>Zawody zostan\u0105 rozegrane w 3 grupach:<br \/>\n\u2022 Grupa A (2 dni) &#8211; od V kategorii szachowej, bez ogranicze\u0144 wiekowych<br \/>\n\u2022 Grupa B (sobota) &#8211; do V kategorii szachowej (ranking PZSzach &lt;= 1200), bez ogranicze\u0144 wiekowych<br \/>\n\u2022 Grupa C (niedziela) &#8211; do IV kobiecej kategorii szachowej (PZSzach &lt;= 1250), ur. 2008 i m\u0142odsi<\/p>\n<p><span style=\"text-decoration: underline;\">Sobota 1.04 (grupy A i B)<\/span><br \/>\nPotwierdzanie uczestnictwa: 9:15-9:40<br \/>\nOdprawa techniczna (obowi\u0105zkowa): 9:50<br \/>\nGr. A: I runda: 10:00 (i dalej rundy II, III, IV) &#8211; &#8211; &#8211; przewidywane zako\u0144czenie ok. 17<br \/>\nGr. B: I runda: 10:00 (i dalej kolejne rundy) &#8211; &#8211; &#8211; przewidywane zako\u0144czenie ok. 16<\/p>\n<p><u>Niedziela 2.04 (grupy A i C)<\/u><br \/>\nGr. C: Potwierdzanie uczestnictwa: 9:15-9:40<br \/>\nGr. C: Odprawa techniczna (obowi\u0105zkowa): 9:50<br \/>\nGr. C: I runda: 10:00 (i dalej kolejne rundy) &#8211; &#8211; &#8211; zako\u0144czenie ok. 15<br \/>\nGr. A: V runda: 10:00 (i dalej rundy VI, VII) &#8211; &#8211; &#8211; zako\u0144czenie ok. 16<\/p>\n<h5>4. System rozgrywek<\/h5>\n<p>Grupa A:<br \/>\n\u2022 system szwajcarski na dystansie 7 rund,<br \/>\n\u2022 tempo gry: 30 minut na parti\u0119 dla zawodnika plus 30 sekund dodawane po ka\u017cdym posuni\u0119ciu,<br \/>\n\u2022 <u><strong>obowi\u0105zkowy zapis partii<\/strong><\/u>,<br \/>\n\u2022 mo\u017cliwo\u015b\u0107 zdobycia kategorii do I kobiecej w\u0142\u0105cznie.<\/p>\n<p>Grupy B i C:<br \/>\n\u2022 system szwajcarski na dystansie 6 rund,<br \/>\n\u2022 tempo gry: 30 minut na parti\u0119 dla zawodnika,<br \/>\n\u2022 mo\u017cliwo\u015b\u0107 zdobycia V lub IV kategorii szachowej.<\/p>\n<p>Przy r\u00f3wnej liczbie punkt\u00f3w o zaj\u0119tym miejscu decyduj\u0105: skr\u00f3cona punktacja Buchholza, pe\u0142na punktacja Buchholza, liczba zwyci\u0119stw, progres, losowanie.<br \/>\nW turniejach obowi\u0105zuj\u0105 przepisy gry FIDE. Turnieje nie b\u0119d\u0105 zg\u0142aszane do oceny rankingowej FIDE.<br \/>\nMaksymalne dopuszczalne sp\u00f3\u017anienie na rund\u0119: 10 minut<\/p>\n<h5>5. Warunki uczestnictwa<\/h5>\n<p>Do turnieju nale\u017cy zg\u0142asza\u0107 si\u0119:<br \/>\n\u2022 przez internetowy <i>Formularz zg\u0142oszenia<\/i>: <a href=\"http:\/\/www.chessarbiter.com\/turnieje\/2017\/ti_1593\/registration_form.html?l=pl\" target=\"_blank\">grupa A<\/a>, <a href=\"http:\/\/www.chessarbiter.com\/turnieje\/2017\/ti_1594\/registration_form.html?l=pl\" target=\"_blank\">grupa B<\/a>, <a href=\"http:\/\/www.chessarbiter.com\/turnieje\/2017\/ti_1595\/registration_form.html?l=pl\" target=\"_blank\">grupa C<\/a> (preferowana forma zg\u0142oszenia) lub<br \/>\n\u2022 mailem na adres <a href=\"mailto:klub@szachygrodzisk.pl\">klub@szachygrodzisk.pl<\/a> \u2013 nale\u017cy poda\u0107 imi\u0119, nazwisko, klub lub miejscowo\u015b\u0107, kategori\u0119 szachow\u0105 (o ile si\u0119 posiada) oraz pe\u0142n\u0105 dat\u0119 urodzenia lub<br \/>\n\u2022 telefonicznie w godzinach 20-21 (nr tel. na ko\u0144cu regulaminu) lub<br \/>\n\u2022 osobi\u015bcie.<\/p>\n<p><strong><u>Zg\u0142oszenia do niedzieli 26.03 w\u0142\u0105cznie<\/u><\/strong><br \/>\nOsoby zg\u0142oszone po terminie mog\u0105 by\u0107 dopuszczone do gry w miar\u0119 wolnych miejsc<br \/>\nObowi\u0105zuje potwierdzenie udzia\u0142u w zawodach na sali gry &#8211; zawodnicy nie potwierdzeni do 9:40 b\u0119d\u0105 grali od II rundy<\/p>\n<p>Wpisowe:<br \/>\n\u2022 Grupa A &#8211; 40 z\u0142 (50% zni\u017cki dla cz\u0142onk\u00f3w Szachowej Dw\u00f3jki z op\u0142aconymi sk\u0142adkami)<br \/>\n\u2022 Grupa B &#8211; 30 z\u0142 (50% zni\u017cki dla cz\u0142onk\u00f3w Szachowej Dw\u00f3jki z op\u0142aconymi sk\u0142adkami)<br \/>\n\u2022 Grupa C &#8211; turniej bez wpisowego<\/p>\n<p>Wpisowe p\u0142atne przed zawodami w godz. 9:15-9:40 lub na konto:<br \/>\n\u2022 Nazwa odbiorcy: Uczniowski Klub Sportowy Szachowa Dw\u00f3jka Grodzisk Mazowiecki<br \/>\n\u2022 Nr konta: 26 2030 0045 1110 0000 0425 1050<br \/>\n\u2022 W tytule przelewu\/wp\u0142aty nale\u017cy poda\u0107 imi\u0119 i nazwisko zawodnika.<\/p>\n<p>Zg\u0142oszenia i informacje o wp\u0142acie wpisowego b\u0119d\u0105 na bie\u017c\u0105co publikowane na listach startowych.<\/p>\n<p>Zapisy na sali gry w dniu zawod\u00f3w (o ile b\u0119d\u0105 wolne miejsca): w godz. 9:15-9:40, wpisowe w tym wypadku wzrasta o 10 z\u0142. Op\u0142acenie wpisowego po 9:40 grozi wykluczeniem z kojarzenia I rundy.<\/p>\n<h5>6. Nagrody<\/h5>\n<p>Zawodnicy nagrodzeni oraz wszyscy uczestnicy turnieju niedzielnego dla dzieci otrzymaj\u0105 dyplomy.<\/p>\n<p>Grupa A &#8211; karty prezentowe empik o warto\u015bci podanej poni\u017cej:<br \/>\n<span style=\"color: #ff0000;\"> \u2022 I miejsce &#8211; 200 z\u0142,<\/span><br \/>\n\u2022 II miejsce &#8211; 150 z\u0142,<br \/>\n\u2022 III miejsce &#8211; 100 z\u0142,<br \/>\n\u2022 najlepsza zawodniczka &#8211; 100 z\u0142,<br \/>\n\u2022 najlepszy m\u0142odzik (do lat 10) &#8211; 100 z\u0142.<\/p>\n<p>Puchary dla pierwszej tr\u00f3jki w grupie A. Medale dla najlepszych w grupach B i C oraz w grupie A: dla najlepszych zawodniczek i najlepszych m\u0142odzik\u00f3w.<br \/>\nDrobne upominki dla zawodnik\u00f3w urodzonych w 2008 roku i m\u0142odszych &#8211; we wszystkich grupach turniejowych.<\/p>\n<p>Zawodnik mo\u017ce otrzyma\u0107 tylko jedn\u0105 nagrod\u0119.<br \/>\n<span style=\"text-decoration: underline; color: #ff0000;\"><strong>Organizatorzy zapewniaj\u0105 nagrody rzeczowe dla minimum 30% uczestnik\u00f3w<\/strong><\/span> &#8211; dalsze miejsca w podanych klasyfikacjach oraz najlepsi zawodnicy Szachowej Dw\u00f3jki. Szczeg\u00f3\u0142y odno\u015bnie nagr\u00f3d rzeczowych zostan\u0105 podane po rozpocz\u0119ciu zawod\u00f3w.<br \/>\nNagrody b\u0119d\u0105 wr\u0119czane wy\u0142\u0105cznie podczas ceremonii zako\u0144czenia turnieju.<\/p>\n<h5>7. Inne<\/h5>\n<p>Tradycyjnie Organizatorzy zapewniaj\u0105 pocz\u0119stunek: napoje zimne i gor\u0105ce, kanapki, owoce, ciasta.<br \/>\nZawodnik\u00f3w obowi\u0105zuje zmiana obuwia.<br \/>\nNa sali gry obowi\u0105zuje ca\u0142kowity zakaz u\u017cywania telefon\u00f3w kom\u00f3rkowych.<br \/>\nUdzia\u0142 w zawodach oznacza zgod\u0119 na wykorzystanie wizerunku i danych do realizacji dzia\u0142a\u0144 statutowych Organizator\u00f3w.<br \/>\nPrzed turniejem b\u0119dzie mo\u017cliwo\u015b\u0107 zapoznania si\u0119 z obs\u0142ug\u0105 zegara szachowego.<br \/>\nOrganizatorzy mog\u0105 dopu\u015bci\u0107 do gry w ka\u017cdej grupie do 5 zawodnik\u00f3w nie spe\u0142niaj\u0105cych kryterium rankingowego i\/lub wiekowego.<br \/>\nO wszelkich sprawach nieuj\u0119tych w niniejszym regulaminie decyduj\u0105 Organizatorzy.<br \/>\nOrganizatorzy zastrzegaj\u0105 sobie prawo wprowadzania zmian w niniejszym regulaminie.<\/p>\n<p>Dane kontaktowe: Jacek Kici\u0144ski, tel. 511 834 619, <a href=\"mailto:klub@szachygrodzisk.pl\">klub@szachygrodzisk.pl<\/a><\/p>\n","protected":false},"excerpt":{"rendered":"<p>Zawody obj\u0119te Honorowym Patronatem Burmistrza Grodziska Mazowieckiego 1. Cele zawod\u00f3w Popularyzacja gry w szachy w Grodzisku Mazowieckim i okolicach \u015awi\u0119towanie pierwszej rocznicy za\u0142o\u017cenia Klubu Umo\u017cliwienie dzieciom, m\u0142odzie\u017cy i doros\u0142ym zdobycia lub podwy\u017cszenia kategorii szachowych Wy\u0142onienie w sportowej rywalizacji najlepszych m\u0142odych szachist\u00f3w regionu Integracja lokalnego \u015brodowiska szachowego 2. Organizatorzy Uczniowski Klub Sportowy Szachowa Dw\u00f3jka Grodzisk Mazowiecki Szko\u0142a Podstawowa nr 2 im. Marii Konopnickiej w Grodzisku Mazowieckim 3. Program zawod\u00f3w Miejsce rozgrywek: Szko\u0142a Podstawowa nr 2, ul. Westfala 3, Grodzisk Maz. Termin: weekend 1-2 kwietnia 2017 r. Zawody zostan\u0105 rozegrane w 3 grupach: \u2022 Grupa A (2 dni) &#8211; od V kategorii&hellip;<\/p>\n<p> <a class=\"more-link\" href=\"https:\/\/szachygrodzisk.pl\/index.php\/pierwsze-urodziny-regulamin\/\">Dowiedz si\u0119 wi\u0119cej<\/a><\/p>\n","protected":false},"author":2,"featured_media":0,"parent":0,"menu_order":0,"comment_status":"closed","ping_status":"closed","template":"","meta":{"_monsterinsights_skip_tracking":false,"_monsterinsights_sitenote_active":false,"_monsterinsights_sitenote_note":"","_monsterinsights_sitenote_category":0,"footnotes":""},"class_list":["post-1092","page","type-page","status-publish"],"_links":{"self":[{"href":"https:\/\/szachygrodzisk.pl\/index.php\/wp-json\/wp\/v2\/pages\/1092","targetHints":{"allow":["GET"]}}],"collection":[{"href":"https:\/\/szachygrodzisk.pl\/index.php\/wp-json\/wp\/v2\/pages"}],"about":[{"href":"https:\/\/szachygrodzisk.pl\/index.php\/wp-json\/wp\/v2\/types\/page"}],"author":[{"embeddable":true,"href":"https:\/\/szachygrodzisk.pl\/index.php\/wp-json\/wp\/v2\/users\/2"}],"replies":[{"embeddable":true,"href":"https:\/\/szachygrodzisk.pl\/index.php\/wp-json\/wp\/v2\/comments?post=1092"}],"version-history":[{"count":5,"href":"https:\/\/szachygrodzisk.pl\/index.php\/wp-json\/wp\/v2\/pages\/1092\/revisions"}],"predecessor-version":[{"id":1098,"href":"https:\/\/szachygrodzisk.pl\/index.php\/wp-json\/wp\/v2\/pages\/1092\/revisions\/1098"}],"wp:attachment":[{"href":"https:\/\/szachygrodzisk.pl\/index.php\/wp-json\/wp\/v2\/media?parent=1092"}],"curies":[{"name":"wp","href":"https:\/\/api.w.org\/{rel}","templated":true}]}}