{"id":11,"date":"2015-08-31T20:34:50","date_gmt":"2015-08-31T18:34:50","guid":{"rendered":"https:\/\/szachygrodzisk.pl\/?page_id=11"},"modified":"2018-10-11T11:21:45","modified_gmt":"2018-10-11T09:21:45","slug":"planowane-turnieje","status":"publish","type":"page","link":"https:\/\/szachygrodzisk.pl\/index.php\/planowane-turnieje\/","title":{"rendered":"Planowane turnieje"},"content":{"rendered":"<p><a href=\"https:\/\/szachygrodzisk.pl\/wp-content\/uploads\/2015\/09\/MPJbis2015.jpg\"><img fetchpriority=\"high\" decoding=\"async\" class=\"size-medium wp-image-29 alignright\" src=\"https:\/\/szachygrodzisk.pl\/wp-content\/uploads\/2015\/09\/MPJbis2015-300x200.jpg\" alt=\"MPJbis2015\" width=\"300\" height=\"200\" srcset=\"https:\/\/szachygrodzisk.pl\/wp-content\/uploads\/2015\/09\/MPJbis2015-300x200.jpg 300w, https:\/\/szachygrodzisk.pl\/wp-content\/uploads\/2015\/09\/MPJbis2015.jpg 960w\" sizes=\"(max-width: 300px) 100vw, 300px\" \/><\/a>Ciekawe turnieje szachowe planowane w najbli\u017cszym czasie w Grodzisku Mazowieckim i okolicach oraz wojew\u00f3dzkie i og\u00f3lnopolskie turnieje mistrzowskie dla junior\u00f3w. Zasadniczo wymienione tu imprezy maj\u0105 charakter otwarty &#8211; mo\u017cna zapisa\u0107 si\u0119 bez dodatkowych eliminacji, ewentualnym ograniczeniem mo\u017ce by\u0107 co najwy\u017cej wiek zawodnika lub kryterium rankingowe.<\/p>\n<p><span style=\"color: #ff0000;\">Czerwona czcionka<\/span> &#8211; turniej organizowany przez Szachow\u0105 Dw\u00f3jk\u0119. \u26f3 oznacza turniej, na kt\u00f3ry si\u0119 wybieram i mo\u017cemy si\u0119 umawia\u0107 na wsp\u00f3lny wyjazd \ud83d\ude42 &#8211; jkicinski@szachygrodzisk.pl. \ud83c\udfc1 to turniej, kt\u00f3ry wsp\u00f3\u0142organizuj\u0119 lub s\u0119dziuj\u0119.<\/p>\n<p>Tempo P&#8217;30 (30 minut na parti\u0119 dla zawodnika) pozwala na zdobycie V lub IV kategorii, jest idealne dla pocz\u0105tkuj\u0105cych. Natomiast dla tych, kt\u00f3rzy maj\u0105 co najmniej IV kategori\u0119 lepsze b\u0119dzie tempo P&#8217;60 (lub 30&#8217;+30&#8243;\/pos.) &#8211; s\u0105 to turnieje co najmniej 2-dniowe, z obowi\u0105zkowym zapisem partii i mo\u017cliwo\u015bci\u0105 zdobycia III lub II kategorii.<\/p>\n<p>Samodzielna rejestracja na turniej jest \u0142atwa. W razie problem\u00f3w pomo\u017ce <a href=\"https:\/\/www.facebook.com\/pg\/Mazowiecki-Zwi%C4%85zek-Szachowy-990970574260463\/photos\/?tab=album&amp;album_id=1649558518401662\" target=\"_blank\" rel=\"noopener\">przewodnik<\/a> przygotowany przez MZSzach.<\/p>\n<h2>Informacja<\/h2>\n<p>Strona nie jest aktualizowana. Zostanie w przysz\u0142o\u015bci zast\u0105piona kalendarzem wydarze\u0144.<br \/>\nInformacje o naszych planowanych turniejach znajduj\u0105 si\u0119 w zak\u0142adce <a href=\"https:\/\/szachygrodzisk.pl\/index.php\/dzieje-sie\/\">Dzieje si\u0119<\/a>.<\/p>\n<p>Informacje o planowanych turniejach na Mazowszu:<br \/>\n&#8211; <a href=\"http:\/\/www.chessarbiter.com\/turnieje.php?rok=&amp;nazwa=&amp;miejsce=&amp;status=planowane&amp;wojewodztwo=MA&amp;typ=wszystkie&amp;rodzaj=wszystkie&amp;szukaj=Wyswietl+turnieje\" target=\"_blank\" rel=\"noopener noreferrer\">Chessarbiter Pro<\/a> &#8211; woj. mazowieckie,<br \/>\n&#8211; <a href=\"http:\/\/mzszach.pl\" target=\"_blank\" rel=\"noopener noreferrer\">Mazowiecki Zwi\u0105zek Szachowy<\/a>.<\/p>\n","protected":false},"excerpt":{"rendered":"<p>Ciekawe turnieje szachowe planowane w najbli\u017cszym czasie w Grodzisku Mazowieckim i okolicach oraz wojew\u00f3dzkie i og\u00f3lnopolskie turnieje mistrzowskie dla junior\u00f3w. Zasadniczo wymienione tu imprezy maj\u0105 charakter otwarty &#8211; mo\u017cna zapisa\u0107 si\u0119 bez dodatkowych eliminacji, ewentualnym ograniczeniem mo\u017ce by\u0107 co najwy\u017cej wiek zawodnika lub kryterium rankingowe. Czerwona czcionka &#8211; turniej organizowany przez Szachow\u0105 Dw\u00f3jk\u0119. \u26f3 oznacza turniej, na kt\u00f3ry si\u0119 wybieram i mo\u017cemy si\u0119 umawia\u0107 na wsp\u00f3lny wyjazd \ud83d\ude42 &#8211; jkicinski@szachygrodzisk.pl. \ud83c\udfc1 to turniej, kt\u00f3ry wsp\u00f3\u0142organizuj\u0119 lub s\u0119dziuj\u0119. Tempo P&#8217;30 (30 minut na parti\u0119 dla zawodnika) pozwala na zdobycie V lub IV kategorii, jest idealne dla pocz\u0105tkuj\u0105cych. Natomiast dla tych, kt\u00f3rzy&hellip;<\/p>\n<p> <a class=\"more-link\" href=\"https:\/\/szachygrodzisk.pl\/index.php\/planowane-turnieje\/\">Dowiedz si\u0119 wi\u0119cej<\/a><\/p>\n","protected":false},"author":2,"featured_media":0,"parent":0,"menu_order":0,"comment_status":"open","ping_status":"closed","template":"","meta":{"_monsterinsights_skip_tracking":false,"_monsterinsights_sitenote_active":false,"_monsterinsights_sitenote_note":"","_monsterinsights_sitenote_category":0,"footnotes":""},"class_list":["post-11","page","type-page","status-publish"],"_links":{"self":[{"href":"https:\/\/szachygrodzisk.pl\/index.php\/wp-json\/wp\/v2\/pages\/11","targetHints":{"allow":["GET"]}}],"collection":[{"href":"https:\/\/szachygrodzisk.pl\/index.php\/wp-json\/wp\/v2\/pages"}],"about":[{"href":"https:\/\/szachygrodzisk.pl\/index.php\/wp-json\/wp\/v2\/types\/page"}],"author":[{"embeddable":true,"href":"https:\/\/szachygrodzisk.pl\/index.php\/wp-json\/wp\/v2\/users\/2"}],"replies":[{"embeddable":true,"href":"https:\/\/szachygrodzisk.pl\/index.php\/wp-json\/wp\/v2\/comments?post=11"}],"version-history":[{"count":237,"href":"https:\/\/szachygrodzisk.pl\/index.php\/wp-json\/wp\/v2\/pages\/11\/revisions"}],"predecessor-version":[{"id":1944,"href":"https:\/\/szachygrodzisk.pl\/index.php\/wp-json\/wp\/v2\/pages\/11\/revisions\/1944"}],"wp:attachment":[{"href":"https:\/\/szachygrodzisk.pl\/index.php\/wp-json\/wp\/v2\/media?parent=11"}],"curies":[{"name":"wp","href":"https:\/\/api.w.org\/{rel}","templated":true}]}}