{"id":12092,"date":"2026-05-08T11:49:09","date_gmt":"2026-05-08T09:49:09","guid":{"rendered":"https:\/\/szachygrodzisk.pl\/?page_id=12092"},"modified":"2026-05-10T08:55:29","modified_gmt":"2026-05-10T06:55:29","slug":"wakacje-2026","status":"publish","type":"page","link":"https:\/\/szachygrodzisk.pl\/index.php\/wakacje-2026\/","title":{"rendered":"Wakacje 2026"},"content":{"rendered":"\t\t<div data-elementor-type=\"wp-page\" data-elementor-id=\"12092\" class=\"elementor elementor-12092\">\n\t\t\t\t\t\t<section class=\"elementor-section elementor-top-section elementor-element elementor-element-4d51733 elementor-section-boxed elementor-section-height-default elementor-section-height-default\" data-id=\"4d51733\" data-element_type=\"section\" data-e-type=\"section\">\n\t\t\t\t\t\t<div class=\"elementor-container elementor-column-gap-default\">\n\t\t\t\t\t<div class=\"elementor-column elementor-col-100 elementor-top-column elementor-element elementor-element-cd80a38\" data-id=\"cd80a38\" data-element_type=\"column\" data-e-type=\"column\">\n\t\t\t<div class=\"elementor-widget-wrap elementor-element-populated\">\n\t\t\t\t\t\t<div class=\"elementor-element elementor-element-27b4f01 elementor-widget elementor-widget-text-editor\" data-id=\"27b4f01\" data-element_type=\"widget\" data-e-type=\"widget\" data-widget_type=\"text-editor.default\">\n\t\t\t\t<div class=\"elementor-widget-container\">\n\t\t\t\t\t\t\t\t\t<p>Zbli\u017caj\u0105 si\u0119 wakacje. Najwy\u017cszy czas zaplanowa\u0107 wyjazdy szachowe, ogarn\u0105\u0107 logistyk\u0119 i zorganizowa\u0107 bud\u017cet. Tegoroczne plany Szachowej Dw\u00f3jki to:<\/p><ul><li>6 &#8211; 10 lipca &#8211; Rzesz\u00f3w &#8211; udzia\u0142 w <strong>Mistrzostwach Europy Junior\u00f3w w Szachach Szybkich i B\u0142yskawicznych<\/strong> (szczeg\u00f3\u0142y poni\u017cej)<\/li><li>10 &#8211; 13 lipca &#8211; Rzesz\u00f3w &#8211; udzia\u0142 w <strong>Mistrzostwach Polski Junior\u00f3w w Szachach Szybkich i B\u0142yskawicznych<\/strong> (szczeg\u00f3\u0142y poni\u017cej)<\/li><li>25.07 &#8211; 1.08 &#8211; Pardubice &#8211; udzia\u0142 w festiwalu <strong>CZECH OPEN 2026<\/strong> (szczeg\u00f3\u0142y poni\u017cej)<\/li><li>7 &#8211; 9 sierpnia &#8211; Grodzisk Maz. &#8211; trzeci <strong>Grodziski Festiwal Szachowy im. Mieczys\u0142awa Najdorfa<\/strong> (szczeg\u00f3\u0142y wkr\u00f3tce, za\u0142o\u017cenia podobne do poprzednich edycji)<\/li><li>13 &#8211; 23 sierpnia &#8211; Stare Kale\u0144sko (powiat drawski) &#8211; \u00f3smy wakacyjny <strong>ob\u00f3z szachowy<\/strong> (<a href=\"https:\/\/szachygrodzisk.pl\/index.php\/oboz-wakacyjny-2026\/\">strona obozu<\/a>)<\/li><\/ul><p>Dodatkowo polecamy rozwadze udzia\u0142 na w\u0142asn\u0105 r\u0119k\u0119 w polskich festiwalach szachowych, kt\u00f3rych na wakacjach jest ca\u0142kiem sporo. Co roku spora reprezentacja naszego klubu gra w <a href=\"https:\/\/www.poloniachess.pl\/warsaw_chess_festival\/turniej_2026\/\"><strong>WARSAW CHESS FESTIVAL<\/strong><\/a> &#8211; w tym roku zawody s\u0105 organizowane w terminie 27.06 &#8211; 5.07.<\/p>\t\t\t\t\t\t\t\t<\/div>\n\t\t\t\t<\/div>\n\t\t\t\t\t<\/div>\n\t\t<\/div>\n\t\t\t\t\t<\/div>\n\t\t<\/section>\n\t\t\t\t<section class=\"elementor-section elementor-top-section elementor-element elementor-element-803dc39 elementor-section-boxed elementor-section-height-default elementor-section-height-default\" data-id=\"803dc39\" data-element_type=\"section\" data-e-type=\"section\">\n\t\t\t\t\t\t<div class=\"elementor-container elementor-column-gap-default\">\n\t\t\t\t\t<div class=\"elementor-column elementor-col-100 elementor-top-column elementor-element elementor-element-59e407a\" data-id=\"59e407a\" data-element_type=\"column\" data-e-type=\"column\">\n\t\t\t<div class=\"elementor-widget-wrap elementor-element-populated\">\n\t\t\t\t\t\t<div class=\"elementor-element elementor-element-c3c2837 elementor-widget-divider--separator-type-pattern elementor-widget-divider--view-line elementor-widget elementor-widget-divider\" data-id=\"c3c2837\" data-element_type=\"widget\" data-e-type=\"widget\" data-widget_type=\"divider.default\">\n\t\t\t\t<div class=\"elementor-widget-container\">\n\t\t\t\t\t\t\t<div class=\"elementor-divider\" style=\"--divider-pattern-url: url(&quot;data:image\/svg+xml,%3Csvg xmlns=&#039;http:\/\/www.w3.org\/2000\/svg&#039; preserveAspectRatio=&#039;none&#039; overflow=&#039;visible&#039; height=&#039;100%&#039; viewBox=&#039;0 0 24 24&#039; fill=&#039;none&#039; stroke=&#039;black&#039; stroke-width=&#039;2&#039; stroke-linecap=&#039;square&#039; stroke-miterlimit=&#039;10&#039;%3E%3Cpath d=&#039;M0,21c3.3,0,8.3-0.9,15.7-7.1c6.6-5.4,4.4-9.3,2.4-10.3c-3.4-1.8-7.7,1.3-7.3,8.8C11.2,20,17.1,21,24,21&#039;\/%3E%3C\/svg%3E&quot;);\">\n\t\t\t<span class=\"elementor-divider-separator\">\n\t\t\t\t\t\t<\/span>\n\t\t<\/div>\n\t\t\t\t\t\t<\/div>\n\t\t\t\t<\/div>\n\t\t\t\t\t<\/div>\n\t\t<\/div>\n\t\t\t\t\t<\/div>\n\t\t<\/section>\n\t\t\t\t<section class=\"elementor-section elementor-top-section elementor-element elementor-element-8a9c34e elementor-section-boxed elementor-section-height-default elementor-section-height-default\" data-id=\"8a9c34e\" data-element_type=\"section\" data-e-type=\"section\">\n\t\t\t\t\t\t<div class=\"elementor-container elementor-column-gap-default\">\n\t\t\t\t\t<div class=\"elementor-column elementor-col-100 elementor-top-column elementor-element elementor-element-73f95e5\" data-id=\"73f95e5\" data-element_type=\"column\" data-e-type=\"column\">\n\t\t\t<div class=\"elementor-widget-wrap elementor-element-populated\">\n\t\t\t\t\t\t<div class=\"elementor-element elementor-element-62141af elementor-widget elementor-widget-text-editor\" data-id=\"62141af\" data-element_type=\"widget\" data-e-type=\"widget\" data-widget_type=\"text-editor.default\">\n\t\t\t\t<div class=\"elementor-widget-container\">\n\t\t\t\t\t\t\t\t\t<h2><strong>Mistrzostwa Europy Junior\u00f3w w Szachach Szybkich i B\u0142yskawicznych<\/strong><\/h2><p>Ta impreza po raz pierwszy odb\u0119dzie si\u0119 w Polsce, co daje unikaln\u0105 okazj\u0119 zagra\u0107 w zawodach tej rangi bez ogromnego zaanga\u017cowania organizacyjnego i finansowego. Mo\u017ce zagra\u0107 ka\u017cdy.<\/p><p>Informacje o turnieju: <a href=\"https:\/\/pzszach.pl\/2026\/04\/17\/mistrzostwa-europy-juniorow-w-szachach-szybkich-i-blyskawicznych-rzeszow-6-10-07-2026\/\">https:\/\/pzszach.pl\/2026\/04\/17\/mistrzostwa-europy-juniorow-w-szachach-szybkich-i-blyskawicznych-rzeszow-6-10-07-2026\/<\/a><\/p><p>W zawodach tej rangi obowi\u0105zuje zakwaterowanie w obiektach i terminach okre\u015blonych przez organizatora. Najta\u0144szy pakiet pobytowy to zakwaterowanie w akademikach (bez wy\u017cywienia) w pokojach 2- i 3-osobowych w ca\u0142kowitej cenie 230 euro (zawiera wpisowe i inne op\u0142aty). Ramowy harmonogram:<\/p><ul><li>6 lipca &#8211; dzie\u0144 przyjazdu<\/li><li>7 &#8211; 8 lipca &#8211; szachy szybkie<\/li><li>9 lipca &#8211; szachy b\u0142yskawiczne i zako\u0144czenie<\/li><li>10 lipca &#8211; dzie\u0144 wyjazdu lub dzie\u0144 wolny dla tych, co zostaj\u0105 na Mistrzostwa Polski<\/li><\/ul><p>Proponujemy naszym zawodnikom nast\u0119puj\u0105ce rozwi\u0105zanie:<\/p><ul><li>zapewniamy dw\u00f3ch trener\u00f3w \/ opiekun\u00f3w na dojazd oraz pobyt &#8211; wszelkie koszty zwi\u0105zane z ich zaanga\u017cowaniem pokrywa klub,<\/li><li>klub zg\u0142osi wszystkich ch\u0119tnych zawodnik\u00f3w i osoby towarzysz\u0105ce wg wybranych przez nich pakiet\u00f3w pobytowych (je\u015bli kto\u015b preferuje hotel),<\/li><li>klub dofinansuje udzia\u0142 w kwocie 100 euro zawodnikom<ul><li>15-18 lat minimum I kategoria<\/li><li>13-14 lat minimum II kategoria i ranking FIDE (klasyczny lub rapid lub blitz) minimum 1600<\/li><li>do 12 lat minimum II kategoria<\/li><\/ul><\/li><\/ul><p>Zak\u0142adamy wsp\u00f3lny dojazd do Rzeszowa poci\u0105giem (ewentualnie autami). Koszt dla zawodnika z dofinansowaniem klubowym to 130 euro (550 z\u0142) + bilety na poci\u0105g + wy\u017cywienie. Na konto PZSzach op\u0142aty przeleje klub. Praktycznie ca\u0142o\u015b\u0107 kwoty trzeba przela\u0107 do PZSzach do 6.06, dlatego prosimy o wp\u0142aty na konto klubowe do 31.05.<\/p><p>Zg\u0142oszenia mailem na <a href=\"mailto:jkicinski@szachygrodzisk.pl\">jkicinski@szachygrodzisk.pl<\/a> <span style=\"text-decoration: underline;\"><strong>do niedzieli 17 maja<\/strong><\/span>. Po tym terminie ch\u0119tni zg\u0142aszaj\u0105 si\u0119 na w\u0142asn\u0105 r\u0119k\u0119.<\/p><p>Poni\u017cej lista os\u00f3b, kt\u00f3re zg\u0142osi klub. Przy ka\u017cdym kwota do wp\u0142aty na konto Szachowej Dw\u00f3jki tytu\u0142em &#8222;darowizna imi\u0119 nazwisko ME BiS&#8221;:<\/p><ol><li>Anna K. &#8211; grupa D18 &#8211; 550 z\u0142<\/li><li>Ma\u0142gorzata K. &#8211; D14 &#8211; 550 z\u0142<\/li><li>Aleksandra P. &#8211; D10 &#8211; 550 z\u0142<\/li><li>Witold P. &#8211; C12 &#8211; 550 z\u0142<\/li><li>rodzic P. &#8211; 760 z\u0142 (180 euro)<\/li><li>Wojciech \u0141. &#8211; C12 &#8211; 550 z\u0142<\/li><li>Hanna \u0141. &#8211; D16 &#8211; 550 z\u0142<\/li><\/ol>\t\t\t\t\t\t\t\t<\/div>\n\t\t\t\t<\/div>\n\t\t\t\t\t<\/div>\n\t\t<\/div>\n\t\t\t\t\t<\/div>\n\t\t<\/section>\n\t\t\t\t<section class=\"elementor-section elementor-top-section elementor-element elementor-element-61f04f9 elementor-section-boxed elementor-section-height-default elementor-section-height-default\" data-id=\"61f04f9\" data-element_type=\"section\" data-e-type=\"section\">\n\t\t\t\t\t\t<div class=\"elementor-container elementor-column-gap-default\">\n\t\t\t\t\t<div class=\"elementor-column elementor-col-100 elementor-top-column elementor-element elementor-element-11e2b2e\" data-id=\"11e2b2e\" data-element_type=\"column\" data-e-type=\"column\">\n\t\t\t<div class=\"elementor-widget-wrap elementor-element-populated\">\n\t\t\t\t\t\t<div class=\"elementor-element elementor-element-cbbf928 elementor-widget-divider--separator-type-pattern elementor-widget-divider--view-line elementor-widget elementor-widget-divider\" data-id=\"cbbf928\" data-element_type=\"widget\" data-e-type=\"widget\" data-widget_type=\"divider.default\">\n\t\t\t\t<div class=\"elementor-widget-container\">\n\t\t\t\t\t\t\t<div class=\"elementor-divider\" style=\"--divider-pattern-url: url(&quot;data:image\/svg+xml,%3Csvg xmlns=&#039;http:\/\/www.w3.org\/2000\/svg&#039; preserveAspectRatio=&#039;none&#039; overflow=&#039;visible&#039; height=&#039;100%&#039; viewBox=&#039;0 0 24 24&#039; fill=&#039;none&#039; stroke=&#039;black&#039; stroke-width=&#039;2&#039; stroke-linecap=&#039;square&#039; stroke-miterlimit=&#039;10&#039;%3E%3Cpath d=&#039;M0,21c3.3,0,8.3-0.9,15.7-7.1c6.6-5.4,4.4-9.3,2.4-10.3c-3.4-1.8-7.7,1.3-7.3,8.8C11.2,20,17.1,21,24,21&#039;\/%3E%3C\/svg%3E&quot;);\">\n\t\t\t<span class=\"elementor-divider-separator\">\n\t\t\t\t\t\t<\/span>\n\t\t<\/div>\n\t\t\t\t\t\t<\/div>\n\t\t\t\t<\/div>\n\t\t\t\t\t<\/div>\n\t\t<\/div>\n\t\t\t\t\t<\/div>\n\t\t<\/section>\n\t\t\t\t<section class=\"elementor-section elementor-top-section elementor-element elementor-element-4ded847 elementor-section-boxed elementor-section-height-default elementor-section-height-default\" data-id=\"4ded847\" data-element_type=\"section\" data-e-type=\"section\">\n\t\t\t\t\t\t<div class=\"elementor-container elementor-column-gap-default\">\n\t\t\t\t\t<div class=\"elementor-column elementor-col-100 elementor-top-column elementor-element elementor-element-f820e31\" data-id=\"f820e31\" data-element_type=\"column\" data-e-type=\"column\">\n\t\t\t<div class=\"elementor-widget-wrap elementor-element-populated\">\n\t\t\t\t\t\t<div class=\"elementor-element elementor-element-edbde5e elementor-widget elementor-widget-text-editor\" data-id=\"edbde5e\" data-element_type=\"widget\" data-e-type=\"widget\" data-widget_type=\"text-editor.default\">\n\t\t\t\t<div class=\"elementor-widget-container\">\n\t\t\t\t\t\t\t\t\t<h2><strong>Mistrzostwa Polski Junior\u00f3w w Szachach Szybkich i B\u0142yskawicznych<\/strong><\/h2><p>Zaraz po Mistrzostwach Europy odb\u0119d\u0105 si\u0119 Mistrzostwa Polski. Mo\u017ce zagra\u0107 ka\u017cdy.<\/p><p>Szczeg\u00f3\u0142owych informacji na razie nie ma. W zesz\u0142ym roku w Bydgoszcz wpisowe wynosi\u0142o 180 z\u0142 a zakwaterowanie 270 z\u0142.<\/p><p><span style=\"word-spacing: normal;\">Prawdopodobny ramowy harmonogram:<\/span><\/p><ul><li>10 lipca &#8211; dzie\u0144 przyjazdu lub dzie\u0144 wolny dla tych, co byli na Mistrzostwach Europy<\/li><li>11 &#8211; 12 lipca &#8211; szachy szybkie<\/li><li>13 lipca &#8211; szachy b\u0142yskawiczne, zako\u0144czenie i powr\u00f3t<\/li><\/ul><div><span style=\"word-spacing: normal;\">Proponujemy naszym zawodnikom nast\u0119puj\u0105ce rozwi\u0105zanie:<\/span><\/div><ul><li>zapewniamy dw\u00f3ch trener\u00f3w \/ opiekun\u00f3w na dojazd oraz pobyt &#8211; wszelkie koszty zwi\u0105zane z ich zaanga\u017cowaniem pokrywa klub,<\/li><li>klub zg\u0142osi wszystkich ch\u0119tnych zawodnik\u00f3w i osoby towarzysz\u0105ce wg wybranych przez nich pakiet\u00f3w pobytowych,<\/li><li>klub sfinansuje wpisowe w kwocie 180 z\u0142 (lub 90 z\u0142, je\u015bli kto\u015b zagra tylko w 1 turnieju) zawodnikom<ul><li>15-18 lat minimum II kategoria<\/li><li>11-14 lat minimum III kategoria<\/li><li>do 10 lat minimum IV kategoria<\/li><\/ul><\/li><\/ul><p>Zak\u0142adamy wsp\u00f3lny dojazd do Rzeszowa poci\u0105giem (ewentualnie autami). Koszt dla zawodnika z dofinansowaniem klubowym to prawdopodobnie 270 z\u0142 + bilety na poci\u0105g + wy\u017cywienie. Wpisowe na konto PZSzach przeleje klub. Za zakwaterowanie ka\u017cdy b\u0119dzie wp\u0142aca\u0142 indywidualnie.<\/p><p>Zg\u0142oszenia mailem na <a href=\"mailto:jkicinski@szachygrodzisk.pl\">jkicinski@szachygrodzisk.pl<\/a>. Ju\u017c mo\u017cna si\u0119 zg\u0142asza\u0107, konkretny termin &#8222;do kiedy&#8221; podam po opublikowaniu przez PZSzach komunikatu organizacyjnego.<\/p><p>Poni\u017cej lista os\u00f3b, kt\u00f3re zg\u0142osi klub:<\/p><ol><li>Anna K. &#8211; grupa D18<\/li><li>Ma\u0142gorzata K. &#8211; D14<\/li><li>Aleksandra P. &#8211; D10<\/li><li>Witold P. &#8211; C12<\/li><li>rodzic P.<\/li><li>Wojciech \u0141. &#8211; C12 &#8211; zakwaterowanie we w\u0142asnym zakresie<\/li><li>Hanna \u0141. &#8211; D16 &#8211; zakwaterowanie we w\u0142asnym zakresie<\/li><\/ol>\t\t\t\t\t\t\t\t<\/div>\n\t\t\t\t<\/div>\n\t\t\t\t\t<\/div>\n\t\t<\/div>\n\t\t\t\t\t<\/div>\n\t\t<\/section>\n\t\t\t\t<section class=\"elementor-section elementor-top-section elementor-element elementor-element-24450de elementor-section-boxed elementor-section-height-default elementor-section-height-default\" data-id=\"24450de\" data-element_type=\"section\" data-e-type=\"section\">\n\t\t\t\t\t\t<div class=\"elementor-container elementor-column-gap-default\">\n\t\t\t\t\t<div class=\"elementor-column elementor-col-100 elementor-top-column elementor-element elementor-element-c4da38e\" data-id=\"c4da38e\" data-element_type=\"column\" data-e-type=\"column\">\n\t\t\t<div class=\"elementor-widget-wrap elementor-element-populated\">\n\t\t\t\t\t\t<div class=\"elementor-element elementor-element-2cb1541 elementor-widget-divider--separator-type-pattern elementor-widget-divider--view-line elementor-widget elementor-widget-divider\" data-id=\"2cb1541\" data-element_type=\"widget\" data-e-type=\"widget\" data-widget_type=\"divider.default\">\n\t\t\t\t<div class=\"elementor-widget-container\">\n\t\t\t\t\t\t\t<div class=\"elementor-divider\" style=\"--divider-pattern-url: url(&quot;data:image\/svg+xml,%3Csvg xmlns=&#039;http:\/\/www.w3.org\/2000\/svg&#039; preserveAspectRatio=&#039;none&#039; overflow=&#039;visible&#039; height=&#039;100%&#039; viewBox=&#039;0 0 24 24&#039; fill=&#039;none&#039; stroke=&#039;black&#039; stroke-width=&#039;2&#039; stroke-linecap=&#039;square&#039; stroke-miterlimit=&#039;10&#039;%3E%3Cpath d=&#039;M0,21c3.3,0,8.3-0.9,15.7-7.1c6.6-5.4,4.4-9.3,2.4-10.3c-3.4-1.8-7.7,1.3-7.3,8.8C11.2,20,17.1,21,24,21&#039;\/%3E%3C\/svg%3E&quot;);\">\n\t\t\t<span class=\"elementor-divider-separator\">\n\t\t\t\t\t\t<\/span>\n\t\t<\/div>\n\t\t\t\t\t\t<\/div>\n\t\t\t\t<\/div>\n\t\t\t\t\t<\/div>\n\t\t<\/div>\n\t\t\t\t\t<\/div>\n\t\t<\/section>\n\t\t\t\t<section class=\"elementor-section elementor-top-section elementor-element elementor-element-5dfe570 elementor-section-boxed elementor-section-height-default elementor-section-height-default\" data-id=\"5dfe570\" data-element_type=\"section\" data-e-type=\"section\">\n\t\t\t\t\t\t<div class=\"elementor-container elementor-column-gap-default\">\n\t\t\t\t\t<div class=\"elementor-column elementor-col-100 elementor-top-column elementor-element elementor-element-d27e32a\" data-id=\"d27e32a\" data-element_type=\"column\" data-e-type=\"column\">\n\t\t\t<div class=\"elementor-widget-wrap elementor-element-populated\">\n\t\t\t\t\t\t<div class=\"elementor-element elementor-element-0e9d9fc elementor-widget elementor-widget-text-editor\" data-id=\"0e9d9fc\" data-element_type=\"widget\" data-e-type=\"widget\" data-widget_type=\"text-editor.default\">\n\t\t\t\t<div class=\"elementor-widget-container\">\n\t\t\t\t\t\t\t\t\t<h2>CZECH OPEN 2026<\/h2><p>Strona festiwalu: <a href=\"https:\/\/www.czechopen.net\/en\">https:\/\/www.czechopen.net\/en<\/a><\/p><p>Planujemy wsp\u00f3lny wyjazd do Pardubic na ogromny i ciekawy festiwal szachowy. Mo\u017cemy zabra\u0107 kilku &#8222;starszak\u00f3w&#8221; bez rodzic\u00f3w, zach\u0119cam te\u017c\u00a0 rodziny do takiej wyprawy wakacyjnej. Dojazd autem &#8211; 6 godzin. Bezpo\u015bredni poci\u0105g z Grodziska jedzie 7,5 godziny.<\/p><p>Celujemy w OPEN-y B i C (klasyki, 1 runda dziennie). Ponadto dla ch\u0119tnych jest du\u017co turniej\u00f3w towarzysz\u0105cych. Grupy B i C graj\u0105 25.07 &#8211; 1.08.<\/p><p>Prosimy o zg\u0142aszanie si\u0119 bezpo\u015brednio do Kacpra Jarz\u0119bowskiego.<\/p><p>Lista ch\u0119tnych w tej chwili:<\/p><ol><li>Kacper J.<\/li><li>Jacek K.<\/li><li>Magdalena K.<\/li><li>Anna K.<\/li><li>Ma\u0142gorzata K.<\/li><\/ol>\t\t\t\t\t\t\t\t<\/div>\n\t\t\t\t<\/div>\n\t\t\t\t\t<\/div>\n\t\t<\/div>\n\t\t\t\t\t<\/div>\n\t\t<\/section>\n\t\t\t\t<\/div>\n\t\t","protected":false},"excerpt":{"rendered":"<p>Zbli\u017caj\u0105 si\u0119 wakacje. Najwy\u017cszy czas zaplanowa\u0107 wyjazdy szachowe, ogarn\u0105\u0107 logistyk\u0119 i zorganizowa\u0107 bud\u017cet. Tegoroczne plany Szachowej Dw\u00f3jki to: 6 &#8211; 10 lipca &#8211; Rzesz\u00f3w &#8211; udzia\u0142 w Mistrzostwach Europy Junior\u00f3w w Szachach Szybkich i B\u0142yskawicznych (szczeg\u00f3\u0142y poni\u017cej) 10 &#8211; 13 lipca &#8211; Rzesz\u00f3w &#8211; udzia\u0142 w Mistrzostwach Polski Junior\u00f3w w Szachach Szybkich i B\u0142yskawicznych (szczeg\u00f3\u0142y poni\u017cej) 25.07 &#8211; 1.08 &#8211; Pardubice &#8211; udzia\u0142 w festiwalu CZECH OPEN 2026 (szczeg\u00f3\u0142y poni\u017cej) 7 &#8211; 9 sierpnia &#8211; Grodzisk Maz. &#8211; trzeci Grodziski Festiwal Szachowy im. Mieczys\u0142awa Najdorfa (szczeg\u00f3\u0142y wkr\u00f3tce, za\u0142o\u017cenia podobne do poprzednich edycji) 13 &#8211; 23 sierpnia &#8211; Stare Kale\u0144sko (powiat&hellip;<\/p>\n<p> <a class=\"more-link\" href=\"https:\/\/szachygrodzisk.pl\/index.php\/wakacje-2026\/\">Dowiedz si\u0119 wi\u0119cej<\/a><\/p>\n","protected":false},"author":2,"featured_media":0,"parent":0,"menu_order":0,"comment_status":"closed","ping_status":"closed","template":"","meta":{"_monsterinsights_skip_tracking":false,"_monsterinsights_sitenote_active":false,"_monsterinsights_sitenote_note":"","_monsterinsights_sitenote_category":0,"footnotes":""},"class_list":["post-12092","page","type-page","status-publish"],"_links":{"self":[{"href":"https:\/\/szachygrodzisk.pl\/index.php\/wp-json\/wp\/v2\/pages\/12092","targetHints":{"allow":["GET"]}}],"collection":[{"href":"https:\/\/szachygrodzisk.pl\/index.php\/wp-json\/wp\/v2\/pages"}],"about":[{"href":"https:\/\/szachygrodzisk.pl\/index.php\/wp-json\/wp\/v2\/types\/page"}],"author":[{"embeddable":true,"href":"https:\/\/szachygrodzisk.pl\/index.php\/wp-json\/wp\/v2\/users\/2"}],"replies":[{"embeddable":true,"href":"https:\/\/szachygrodzisk.pl\/index.php\/wp-json\/wp\/v2\/comments?post=12092"}],"version-history":[{"count":22,"href":"https:\/\/szachygrodzisk.pl\/index.php\/wp-json\/wp\/v2\/pages\/12092\/revisions"}],"predecessor-version":[{"id":12117,"href":"https:\/\/szachygrodzisk.pl\/index.php\/wp-json\/wp\/v2\/pages\/12092\/revisions\/12117"}],"wp:attachment":[{"href":"https:\/\/szachygrodzisk.pl\/index.php\/wp-json\/wp\/v2\/media?parent=12092"}],"curies":[{"name":"wp","href":"https:\/\/api.w.org\/{rel}","templated":true}]}}