{"id":126,"date":"2015-10-16T22:31:44","date_gmt":"2015-10-16T20:31:44","guid":{"rendered":"https:\/\/szachygrodzisk.pl\/?page_id=126"},"modified":"2015-12-09T08:29:10","modified_gmt":"2015-12-09T07:29:10","slug":"w-internecie-na-smartfonie","status":"publish","type":"page","link":"https:\/\/szachygrodzisk.pl\/index.php\/to-i-owo\/w-internecie-na-smartfonie\/","title":{"rendered":"W Internecie, na smartfonie"},"content":{"rendered":"<p>Ile jest w Internecie miejsc gdzie mo\u017cna pogra\u0107 w szachy? Ile jest aplikacji, kt\u00f3re mog\u0105 pom\u00f3c poprawi\u0107 swoj\u0105 gr\u0119? C\u00f3\u017c, du\u017co. Bardzo du\u017co. Nie jestem nawet w stanie wskaza\u0107 najlepszych, ale mog\u0119 poleci\u0107 te, kt\u00f3rych sam u\u017cywam (wy\u0142\u0105cznie darmowe). Oto lista:<\/p>\n<h2>W Internecie<\/h2>\n<p><a href=\"http:\/\/Chess.com\" target=\"_blank\">Chess.com<\/a> \u2013 jeden z najpopularniejszych serwis\u00f3w szachowych na \u015bwiecie \u2013 tu gram w szachy, rozwi\u0105zuj\u0119 zadania (bezp\u0142atnie do 5 zada\u0144 dziennie), czasem przejd\u0119 lekcj\u0119, poczytam newsy szachowe (m\u00f3j login: tobit0)<\/p>\n<p><a href=\"http:\/\/ChessKid.com\" target=\"_blank\">ChessKid<\/a> \u2013 fajne miejsce dla dzieci 5-8 lat, po angielsku, ale z czyteln\u0105 grafik\u0105 \u2013 mo\u017cna pogra\u0107 z komputerem na r\u00f3\u017cnych poziomach, z innymi dzie\u0107mi, rozwi\u0105zywa\u0107 zadania (bezp\u0142atnie do 5 zada\u0144 dziennie), obejrze\u0107 lekcje, za sukcesy serwis przyznaje odznaki<\/p>\n<p><a href=\"http:\/\/ChessTempo.com\" target=\"_blank\">Chess Tempo<\/a> \u2013 korzystam z bazy danych partii (przydatna do przygotowania debiutowego), rozwi\u0105zuj\u0119 zadania z ko\u0144c\u00f3wek (do 2 zada\u0144 dziennie), rozwi\u0105zuj\u0119 zadania taktyczne (s\u0105 do\u015b\u0107 trudne)<\/p>\n<p><a href=\"http:\/\/Database.ChessBase.com\" target=\"_blank\">ChessBase<\/a> \u2013 baza danych partii, w tym analiza pozycji przez programy komputerowe<\/p>\n<p><a href=\"http:\/\/freechess.org\" target=\"_blank\">FICS<\/a> \u2013 jeden z najstarszych serwer\u00f3w szachowych \u2013 czasem gram (login: kici), darz\u0119 sentymentem, bo gra\u0142em tu jeszcze w latach 90-tych przez telnet<\/p>\n<p>\ud83d\udc4d <a href=\"http:\/\/www-lucaschess.rhcloud.com\/\" target=\"_blank\">Lucas Chess<\/a> &#8211; rewelacyjny, prosty i do tego po polsku (aplikacja dla Windows, linux), odkry\u0142em ca\u0142kiem niedawno: mo\u017cna gra\u0107 z r\u00f3\u017cnymi engine&#8217;ami szachowymi (niekt\u00f3re specjalnie dostosowane dla dzieci na r\u00f3\u017cnych poziomach), rozwi\u0105zywa\u0107 r\u00f3\u017cnorakie zadania, trenowa\u0107 gr\u0119 w okre\u015blonych typach pozycji (np. matowanie wie\u017c\u0105), analizowa\u0107 partie<\/p>\n<p><a href=\"http:\/\/BabasChess.net\" target=\"_blank\">BabasChess<\/a> \u2013 aplikacja do zainstalowania (Windows), wygodny klient dla FICS-a, u\u017cywam do analizy w\u0142asnych partii, tworzenia z nich <a href=\"https:\/\/pl.wikipedia.org\/wiki\/Portable_Game_Notation\" target=\"_blank\">plik\u00f3w PGN<\/a>, aplikacja daje mo\u017cliwo\u015b\u0107 analizy przez engine\u2019y szachowe (u\u017cywam <a href=\"https:\/\/stockfishchess.org\/\" target=\"_blank\">Stockfisha<\/a>)<\/p>\n<p>Wiele os\u00f3b gra w szachy na kurniku \u2013 nie polecam: po pierwsze serwery wy\u0142\u0105cznie szachowe daj\u0105 znacznie wi\u0119ksze mo\u017cliwo\u015bci (ergonomia wyszukiwania przeciwnik\u00f3w, r\u00f3\u017cnicowanie ranking\u00f3w dla r\u00f3\u017cnego tempa gry, itp.), po drugie ma\u0142o tu szacunku do przeciwnika, fair play, zwyk\u0142ej kultury<\/p>\n<h2>Android (smartfony, tablety)<\/h2>\n<p>\ud83d\udc4d <a href=\"https:\/\/play.google.com\/store\/apps\/details?id=com.pereira.ichess\" target=\"_blank\">Chess Puzzles<\/a> \u2013 1000 zada\u0144 szachowych na 3 poziomach trudno\u015bci, idealna na smartfon<\/p>\n<p><a href=\"https:\/\/play.google.com\/store\/apps\/details?id=com.pereira.analysis\" target=\"_blank\">Chess \u2013 Analyze This<\/a> \u2013 podr\u0119czna aplikacja do analizy partii<\/p>\n<p><a href=\"https:\/\/play.google.com\/store\/apps\/details?id=com.chess.clock\" target=\"_blank\">Chess Clock<\/a> \u2013 zmienia smartfona w zegar szachowy<\/p>\n<p><a href=\"https:\/\/play.google.com\/store\/apps\/details?id=com.chess\" target=\"_blank\">Szachy \u2013 graj i ucz si\u0119!<\/a> \u2013 Chess.com w wersji na Androida<\/p>\n<p><a href=\"https:\/\/play.google.com\/store\/apps\/details?id=com.chesskid\" target=\"_blank\">Chess for Kids &#8211; Play &amp; Learn<\/a> \u2013 ChessKid w wersji na Androida<\/p>\n","protected":false},"excerpt":{"rendered":"<p>Ile jest w Internecie miejsc gdzie mo\u017cna pogra\u0107 w szachy? Ile jest aplikacji, kt\u00f3re mog\u0105 pom\u00f3c poprawi\u0107 swoj\u0105 gr\u0119? C\u00f3\u017c, du\u017co. Bardzo du\u017co. Nie jestem nawet w stanie wskaza\u0107 najlepszych, ale mog\u0119 poleci\u0107 te, kt\u00f3rych sam u\u017cywam (wy\u0142\u0105cznie darmowe). Oto lista: W Internecie Chess.com \u2013 jeden z najpopularniejszych serwis\u00f3w szachowych na \u015bwiecie \u2013 tu gram w szachy, rozwi\u0105zuj\u0119 zadania (bezp\u0142atnie do 5 zada\u0144 dziennie), czasem przejd\u0119 lekcj\u0119, poczytam newsy szachowe (m\u00f3j login: tobit0) ChessKid \u2013 fajne miejsce dla dzieci 5-8 lat, po angielsku, ale z czyteln\u0105 grafik\u0105 \u2013 mo\u017cna pogra\u0107 z komputerem na r\u00f3\u017cnych poziomach, z innymi dzie\u0107mi, rozwi\u0105zywa\u0107 zadania&hellip;<\/p>\n<p> <a class=\"more-link\" href=\"https:\/\/szachygrodzisk.pl\/index.php\/to-i-owo\/w-internecie-na-smartfonie\/\">Dowiedz si\u0119 wi\u0119cej<\/a><\/p>\n","protected":false},"author":2,"featured_media":0,"parent":129,"menu_order":0,"comment_status":"open","ping_status":"closed","template":"","meta":{"_monsterinsights_skip_tracking":false,"_monsterinsights_sitenote_active":false,"_monsterinsights_sitenote_note":"","_monsterinsights_sitenote_category":0,"footnotes":""},"class_list":["post-126","page","type-page","status-publish"],"_links":{"self":[{"href":"https:\/\/szachygrodzisk.pl\/index.php\/wp-json\/wp\/v2\/pages\/126","targetHints":{"allow":["GET"]}}],"collection":[{"href":"https:\/\/szachygrodzisk.pl\/index.php\/wp-json\/wp\/v2\/pages"}],"about":[{"href":"https:\/\/szachygrodzisk.pl\/index.php\/wp-json\/wp\/v2\/types\/page"}],"author":[{"embeddable":true,"href":"https:\/\/szachygrodzisk.pl\/index.php\/wp-json\/wp\/v2\/users\/2"}],"replies":[{"embeddable":true,"href":"https:\/\/szachygrodzisk.pl\/index.php\/wp-json\/wp\/v2\/comments?post=126"}],"version-history":[{"count":5,"href":"https:\/\/szachygrodzisk.pl\/index.php\/wp-json\/wp\/v2\/pages\/126\/revisions"}],"predecessor-version":[{"id":191,"href":"https:\/\/szachygrodzisk.pl\/index.php\/wp-json\/wp\/v2\/pages\/126\/revisions\/191"}],"up":[{"embeddable":true,"href":"https:\/\/szachygrodzisk.pl\/index.php\/wp-json\/wp\/v2\/pages\/129"}],"wp:attachment":[{"href":"https:\/\/szachygrodzisk.pl\/index.php\/wp-json\/wp\/v2\/media?parent=126"}],"curies":[{"name":"wp","href":"https:\/\/api.w.org\/{rel}","templated":true}]}}