{"id":1463,"date":"2017-12-24T14:49:57","date_gmt":"2017-12-24T13:49:57","guid":{"rendered":"https:\/\/szachygrodzisk.pl\/?page_id=1463"},"modified":"2018-12-18T09:34:00","modified_gmt":"2018-12-18T08:34:00","slug":"szachowa-liga-mlodych-talentow-info","status":"publish","type":"page","link":"https:\/\/szachygrodzisk.pl\/index.php\/szachowa-liga-mlodych-talentow-info\/","title":{"rendered":"Szachowa Liga M\u0142odych Talent\u00f3w 2018"},"content":{"rendered":"<p>Widz\u0105c du\u017ce zainteresowanie szachami w\u015br\u00f3d najm\u0142odszych postanowili\u015bmy wsp\u00f3lnie &#8211; <strong>Ko\u0142o Szachowe &#8222;Szach-Mat&#8221; przy Przedszkolu nr 4<\/strong> oraz <strong>Szachowa Dw\u00f3jka<\/strong> &#8211; zorganizowa\u0107 seri\u0119 turniej\u00f3w szachowych dla dzieci do 9 lat (urodzeni w 2009 roku i m\u0142odsi). Aby zapewni\u0107 odpowiedni poziom sportowy zar\u00f3wno dla najlepszych (uczestnik\u00f3w Mistrzostw Polski i Mistrzostw Mazowsza), jak i dla pocz\u0105tkuj\u0105cych, kt\u00f3rzy dopiero w ci\u0105gu ostatnich miesi\u0119cy nauczyli si\u0119 gra\u0107 &#8211; przyj\u0119li\u015bmy formu\u0142\u0119 ligow\u0105: zawodnik\u00f3w dzielili\u015bmy na 3 grupy i w kolejnym turnieju najlepsza tr\u00f3jka awansowa\u0142a do wy\u017cszej grupy, a ostatnie miejsca &#8211; &#8222;spada\u0142y&#8221; do ni\u017cszej.<\/p>\n<p>Udzia\u0142 w turniejach by\u0142 bezp\u0142atny. W ka\u017cdym turnieju zwyci\u0119zcy grup otrzymywali puchary, miejsca I-III w klasyfikacjach wiekowych &#8211; medale, a wszyscy zg\u0142oszeni w terminie zawodnicy &#8211; dyplomy za udzia\u0142 i upominki. Wr\u0119czyli\u015bmy ponad 20 cenniejszych nagr\u00f3d rzeczowych za ca\u0142y cykl i medale dla wszystkich uczestnik\u00f3w, kt\u00f3rzy opu\u015bcili co najwy\u017cej jeden turniej.<\/p>\n<p>Dzi\u0119kujemy Partnerom, dzi\u0119ki kt\u00f3rym kwestie pucharowo-nagrodowo-upominkowe w naszej Lidze sta\u0142y naprawd\u0119 na wysokim poziomie. Naszymi Partnerami byli:<br \/>\n\u2764\ufe0f Fundacja Lotto<br \/>\n\u2764\ufe0f Gmina Grodzisk Mazowiecki<br \/>\n\u2764\ufe0f Danfoss Saginomiya<br \/>\n\u2764\ufe0f Carrefour Market Grodzisk Mazowiecki<br \/>\n\u2764\ufe0f PSB-Mr\u00f3wka<br \/>\n\u2764\ufe0f Raben<br \/>\n\u2764\ufe0f B&amp;B S\u0142odycze z Pomys\u0142em<br \/>\n\u2764\ufe0f Polskie G\u00f3rnictwo Naftowe i Gazownictwo<br \/>\n\u2764\ufe0f W<span data-original-name=\"W\u00fcrth Elektronik\">\u00fc<\/span>rth Elektronik<br \/>\n\u2764\ufe0f WB Electronics<br \/>\n\u2764\ufe0f Linear Technology<br \/>\n\u2764\ufe0f Swedeponic Polskie \u015awie\u017ce Zio\u0142a<\/p>\n<p>Jeszcze raz, w imieniu naszych m\u0142odych Zawodnik\u00f3w, serdecznie dzi\u0119kujemy!!!<\/p>\n<p><a href=\"https:\/\/szachygrodzisk.pl\/index.php\/liga-klasyfikacja-indywidualna\/\">Klasyfikacja indywidualna<\/a> ||| <a href=\"https:\/\/szachygrodzisk.pl\/index.php\/liga-klasyfikacja-placowek\/\">Klasyfikacja plac\u00f3wek<\/a><\/p>\n<!--[if lt IE 9]><script>document.createElement('audio');<\/script><![endif]-->\n\t<div class=\"wp-playlist wp-audio-playlist wp-playlist-light\">\n\t\t\t<div class=\"wp-playlist-current-item\"><\/div>\n\t\t<audio controls=\"controls\" preload=\"none\" width=\"778\"\n\t\t\t><\/audio>\n\t<div class=\"wp-playlist-next\"><\/div>\n\t<div class=\"wp-playlist-prev\"><\/div>\n\t<noscript>\n\t<ol>\n\t\t<li><a href='https:\/\/szachygrodzisk.pl\/wp-content\/uploads\/2018\/06\/Liga-w-Radio-Bogoria.wav'>Liga w Radio Bogoria<\/a><\/li>\t<\/ol>\n\t<\/noscript>\n\t<script type=\"application\/json\" class=\"wp-playlist-script\">{\"type\":\"audio\",\"tracklist\":true,\"tracknumbers\":true,\"images\":true,\"artists\":true,\"tracks\":[{\"src\":\"https:\\\/\\\/szachygrodzisk.pl\\\/wp-content\\\/uploads\\\/2018\\\/06\\\/Liga-w-Radio-Bogoria.wav\",\"type\":\"audio\\\/wav\",\"title\":\"Liga w Radio Bogoria\",\"caption\":\"\",\"description\":\"Reporta\\u017c z turnieju inauguracyjnego Szachowej Ligi M\\u0142odych Talent\\u00f3w 13.01.2018 wyemitowany w Radiu Bogoria\",\"meta\":{\"length_formatted\":\"1:23\"},\"image\":{\"src\":\"https:\\\/\\\/szachygrodzisk.pl\\\/wp-includes\\\/images\\\/media\\\/audio.svg\",\"width\":48,\"height\":64},\"thumb\":{\"src\":\"https:\\\/\\\/szachygrodzisk.pl\\\/wp-includes\\\/images\\\/media\\\/audio.svg\",\"width\":48,\"height\":64}}]}<\/script>\n<\/div>\n\t\n<p><iframe title=\"Turniej szachowy 10 02 18r\" width=\"800\" height=\"450\" src=\"https:\/\/www.youtube.com\/embed\/5S7A6Zc1tkA?feature=oembed\" frameborder=\"0\" allow=\"accelerometer; autoplay; encrypted-media; gyroscope; picture-in-picture\" allowfullscreen><\/iframe><\/p>\n<table>\n<tbody style=\"background: #f7f7f7;\">\n<tr style=\"background: #ffffff;\">\n<th style=\"text-align: center;\">Termin i miejsce<\/th>\n<th style=\"text-align: center;\">Wyniki<\/th>\n<\/tr>\n<tr>\n<td>13 stycznia 2018 r.<br \/>\nPrzedszkole nr 4, ul. G\u00f3rna 12<\/td>\n<td><a href=\"https:\/\/szachygrodzisk.pl\/turnieje\/180113_liga_A\/results.html?l=pl&amp;tb=10_\">Grupa A<\/a> | <a href=\"https:\/\/szachygrodzisk.pl\/turnieje\/180113_liga_B\/results.html?l=pl&amp;tb=10_\">Grupa B<\/a> | <a href=\"https:\/\/szachygrodzisk.pl\/turnieje\/180113_liga\/results.html?l=pl&amp;tb=10_\">Grupa C<\/a><br \/>\n<a href=\"https:\/\/szachygrodzisk.pl\/index.php\/2018\/01\/14\/inauguracja-ligi\/\">Relacja<\/a> | <a href=\"https:\/\/www.facebook.com\/media\/set\/?set=a.2015090072085532.1073741831.1738379836423225&amp;type=1&amp;l=00e5c239d2\">Zdj\u0119cia na FB<\/a><\/td>\n<\/tr>\n<tr>\n<td>10 lutego 2018 r.<br \/>\nPrzedszkole Si\u00f3str Opatrzno\u015bci Bo\u017cej,<br \/>\nul. Okr\u0119\u017cna 33<\/td>\n<td><a href=\"https:\/\/szachygrodzisk.pl\/turnieje\/180210_liga_A\/results.html?l=pl&amp;tb=10_\">Grupa A<\/a> | <a href=\"https:\/\/szachygrodzisk.pl\/turnieje\/180210_liga_B\/results.html?l=pl&amp;tb=10_\">Grupa B<\/a> | <a href=\"https:\/\/szachygrodzisk.pl\/turnieje\/180210_liga\/results.html?l=pl&amp;tb=10_\">Grupa C<\/a><br \/>\n<a href=\"https:\/\/szachygrodzisk.pl\/index.php\/2018\/02\/10\/turniej-w-przedszkolu-siostr\/\">Relacja<\/a> | <a href=\"https:\/\/www.facebook.com\/media\/set\/?set=a.586429955023535.1073741851.100009696067681&amp;type=1&amp;l=6cd830afb7\">Zdj\u0119cia na FB<\/a><\/td>\n<\/tr>\n<tr>\n<td>10 marca 2018 r.<br \/>\nSzko\u0142a Podstawowa nr 2, ul. Westfala 3<\/td>\n<td><a href=\"https:\/\/szachygrodzisk.pl\/turnieje\/180310_liga_A\/results.html?l=pl&amp;tb=10_\">Grupa A<\/a> | <a href=\"https:\/\/szachygrodzisk.pl\/turnieje\/180310_liga_B\/results.html?l=pl&amp;tb=10_\">Grupa B<\/a> | <a href=\"https:\/\/szachygrodzisk.pl\/turnieje\/180310_liga\/results.html?l=pl&amp;tb=10_\">Grupa C<\/a><br \/>\n<a href=\"https:\/\/szachygrodzisk.pl\/index.php\/2018\/03\/11\/liga-mlodych-talentow-w-dwojce\/\">Relacja<\/a> | <a href=\"https:\/\/www.facebook.com\/media\/set\/?set=a.600312706968593.1073741852.100009696067681&amp;type=1&amp;l=02a79727c5&amp;hc_location=ufi\">Zdj\u0119cia na FB<\/a><\/td>\n<\/tr>\n<tr>\n<td>14-15 kwietnia 2018 r.<br \/>\nSzko\u0142a Podstawowa nr 2, ul. Westfala 3<\/td>\n<td><a href=\"https:\/\/szachygrodzisk.pl\/index.php\/2018\/04\/17\/drugie-urodziny-szachowej-dwojki\/\">Drugie Urodziny Szachowej Dw\u00f3jki<\/a><\/td>\n<\/tr>\n<tr>\n<td>19 maja 2018 r.<br \/>\nPrzedszkole nr 4, ul. G\u00f3rna 12<\/td>\n<td><a href=\"https:\/\/szachygrodzisk.pl\/turnieje\/180519_liga_A\/results.html?l=pl&amp;tb=10_\">Grupa A<\/a> | <a href=\"https:\/\/szachygrodzisk.pl\/turnieje\/180519_liga_B\/results.html?l=pl&amp;tb=10_\">Grupa B<\/a> | <a href=\"https:\/\/szachygrodzisk.pl\/turnieje\/180519_liga\/results.html?l=pl&amp;tb=10_\">Grupa C<\/a><br \/>\n<a href=\"https:\/\/szachygrodzisk.pl\/index.php\/2018\/05\/22\/szachowa-liga-mlodych-talentow-2018\/\">Relacja<\/a> | <a href=\"https:\/\/www.facebook.com\/media\/set\/?set=a.2078880529039819.1073741832.1738379836423225&amp;type=1&amp;l=94d0e918de\"> Zdj\u0119cia na FB<\/a><\/td>\n<\/tr>\n<\/tbody>\n<\/table>\n","protected":false},"excerpt":{"rendered":"<p>Widz\u0105c du\u017ce zainteresowanie szachami w\u015br\u00f3d najm\u0142odszych postanowili\u015bmy wsp\u00f3lnie &#8211; Ko\u0142o Szachowe &#8222;Szach-Mat&#8221; przy Przedszkolu nr 4 oraz Szachowa Dw\u00f3jka &#8211; zorganizowa\u0107 seri\u0119 turniej\u00f3w szachowych dla dzieci do 9 lat (urodzeni w 2009 roku i m\u0142odsi). Aby zapewni\u0107 odpowiedni poziom sportowy zar\u00f3wno dla najlepszych (uczestnik\u00f3w Mistrzostw Polski i Mistrzostw Mazowsza), jak i dla pocz\u0105tkuj\u0105cych, kt\u00f3rzy dopiero w ci\u0105gu ostatnich miesi\u0119cy nauczyli si\u0119 gra\u0107 &#8211; przyj\u0119li\u015bmy formu\u0142\u0119 ligow\u0105: zawodnik\u00f3w dzielili\u015bmy na 3 grupy i w kolejnym turnieju najlepsza tr\u00f3jka awansowa\u0142a do wy\u017cszej grupy, a ostatnie miejsca &#8211; &#8222;spada\u0142y&#8221; do ni\u017cszej. Udzia\u0142 w turniejach by\u0142 bezp\u0142atny. W ka\u017cdym turnieju zwyci\u0119zcy grup otrzymywali puchary,&hellip;<\/p>\n<p> <a class=\"more-link\" href=\"https:\/\/szachygrodzisk.pl\/index.php\/szachowa-liga-mlodych-talentow-info\/\">Dowiedz si\u0119 wi\u0119cej<\/a><\/p>\n","protected":false},"author":2,"featured_media":0,"parent":0,"menu_order":0,"comment_status":"closed","ping_status":"closed","template":"","meta":{"_monsterinsights_skip_tracking":false,"_monsterinsights_sitenote_active":false,"_monsterinsights_sitenote_note":"","_monsterinsights_sitenote_category":0,"footnotes":""},"class_list":["post-1463","page","type-page","status-publish"],"_links":{"self":[{"href":"https:\/\/szachygrodzisk.pl\/index.php\/wp-json\/wp\/v2\/pages\/1463","targetHints":{"allow":["GET"]}}],"collection":[{"href":"https:\/\/szachygrodzisk.pl\/index.php\/wp-json\/wp\/v2\/pages"}],"about":[{"href":"https:\/\/szachygrodzisk.pl\/index.php\/wp-json\/wp\/v2\/types\/page"}],"author":[{"embeddable":true,"href":"https:\/\/szachygrodzisk.pl\/index.php\/wp-json\/wp\/v2\/users\/2"}],"replies":[{"embeddable":true,"href":"https:\/\/szachygrodzisk.pl\/index.php\/wp-json\/wp\/v2\/comments?post=1463"}],"version-history":[{"count":34,"href":"https:\/\/szachygrodzisk.pl\/index.php\/wp-json\/wp\/v2\/pages\/1463\/revisions"}],"predecessor-version":[{"id":2041,"href":"https:\/\/szachygrodzisk.pl\/index.php\/wp-json\/wp\/v2\/pages\/1463\/revisions\/2041"}],"wp:attachment":[{"href":"https:\/\/szachygrodzisk.pl\/index.php\/wp-json\/wp\/v2\/media?parent=1463"}],"curies":[{"name":"wp","href":"https:\/\/api.w.org\/{rel}","templated":true}]}}