{"id":1537,"date":"2018-01-29T22:18:07","date_gmt":"2018-01-29T21:18:07","guid":{"rendered":"https:\/\/szachygrodzisk.pl\/?page_id=1537"},"modified":"2018-01-31T14:52:34","modified_gmt":"2018-01-31T13:52:34","slug":"turniej-zimowy","status":"publish","type":"page","link":"https:\/\/szachygrodzisk.pl\/index.php\/turniej-zimowy\/","title":{"rendered":"Turniej Zimowy"},"content":{"rendered":"<h5>1. Cele zawod\u00f3w<\/h5>\n<p>Popularyzacja gry w szachy w Grodzisku Mazowieckim i okolicach<br \/>\nUmo\u017cliwienie dzieciom, m\u0142odzie\u017cy i doros\u0142ym zdobycia lub podwy\u017cszenia kategorii szachowych<br \/>\nIntegracja lokalnego \u015brodowiska szachowego<\/p>\n<h5>2. Organizatorzy<\/h5>\n<p>Uczniowski Klub Sportowy Szachowa Dw\u00f3jka Grodzisk Mazowiecki<br \/>\nSzko\u0142a Podstawowa nr 2 im. Marii Konopnickiej w Grodzisku Mazowieckim<\/p>\n<h5>3. Program zawod\u00f3w<\/h5>\n<p>Miejsce rozgrywek: Szko\u0142a Podstawowa nr 2, ul. Westfala 3, Grodzisk Maz.<br \/>\nTermin: <u><strong>weekend 17-18 lutego 2018 r.<\/strong><\/u><\/p>\n<p>Zawody zostan\u0105 rozegrane w 3 grupach:<br \/>\n\u2022 Grupa A (2 dni) &#8211; minimum IV kategoria szachowa, bez ogranicze\u0144 wiekowych<br \/>\n\u2022 Grupa B (sobota) &#8211; do IV kategorii szachowej, bez ogranicze\u0144 wiekowych<br \/>\n\u2022 Grupa C (niedziela) &#8211; do IV kategorii szachowej, ur. 2009 i m\u0142odsi<\/p>\n<p><span style=\"text-decoration: underline;\">Sobota 17.02 (grupy A i B)<\/span><br \/>\nPotwierdzanie uczestnictwa: 9:15-9:40<br \/>\nOdprawa techniczna (obowi\u0105zkowa): 9:50<br \/>\nUroczyste rozpocz\u0119cie: 10:00<br \/>\nGr. A: Rundy I-IV &#8211; &#8211; &#8211; przewidywane zako\u0144czenie ok. 18<br \/>\nGr. B: Rundy I-VI- &#8211; &#8211; przewidywane zako\u0144czenie ok. 16<\/p>\n<p><u>Niedziela 18.02 (grupy A i C)<\/u><br \/>\nGr. C: Potwierdzanie uczestnictwa: 9:15-9:40<br \/>\nGr. C: Odprawa techniczna (obowi\u0105zkowa): 9:45<br \/>\nGr. C: I runda: 10:00 (i dalej kolejne rundy) &#8211; &#8211; &#8211; zako\u0144czenie ok. 15<br \/>\nGr. A: V runda: 10:00 (i dalej rundy VI, VII) &#8211; &#8211; &#8211; zako\u0144czenie ok. 16<\/p>\n<h5>4. System rozgrywek<\/h5>\n<p>Grupa A:<br \/>\n\u2022 system szwajcarski na dystansie 7 rund,<br \/>\n\u2022 tempo gry: 30 minut na parti\u0119 dla zawodnika plus 30 sekund dodawane po ka\u017cdym posuni\u0119ciu,<br \/>\n\u2022 <u><strong>obowi\u0105zkowy zapis partii<\/strong><\/u> (nie zapisywa\u0107 mog\u0105 dzieci ur. 2010 i m\u0142odsze),<br \/>\n\u2022 mo\u017cliwo\u015b\u0107 zdobycia kategorii do I kobiecej w\u0142\u0105cznie.<\/p>\n<p>Grupy B i C:<br \/>\n\u2022 system szwajcarski na dystansie 6 rund,<br \/>\n\u2022 tempo gry: 30 minut na parti\u0119 dla zawodnika,<br \/>\n\u2022 mo\u017cliwo\u015b\u0107 zdobycia V lub IV kategorii szachowej.<\/p>\n<p>Przy r\u00f3wnej liczbie punkt\u00f3w o zaj\u0119tym miejscu decyduj\u0105: skr\u00f3cona punktacja Buchholza, pe\u0142na punktacja Buchholza, liczba zwyci\u0119stw, progres.<br \/>\nW turniejach obowi\u0105zuj\u0105 przepisy gry FIDE. Turnieje nie b\u0119d\u0105 zg\u0142aszane do oceny rankingowej FIDE.<br \/>\nMaksymalne dopuszczalne sp\u00f3\u017anienie na rund\u0119: 15 minut<\/p>\n<h5>5. Warunki uczestnictwa<\/h5>\n<p>Do turnieju nale\u017cy zg\u0142asza\u0107 si\u0119:<br \/>\n\u2022 przez internetowy <i>Formularz zg\u0142oszenia<\/i>: <a href=\"http:\/\/www.chessarbiter.com\/turnieje\/2018\/ti_838\/registration_form.html?l=pl\">grupa A<\/a>, <a href=\"http:\/\/www.chessarbiter.com\/turnieje\/2018\/ti_845\/registration_form.html?l=pl\">grupa B<\/a>, <a href=\"http:\/\/www.chessarbiter.com\/turnieje\/2018\/ti_846\/registration_form.html?l=pl\">grupa C<\/a>\u00a0lub<br \/>\n\u2022 mailem na adres <a href=\"mailto:klub@szachygrodzisk.pl\">klub@szachygrodzisk.pl<\/a> \u2013 nale\u017cy poda\u0107 imi\u0119, nazwisko, klub lub miejscowo\u015b\u0107, kategori\u0119 szachow\u0105 (o ile si\u0119 posiada) oraz pe\u0142n\u0105 dat\u0119 urodzenia lub<br \/>\n\u2022 telefonicznie w godzinach 20-21 (nr tel. na ko\u0144cu regulaminu) lub<br \/>\n\u2022 osobi\u015bcie.<\/p>\n<p><strong><u>Zg\u0142oszenia do wtorku 13.02 w\u0142\u0105cznie<\/u><\/strong><br \/>\nZg\u0142oszenia b\u0119d\u0105 na bie\u017c\u0105co publikowane na listach startowych.<br \/>\nOsoby zg\u0142oszone po terminie mog\u0105 by\u0107 dopuszczone do gry w miar\u0119 wolnych miejsc<br \/>\nObowi\u0105zuje potwierdzenie udzia\u0142u w zawodach na sali gry &#8211; zawodnicy niepotwierdzeni do 9:40 b\u0119d\u0105 grali od II rundy<\/p>\n<p><span style=\"text-decoration: underline;\"><strong>Wszystkie grupy bez wpisowego<\/strong><\/span><\/p>\n<h5>6. Nagrody<\/h5>\n<p>W ka\u017cdej grupie nagrody rzeczowe dla czo\u0142\u00f3wki &#8211; szczeg\u00f3\u0142y zostan\u0105 podane przed 4. rund\u0105<br \/>\nPuchary minimum dla pierwszej tr\u00f3jki, najlepszej zawodniczki, najlepszego juniora do 12 lat w grupie A, pierwszej tr\u00f3jki, najlepszego zawodnika do 6 lat w grupie C i zwyci\u0119zcy grupy B.<br \/>\nDrobne upominki dla zawodnik\u00f3w urodzonych w 2009 roku i m\u0142odszych &#8211; we wszystkich grupach turniejowych. Wszyscy uczestnicy grupy C zg\u0142oszeni w terminie otrzymaj\u0105 dyplomy.<\/p>\n<p>Zawodnik mo\u017ce otrzyma\u0107 tylko jedn\u0105 nagrod\u0119.<br \/>\nNagrody b\u0119d\u0105 wr\u0119czane wy\u0142\u0105cznie podczas ceremonii zako\u0144czenia turnieju.<\/p>\n<h5>7. Inne<\/h5>\n<p>Jak zawsze Organizatorzy zapewniaj\u0105 pocz\u0119stunek: napoje zimne i gor\u0105ce, kanapki, owoce, s\u0142odycze.<br \/>\nOpiek\u0119 nad zawodnikami do 18 lat sprawuj\u0105 rodzice lub doro\u015bli opiekunowie.<br \/>\nZawodnik\u00f3w obowi\u0105zuje zmiana obuwia.<br \/>\nZawodnicy ubezpieczaj\u0105 si\u0119 we w\u0142asnym zakresie.<br \/>\nNa sali gry obowi\u0105zuje ca\u0142kowity zakaz u\u017cywania telefon\u00f3w kom\u00f3rkowych.<br \/>\nUdzia\u0142 w zawodach oznacza zgod\u0119 na wykorzystanie wizerunku i danych osobowych do realizacji dzia\u0142a\u0144 statutowych Organizator\u00f3w.<br \/>\nO wszelkich sprawach nieuj\u0119tych w niniejszym regulaminie decyduj\u0105 Organizatorzy.<br \/>\nOrganizatorzy zastrzegaj\u0105 sobie prawo wprowadzania zmian w niniejszym regulaminie.<\/p>\n<p>Kontakt: Jacek Kici\u0144ski, tel. 511 834 619, <a href=\"mailto:klub@szachygrodzisk.pl\">klub@szachygrodzisk.pl<\/a><\/p>\n","protected":false},"excerpt":{"rendered":"<p>1. Cele zawod\u00f3w Popularyzacja gry w szachy w Grodzisku Mazowieckim i okolicach Umo\u017cliwienie dzieciom, m\u0142odzie\u017cy i doros\u0142ym zdobycia lub podwy\u017cszenia kategorii szachowych Integracja lokalnego \u015brodowiska szachowego 2. Organizatorzy Uczniowski Klub Sportowy Szachowa Dw\u00f3jka Grodzisk Mazowiecki Szko\u0142a Podstawowa nr 2 im. Marii Konopnickiej w Grodzisku Mazowieckim 3. Program zawod\u00f3w Miejsce rozgrywek: Szko\u0142a Podstawowa nr 2, ul. Westfala 3, Grodzisk Maz. Termin: weekend 17-18 lutego 2018 r. Zawody zostan\u0105 rozegrane w 3 grupach: \u2022 Grupa A (2 dni) &#8211; minimum IV kategoria szachowa, bez ogranicze\u0144 wiekowych \u2022 Grupa B (sobota) &#8211; do IV kategorii szachowej, bez ogranicze\u0144 wiekowych \u2022 Grupa C (niedziela)&hellip;<\/p>\n<p> <a class=\"more-link\" href=\"https:\/\/szachygrodzisk.pl\/index.php\/turniej-zimowy\/\">Dowiedz si\u0119 wi\u0119cej<\/a><\/p>\n","protected":false},"author":2,"featured_media":0,"parent":0,"menu_order":0,"comment_status":"closed","ping_status":"closed","template":"","meta":{"_monsterinsights_skip_tracking":false,"_monsterinsights_sitenote_active":false,"_monsterinsights_sitenote_note":"","_monsterinsights_sitenote_category":0,"footnotes":""},"class_list":["post-1537","page","type-page","status-publish"],"_links":{"self":[{"href":"https:\/\/szachygrodzisk.pl\/index.php\/wp-json\/wp\/v2\/pages\/1537","targetHints":{"allow":["GET"]}}],"collection":[{"href":"https:\/\/szachygrodzisk.pl\/index.php\/wp-json\/wp\/v2\/pages"}],"about":[{"href":"https:\/\/szachygrodzisk.pl\/index.php\/wp-json\/wp\/v2\/types\/page"}],"author":[{"embeddable":true,"href":"https:\/\/szachygrodzisk.pl\/index.php\/wp-json\/wp\/v2\/users\/2"}],"replies":[{"embeddable":true,"href":"https:\/\/szachygrodzisk.pl\/index.php\/wp-json\/wp\/v2\/comments?post=1537"}],"version-history":[{"count":5,"href":"https:\/\/szachygrodzisk.pl\/index.php\/wp-json\/wp\/v2\/pages\/1537\/revisions"}],"predecessor-version":[{"id":1543,"href":"https:\/\/szachygrodzisk.pl\/index.php\/wp-json\/wp\/v2\/pages\/1537\/revisions\/1543"}],"wp:attachment":[{"href":"https:\/\/szachygrodzisk.pl\/index.php\/wp-json\/wp\/v2\/media?parent=1537"}],"curies":[{"name":"wp","href":"https:\/\/api.w.org\/{rel}","templated":true}]}}