{"id":1940,"date":"2018-10-09T16:28:07","date_gmt":"2018-10-09T14:28:07","guid":{"rendered":"https:\/\/szachygrodzisk.pl\/?page_id=1940"},"modified":"2018-10-26T12:59:44","modified_gmt":"2018-10-26T10:59:44","slug":"turniej-rodzinny-11-11","status":"publish","type":"page","link":"https:\/\/szachygrodzisk.pl\/index.php\/turniej-rodzinny-11-11\/","title":{"rendered":"Turniej Rodzinny 11.11.2018 &#8211; 100 lat Niepodleg\u0142o\u015bci"},"content":{"rendered":"<h6>Zawody obj\u0105\u0142 Honorowym Patronatem<br \/>\nBurmistrz Grodziska Mazowieckiego Grzegorz Benedykci\u0144ski<\/h6>\n<h5>1. Cele zawod\u00f3w<\/h5>\n<p>\u015awi\u0119towanie 100-lecia Niepodleg\u0142o\u015bci Polski<br \/>\nPopularyzacja gry w szachy<br \/>\nIntegracja lokalnego \u015brodowiska szachowego<\/p>\n<h5>2. Organizatorzy<\/h5>\n<p>Uczniowski Klub Sportowy Szachowa Dw\u00f3jka Grodzisk Mazowiecki<br \/>\nPoczekalnia PKP &#8211; Przestrze\u0144 Kulturze Przyjazna<\/p>\n<h5>3. Program zawod\u00f3w<\/h5>\n<p>Miejsce rozgrywek: Poczekalnia PKP &#8211; Przestrze\u0144 Kulturze Przyjazna &#8211; dworzec kolejowy w Grodzisku Mazowieckim<br \/>\nTermin: <u><strong>11 listopada 2018 r.<\/strong><\/u><\/p>\n<p>Potwierdzanie uczestnictwa: 9:40-9:50<br \/>\nOtwarcie zawod\u00f3w: 10:00<br \/>\nRundy turniejowe<br \/>\nPatriotyczna niespodzianka oraz wr\u0119czenie nagr\u00f3d<br \/>\nZako\u0144czenie ok. 14<\/p>\n<h5>4. System rozgrywek, przepisy<\/h5>\n<p>Strona turniejowa: <a href=\"https:\/\/szachygrodzisk.pl\/turnieje\/181111\/\">https:\/\/szachygrodzisk.pl\/turnieje\/181111\/<\/a><\/p>\n<p>S\u0105 to zawody dru\u017cynowe: startuj\u0105 2-osobowe dru\u017cyny rodzinne, co najmniej 1 zawodnik do 18 lat. Wymagamy bliskiego pokrewie\u0144stwa: rodze\u0144stwo \/ rodzice \/ dziadkowie (nie dopuszczamy wariant\u00f3w &#8222;z wujkiem&#8221;, &#8222;z kuzynem&#8221;, itp.).<\/p>\n<p>System szwajcarski, 6 rund, tempo: 10 minut na parti\u0119 dla zawodnika plus 5 sekund dodawane po ka\u017cdym posuni\u0119ciu<\/p>\n<p>Podstawowym kryterium oceny wynik\u00f3w s\u0105 punkty meczowe: 2 pkt. za wygrany mecz (2:0 lub 1,5:0,5), 1 pkt. za remis (1:1), 0 pkt. za przegrany mecz. Przy r\u00f3wnej liczbie punkt\u00f3w meczowych o zaj\u0119tym miejscu decyduj\u0105: bezpo\u015bredni pojedynek, punktacja Sonnenborn-Berger, suma &#8222;ma\u0142ych&#8221; punkt\u00f3w.<br \/>\nObowi\u0105zuj\u0105 przepisy FIDE.<\/p>\n<h5>5. Warunki uczestnictwa<\/h5>\n<p>Do turnieju nale\u017cy zg\u0142asza\u0107 si\u0119:<br \/>\n\u2022 mailem na adres <a href=\"mailto:klub@szachygrodzisk.pl\">klub@szachygrodzisk.pl<\/a> \u2013 nale\u017cy poda\u0107 nazw\u0119 dru\u017cyny i dane zawodnik\u00f3w: imi\u0119, nazwisko, kategori\u0119 szachow\u0105 (o ile si\u0119 posiada) oraz pe\u0142n\u0105 dat\u0119 urodzenia lub<br \/>\n\u2022 telefonicznie w godzinach 20-21 (nr tel. na ko\u0144cu regulaminu) lub<br \/>\n\u2022 osobi\u015bcie.<\/p>\n<p><strong><u>Zg\u0142oszenia do wyczerpania limitu miejsc<\/u><\/strong><br \/>\nZg\u0142oszenia b\u0119d\u0105 na bie\u017c\u0105co publikowane na li\u015bcie startowej:<\/p>\n<p><span style=\"text-decoration: underline;\"><strong>Turniej bez wpisowego<\/strong><\/span><\/p>\n<h5>6. Nagrody<\/h5>\n<p>Puchary dla miejsc I-III oraz dla najlepszej dru\u017cyny o rankingu \u015brednim do 1300<br \/>\nDla miejsc I-V cenne nagrody rzeczowe: gry planszowe <em>Bo\u017ce Igrzysko. MAGNACI Gra o Rzeczpospolit\u0105<\/em> oraz <em>Na Grunwald<\/em>.<\/p>\n<p>Ka\u017cdy uczestnik otrzyma patriotyczny upominek. Dodatkowe upominki dla najm\u0142odszych.<\/p>\n<p>Nagrody b\u0119d\u0105 wr\u0119czane wy\u0142\u0105cznie podczas ceremonii zako\u0144czenia turnieju<\/p>\n<h5>7. Inne<\/h5>\n<p>Opiek\u0119 nad zawodnikami do 18 lat sprawuj\u0105 rodzice lub doro\u015bli opiekunowie.<br \/>\nZawodnicy ubezpieczaj\u0105 si\u0119 we w\u0142asnym zakresie.<br \/>\nNa sali gry obowi\u0105zuje ca\u0142kowity zakaz u\u017cywania telefon\u00f3w kom\u00f3rkowych.<br \/>\nUdzia\u0142 w zawodach oznacza zgod\u0119 na wykorzystanie wizerunku i danych osobowych do realizacji dzia\u0142a\u0144 statutowych Organizator\u00f3w.<br \/>\nO wszelkich sprawach nieuj\u0119tych w niniejszym regulaminie decyduj\u0105 Organizatorzy.<br \/>\nOrganizatorzy zastrzegaj\u0105 sobie prawo wprowadzania zmian w niniejszym regulaminie.<\/p>\n<p>Kontakt: Jacek Kici\u0144ski, tel. 511 834 619, <a href=\"mailto:klub@szachygrodzisk.pl\">klub@szachygrodzisk.pl<\/a><\/p>\n<p><a href=\"https:\/\/szachygrodzisk.pl\/wp-content\/uploads\/2018\/10\/181111-Plakat-LR.jpg\"><img fetchpriority=\"high\" decoding=\"async\" class=\"alignleft size-large wp-image-1955\" src=\"https:\/\/szachygrodzisk.pl\/wp-content\/uploads\/2018\/10\/181111-Plakat-LR-724x1024.jpg\" alt=\"\" width=\"724\" height=\"1024\" srcset=\"https:\/\/szachygrodzisk.pl\/wp-content\/uploads\/2018\/10\/181111-Plakat-LR-724x1024.jpg 724w, https:\/\/szachygrodzisk.pl\/wp-content\/uploads\/2018\/10\/181111-Plakat-LR-212x300.jpg 212w, https:\/\/szachygrodzisk.pl\/wp-content\/uploads\/2018\/10\/181111-Plakat-LR-768x1086.jpg 768w, https:\/\/szachygrodzisk.pl\/wp-content\/uploads\/2018\/10\/181111-Plakat-LR.jpg 794w\" sizes=\"(max-width: 724px) 100vw, 724px\" \/><\/a><\/p>\n","protected":false},"excerpt":{"rendered":"<p>Zawody obj\u0105\u0142 Honorowym Patronatem Burmistrz Grodziska Mazowieckiego Grzegorz Benedykci\u0144ski 1. Cele zawod\u00f3w \u015awi\u0119towanie 100-lecia Niepodleg\u0142o\u015bci Polski Popularyzacja gry w szachy Integracja lokalnego \u015brodowiska szachowego 2. Organizatorzy Uczniowski Klub Sportowy Szachowa Dw\u00f3jka Grodzisk Mazowiecki Poczekalnia PKP &#8211; Przestrze\u0144 Kulturze Przyjazna 3. Program zawod\u00f3w Miejsce rozgrywek: Poczekalnia PKP &#8211; Przestrze\u0144 Kulturze Przyjazna &#8211; dworzec kolejowy w Grodzisku Mazowieckim Termin: 11 listopada 2018 r. Potwierdzanie uczestnictwa: 9:40-9:50 Otwarcie zawod\u00f3w: 10:00 Rundy turniejowe Patriotyczna niespodzianka oraz wr\u0119czenie nagr\u00f3d Zako\u0144czenie ok. 14 4. System rozgrywek, przepisy Strona turniejowa: https:\/\/szachygrodzisk.pl\/turnieje\/181111\/ S\u0105 to zawody dru\u017cynowe: startuj\u0105 2-osobowe dru\u017cyny rodzinne, co najmniej 1 zawodnik do 18 lat. Wymagamy&hellip;<\/p>\n<p> <a class=\"more-link\" href=\"https:\/\/szachygrodzisk.pl\/index.php\/turniej-rodzinny-11-11\/\">Dowiedz si\u0119 wi\u0119cej<\/a><\/p>\n","protected":false},"author":2,"featured_media":0,"parent":0,"menu_order":0,"comment_status":"closed","ping_status":"closed","template":"","meta":{"_monsterinsights_skip_tracking":false,"_monsterinsights_sitenote_active":false,"_monsterinsights_sitenote_note":"","_monsterinsights_sitenote_category":0,"footnotes":""},"class_list":["post-1940","page","type-page","status-publish"],"_links":{"self":[{"href":"https:\/\/szachygrodzisk.pl\/index.php\/wp-json\/wp\/v2\/pages\/1940","targetHints":{"allow":["GET"]}}],"collection":[{"href":"https:\/\/szachygrodzisk.pl\/index.php\/wp-json\/wp\/v2\/pages"}],"about":[{"href":"https:\/\/szachygrodzisk.pl\/index.php\/wp-json\/wp\/v2\/types\/page"}],"author":[{"embeddable":true,"href":"https:\/\/szachygrodzisk.pl\/index.php\/wp-json\/wp\/v2\/users\/2"}],"replies":[{"embeddable":true,"href":"https:\/\/szachygrodzisk.pl\/index.php\/wp-json\/wp\/v2\/comments?post=1940"}],"version-history":[{"count":7,"href":"https:\/\/szachygrodzisk.pl\/index.php\/wp-json\/wp\/v2\/pages\/1940\/revisions"}],"predecessor-version":[{"id":1961,"href":"https:\/\/szachygrodzisk.pl\/index.php\/wp-json\/wp\/v2\/pages\/1940\/revisions\/1961"}],"wp:attachment":[{"href":"https:\/\/szachygrodzisk.pl\/index.php\/wp-json\/wp\/v2\/media?parent=1940"}],"curies":[{"name":"wp","href":"https:\/\/api.w.org\/{rel}","templated":true}]}}