{"id":1995,"date":"2018-11-26T21:07:24","date_gmt":"2018-11-26T20:07:24","guid":{"rendered":"https:\/\/szachygrodzisk.pl\/?page_id=1995"},"modified":"2018-11-26T21:56:44","modified_gmt":"2018-11-26T20:56:44","slug":"iv-turniej-gwiazdkowy","status":"publish","type":"page","link":"https:\/\/szachygrodzisk.pl\/index.php\/iv-turniej-gwiazdkowy\/","title":{"rendered":"IV Turniej Gwiazdkowy"},"content":{"rendered":"<h5>1. Cele zawod\u00f3w<\/h5>\n<p>Popularyzacja gry w szachy<br \/>\nUmo\u017cliwienie dzieciom, m\u0142odzie\u017cy i doros\u0142ym zdobycia lub podwy\u017cszenia kategorii szachowych<br \/>\nUmo\u017cliwienie zawodnikom uzyskania lub podwy\u017cszenia rankingu mi\u0119dzynarodowego FIDE<br \/>\nWy\u0142onienie w sportowej rywalizacji najlepszych szachist\u00f3w<br \/>\nIntegracja lokalnego \u015brodowiska szachowego<\/p>\n<h5>2. Organizatorzy<\/h5>\n<p>Uczniowski Klub Sportowy Szachowa Dw\u00f3jka Grodzisk Mazowiecki<br \/>\nSzko\u0142a Podstawowa nr 4 im. J\u00f3zefy Joteyko w Grodzisku Mazowieckim<\/p>\n<h5>3. Program zawod\u00f3w<\/h5>\n<p>Miejsce rozgrywek: Szko\u0142a Podstawowa nr 4, ul. Zielony Rynek 2, Grodzisk Maz.<br \/>\nTermin: <u><strong>weekend 8-9 grudnia 2018 r.<\/strong><\/u><\/p>\n<p>Zawody zostan\u0105 rozegrane w 4 grupach:<br \/>\n\u2022 <a href=\"http:\/\/www.chessarbiter.com\/turnieje\/2018\/ti_6704\/\">grupa A<\/a> (2 dni) &#8211; turniej zg\u0142oszony do FIDE &#8211; zawodnicy z rankingiem FIDE (niezale\u017cnie od posiadanej kategorii szachowej) lub bez rankingu FIDE z rankingiem PZSzach od 1600 (III m\u0119ska lub II kobieca kategoria szachowa), bez ogranicze\u0144 wiekowych<br \/>\n\u2022 <a href=\"http:\/\/www.chessarbiter.com\/turnieje\/2018\/ti_7294\/\">grupa B<\/a> (2 dni) &#8211; IV, III lub II kobieca kategoria szachowa, bez ogranicze\u0144 wiekowych<br \/>\n\u2022 <a href=\"http:\/\/www.chessarbiter.com\/turnieje\/2018\/ti_7295\/\">grupa C<\/a> (sobota) &#8211; do IV kategorii szachowej, bez ogranicze\u0144 wiekowych<br \/>\n\u2022 <a href=\"http:\/\/www.chessarbiter.com\/turnieje\/2018\/ti_7296\/\">grupa D<\/a> (niedziela) &#8211; do IV kategorii szachowej, ur. w 2010 roku lub m\u0142odsi<\/p>\n<p><span style=\"text-decoration: underline;\">Sobota 8.12 (grupy A, B i C)<\/span><br \/>\nPotwierdzanie uczestnictwa: 9:15-9:40<br \/>\nOdprawa techniczna (obowi\u0105zkowa): 9:50<br \/>\nRozpocz\u0119cie zawod\u00f3w: 10:00<br \/>\nGr. A, B: Rundy I-IV &#8211; &#8211; &#8211; przewidywane zako\u0144czenie ok. 18<br \/>\nGr. C: Rundy I-VI- &#8211; &#8211; przewidywane zako\u0144czenie ok. 16<\/p>\n<p><u>Niedziela 9.12 (grupy A, B i D)<\/u><br \/>\nGr. D: Potwierdzanie uczestnictwa: 9:15-9:40<br \/>\nGr. D: Odprawa techniczna (obowi\u0105zkowa): 9:45<br \/>\nGr. D: Rundy I-VI: 10:00 &#8211; &#8211; &#8211; przewidywane zako\u0144czenie ok. 15:30<br \/>\nGr. A, B: Rundy V-VII &#8211; &#8211; &#8211; przewidywane zako\u0144czenie ok. 16:30<\/p>\n<h5>4. System rozgrywek, przepisy<\/h5>\n<p>Grupa A i B:<br \/>\n\u2022 system szwajcarski na dystansie 7 rund,<br \/>\n\u2022 tempo gry: 30 minut na parti\u0119 dla zawodnika plus 30 sekund dodawane po ka\u017cdym posuni\u0119ciu,<br \/>\n\u2022 <u><strong>obowi\u0105zkowy zapis partii<\/strong><\/u> (nie zapisywa\u0107 mog\u0105 dzieci ur. 2011 i m\u0142odsze),<br \/>\n\u2022 mo\u017cliwo\u015b\u0107 zdobycia kategorii do I kobiecej w\u0142\u0105cznie.<\/p>\n<p>Grupy C i D:<br \/>\n\u2022 system szwajcarski na dystansie 6 rund,<br \/>\n\u2022 tempo gry: 30 minut na parti\u0119 dla zawodnika,<br \/>\n\u2022 mo\u017cliwo\u015b\u0107 zdobycia V lub IV kategorii szachowej.<\/p>\n<p>Przy r\u00f3wnej liczbie punkt\u00f3w o zaj\u0119tym miejscu decyduj\u0105: skr\u00f3cona punktacja Buchholza, pe\u0142na punktacja Buchholza, liczba zwyci\u0119stw, progres.<br \/>\nW turniejach obowi\u0105zuj\u0105 przepisy gry FIDE. Grupa A zosta\u0142a zg\u0142oszona do oceny rankingowej FIDE.<br \/>\nW grupach A i B obowi\u0105zuje zakaz proponowania i zgadzania si\u0119 na propozycje remisowe przed wykonaniem 30. posuni\u0119cia przez czarne. Z\u0142amanie zakazu mo\u017ce by\u0107 ukarane obustronn\u0105 pora\u017ck\u0105.<br \/>\nOdwo\u0142ania mo\u017cna zg\u0142asza\u0107: w grupach A i B do podpisania blankietu, w grupach C i D do zako\u0144czenia rundy.<br \/>\nW grupach C i D (szachy szybkie) obowi\u0105zuj\u0105 przepisy z dodatku A pkt. 4 oraz wytyczne III.4.<br \/>\nMaksymalne dopuszczalne sp\u00f3\u017anienie na rund\u0119: 15 minut<\/p>\n<h5>5. Warunki uczestnictwa<\/h5>\n<p>Do turnieju nale\u017cy zg\u0142asza\u0107 si\u0119:<br \/>\n\u2022 przez internetowy <i>Formularz zg\u0142oszenia<\/i>: na stronach turniejowych wskazanych w pkt. 3 lub<br \/>\n\u2022 mailem na adres <a href=\"mailto:klub@szachygrodzisk.pl\">klub@szachygrodzisk.pl<\/a> \u2013 nale\u017cy poda\u0107 imi\u0119, nazwisko, klub lub miejscowo\u015b\u0107, kategori\u0119 szachow\u0105 (o ile si\u0119 posiada) oraz pe\u0142n\u0105 dat\u0119 urodzenia lub<br \/>\n\u2022 telefonicznie w godzinach 20-21 (nr tel. na ko\u0144cu regulaminu) lub<br \/>\n\u2022 osobi\u015bcie.<\/p>\n<p><strong><u>Zg\u0142oszenia do wtorku 4 grudnia w\u0142\u0105cznie<\/u><\/strong><br \/>\nZg\u0142oszenia b\u0119d\u0105 na bie\u017c\u0105co publikowane na listach startowych.<br \/>\nOsoby zg\u0142oszone po terminie mog\u0105 by\u0107 dopuszczone do gry w miar\u0119 wolnych miejsc<br \/>\nObowi\u0105zuje potwierdzenie udzia\u0142u w zawodach na sali gry &#8211; zawodnicy niepotwierdzeni do 9:40 b\u0119d\u0105 grali od II rundy<\/p>\n<p><span style=\"text-decoration: underline;\"><strong>U nas TY decydujesz o wysoko\u015bci wpisowego.<\/strong><\/span> Minimalne wpisowe:<br \/>\n\u2022 w grupie A &#8211; 25 z\u0142, w tym op\u0142ata rankingowa 15 z\u0142 oraz op\u0142ata rejestracyjna 1,4 euro (op\u0142aty od ka\u017cdego zawodnika),<br \/>\n\u2022 w grupach B, C, D &#8211; 0 z\u0142 (nie musimy odprowadza\u0107 op\u0142at per zawodnik).<\/p>\n<p>Zgodnie z Komunikatem Organizacyjno-Finansowym PZSzach zawodnicy niezrzeszeni w klubach od III kategorii ur. w 2010 r. i starsi ponosz\u0105 dodatkow\u0105 op\u0142at\u0119 10 z\u0142.<\/p>\n<h5>6. Nagrody<\/h5>\n<p>W ka\u017cdej grupie nagrody rzeczowe dla czo\u0142\u00f3wki &#8211; szczeg\u00f3\u0142y zostan\u0105 podane przed 4. rund\u0105.<br \/>\nPuchary dla pierwszej tr\u00f3jki w grupach A, B i D oraz dla zwyci\u0119zcy grupy C.<br \/>\nZawodnicy urodzeni w roku 2010 i m\u0142odsi otrzymuj\u0105 dyplomy i upominki &#8211; we wszystkich grupach turniejowych.<\/p>\n<p>Zawodnik mo\u017ce otrzyma\u0107 tylko jedn\u0105 nagrod\u0119.<br \/>\nNagrody b\u0119d\u0105 wr\u0119czane wy\u0142\u0105cznie podczas ceremonii zako\u0144czenia turnieju<\/p>\n<h5>7. Inne<\/h5>\n<p>Organizatorzy zapewniaj\u0105 darmowy pocz\u0119stunek: napoje zimne i gor\u0105ce, kanapki, owoce, s\u0142odycze.<br \/>\nOpiek\u0119 nad zawodnikami do 18 lat sprawuj\u0105 rodzice lub doro\u015bli opiekunowie.<br \/>\nZawodnik\u00f3w obowi\u0105zuje zmiana obuwia.<br \/>\nZawodnicy ubezpieczaj\u0105 si\u0119 we w\u0142asnym zakresie.<br \/>\nNa sali gry obowi\u0105zuje ca\u0142kowity zakaz u\u017cywania telefon\u00f3w kom\u00f3rkowych.<br \/>\nUdzia\u0142 w zawodach oznacza zgod\u0119 na wykorzystanie wizerunku i danych osobowych do realizacji dzia\u0142a\u0144 statutowych Organizator\u00f3w.<br \/>\nO wszelkich sprawach nieuj\u0119tych w niniejszym regulaminie decyduj\u0105 Organizatorzy.<br \/>\nOrganizatorzy zastrzegaj\u0105 sobie prawo wprowadzania zmian w niniejszym regulaminie.<\/p>\n<p>Kontakt: Jacek Kici\u0144ski, tel. 511 834 619, <a href=\"mailto:klub@szachygrodzisk.pl\">klub@szachygrodzisk.pl<\/a><\/p>\n<p><a href=\"https:\/\/szachygrodzisk.pl\/wp-content\/uploads\/2018\/11\/gwiazdka-4-LR-2.jpg\"><img fetchpriority=\"high\" decoding=\"async\" class=\"size-large wp-image-2006 alignleft\" src=\"https:\/\/szachygrodzisk.pl\/wp-content\/uploads\/2018\/11\/gwiazdka-4-LR-2-724x1024.jpg\" alt=\"\" width=\"724\" height=\"1024\" srcset=\"https:\/\/szachygrodzisk.pl\/wp-content\/uploads\/2018\/11\/gwiazdka-4-LR-2-724x1024.jpg 724w, https:\/\/szachygrodzisk.pl\/wp-content\/uploads\/2018\/11\/gwiazdka-4-LR-2-212x300.jpg 212w, https:\/\/szachygrodzisk.pl\/wp-content\/uploads\/2018\/11\/gwiazdka-4-LR-2-768x1086.jpg 768w, https:\/\/szachygrodzisk.pl\/wp-content\/uploads\/2018\/11\/gwiazdka-4-LR-2.jpg 794w\" sizes=\"(max-width: 724px) 100vw, 724px\" \/><\/a><\/p>\n","protected":false},"excerpt":{"rendered":"<p>1. Cele zawod\u00f3w Popularyzacja gry w szachy Umo\u017cliwienie dzieciom, m\u0142odzie\u017cy i doros\u0142ym zdobycia lub podwy\u017cszenia kategorii szachowych Umo\u017cliwienie zawodnikom uzyskania lub podwy\u017cszenia rankingu mi\u0119dzynarodowego FIDE Wy\u0142onienie w sportowej rywalizacji najlepszych szachist\u00f3w Integracja lokalnego \u015brodowiska szachowego 2. Organizatorzy Uczniowski Klub Sportowy Szachowa Dw\u00f3jka Grodzisk Mazowiecki Szko\u0142a Podstawowa nr 4 im. J\u00f3zefy Joteyko w Grodzisku Mazowieckim 3. Program zawod\u00f3w Miejsce rozgrywek: Szko\u0142a Podstawowa nr 4, ul. Zielony Rynek 2, Grodzisk Maz. Termin: weekend 8-9 grudnia 2018 r. Zawody zostan\u0105 rozegrane w 4 grupach: \u2022 grupa A (2 dni) &#8211; turniej zg\u0142oszony do FIDE &#8211; zawodnicy z rankingiem FIDE (niezale\u017cnie od posiadanej kategorii&hellip;<\/p>\n<p> <a class=\"more-link\" href=\"https:\/\/szachygrodzisk.pl\/index.php\/iv-turniej-gwiazdkowy\/\">Dowiedz si\u0119 wi\u0119cej<\/a><\/p>\n","protected":false},"author":2,"featured_media":0,"parent":0,"menu_order":0,"comment_status":"closed","ping_status":"closed","template":"","meta":{"_monsterinsights_skip_tracking":false,"_monsterinsights_sitenote_active":false,"_monsterinsights_sitenote_note":"","_monsterinsights_sitenote_category":0,"footnotes":""},"class_list":["post-1995","page","type-page","status-publish"],"_links":{"self":[{"href":"https:\/\/szachygrodzisk.pl\/index.php\/wp-json\/wp\/v2\/pages\/1995","targetHints":{"allow":["GET"]}}],"collection":[{"href":"https:\/\/szachygrodzisk.pl\/index.php\/wp-json\/wp\/v2\/pages"}],"about":[{"href":"https:\/\/szachygrodzisk.pl\/index.php\/wp-json\/wp\/v2\/types\/page"}],"author":[{"embeddable":true,"href":"https:\/\/szachygrodzisk.pl\/index.php\/wp-json\/wp\/v2\/users\/2"}],"replies":[{"embeddable":true,"href":"https:\/\/szachygrodzisk.pl\/index.php\/wp-json\/wp\/v2\/comments?post=1995"}],"version-history":[{"count":7,"href":"https:\/\/szachygrodzisk.pl\/index.php\/wp-json\/wp\/v2\/pages\/1995\/revisions"}],"predecessor-version":[{"id":2007,"href":"https:\/\/szachygrodzisk.pl\/index.php\/wp-json\/wp\/v2\/pages\/1995\/revisions\/2007"}],"wp:attachment":[{"href":"https:\/\/szachygrodzisk.pl\/index.php\/wp-json\/wp\/v2\/media?parent=1995"}],"curies":[{"name":"wp","href":"https:\/\/api.w.org\/{rel}","templated":true}]}}