{"id":201,"date":"2015-11-05T21:00:31","date_gmt":"2015-11-05T20:00:31","guid":{"rendered":"https:\/\/szachygrodzisk.pl\/?page_id=201"},"modified":"2017-07-03T17:45:32","modified_gmt":"2017-07-03T15:45:32","slug":"sp2","status":"publish","type":"page","link":"https:\/\/szachygrodzisk.pl\/index.php\/sp2\/","title":{"rendered":"Szachy w Dw\u00f3jce"},"content":{"rendered":"<p>Na d\u0142ugich przerwach zapraszamy na szachy do biblioteki szkolnej.<br \/>\nW pi\u0105tki w naszej szkole odbywaj\u0105 si\u0119 zaj\u0119cia szachowe organizowane przez Szachow\u0105 Dw\u00f3jk\u0119 (grupy zamkni\u0119te, trzeba si\u0119 zapisa\u0107).<\/p>\n<p>Zrealizowane wsp\u00f3lnie dzia\u0142ania:<br \/>\n\u2705 <strong>I Mistrzostwa Grodziska Maz. Junior\u00f3w w szachach<\/strong> w SP2 &#8211; 8-9.10.2016 &#8211; <a href=\"https:\/\/szachygrodzisk.pl\/index.php\/2016\/10\/12\/mistrzostwa-grodziska-maz-juniorow\/\">info<\/a> &#8211; 61 zawodnik\u00f3w, w tym 20 z naszej Szko\u0142y<br \/>\n\u2705 Wsp\u00f3lny wyjazd na <strong>turniej nr 1<\/strong> grodziskiego Grand Prix (SP Adamowizna) &#8211; 17.11.2016<br \/>\n\u2705 Udzia\u0142 w <strong>Dru\u017cynowych Mistrzostwach Mazowsza Szk\u00f3\u0142 Podstawowych w szachach szybkich<\/strong> w Weso\u0142ej &#8211; 19.11.2016 &#8211; <a href=\"\/index.php\/2016\/11\/20\/mistrzostwa-mazowsza-szkol\/\">info<\/a> &#8211; 2 dru\u017cyny 4-osobowe<br \/>\n\u2705 Pierwszy konkurs w ramach <strong>Grand Prix Zagadek Szachowych<\/strong> w SP2 &#8211; 25.11.2016<br \/>\n\u2705 Wsp\u00f3lny wyjazd na <strong>turniej nr 2<\/strong> grodziskiego Grand Prix (SP nr 6) &#8211;\u00a015.12.2016<br \/>\n\u2705\u00a0<strong>II Turniej Gwiazdkowy<\/strong> w SP2 &#8211; 23.12.2016 &#8211; <a href=\"https:\/\/szachygrodzisk.pl\/index.php\/2016\/12\/10\/ii-turniej-gwiazdkowy\/\">info<\/a> &#8211; 36 zawodnik\u00f3w<br \/>\n\u2705 Wsp\u00f3lny wyjazd na <strong>turniej nr 3<\/strong> grodziskiego Grand Prix (SP nr 4) &#8211; 26.01.2017<br \/>\n\u2705 Drugi konkurs w ramach <strong>Grand Prix Zagadek Szachowych<\/strong> w SP2 &#8211; 3.02.2017<br \/>\n\u2705 Wsp\u00f3lny wyjazd na <strong>turniej nr 4<\/strong> grodziskiego Grand Prix (SP Ksi\u0105\u017cenice) &#8211; 9.02.2017<br \/>\n\u2705 Wsp\u00f3lne wyj\u015bcie na <strong>turniej nr 5<\/strong> grodziskiego Grand Prix (SP nr 1) &#8211; 23.03.2017<br \/>\n\u2705 Trzeci konkurs w ramach <strong>Grand Prix Zagadek Szachowych<\/strong> w SP2 &#8211; 31.03.2017<br \/>\n\u2705 <strong>Pierwsze urodziny Szachowej Dw\u00f3jki<\/strong> w SP2 &#8211; 1-2.04.2017 &#8211; <a href=\"\/index.php\/2017\/04\/18\/pierwsze-urodziny\/\">info<\/a> &#8211; 99 zawodnik\u00f3w, w tym 26 z naszej Szko\u0142y<br \/>\n\u2705 Turniej grodziskiego Grand Prix w SP2 &#8211; 27.04.2017<br \/>\n\u2705 Czwarty konkurs w ramach <strong>Grand Prix Zagadek Szachowych<\/strong> w SP2 &#8211; 19.05.2017<br \/>\n\u2705 Wsp\u00f3lny wyjazd na <strong>turniej fina\u0142owy<\/strong> grodziskiego Grand Prix (SP Adamowizna) &#8211; 8.06.2017<br \/>\n\u2705 <strong>II Mistrzostwa Szko\u0142y Podstawowej nr 2<\/strong> &#8211; 10.06.2017 &#8211; <a href=\"\/index.php\/2017\/06\/12\/ii-mistrzostwa-szkoly-nr-2\/\">info<\/a> &#8211; zawodnik\u00f3w<\/p>\n","protected":false},"excerpt":{"rendered":"<p>Na d\u0142ugich przerwach zapraszamy na szachy do biblioteki szkolnej. W pi\u0105tki w naszej szkole odbywaj\u0105 si\u0119 zaj\u0119cia szachowe organizowane przez Szachow\u0105 Dw\u00f3jk\u0119 (grupy zamkni\u0119te, trzeba si\u0119 zapisa\u0107). Zrealizowane wsp\u00f3lnie dzia\u0142ania: \u2705 I Mistrzostwa Grodziska Maz. Junior\u00f3w w szachach w SP2 &#8211; 8-9.10.2016 &#8211; info &#8211; 61 zawodnik\u00f3w, w tym 20 z naszej Szko\u0142y \u2705 Wsp\u00f3lny wyjazd na turniej nr 1 grodziskiego Grand Prix (SP Adamowizna) &#8211; 17.11.2016 \u2705 Udzia\u0142 w Dru\u017cynowych Mistrzostwach Mazowsza Szk\u00f3\u0142 Podstawowych w szachach szybkich w Weso\u0142ej &#8211; 19.11.2016 &#8211; info &#8211; 2 dru\u017cyny 4-osobowe \u2705 Pierwszy konkurs w ramach Grand Prix Zagadek Szachowych w SP2 &#8211;&hellip;<\/p>\n<p> <a class=\"more-link\" href=\"https:\/\/szachygrodzisk.pl\/index.php\/sp2\/\">Dowiedz si\u0119 wi\u0119cej<\/a><\/p>\n","protected":false},"author":2,"featured_media":0,"parent":0,"menu_order":0,"comment_status":"open","ping_status":"closed","template":"","meta":{"_monsterinsights_skip_tracking":false,"_monsterinsights_sitenote_active":false,"_monsterinsights_sitenote_note":"","_monsterinsights_sitenote_category":0,"footnotes":""},"class_list":["post-201","page","type-page","status-publish"],"_links":{"self":[{"href":"https:\/\/szachygrodzisk.pl\/index.php\/wp-json\/wp\/v2\/pages\/201","targetHints":{"allow":["GET"]}}],"collection":[{"href":"https:\/\/szachygrodzisk.pl\/index.php\/wp-json\/wp\/v2\/pages"}],"about":[{"href":"https:\/\/szachygrodzisk.pl\/index.php\/wp-json\/wp\/v2\/types\/page"}],"author":[{"embeddable":true,"href":"https:\/\/szachygrodzisk.pl\/index.php\/wp-json\/wp\/v2\/users\/2"}],"replies":[{"embeddable":true,"href":"https:\/\/szachygrodzisk.pl\/index.php\/wp-json\/wp\/v2\/comments?post=201"}],"version-history":[{"count":60,"href":"https:\/\/szachygrodzisk.pl\/index.php\/wp-json\/wp\/v2\/pages\/201\/revisions"}],"predecessor-version":[{"id":1277,"href":"https:\/\/szachygrodzisk.pl\/index.php\/wp-json\/wp\/v2\/pages\/201\/revisions\/1277"}],"wp:attachment":[{"href":"https:\/\/szachygrodzisk.pl\/index.php\/wp-json\/wp\/v2\/media?parent=201"}],"curies":[{"name":"wp","href":"https:\/\/api.w.org\/{rel}","templated":true}]}}