{"id":2064,"date":"2019-01-11T22:03:56","date_gmt":"2019-01-11T21:03:56","guid":{"rendered":"https:\/\/szachygrodzisk.pl\/?page_id=2064"},"modified":"2019-01-11T22:03:56","modified_gmt":"2019-01-11T21:03:56","slug":"kalendarz-szachowej-dwojki","status":"publish","type":"page","link":"https:\/\/szachygrodzisk.pl\/index.php\/kalendarz-szachowej-dwojki\/","title":{"rendered":"Kalendarz Szachowej Dw\u00f3jki"},"content":{"rendered":"<p>Poni\u017cszy kalendarz zawiera:<br \/>\n&#8211; <strong>Nasze turnieje, Akademia, ob\u00f3z<\/strong> &#8211; wydarzenia jednorazowe i cykliczne organizowane przez Szachow\u0105 Dw\u00f3jk\u0119,<br \/>\n&#8211; <strong>Zaj\u0119cia szachowe<\/strong> &#8211; cotygodniowe zaj\u0119cia szachowe: kiedy si\u0119 odb\u0119d\u0105, a kiedy s\u0105 odwo\u0142ane,<br \/>\n&#8211; <strong>Turnieje wyjazdowe<\/strong> &#8211; turnieje, kt\u00f3re rekomendujemy, na kt\u00f3re wybieramy si\u0119 &#8222;grupowo&#8221;, m.in. Mistrzostwa Polski w grupach bez eliminacji.<\/p>\n<p><iframe style=\"border: solid 1px #777;\" src=\"https:\/\/calendar.google.com\/calendar\/embed?title=Kalendarz%20Szachowej%20Dw%C3%B3jki&amp;showTitle=0&amp;showPrint=0&amp;showTz=0&amp;height=600&amp;wkst=2&amp;bgcolor=%23FFFFFF&amp;src=bvkhfr8ortjv9l2av1s4c3b3e0%40group.calendar.google.com&amp;color=%23333333&amp;src=vm6atho2j5lkjftlh25moqtck4%40group.calendar.google.com&amp;color=%236B3304&amp;src=t0ut73j1tk1t19oq8rlr7dg6kk%40group.calendar.google.com&amp;color=%23B1440E&amp;src=pl.polish%23holiday%40group.v.calendar.google.com&amp;color=%232F6309&amp;ctz=Europe%2FWarsaw\" width=\"100%\" height=\"600\" frameborder=\"0\" scrolling=\"no\"><\/iframe><\/p>\n<p>Podpowiedzi odno\u015bnie obs\u0142ugi kalendarza:<br \/>\n&#8211; klikaj\u0105c <span style=\"color: #993300;\">Tydzie\u0144<\/span>, <span style=\"color: #993300;\">Miesi\u0105c<\/span>, <span style=\"color: #993300;\">Plan dnia<\/span> zmieniamy widok,<br \/>\n&#8211; klikaj\u0105c tr\u00f3jk\u0105cik w prawym g\u00f3rnym rogu mo\u017cemy wybra\u0107, kt\u00f3re wydarzenia maj\u0105 by\u0107 wy\u015bwietlane,<br \/>\n&#8211; po klikni\u0119ciu na konkretne wydarzenie wy\u015bwietlaj\u0105 si\u0119 szczeg\u00f3\u0142y: miejsce i dodatkowe informacje.<\/p>\n<p>Informacje o planowanych turniejach na Mazowszu (praktycznie wszystkich) mo\u017cna znale\u017a\u0107 tu:<br \/>\n\u2013\u00a0<a href=\"http:\/\/www.chessarbiter.com\/turnieje.php?rok=&amp;nazwa=&amp;miejsce=&amp;status=planowane&amp;wojewodztwo=MA&amp;typ=wszystkie&amp;rodzaj=wszystkie&amp;szukaj=Wyswietl+turnieje\" target=\"_blank\" rel=\"noopener noreferrer\">Chessarbiter Pro<\/a>\u00a0\u2013 woj. mazowieckie,<br \/>\n\u2013\u00a0<a href=\"http:\/\/mzszach.pl\/\" target=\"_blank\" rel=\"noopener noreferrer\">Mazowiecki Zwi\u0105zek Szachowy<\/a>.<\/p>\n","protected":false},"excerpt":{"rendered":"<p>Poni\u017cszy kalendarz zawiera: &#8211; Nasze turnieje, Akademia, ob\u00f3z &#8211; wydarzenia jednorazowe i cykliczne organizowane przez Szachow\u0105 Dw\u00f3jk\u0119, &#8211; Zaj\u0119cia szachowe &#8211; cotygodniowe zaj\u0119cia szachowe: kiedy si\u0119 odb\u0119d\u0105, a kiedy s\u0105 odwo\u0142ane, &#8211; Turnieje wyjazdowe &#8211; turnieje, kt\u00f3re rekomendujemy, na kt\u00f3re wybieramy si\u0119 &#8222;grupowo&#8221;, m.in. Mistrzostwa Polski w grupach bez eliminacji. Podpowiedzi odno\u015bnie obs\u0142ugi kalendarza: &#8211; klikaj\u0105c Tydzie\u0144, Miesi\u0105c, Plan dnia zmieniamy widok, &#8211; klikaj\u0105c tr\u00f3jk\u0105cik w prawym g\u00f3rnym rogu mo\u017cemy wybra\u0107, kt\u00f3re wydarzenia maj\u0105 by\u0107 wy\u015bwietlane, &#8211; po klikni\u0119ciu na konkretne wydarzenie wy\u015bwietlaj\u0105 si\u0119 szczeg\u00f3\u0142y: miejsce i dodatkowe informacje. Informacje o planowanych turniejach na Mazowszu (praktycznie wszystkich) mo\u017cna znale\u017a\u0107 tu:&hellip;<\/p>\n<p> <a class=\"more-link\" href=\"https:\/\/szachygrodzisk.pl\/index.php\/kalendarz-szachowej-dwojki\/\">Dowiedz si\u0119 wi\u0119cej<\/a><\/p>\n","protected":false},"author":2,"featured_media":0,"parent":0,"menu_order":0,"comment_status":"closed","ping_status":"closed","template":"","meta":{"_monsterinsights_skip_tracking":false,"_monsterinsights_sitenote_active":false,"_monsterinsights_sitenote_note":"","_monsterinsights_sitenote_category":0,"footnotes":""},"class_list":["post-2064","page","type-page","status-publish"],"_links":{"self":[{"href":"https:\/\/szachygrodzisk.pl\/index.php\/wp-json\/wp\/v2\/pages\/2064","targetHints":{"allow":["GET"]}}],"collection":[{"href":"https:\/\/szachygrodzisk.pl\/index.php\/wp-json\/wp\/v2\/pages"}],"about":[{"href":"https:\/\/szachygrodzisk.pl\/index.php\/wp-json\/wp\/v2\/types\/page"}],"author":[{"embeddable":true,"href":"https:\/\/szachygrodzisk.pl\/index.php\/wp-json\/wp\/v2\/users\/2"}],"replies":[{"embeddable":true,"href":"https:\/\/szachygrodzisk.pl\/index.php\/wp-json\/wp\/v2\/comments?post=2064"}],"version-history":[{"count":6,"href":"https:\/\/szachygrodzisk.pl\/index.php\/wp-json\/wp\/v2\/pages\/2064\/revisions"}],"predecessor-version":[{"id":2070,"href":"https:\/\/szachygrodzisk.pl\/index.php\/wp-json\/wp\/v2\/pages\/2064\/revisions\/2070"}],"wp:attachment":[{"href":"https:\/\/szachygrodzisk.pl\/index.php\/wp-json\/wp\/v2\/media?parent=2064"}],"curies":[{"name":"wp","href":"https:\/\/api.w.org\/{rel}","templated":true}]}}