{"id":2103,"date":"2019-02-06T20:18:04","date_gmt":"2019-02-06T19:18:04","guid":{"rendered":"https:\/\/szachygrodzisk.pl\/?page_id=2103"},"modified":"2019-07-10T11:19:35","modified_gmt":"2019-07-10T09:19:35","slug":"oboz-wakacyjny-2019-lista-uczestnikow","status":"publish","type":"page","link":"https:\/\/szachygrodzisk.pl\/index.php\/oboz-wakacyjny-2019-lista-uczestnikow\/","title":{"rendered":"Ob\u00f3z wakacyjny 2019 &#8211; lista uczestnik\u00f3w"},"content":{"rendered":"<p>Uczestnicy obozu i osoby towarzysz\u0105ce (potwierdzeni wp\u0142at\u0105 zaliczki 300 z\u0142 \/ osob\u0119):<br \/>\n1. Magdalena K. (ur. 2007, ranking 1800)<br \/>\n2. Anna K. (ur. 2009, ranking 1800)<br \/>\n3. Ma\u0142gorzata K. (ur. 2012, ranking 1400) + 1 osoba towarzysz\u0105ca<br \/>\n4. Kajetan P. (ur. 2009, ranking 1600)<br \/>\n5. Micha\u0142 D. (ur. 2010, ranking 1400)<br \/>\n6. Karol O. (ur. 2010, ranking 1600)<br \/>\n7. Karolina G. (ur. 2010, ranking 1400)<br \/>\n8. Bart\u0142omiej S. (ur. 2011, ranking 1400) + 2 osoby towarzysz\u0105ce<br \/>\n9. Dominik K. (ur. 2010, ranking 1800)<br \/>\n10. Micha\u0142 B. (ur. 2012, ranking 1600) + 2 os. tow. + 3 os. tow. (+) [\/2]<br \/>\n11. Feliks L. (ur. 2010, ranking 1600)<br \/>\n12. Artur R. (ur. 2010, ranking 1600)<br \/>\n13. Jan P. (ur. 2010, ranking 1400)<br \/>\n14. Tomasz P. (ur. 2012, ranking 1400)<br \/>\n15. Antoni B. (ur. 2012, ranking 1400)<br \/>\n16. Lena J. (ur. 2011, ranking 1400) + 2 osoby towarzysz\u0105ce (+)<br \/>\n17. Zofia S. (ur. 2009, ranking 1600)<br \/>\n18. Aleksandra S. (ur. 2009, ranking 1400)<br \/>\n19. Marcin B. (ur. 2011, ranking 1200) + 1 osoba towarzysz\u0105ca<br \/>\n20. Maciej M. (ur. 2011, ranking 1400) + 1 osoba towarzysz\u0105ca<br \/>\n21. Wiktor K. (ur. 2009, ranking 1200)<br \/>\n22. Karol T. (ur. 2011, ranking 1600)<br \/>\n23. Wiktor T. (ur. 2009, ranking 1600) + 2 osoby towarzysz\u0105ce [\/2]<\/p>\n<p>Wst\u0119pne zg\u0142oszenia (bez wp\u0142aty zaliczki):<br \/>\n1. &#8211;<\/p>\n","protected":false},"excerpt":{"rendered":"<p>Uczestnicy obozu i osoby towarzysz\u0105ce (potwierdzeni wp\u0142at\u0105 zaliczki 300 z\u0142 \/ osob\u0119): 1. Magdalena K. (ur. 2007, ranking 1800) 2. Anna K. (ur. 2009, ranking 1800) 3. Ma\u0142gorzata K. (ur. 2012, ranking 1400) + 1 osoba towarzysz\u0105ca 4. Kajetan P. (ur. 2009, ranking 1600) 5. Micha\u0142 D. (ur. 2010, ranking 1400) 6. Karol O. (ur. 2010, ranking 1600) 7. Karolina G. (ur. 2010, ranking 1400) 8. Bart\u0142omiej S. (ur. 2011, ranking 1400) + 2 osoby towarzysz\u0105ce 9. Dominik K. (ur. 2010, ranking 1800) 10. Micha\u0142 B. (ur. 2012, ranking 1600) + 2 os. tow. + 3 os. tow. (+) [\/2]&hellip;<\/p>\n<p> <a class=\"more-link\" href=\"https:\/\/szachygrodzisk.pl\/index.php\/oboz-wakacyjny-2019-lista-uczestnikow\/\">Dowiedz si\u0119 wi\u0119cej<\/a><\/p>\n","protected":false},"author":2,"featured_media":0,"parent":0,"menu_order":0,"comment_status":"closed","ping_status":"closed","template":"","meta":{"_monsterinsights_skip_tracking":false,"_monsterinsights_sitenote_active":false,"_monsterinsights_sitenote_note":"","_monsterinsights_sitenote_category":0,"footnotes":""},"class_list":["post-2103","page","type-page","status-publish"],"_links":{"self":[{"href":"https:\/\/szachygrodzisk.pl\/index.php\/wp-json\/wp\/v2\/pages\/2103","targetHints":{"allow":["GET"]}}],"collection":[{"href":"https:\/\/szachygrodzisk.pl\/index.php\/wp-json\/wp\/v2\/pages"}],"about":[{"href":"https:\/\/szachygrodzisk.pl\/index.php\/wp-json\/wp\/v2\/types\/page"}],"author":[{"embeddable":true,"href":"https:\/\/szachygrodzisk.pl\/index.php\/wp-json\/wp\/v2\/users\/2"}],"replies":[{"embeddable":true,"href":"https:\/\/szachygrodzisk.pl\/index.php\/wp-json\/wp\/v2\/comments?post=2103"}],"version-history":[{"count":20,"href":"https:\/\/szachygrodzisk.pl\/index.php\/wp-json\/wp\/v2\/pages\/2103\/revisions"}],"predecessor-version":[{"id":2335,"href":"https:\/\/szachygrodzisk.pl\/index.php\/wp-json\/wp\/v2\/pages\/2103\/revisions\/2335"}],"wp:attachment":[{"href":"https:\/\/szachygrodzisk.pl\/index.php\/wp-json\/wp\/v2\/media?parent=2103"}],"curies":[{"name":"wp","href":"https:\/\/api.w.org\/{rel}","templated":true}]}}