{"id":218,"date":"2015-11-17T22:56:33","date_gmt":"2015-11-17T21:56:33","guid":{"rendered":"https:\/\/szachygrodzisk.pl\/?page_id=218"},"modified":"2015-12-09T08:30:17","modified_gmt":"2015-12-09T07:30:17","slug":"i-konkurs-rozwiazywania-zadan-szachowych-17-11-2015","status":"publish","type":"page","link":"https:\/\/szachygrodzisk.pl\/index.php\/sp2\/i-konkurs-rozwiazywania-zadan-szachowych-17-11-2015\/","title":{"rendered":"I Konkurs Rozwi\u0105zywania Zada\u0144 Szachowych (17.11.2015)"},"content":{"rendered":"<p>17.11.2015 o godz. 16:20 w szkolnej sto\u0142\u00f3wce odby\u0142 si\u0119 konkurs rozwi\u0105zywania zada\u0144 szachowych. Uczestnicy otrzymali wydrukowane 12 pozycji szachowych i w ka\u017cdej z nich mieli za zadanie strza\u0142k\u0105 zaznaczy\u0107 matuj\u0105ce posuni\u0119cie. Nikomu nie uda\u0142o si\u0119 rozwi\u0105za\u0107 poprawnie wszystkich zada\u0144, ale te\u017c nie by\u0142o takiego zadania, kt\u00f3remu nikt nie da\u0142by rady \ud83d\ude03<\/p>\n<p>Szczeg\u00f3\u0142owe wyniki:<\/p>\n<table style=\"width: auto;\">\n<tbody style=\"background: #f7f7f7; zfont-size: 14px;\">\n<tr style=\"background: #ffffff;\">\n<th>Msc<\/th>\n<th style=\"text-align: center;\">Uczestnik<\/th>\n<th style=\"text-align: center;\">Punkty<\/th>\n<th style=\"text-align: center;\">Czas<\/th>\n<\/tr>\n<tr>\n<td style=\"text-align: right;\">1.<\/td>\n<td>Maciej Kozak<\/td>\n<td style=\"text-align: center;\">11<\/td>\n<td style=\"text-align: right;\">12:20<\/td>\n<\/tr>\n<tr>\n<td style=\"text-align: right;\">2.<\/td>\n<td>Zosia Ku\u017ama<\/td>\n<td style=\"text-align: center;\">10<\/td>\n<td style=\"text-align: right;\">15:20<\/td>\n<\/tr>\n<tr>\n<td style=\"text-align: right;\">3.<\/td>\n<td>Krystian Embradora<\/td>\n<td style=\"text-align: center;\">9<\/td>\n<td style=\"text-align: right;\">10:15<\/td>\n<\/tr>\n<tr>\n<td style=\"text-align: right;\">4.<\/td>\n<td>Hubert Czubek<\/td>\n<td style=\"text-align: center;\">9<\/td>\n<td style=\"text-align: right;\">15:40<\/td>\n<\/tr>\n<tr>\n<td style=\"text-align: right;\">5.<\/td>\n<td>Bartosz Je\u017cewski<\/td>\n<td style=\"text-align: center;\">9<\/td>\n<td style=\"text-align: right;\">16:10<\/td>\n<\/tr>\n<tr>\n<td style=\"text-align: right;\">6.<\/td>\n<td>Micha\u0142 Olszewski<\/td>\n<td style=\"text-align: center;\">8<\/td>\n<td style=\"text-align: right;\">05:40<\/td>\n<\/tr>\n<tr>\n<td style=\"text-align: right;\">7.<\/td>\n<td>Jacek Tworzyd\u0142o<\/td>\n<td style=\"text-align: center;\">8<\/td>\n<td style=\"text-align: right;\">09:10<\/td>\n<\/tr>\n<tr>\n<td style=\"text-align: right;\">8.<\/td>\n<td>Zuzanna Paku\u0142a<\/td>\n<td style=\"text-align: center;\">8<\/td>\n<td style=\"text-align: right;\">09:20<\/td>\n<\/tr>\n<tr>\n<td style=\"text-align: right;\">9.<\/td>\n<td>Jan G\u00f3recki<\/td>\n<td style=\"text-align: center;\">8<\/td>\n<td style=\"text-align: right;\">10:30<\/td>\n<\/tr>\n<tr>\n<td style=\"text-align: right;\">10.<\/td>\n<td>Maciej Weso\u0142owski<\/td>\n<td style=\"text-align: center;\">8<\/td>\n<td style=\"text-align: right;\">12:10<\/td>\n<\/tr>\n<tr>\n<td style=\"text-align: right;\">11.<\/td>\n<td>Maciej Jarosi\u0144ski<\/td>\n<td style=\"text-align: center;\">8<\/td>\n<td style=\"text-align: right;\">19:20<\/td>\n<\/tr>\n<tr>\n<td style=\"text-align: right;\">12.<\/td>\n<td>Julian Ko\u017alicki<\/td>\n<td style=\"text-align: center;\">8<\/td>\n<td style=\"text-align: right;\">30:00<\/td>\n<\/tr>\n<tr>\n<td style=\"text-align: right;\">13.<\/td>\n<td>Milena Horzempa<\/td>\n<td style=\"text-align: center;\">7<\/td>\n<td style=\"text-align: right;\">10:10<\/td>\n<\/tr>\n<tr>\n<td style=\"text-align: right;\">14.<\/td>\n<td>Alek Giszter<\/td>\n<td style=\"text-align: center;\">6<\/td>\n<td style=\"text-align: right;\">05:30<\/td>\n<\/tr>\n<tr>\n<td style=\"text-align: right;\">15.<\/td>\n<td>Julia Bolig\u0142owa<\/td>\n<td style=\"text-align: center;\">6<\/td>\n<td style=\"text-align: right;\">15:30<\/td>\n<\/tr>\n<tr>\n<td style=\"text-align: right;\">16.<\/td>\n<td>Julian Rytelewski<\/td>\n<td style=\"text-align: center;\">5<\/td>\n<td style=\"text-align: right;\">26:40<\/td>\n<\/tr>\n<tr>\n<td style=\"text-align: right;\">17.<\/td>\n<td>Krzysztof Januszewski<\/td>\n<td style=\"text-align: center;\">5<\/td>\n<td style=\"text-align: right;\">30:00<\/td>\n<\/tr>\n<tr>\n<td style=\"text-align: right;\">18.<\/td>\n<td>Kasia Ku\u017ama<\/td>\n<td style=\"text-align: center;\">4<\/td>\n<td style=\"text-align: right;\">23:30<\/td>\n<\/tr>\n<tr>\n<td style=\"text-align: right;\">19.<\/td>\n<td>Piotr Fronczak<\/td>\n<td style=\"text-align: center;\">3<\/td>\n<td style=\"text-align: right;\">13:50<\/td>\n<\/tr>\n<tr>\n<td style=\"text-align: right;\">20.<\/td>\n<td>Weronika Sass<\/td>\n<td style=\"text-align: center;\">3<\/td>\n<td style=\"text-align: right;\">20:50<\/td>\n<\/tr>\n<tr>\n<td style=\"text-align: right;\">21.<\/td>\n<td>Szymon Pasternak<\/td>\n<td style=\"text-align: center;\">2<\/td>\n<td style=\"text-align: right;\">19:45<\/td>\n<\/tr>\n<tr>\n<td style=\"text-align: right;\">22.<\/td>\n<td>Konrad Klonowski<\/td>\n<td style=\"text-align: center;\">2<\/td>\n<td style=\"text-align: right;\">27:30<\/td>\n<\/tr>\n<tr>\n<td style=\"text-align: right;\">23.<\/td>\n<td>\u0141ukasz Pasternak<\/td>\n<td style=\"text-align: center;\">2<\/td>\n<td style=\"text-align: right;\">29:40<\/td>\n<\/tr>\n<\/tbody>\n<\/table>\n<p>A gdyby kto\u015b mia\u0142 ochot\u0119 zmierzy\u0107 si\u0119 z tymi samymi zadaniami, to mo\u017cna je pobra\u0107 <a href=\"\/SP2\/KRZ_151117_zadania.docx\">tutaj<\/a>.<\/p>\n","protected":false},"excerpt":{"rendered":"<p>17.11.2015 o godz. 16:20 w szkolnej sto\u0142\u00f3wce odby\u0142 si\u0119 konkurs rozwi\u0105zywania zada\u0144 szachowych. Uczestnicy otrzymali wydrukowane 12 pozycji szachowych i w ka\u017cdej z nich mieli za zadanie strza\u0142k\u0105 zaznaczy\u0107 matuj\u0105ce posuni\u0119cie. Nikomu nie uda\u0142o si\u0119 rozwi\u0105za\u0107 poprawnie wszystkich zada\u0144, ale te\u017c nie by\u0142o takiego zadania, kt\u00f3remu nikt nie da\u0142by rady \ud83d\ude03 Szczeg\u00f3\u0142owe wyniki: Msc Uczestnik Punkty Czas 1. Maciej Kozak 11 12:20 2. Zosia Ku\u017ama 10 15:20 3. Krystian Embradora 9 10:15 4. Hubert Czubek 9 15:40 5. Bartosz Je\u017cewski 9 16:10 6. Micha\u0142 Olszewski 8 05:40 7. Jacek Tworzyd\u0142o 8 09:10 8. Zuzanna Paku\u0142a 8 09:20 9. Jan G\u00f3recki&hellip;<\/p>\n<p> <a class=\"more-link\" href=\"https:\/\/szachygrodzisk.pl\/index.php\/sp2\/i-konkurs-rozwiazywania-zadan-szachowych-17-11-2015\/\">Dowiedz si\u0119 wi\u0119cej<\/a><\/p>\n","protected":false},"author":2,"featured_media":0,"parent":201,"menu_order":0,"comment_status":"open","ping_status":"closed","template":"","meta":{"_monsterinsights_skip_tracking":false,"_monsterinsights_sitenote_active":false,"_monsterinsights_sitenote_note":"","_monsterinsights_sitenote_category":0,"footnotes":""},"class_list":["post-218","page","type-page","status-publish"],"_links":{"self":[{"href":"https:\/\/szachygrodzisk.pl\/index.php\/wp-json\/wp\/v2\/pages\/218","targetHints":{"allow":["GET"]}}],"collection":[{"href":"https:\/\/szachygrodzisk.pl\/index.php\/wp-json\/wp\/v2\/pages"}],"about":[{"href":"https:\/\/szachygrodzisk.pl\/index.php\/wp-json\/wp\/v2\/types\/page"}],"author":[{"embeddable":true,"href":"https:\/\/szachygrodzisk.pl\/index.php\/wp-json\/wp\/v2\/users\/2"}],"replies":[{"embeddable":true,"href":"https:\/\/szachygrodzisk.pl\/index.php\/wp-json\/wp\/v2\/comments?post=218"}],"version-history":[{"count":1,"href":"https:\/\/szachygrodzisk.pl\/index.php\/wp-json\/wp\/v2\/pages\/218\/revisions"}],"predecessor-version":[{"id":219,"href":"https:\/\/szachygrodzisk.pl\/index.php\/wp-json\/wp\/v2\/pages\/218\/revisions\/219"}],"up":[{"embeddable":true,"href":"https:\/\/szachygrodzisk.pl\/index.php\/wp-json\/wp\/v2\/pages\/201"}],"wp:attachment":[{"href":"https:\/\/szachygrodzisk.pl\/index.php\/wp-json\/wp\/v2\/media?parent=218"}],"curies":[{"name":"wp","href":"https:\/\/api.w.org\/{rel}","templated":true}]}}