{"id":234,"date":"2015-11-22T23:30:06","date_gmt":"2015-11-22T22:30:06","guid":{"rendered":"https:\/\/szachygrodzisk.pl\/?page_id=234"},"modified":"2015-12-09T08:29:46","modified_gmt":"2015-12-09T07:29:46","slug":"mmsp2015","status":"publish","type":"page","link":"https:\/\/szachygrodzisk.pl\/index.php\/sp2\/mmsp2015\/","title":{"rendered":"Dru\u017cynowe Mistrzostwa Mazowsza Szk\u00f3\u0142 Podstawowych w Szachach Szybkich 2015"},"content":{"rendered":"<p><a href=\"https:\/\/szachygrodzisk.pl\/wp-content\/uploads\/2015\/11\/MMSP2015_SALA.jpg\"><img fetchpriority=\"high\" decoding=\"async\" class=\"alignright size-medium wp-image-230\" src=\"https:\/\/szachygrodzisk.pl\/wp-content\/uploads\/2015\/11\/MMSP2015_SALA-300x275.jpg\" alt=\"MMSP2015_SALA\" width=\"300\" height=\"275\" srcset=\"https:\/\/szachygrodzisk.pl\/wp-content\/uploads\/2015\/11\/MMSP2015_SALA-300x275.jpg 300w, https:\/\/szachygrodzisk.pl\/wp-content\/uploads\/2015\/11\/MMSP2015_SALA-1024x940.jpg 1024w, https:\/\/szachygrodzisk.pl\/wp-content\/uploads\/2015\/11\/MMSP2015_SALA-1200x1102.jpg 1200w\" sizes=\"(max-width: 300px) 100vw, 300px\" \/><\/a>W sobot\u0119 21 listopada 2015r. w Gimnazjum nr 119 w Weso\u0142ej odby\u0142y si\u0119 Dru\u017cynowe Mistrzostwa Mazowsza Szk\u00f3\u0142 Podstawowych w Szachach Szybkich. Na starcie stan\u0119\u0142y 92 4-osobowe dru\u017cyny. Zawody toczy\u0142y si\u0119 na dystansie 8 rund tempem 15 minut na parti\u0119 na zawodnika.<\/p>\n<p>Pierwsze miejsce po emocjonuj\u0105cej walce do ostatniej rundy wywalczy\u0142a pierwsza dru\u017cyna <strong>SP nr 4 im. W. Broniewskiego z Ursusa<\/strong>.<\/p>\n<p>Pe\u0142ne wyniki s\u0105 dost\u0119pne na stronie turnieju:<br \/>\n<a href=\"http:\/\/www.chessarbiter.com\/turnieje\/2015\/tdr_5554\/\" target=\"_blank\">http:\/\/www.chessarbiter.com\/turnieje\/2015\/tdr_5554\/<\/a><\/p>\n<p>W tym roku &#8211; po raz pierwszy w historii tych zawod\u00f3w &#8211; w turnieju wystartowa\u0142a szko\u0142a z Grodziska Mazowieckiego. Nasza Dw\u00f3jka zg\u0142osi\u0142a 2 dru\u017cyny.<\/p>\n<p><a href=\"https:\/\/szachygrodzisk.pl\/wp-content\/uploads\/2015\/11\/MMSP2015_WSZYSCY.jpg\"><img decoding=\"async\" class=\"alignleft size-medium wp-image-231\" src=\"https:\/\/szachygrodzisk.pl\/wp-content\/uploads\/2015\/11\/MMSP2015_WSZYSCY-300x287.jpg\" alt=\"MMSP2015_WSZYSCY\" width=\"300\" height=\"287\" srcset=\"https:\/\/szachygrodzisk.pl\/wp-content\/uploads\/2015\/11\/MMSP2015_WSZYSCY-300x287.jpg 300w, https:\/\/szachygrodzisk.pl\/wp-content\/uploads\/2015\/11\/MMSP2015_WSZYSCY-1024x980.jpg 1024w, https:\/\/szachygrodzisk.pl\/wp-content\/uploads\/2015\/11\/MMSP2015_WSZYSCY-1200x1149.jpg 1200w, https:\/\/szachygrodzisk.pl\/wp-content\/uploads\/2015\/11\/MMSP2015_WSZYSCY.jpg 1598w\" sizes=\"(max-width: 300px) 100vw, 300px\" \/><\/a>Ma\u0142e, a w\u0142a\u015bciwie zerowe do\u015bwiadczenie naszych uczni\u00f3w w zawodach tej rangi nie pozwala\u0142o nawet marzy\u0107 o wysokich lokatach. Pierwsza dru\u017cyna w pierwszej rundzie przegra\u0142a 0-4, co pokaza\u0142o ju\u017c na samym pocz\u0105tku, \u017ce o ka\u017cdy punkt trzeba b\u0119dzie ambitnie walczy\u0107. Po tej pora\u017cce przez 7 rund nasz pierwszy sk\u0142ad pr\u00f3bowa\u0142 dogoni\u0107 drug\u0105 dru\u017cyn\u0119 i w 7. rundzie si\u0119 to uda\u0142o. W korespondencyjnej (na szcz\u0119\u015bcie nie bezpo\u015bredniej) rywalizacji mi\u0119dzy naszymi dru\u017cynami w \u00f3smej rundzie lepsza okaza\u0142a si\u0119 dru\u017cyna nr 1.<\/p>\n<p>&nbsp;<\/p>\n<p><a href=\"https:\/\/szachygrodzisk.pl\/wp-content\/uploads\/2015\/11\/MMSP2015_D1.jpg\"><img decoding=\"async\" class=\"alignright size-medium wp-image-232\" src=\"https:\/\/szachygrodzisk.pl\/wp-content\/uploads\/2015\/11\/MMSP2015_D1-300x225.jpg\" alt=\"MMSP2015_D1\" width=\"300\" height=\"225\" srcset=\"https:\/\/szachygrodzisk.pl\/wp-content\/uploads\/2015\/11\/MMSP2015_D1-300x225.jpg 300w, https:\/\/szachygrodzisk.pl\/wp-content\/uploads\/2015\/11\/MMSP2015_D1-1024x768.jpg 1024w, https:\/\/szachygrodzisk.pl\/wp-content\/uploads\/2015\/11\/MMSP2015_D1-1200x900.jpg 1200w\" sizes=\"(max-width: 300px) 100vw, 300px\" \/><\/a>Pierwsza dru\u017cyna w sk\u0142adzie:<br \/>\n&#8211; Szachownica 1: <strong>Dawid Lipi\u0144ski<\/strong> 6d<br \/>\n&#8211; Szachownica 2: <strong>Magdalena Kici\u0144ska<\/strong> 3f<br \/>\n&#8211; Szachownica 3: <strong>Maciej Kozak<\/strong> 3a<br \/>\n&#8211; Szachownica 4 (dziewcz\u0119ta): <strong>Milena Horzempa<\/strong> 3c<br \/>\nzaj\u0119\u0142a 63. miejsce (71. nr startowy) zdobywaj\u0105c 14,5 pkt (z 32), wygrywaj\u0105c 3 mecze, remisuj\u0105c 2 i przegrywaj\u0105c 3<\/p>\n<p>&nbsp;<\/p>\n<p><a href=\"https:\/\/szachygrodzisk.pl\/wp-content\/uploads\/2015\/11\/MMSP2015_D2.jpg\"><img loading=\"lazy\" decoding=\"async\" class=\"alignleft size-medium wp-image-233\" src=\"https:\/\/szachygrodzisk.pl\/wp-content\/uploads\/2015\/11\/MMSP2015_D2-300x225.jpg\" alt=\"MMSP2015_D2\" width=\"300\" height=\"225\" srcset=\"https:\/\/szachygrodzisk.pl\/wp-content\/uploads\/2015\/11\/MMSP2015_D2-300x225.jpg 300w, https:\/\/szachygrodzisk.pl\/wp-content\/uploads\/2015\/11\/MMSP2015_D2-1024x768.jpg 1024w, https:\/\/szachygrodzisk.pl\/wp-content\/uploads\/2015\/11\/MMSP2015_D2-1200x900.jpg 1200w\" sizes=\"(max-width: 300px) 100vw, 300px\" \/><\/a>Druga dru\u017cyna w sk\u0142adzie:<br \/>\n&#8211; Szachownica 1: <strong>Krystian Embradora<\/strong> 6e<br \/>\n&#8211; Szachownica 2: <strong>Micha\u0142 Olszewski<\/strong> 3e<br \/>\n&#8211; Szachownica 3: <strong>Franciszek Foks<\/strong> 2g<br \/>\n&#8211; Szachownica 4 (dziewcz\u0119ta): <strong>Anna Kici\u0144ska<\/strong> 1e<br \/>\nzaj\u0119\u0142a 83. miejsce (77. nr startowy) zdobywaj\u0105c 12,5 pkt (z 32) wygrywaj\u0105c 2 mecze, remisuj\u0105c 2 i przegrywaj\u0105c 4<\/p>\n","protected":false},"excerpt":{"rendered":"<p>W sobot\u0119 21 listopada 2015r. w Gimnazjum nr 119 w Weso\u0142ej odby\u0142y si\u0119 Dru\u017cynowe Mistrzostwa Mazowsza Szk\u00f3\u0142 Podstawowych w Szachach Szybkich. Na starcie stan\u0119\u0142y 92 4-osobowe dru\u017cyny. Zawody toczy\u0142y si\u0119 na dystansie 8 rund tempem 15 minut na parti\u0119 na zawodnika. Pierwsze miejsce po emocjonuj\u0105cej walce do ostatniej rundy wywalczy\u0142a pierwsza dru\u017cyna SP nr 4 im. W. Broniewskiego z Ursusa. Pe\u0142ne wyniki s\u0105 dost\u0119pne na stronie turnieju: http:\/\/www.chessarbiter.com\/turnieje\/2015\/tdr_5554\/ W tym roku &#8211; po raz pierwszy w historii tych zawod\u00f3w &#8211; w turnieju wystartowa\u0142a szko\u0142a z Grodziska Mazowieckiego. Nasza Dw\u00f3jka zg\u0142osi\u0142a 2 dru\u017cyny. Ma\u0142e, a w\u0142a\u015bciwie zerowe do\u015bwiadczenie naszych uczni\u00f3w w&hellip;<\/p>\n<p> <a class=\"more-link\" href=\"https:\/\/szachygrodzisk.pl\/index.php\/sp2\/mmsp2015\/\">Dowiedz si\u0119 wi\u0119cej<\/a><\/p>\n","protected":false},"author":2,"featured_media":0,"parent":201,"menu_order":0,"comment_status":"open","ping_status":"closed","template":"","meta":{"_monsterinsights_skip_tracking":false,"_monsterinsights_sitenote_active":false,"_monsterinsights_sitenote_note":"","_monsterinsights_sitenote_category":0,"footnotes":""},"class_list":["post-234","page","type-page","status-publish"],"_links":{"self":[{"href":"https:\/\/szachygrodzisk.pl\/index.php\/wp-json\/wp\/v2\/pages\/234","targetHints":{"allow":["GET"]}}],"collection":[{"href":"https:\/\/szachygrodzisk.pl\/index.php\/wp-json\/wp\/v2\/pages"}],"about":[{"href":"https:\/\/szachygrodzisk.pl\/index.php\/wp-json\/wp\/v2\/types\/page"}],"author":[{"embeddable":true,"href":"https:\/\/szachygrodzisk.pl\/index.php\/wp-json\/wp\/v2\/users\/2"}],"replies":[{"embeddable":true,"href":"https:\/\/szachygrodzisk.pl\/index.php\/wp-json\/wp\/v2\/comments?post=234"}],"version-history":[{"count":6,"href":"https:\/\/szachygrodzisk.pl\/index.php\/wp-json\/wp\/v2\/pages\/234\/revisions"}],"predecessor-version":[{"id":241,"href":"https:\/\/szachygrodzisk.pl\/index.php\/wp-json\/wp\/v2\/pages\/234\/revisions\/241"}],"up":[{"embeddable":true,"href":"https:\/\/szachygrodzisk.pl\/index.php\/wp-json\/wp\/v2\/pages\/201"}],"wp:attachment":[{"href":"https:\/\/szachygrodzisk.pl\/index.php\/wp-json\/wp\/v2\/media?parent=234"}],"curies":[{"name":"wp","href":"https:\/\/api.w.org\/{rel}","templated":true}]}}