{"id":2373,"date":"2019-09-11T17:24:45","date_gmt":"2019-09-11T15:24:45","guid":{"rendered":"https:\/\/szachygrodzisk.pl\/?page_id=2373"},"modified":"2019-10-07T17:24:30","modified_gmt":"2019-10-07T15:24:30","slug":"iv-mistrzostwa-grodziska-maz-juniorow","status":"publish","type":"page","link":"https:\/\/szachygrodzisk.pl\/index.php\/iv-mistrzostwa-grodziska-maz-juniorow\/","title":{"rendered":"IV Mistrzostwa Grodziska Maz. Junior\u00f3w"},"content":{"rendered":"\n<h6 class=\"wp-block-heading\">Patronat Honorowy:<br>Burmistrz Grodziska Mazowieckiego Grzegorz Benedykci\u0144ski<br>Starosta Powiatu Grodziskiego Marek Wie\u017cbicki<\/h6>\n\n\n\n<h5 class=\"wp-block-heading\">1. Cele zawod\u00f3w<\/h5>\n\n\n\n<p>Popularyzacja gry w szachy<br>Umo\u017cliwienie dzieciom, m\u0142odzie\u017cy i doros\u0142ym zdobycia lub podwy\u017cszenia kategorii szachowych<br>Wy\u0142onienie w sportowej rywalizacji najlepszych m\u0142odych szachist\u00f3w<br>Integracja lokalnego \u015brodowiska szachowego<\/p>\n\n\n\n<h5 class=\"wp-block-heading\">2. Organizatorzy<\/h5>\n\n\n\n<p>Uczniowski Klub Sportowy Szachowa Dw\u00f3jka Grodzisk Mazowiecki<br>Szko\u0142a Podstawowa nr 2 im. Marii Konopnickiej w Grodzisku Mazowieckim<\/p>\n\n\n\n<h5 class=\"wp-block-heading\">3. Program zawod\u00f3w<\/h5>\n\n\n\n<p>Miejsce rozgrywek: Szko\u0142a Podstawowa nr 2, ul. Westfala 3, Grodzisk Maz.<br>Termin: <strong>weekend 19-20 pa\u017adziernika 2019 r.<\/strong><\/p>\n\n\n\n<p>Zawody zostan\u0105 rozegrane w 4 grupach:<br>\u2022 <a href=\"http:\/\/www.chessarbiter.com\/turnieje\/2019\/ti_4995\/\">grupa A<\/a> (2 dni) &#8211; od IV kategorii szachowej, ur. w 2001 roku lub m\u0142odsi<br>\u2022 <a href=\"http:\/\/www.chessarbiter.com\/turnieje\/2019\/ti_4996\/\">grupa B<\/a> (sobota) &#8211; max IV kategoria szachowa, ur. w 2001 roku lub m\u0142odsi<br>\u2022 <a href=\"http:\/\/www.chessarbiter.com\/turnieje\/2019\/ti_4997\/\">grupa C<\/a> (niedziela) &#8211; max IV kategoria szachowa, ur. w 2011 roku lub m\u0142odsi<br> \u2022 <a href=\"http:\/\/www.chessarbiter.com\/turnieje\/2019\/ti_4998\/\">grupa D<\/a> (2 dni) &#8211; od V kategorii szachowej, tylko dla doros\u0142ych (ur. w 2000 roku lub starsi) <\/p>\n\n\n\n<p><strong><span style=\"text-decoration: underline;\">Sobota 19.10 (grupy A, B i D)<br><\/span><\/strong>Potwierdzanie uczestnictwa: 9:15-9:40<br>Odprawa techniczna: 9:50<br>Rozpocz\u0119cie zawod\u00f3w: 10:00<br>Gr. A, D: Rundy I-IV &#8211; &#8211; &#8211; przewidywane zako\u0144czenie ok. 18<br>Gr. B: Rundy I-VI- &#8211; &#8211; przewidywane zako\u0144czenie ok. 16<\/p>\n\n\n\n<p><strong><span style=\"text-decoration: underline;\">Niedziela 20.10 (grupy A, C i D)<br><\/span><\/strong>Gr. C: Potwierdzanie uczestnictwa: 9:15-9:40<br>Gr. C: Odprawa techniczna: 9:50<br>Gr. C: Rundy I-VI: 10:00 &#8211; &#8211; &#8211; przewidywane zako\u0144czenie ok. 15:30<br>Gr. A, D: Rundy V-VII &#8211; &#8211; &#8211; przewidywane zako\u0144czenie ok. 16:30<\/p>\n\n\n\n<h5 class=\"wp-block-heading\">4. System rozgrywek, przepisy<\/h5>\n\n\n\n<p>Grupa A i D:<br>\u2022 system szwajcarski na dystansie 7 rund,<br>\u2022 tempo gry: 30 minut na parti\u0119 dla zawodnika plus 30 sekund dodawane po ka\u017cdym posuni\u0119ciu,<br>\u2022 <strong>obowi\u0105zkowy zapis partii<\/strong> (nie zapisywa\u0107 mog\u0105 dzieci ur. 2012 i m\u0142odsze),<br>\u2022 mo\u017cliwo\u015b\u0107 zdobycia kategorii do I kobiecej w\u0142\u0105cznie.<\/p>\n\n\n\n<p>Grupy B i C:<br>\u2022 system szwajcarski na dystansie 6 rund,<br>\u2022 tempo gry: 30 minut na parti\u0119 dla zawodnika,<br>\u2022 mo\u017cliwo\u015b\u0107 zdobycia V lub IV kategorii szachowej.<\/p>\n\n\n\n<p>Przy r\u00f3wnej liczbie punkt\u00f3w o zaj\u0119tym miejscu decyduj\u0105: skr\u00f3cona punktacja Buchholza, pe\u0142na punktacja Buchholza, liczba zwyci\u0119stw, progres.<br>W turniejach obowi\u0105zuj\u0105 przepisy gry FIDE.<br>Zawodnik mo\u017ce wnie\u015b\u0107 telefon (lub inne urz\u0105dzenie elektroniczne) na sal\u0119 gry pod warunkiem, \u017ce jest on ca\u0142kowicie wy\u0142\u0105czony.<br>W grupie A obowi\u0105zuje zakaz proponowania i zgadzania si\u0119 na propozycje remisowe przed wykonaniem 30. posuni\u0119cia przez czarne. Z\u0142amanie zakazu mo\u017ce by\u0107 ukarane obustronn\u0105 pora\u017ck\u0105.<br>Odwo\u0142ania mo\u017cna zg\u0142asza\u0107: w grupach A i D do podpisania blankietu, w grupach B i C do zako\u0144czenia rundy.<br>W grupach B i C (szachy szybkie) obowi\u0105zuj\u0105 przepisy z dodatku A pkt. 4 oraz wytyczne III.4.<br>Maksymalne dopuszczalne sp\u00f3\u017anienie na rund\u0119: 15 minut<\/p>\n\n\n\n<h5 class=\"wp-block-heading\">5. Warunki uczestnictwa<\/h5>\n\n\n\n<p>Do turnieju nale\u017cy zg\u0142asza\u0107 si\u0119:<br>\u2022 przez internetowy <em>Formularz zg\u0142oszenia<\/em>: na stronach turniejowych wskazanych w pkt. 3 lub<br>\u2022 mailem na adres <a href=\"mailto:klub@szachygrodzisk.pl\">klub@szachygrodzisk.pl<\/a> \u2013 nale\u017cy poda\u0107 imi\u0119, nazwisko, klub lub miejscowo\u015b\u0107, kategori\u0119 szachow\u0105 (o ile si\u0119 posiada) oraz pe\u0142n\u0105 dat\u0119 urodzenia lub<br>\u2022 telefonicznie w godzinach 20-21 (nr tel. na ko\u0144cu regulaminu) lub<br>\u2022 osobi\u015bcie.<\/p>\n\n\n\n<p><strong>Zg\u0142oszenia do wtorku 15.10 w\u0142\u0105cznie<\/strong><br>Zg\u0142oszenia b\u0119d\u0105 na bie\u017c\u0105co publikowane na listach startowych.<br>Osoby zg\u0142oszone po terminie mog\u0105 by\u0107 dopuszczone do gry w miar\u0119 wolnych miejsc<br>Obowi\u0105zuje potwierdzenie udzia\u0142u w zawodach na sali gry &#8211; zawodnicy niepotwierdzeni do 9:40 b\u0119d\u0105 grali od II rundy<\/p>\n\n\n\n<p>Op\u0142ata startowa (tzw. \u201ewpisowe\u201d):<br> \u2022  w grupach A i D \u2013 40 z\u0142, cz\u0142onkowie Szachowej Dw\u00f3jki \u2013 20 z\u0142,<br> \u2022  w grupach B i C \u2013 30 z\u0142, cz\u0142onkowie Szachowej Dw\u00f3jki \u2013 10 z\u0142.<\/p>\n\n\n\n<p>Czwarty i kolejni zawodnicy z tej samej rodziny s\u0105 zwolnieni\nz wpisowego (rodzina p\u0142aci wpisowe maksymalnie 3 razy).<\/p>\n\n\n\n<p>Wpisowe p\u0142atne got\u00f3wk\u0105 przed pierwsz\u0105 rund\u0105 lub przelewem na konto Klubu:<br>&gt;&gt;&gt; 26 2030 0045 1110 0000 0425 1050<br>Przy p\u0142atno\u015bci przelewem przys\u0142uguje rabat 5%. Wpisowe op\u0142acone przelewem nie podlega zwrotowi.<\/p>\n\n\n\n<h5 class=\"wp-block-heading\">6. Nagrody<\/h5>\n\n\n\n<p>W grupach juniorskich nagrody rzeczowe dla czo\u0142\u00f3wki &#8211; szczeg\u00f3\u0142y zostan\u0105 podane przed 4. rund\u0105.<br>Puchary dla pierwszej tr\u00f3jki w ka\u017cdej grupie. Medale dla pierwszej tr\u00f3jki junior\u00f3w do lat 10 w grupach A i B, do lat 6 w grupie C. Medale dla trzech najlepszych zawodniczek w ka\u017cdej grupie.<br>Zawodnicy urodzeni w roku 2011 i m\u0142odsi otrzymuj\u0105 dyplomy i nagrody rzeczowe &#8211; we wszystkich grupach turniejowych.<\/p>\n\n\n\n<p>Zawodnik mo\u017ce otrzyma\u0107 tylko jedn\u0105 nagrod\u0119.<br>Nagrody b\u0119d\u0105 wr\u0119czane wy\u0142\u0105cznie podczas ceremonii zako\u0144czenia turnieju.<\/p>\n\n\n\n<p>W turnieju dla doros\u0142ych 90% wpisowego zostanie przeznaczone na nagrody finansowe &#8211; szczeg\u00f3\u0142y zostan\u0105 podane przed 4. rund\u0105.<\/p>\n\n\n\n<h5 class=\"wp-block-heading\">7. Inne<\/h5>\n\n\n\n<p>Organizatorzy zapewniaj\u0105 darmowy pocz\u0119stunek: napoje zimne i gor\u0105ce, kanapki, owoce, s\u0142odycze.<br>Opiek\u0119 nad zawodnikami do 18 lat sprawuj\u0105 rodzice lub doro\u015bli opiekunowie.<br>Zawodnik\u00f3w obowi\u0105zuje zmiana obuwia.<br>Zawodnicy ubezpieczaj\u0105 si\u0119 we w\u0142asnym zakresie.<br>Na sali gry obowi\u0105zuje ca\u0142kowity zakaz u\u017cywania telefon\u00f3w kom\u00f3rkowych.<br>Udzia\u0142 w zawodach oznacza zgod\u0119 na wykorzystanie wizerunku i danych osobowych do realizacji dzia\u0142a\u0144 statutowych Organizator\u00f3w.<br>O wszelkich sprawach nieuj\u0119tych w niniejszym regulaminie decyduj\u0105 Organizatorzy.<br>Organizatorzy zastrzegaj\u0105 sobie prawo wprowadzania zmian w niniejszym regulaminie.<\/p>\n\n\n\n<p>Kontakt: Jacek Kici\u0144ski, tel. 511 834 619, <a href=\"mailto:klub@szachygrodzisk.pl\">klub@szachygrodzisk.pl<\/a><\/p>\n\n\n\n<figure class=\"wp-block-image\"><img fetchpriority=\"high\" decoding=\"async\" width=\"724\" height=\"1024\" src=\"https:\/\/szachygrodzisk.pl\/wp-content\/uploads\/2019\/10\/191019-4MistrzostwaGrodziska-LR-724x1024.jpg\" alt=\"\" class=\"wp-image-2393\" srcset=\"https:\/\/szachygrodzisk.pl\/wp-content\/uploads\/2019\/10\/191019-4MistrzostwaGrodziska-LR-724x1024.jpg 724w, https:\/\/szachygrodzisk.pl\/wp-content\/uploads\/2019\/10\/191019-4MistrzostwaGrodziska-LR-212x300.jpg 212w, https:\/\/szachygrodzisk.pl\/wp-content\/uploads\/2019\/10\/191019-4MistrzostwaGrodziska-LR-768x1087.jpg 768w, https:\/\/szachygrodzisk.pl\/wp-content\/uploads\/2019\/10\/191019-4MistrzostwaGrodziska-LR.jpg 992w\" sizes=\"(max-width: 724px) 100vw, 724px\" \/><\/figure>\n","protected":false},"excerpt":{"rendered":"<p>Patronat Honorowy:Burmistrz Grodziska Mazowieckiego Grzegorz Benedykci\u0144skiStarosta Powiatu Grodziskiego Marek Wie\u017cbicki 1. Cele zawod\u00f3w Popularyzacja gry w szachyUmo\u017cliwienie dzieciom, m\u0142odzie\u017cy i doros\u0142ym zdobycia lub podwy\u017cszenia kategorii szachowychWy\u0142onienie w sportowej rywalizacji najlepszych m\u0142odych szachist\u00f3wIntegracja lokalnego \u015brodowiska szachowego 2. Organizatorzy Uczniowski Klub Sportowy Szachowa Dw\u00f3jka Grodzisk MazowieckiSzko\u0142a Podstawowa nr 2 im. Marii Konopnickiej w Grodzisku Mazowieckim 3. Program zawod\u00f3w Miejsce rozgrywek: Szko\u0142a Podstawowa nr 2, ul. Westfala 3, Grodzisk Maz.Termin: weekend 19-20 pa\u017adziernika 2019 r. Zawody zostan\u0105 rozegrane w 4 grupach:\u2022 grupa A (2 dni) &#8211; od IV kategorii szachowej, ur. w 2001 roku lub m\u0142odsi\u2022 grupa B (sobota) &#8211; max IV kategoria&hellip;<\/p>\n<p> <a class=\"more-link\" href=\"https:\/\/szachygrodzisk.pl\/index.php\/iv-mistrzostwa-grodziska-maz-juniorow\/\">Dowiedz si\u0119 wi\u0119cej<\/a><\/p>\n","protected":false},"author":2,"featured_media":0,"parent":0,"menu_order":0,"comment_status":"closed","ping_status":"closed","template":"","meta":{"_monsterinsights_skip_tracking":false,"_monsterinsights_sitenote_active":false,"_monsterinsights_sitenote_note":"","_monsterinsights_sitenote_category":0,"footnotes":""},"class_list":["post-2373","page","type-page","status-publish"],"_links":{"self":[{"href":"https:\/\/szachygrodzisk.pl\/index.php\/wp-json\/wp\/v2\/pages\/2373","targetHints":{"allow":["GET"]}}],"collection":[{"href":"https:\/\/szachygrodzisk.pl\/index.php\/wp-json\/wp\/v2\/pages"}],"about":[{"href":"https:\/\/szachygrodzisk.pl\/index.php\/wp-json\/wp\/v2\/types\/page"}],"author":[{"embeddable":true,"href":"https:\/\/szachygrodzisk.pl\/index.php\/wp-json\/wp\/v2\/users\/2"}],"replies":[{"embeddable":true,"href":"https:\/\/szachygrodzisk.pl\/index.php\/wp-json\/wp\/v2\/comments?post=2373"}],"version-history":[{"count":6,"href":"https:\/\/szachygrodzisk.pl\/index.php\/wp-json\/wp\/v2\/pages\/2373\/revisions"}],"predecessor-version":[{"id":2394,"href":"https:\/\/szachygrodzisk.pl\/index.php\/wp-json\/wp\/v2\/pages\/2373\/revisions\/2394"}],"wp:attachment":[{"href":"https:\/\/szachygrodzisk.pl\/index.php\/wp-json\/wp\/v2\/media?parent=2373"}],"curies":[{"name":"wp","href":"https:\/\/api.w.org\/{rel}","templated":true}]}}