{"id":2443,"date":"2019-11-12T11:46:03","date_gmt":"2019-11-12T10:46:03","guid":{"rendered":"https:\/\/szachygrodzisk.pl\/?page_id=2443"},"modified":"2019-11-13T14:54:19","modified_gmt":"2019-11-13T13:54:19","slug":"v-turniej-mikolajkowy","status":"publish","type":"page","link":"https:\/\/szachygrodzisk.pl\/index.php\/v-turniej-mikolajkowy\/","title":{"rendered":"V Turniej Miko\u0142ajkowy"},"content":{"rendered":"<h5>1. Cele zawod\u00f3w<\/h5>\n<p>Popularyzacja gry w szachy<br \/>Umo\u017cliwienie dzieciom, m\u0142odzie\u017cy i doros\u0142ym zdobycia lub podwy\u017cszenia kategorii szachowych<br \/>Umo\u017cliwienie zawodnikom uzyskania lub podwy\u017cszenia rankingu mi\u0119dzynarodowego FIDE<br \/>Wy\u0142onienie w sportowej rywalizacji najlepszych szachist\u00f3w<\/p>\n<h5>2. Organizatorzy<\/h5>\n<p>Uczniowski Klub Sportowy Szachowa Dw\u00f3jka Grodzisk Mazowiecki<br \/>Szko\u0142a Podstawowa nr 2 im. M. Konopnickiej w Grodzisku Mazowieckim<\/p>\n<h5>3. Program zawod\u00f3w<\/h5>\n<p>Miejsce rozgrywek: Szko\u0142a Podstawowa nr 2, ul. Westfala 3, Grodzisk Maz.<br \/>Termin: <u><strong>weekend 7-8 grudnia 2019 r.<\/strong><\/u><\/p>\n<p>Zawody zostan\u0105 rozegrane w 4 grupach:<br \/>\u2022 <a href=\"http:\/\/www.chessarbiter.com\/turnieje\/2019\/ti_6425\/\">grupa A<\/a> (2 dni) &#8211; turniej zg\u0142oszony do FIDE &#8211; zawodnicy z rankingiem FIDE (niezale\u017cnie od posiadanej kategorii szachowej) lub bez rankingu FIDE z rankingiem PZSzach od 1600 (III m\u0119ska lub II kobieca kategoria szachowa), bez ogranicze\u0144 wiekowych<br \/>\u2022 <a href=\"http:\/\/www.chessarbiter.com\/turnieje\/2019\/ti_6427\/\">grupa B<\/a> (2 dni) &#8211; IV, III lub II kobieca kategoria szachowa, bez rankingu FIDE, bez ogranicze\u0144 wiekowych<br \/>\u2022 <a href=\"http:\/\/www.chessarbiter.com\/turnieje\/2019\/ti_6428\/\">grupa C<\/a> (sobota) &#8211; do IV kategorii szachowej (III kobiecej), bez ogranicze\u0144 wiekowych<br \/>\u2022 <a href=\"http:\/\/www.chessarbiter.com\/turnieje\/2019\/ti_6429\/\">grupa D<\/a> (niedziela) &#8211; do IV kategorii szachowej (III kobiecej), ur. w 2011 roku lub m\u0142odsi<\/p>\n<p><span style=\"text-decoration: underline;\">Sobota 7.12 (grupy A, B i C)<\/span><br \/>Potwierdzanie uczestnictwa: 9:15-9:40<br \/>Odprawa techniczna (obowi\u0105zkowa): 9:50<br \/>Rozpocz\u0119cie zawod\u00f3w: 10:00<br \/>Gr. A, B: Rundy I-IV &#8211; &#8211; &#8211; przewidywane zako\u0144czenie ok. 18<br \/>Gr. C: Rundy I-VI- &#8211; &#8211; przewidywane zako\u0144czenie ok. 16<\/p>\n<p><u>Niedziela 8.12 (grupy A, B i D)<\/u><br \/>Gr. D: Potwierdzanie uczestnictwa: 9:15-9:40<br \/>Gr. D: Odprawa techniczna (obowi\u0105zkowa): 9:50<br \/>Gr. D: Rundy I-VI: 10:00 &#8211; &#8211; &#8211; przewidywane zako\u0144czenie ok. 15:30<br \/>Gr. A, B: Rundy V-VII &#8211; &#8211; &#8211; przewidywane zako\u0144czenie ok. 16:30<br \/><span style=\"color: #ff0000;\">w niedziel\u0119 spodziewamy si\u0119 wizyty \u015bw. Miko\u0142aja<\/span><\/p>\n<h5>4. System rozgrywek, przepisy<\/h5>\n<p>Grupa A i B:<br \/>\u2022 system szwajcarski na dystansie 7 rund,<br \/>\u2022 tempo gry: 30 minut na parti\u0119 dla zawodnika plus 30 sekund dodawane po ka\u017cdym posuni\u0119ciu,<br \/>\u2022 <u><strong>obowi\u0105zkowy zapis partii<\/strong><\/u> (nie zapisywa\u0107 mog\u0105 dzieci ur. w roku 2012 i m\u0142odsze, co wi\u0105\u017ce si\u0119 ze zmniejszeniem czasu do namys\u0142u),<br \/>\u2022 mo\u017cliwo\u015b\u0107 zdobycia kategorii do I kobiecej w\u0142\u0105cznie.<\/p>\n<p>Grupy C i D:<br \/>\u2022 system szwajcarski na dystansie 6 rund,<br \/>\u2022 tempo gry: 30 minut na parti\u0119 dla zawodnika,<br \/>\u2022 mo\u017cliwo\u015b\u0107 zdobycia V lub IV kategorii szachowej.<\/p>\n<p>Przy r\u00f3wnej liczbie punkt\u00f3w o zaj\u0119tym miejscu decyduj\u0105: skr\u00f3cona punktacja Buchholza, pe\u0142na punktacja Buchholza, liczba zwyci\u0119stw, progres.<br \/>W turniejach obowi\u0105zuj\u0105 przepisy gry FIDE. Grupa A zosta\u0142a zg\u0142oszona do oceny rankingowej FIDE.<br \/>W grupach A i B obowi\u0105zuje zakaz proponowania i zgadzania si\u0119 na propozycje remisowe przed wykonaniem 30. posuni\u0119cia przez czarne. Z\u0142amanie zakazu mo\u017ce by\u0107 ukarane obustronn\u0105 pora\u017ck\u0105.<br \/>Odwo\u0142ania mo\u017cna zg\u0142asza\u0107: w grupach A i B do podpisania blankietu, w grupach C i D do zako\u0144czenia rundy.<br \/>W grupach C i D (szachy szybkie) obowi\u0105zuj\u0105 przepisy z dodatku A pkt. 4 oraz wytyczne III.4.<br \/>Maksymalne dopuszczalne sp\u00f3\u017anienie na rund\u0119: 15 minut<\/p>\n<h5>5. Warunki uczestnictwa<\/h5>\n<p>Do turnieju nale\u017cy zg\u0142asza\u0107 si\u0119:<br \/>\u2022 przez internetowy <i>Formularz zg\u0142oszenia<\/i>: na stronach turniejowych wskazanych w pkt. 3 lub<br \/>\u2022 mailem na adres <a href=\"mailto:klub@szachygrodzisk.pl\">klub@szachygrodzisk.pl<\/a> \u2013 nale\u017cy poda\u0107 imi\u0119, nazwisko, klub lub miejscowo\u015b\u0107, kategori\u0119 szachow\u0105 (o ile si\u0119 posiada) oraz pe\u0142n\u0105 dat\u0119 urodzenia lub<br \/>\u2022 telefonicznie w godzinach 20-21 (nr tel. na ko\u0144cu regulaminu) lub<br \/>\u2022 osobi\u015bcie.<\/p>\n<p><strong><u>Zg\u0142oszenia do wtorku 3 grudnia<\/u><\/strong><br \/>Zg\u0142oszenia b\u0119d\u0105 na bie\u017c\u0105co publikowane na listach startowych.<br \/>Osoby zg\u0142oszone po terminie mog\u0105 by\u0107 dopuszczone do gry tylko w miar\u0119 wolnych miejsc<br \/>Obowi\u0105zuje potwierdzenie udzia\u0142u w zawodach na sali gry &#8211; zawodnicy niepotwierdzeni do 9:40 b\u0119d\u0105 grali od II rundy<\/p>\n<p>Op\u0142ata startowa (tzw. &#8222;wpisowe&#8221;):<br \/>\u2022 w grupie A &#8211; 60 z\u0142 (w tym op\u0142ata rankingowa 15 z\u0142 oraz op\u0142ata rejestracyjna 1,4 euro), cz\u0142onkowie Szachowej Dw\u00f3jki &#8211; zni\u017cka 50%,<br \/>\u2022 w grupie B &#8211; 40 z\u0142, cz\u0142onkowie Szachowej Dw\u00f3jki &#8211; zni\u017cka 50%,<br \/>\u2022 w grupach C, D &#8211; 30 z\u0142 , cz\u0142onkowie Szachowej Dw\u00f3jki &#8211; 10 z\u0142.<\/p>\n<p>Czwarty i kolejni zawodnicy z tej samej rodziny s\u0105 zwolnieni z wpisowego (rodzina p\u0142aci wpisowe maksymalnie 3 razy).<\/p>\n<p>Wpisowe p\u0142atne got\u00f3wk\u0105 przed pierwsz\u0105 rund\u0105 lub przelewem na konto Klubu:<br \/><strong>&gt;&gt;&gt; 26 2030 0045 1110 0000 0425 1050<\/strong><br \/>Przy p\u0142atno\u015bci przelewem przys\u0142uguje rabat 5%. Wpisowe op\u0142acone przelewem nie podlega zwrotowi.<\/p>\n<h5>6. Nagrody<\/h5>\n<p>W grupie A (nagrody gwarantowane):<br \/>\u2022 klasyfikacja ko\u0144cowa: <span style=\"color: #ff0000;\"><strong>I: 300 z\u0142<\/strong><\/span>, II: 250 z\u0142, III: 200 z\u0142, IV: 150 z\u0142, V: 150 z\u0142,<br \/>\u2022 juniorzy do 12 lat: I, II i III nagrody rzeczowe,<br \/>\u2022 zawodniczki: I, II i III nagrody rzeczowe,<br \/>\u2022 zawodnicy Szachowej Dw\u00f3jki: I, II i III nagrody rzeczowe.<\/p>\n<p>W grupie B (nagrody gwarantowane):<br \/>\u2022 klasyfikacja ko\u0144cowa: I-V nagrody rzeczowe,<br \/>\u2022 juniorzy do 12 lat: I, II i III nagrody rzeczowe,<br \/>\u2022 zawodniczki: I, II i III nagrody rzeczowe,<br \/>\u2022 zawodnicy Szachowej Dw\u00f3jki: I, II i III nagrody rzeczowe.<\/p>\n<p>W grupach C i D nagrody rzeczowe dla czo\u0142\u00f3wki.<br \/>Szczeg\u00f3\u0142y dotycz\u0105ce nagr\u00f3d zostan\u0105 podane przed 4. rund\u0105.<\/p>\n<p>Puchary dla pierwszej tr\u00f3jki w grupach A, B, C i D. Medale dla najlepszych junior\u00f3w oraz najlepszych zawodniczek w ka\u017cdej grupie: w grupach A, B, C &#8211; do lat 12 (ur. 2007 i m\u0142odsi), w grupie D &#8211; do lat 6 (ur. 2013 i m\u0142odsi).<br \/>Zawodnicy urodzeni w roku 2011 i m\u0142odsi otrzymuj\u0105 dyplomy i upominki &#8211; we wszystkich grupach turniejowych.<\/p>\n<p>Zawodnik mo\u017ce otrzyma\u0107 tylko jedn\u0105 nagrod\u0119.<br \/>Nagrody b\u0119d\u0105 wr\u0119czane wy\u0142\u0105cznie podczas ceremonii zako\u0144czenia turnieju.<\/p>\n<h5>7. Inne<\/h5>\n<p>Organizatorzy zapewniaj\u0105 darmowy pocz\u0119stunek: napoje zimne i gor\u0105ce, kanapki, itp.<br \/>Opiek\u0119 nad zawodnikami do 18 lat sprawuj\u0105 rodzice lub doro\u015bli opiekunowie.<br \/>Zawodnik\u00f3w obowi\u0105zuje zmiana obuwia.<br \/>Zawodnicy ubezpieczaj\u0105 si\u0119 we w\u0142asnym zakresie.<br \/>Na sali gry obowi\u0105zuje ca\u0142kowity zakaz u\u017cywania telefon\u00f3w kom\u00f3rkowych.<br \/>Udzia\u0142 w zawodach oznacza zgod\u0119 na wykorzystanie wizerunku i danych osobowych do realizacji dzia\u0142a\u0144 statutowych Organizator\u00f3w.<br \/>O wszelkich sprawach nieuj\u0119tych w niniejszym regulaminie decyduj\u0105 Organizatorzy.<br \/>Organizatorzy zastrzegaj\u0105 sobie prawo wprowadzania zmian w niniejszym regulaminie.<\/p>\n<p>Kontakt: Jacek Kici\u0144ski, tel. 511 834 619, <a href=\"mailto:klub@szachygrodzisk.pl\">klub@szachygrodzisk.pl<\/a><\/p>\n\n\n<figure class=\"wp-block-image\"><img fetchpriority=\"high\" decoding=\"async\" width=\"724\" height=\"1024\" src=\"https:\/\/szachygrodzisk.pl\/wp-content\/uploads\/2019\/11\/191207-Miko\u0142ajkowy-LR-724x1024.jpg\" alt=\"\" class=\"wp-image-2447\" srcset=\"https:\/\/szachygrodzisk.pl\/wp-content\/uploads\/2019\/11\/191207-Miko\u0142ajkowy-LR-724x1024.jpg 724w, https:\/\/szachygrodzisk.pl\/wp-content\/uploads\/2019\/11\/191207-Miko\u0142ajkowy-LR-212x300.jpg 212w, https:\/\/szachygrodzisk.pl\/wp-content\/uploads\/2019\/11\/191207-Miko\u0142ajkowy-LR-768x1086.jpg 768w, https:\/\/szachygrodzisk.pl\/wp-content\/uploads\/2019\/11\/191207-Miko\u0142ajkowy-LR-1200x1697.jpg 1200w, https:\/\/szachygrodzisk.pl\/wp-content\/uploads\/2019\/11\/191207-Miko\u0142ajkowy-LR.jpg 1240w\" sizes=\"(max-width: 724px) 100vw, 724px\" \/><\/figure>\n","protected":false},"excerpt":{"rendered":"<p>1. Cele zawod\u00f3w Popularyzacja gry w szachyUmo\u017cliwienie dzieciom, m\u0142odzie\u017cy i doros\u0142ym zdobycia lub podwy\u017cszenia kategorii szachowychUmo\u017cliwienie zawodnikom uzyskania lub podwy\u017cszenia rankingu mi\u0119dzynarodowego FIDEWy\u0142onienie w sportowej rywalizacji najlepszych szachist\u00f3w 2. Organizatorzy Uczniowski Klub Sportowy Szachowa Dw\u00f3jka Grodzisk MazowieckiSzko\u0142a Podstawowa nr 2 im. M. Konopnickiej w Grodzisku Mazowieckim 3. Program zawod\u00f3w Miejsce rozgrywek: Szko\u0142a Podstawowa nr 2, ul. Westfala 3, Grodzisk Maz.Termin: weekend 7-8 grudnia 2019 r. Zawody zostan\u0105 rozegrane w 4 grupach:\u2022 grupa A (2 dni) &#8211; turniej zg\u0142oszony do FIDE &#8211; zawodnicy z rankingiem FIDE (niezale\u017cnie od posiadanej kategorii szachowej) lub bez rankingu FIDE z rankingiem PZSzach od 1600 (III&hellip;<\/p>\n<p> <a class=\"more-link\" href=\"https:\/\/szachygrodzisk.pl\/index.php\/v-turniej-mikolajkowy\/\">Dowiedz si\u0119 wi\u0119cej<\/a><\/p>\n","protected":false},"author":2,"featured_media":0,"parent":0,"menu_order":0,"comment_status":"closed","ping_status":"closed","template":"","meta":{"_monsterinsights_skip_tracking":false,"_monsterinsights_sitenote_active":false,"_monsterinsights_sitenote_note":"","_monsterinsights_sitenote_category":0,"footnotes":""},"class_list":["post-2443","page","type-page","status-publish"],"_links":{"self":[{"href":"https:\/\/szachygrodzisk.pl\/index.php\/wp-json\/wp\/v2\/pages\/2443","targetHints":{"allow":["GET"]}}],"collection":[{"href":"https:\/\/szachygrodzisk.pl\/index.php\/wp-json\/wp\/v2\/pages"}],"about":[{"href":"https:\/\/szachygrodzisk.pl\/index.php\/wp-json\/wp\/v2\/types\/page"}],"author":[{"embeddable":true,"href":"https:\/\/szachygrodzisk.pl\/index.php\/wp-json\/wp\/v2\/users\/2"}],"replies":[{"embeddable":true,"href":"https:\/\/szachygrodzisk.pl\/index.php\/wp-json\/wp\/v2\/comments?post=2443"}],"version-history":[{"count":3,"href":"https:\/\/szachygrodzisk.pl\/index.php\/wp-json\/wp\/v2\/pages\/2443\/revisions"}],"predecessor-version":[{"id":2448,"href":"https:\/\/szachygrodzisk.pl\/index.php\/wp-json\/wp\/v2\/pages\/2443\/revisions\/2448"}],"wp:attachment":[{"href":"https:\/\/szachygrodzisk.pl\/index.php\/wp-json\/wp\/v2\/media?parent=2443"}],"curies":[{"name":"wp","href":"https:\/\/api.w.org\/{rel}","templated":true}]}}