{"id":2498,"date":"2020-01-08T00:14:09","date_gmt":"2020-01-07T23:14:09","guid":{"rendered":"https:\/\/szachygrodzisk.pl\/?page_id=2498"},"modified":"2020-07-05T22:31:43","modified_gmt":"2020-07-05T20:31:43","slug":"szachowa-liga-mlodych-talentow-2020","status":"publish","type":"page","link":"https:\/\/szachygrodzisk.pl\/index.php\/szachowa-liga-mlodych-talentow-2020\/","title":{"rendered":"Szachowa Liga M\u0142odych Talent\u00f3w 2020"},"content":{"rendered":"\n<p style=\"color:#ff0000\" class=\"has-text-color\"><span class=\"has-inline-color has-very-dark-gray-color\">Po raz trzeci organizujemy cykl turniej\u00f3w dla najm\u0142odszych pod nazw\u0105 <strong>Szachowa Liga M\u0142odych Talent\u00f3w<\/strong>. Stawiamy na sprawdzone za\u0142o\u017cenia: brak wpisowego, dyplomy z naklejkami i upominki dla wszystkich, du\u017co puchar\u00f3w i medali.<\/span><\/p>\n\n\n\n<p>W tej edycji wprowadzamy jedn\u0105 istotn\u0105 zmian\u0119: w grupie C zagraj\u0105 wy\u0142\u0105cznie dzieci bez kategorii szachowych.<\/p>\n\n\n\n<p>Niestety, z powodu pandemii COVID-19 dwa turnieje zosta\u0142y odwo\u0142ane, a turniej fina\u0142owy zorganizowali\u015bmy w innym terminie i z ograniczon\u0105 liczb\u0105 uczestnik\u00f3w.<\/p>\n\n\n\n<p>Serdecznie dzi\u0119kujemy naszym Partnerom, kt\u00f3rzy wspieraj\u0105 najm\u0142odsze dzieci w rozwijaniu szachowej pasji.<\/p>\n\n\n\n<p><a href=\"https:\/\/szachygrodzisk.pl\/index.php\/szachowa-liga-mlodych-talentow-2020-zasady\/\">Regulamin Ligi (aktualizacja)<\/a> ||| <a href=\"https:\/\/szachygrodzisk.pl\/index.php\/klasyfikacja-indywidualna-2020\/\">Klasyfikacja indywidualna<\/a><br><a href=\"https:\/\/szachygrodzisk.pl\/index.php\/szachowa-liga-mlodych-talentow-2019\/\">Szachowa Liga M\u0142odych Talent\u00f3w 2019<\/a><\/p>\n\n\n\n<figure class=\"wp-block-table\"><table class=\"has-subtle-light-gray-background-color has-background\"><tbody><tr><th>Termin i miejsce<\/th><th>Wyniki i zg\u0142oszenia<\/th><\/tr><tr><td>18 stycznia 2020 r.<br>Przedszkole nr 4, ul. G\u00f3rna 12<\/td><td><a href=\"https:\/\/szachygrodzisk.pl\/turnieje\/200118_liga_A\/\">Grupa A<\/a> \/\/\/ <a href=\"https:\/\/szachygrodzisk.pl\/turnieje\/200118_liga_B\/\">Grupa B<\/a> \/\/\/ <a href=\"https:\/\/szachygrodzisk.pl\/turnieje\/200118_liga_C\/\">Grupa C<\/a><\/td><\/tr><tr><td>1-2 lutego 2020 r.<br>Szko\u0142a Podstawowa nr 2, ul. Westfala 3<\/td><td><a href=\"https:\/\/szachygrodzisk.pl\/index.php\/2020\/02\/05\/iii-turniej-zimowy\/\">III Turniej Zimowy<\/a><\/td><\/tr><tr><td>29 lutego 2020 r.<br>Przedszkole Si\u00f3str Opatrzno\u015bci Bo\u017cej,<br>ul. Okr\u0119\u017cna 33<\/td><td><a href=\"https:\/\/szachygrodzisk.pl\/turnieje\/200229_liga_A\/\">Grupa A<\/a> \/\/\/ <a href=\"https:\/\/szachygrodzisk.pl\/turnieje\/200229_liga_B\/\">Grupa B<\/a> \/\/\/ <a href=\"https:\/\/szachygrodzisk.pl\/turnieje\/200229_liga_C\/\">Grupa C<\/a> <\/td><\/tr><tr><td><em>odwo\u0142any z powodu pandemii<\/em><br>Szko\u0142a Podstawowa nr 1, ul. Bartniaka 13a<\/td><td>&#8211;<\/td><\/tr><tr><td><em>odwo\u0142any z powodu pandemii<\/em><br>Szko\u0142a Podstawowa nr 2, ul. Westfala 3<\/td><td>Czwarte Urodziny Szachowej Dw\u00f3jki<\/td><\/tr><tr><td>4 lipca 2020 r.<br>Szko\u0142a Podstawowa nr 2, ul. Westfala 3<\/td><td><a href=\"https:\/\/szachygrodzisk.pl\/turnieje\/200704_liga_A\/\">Grupa A<\/a> \/\/\/ <a href=\"https:\/\/szachygrodzisk.pl\/turnieje\/200704_liga_B\/\">Grupa B<\/a><br><a href=\"https:\/\/szachygrodzisk.pl\/index.php\/2020\/07\/05\/final-szachowej-ligi-mlodych-talentow-2\/\">Relacja<\/a> \/\/\/ Zdj\u0119cia w <a href=\"https:\/\/www.facebook.com\/SzachowaDwojka\/posts\/2692621774332355\">po\u015bcie na fb<\/a><\/td><\/tr><\/tbody><\/table><\/figure>\n","protected":false},"excerpt":{"rendered":"<p>Po raz trzeci organizujemy cykl turniej\u00f3w dla najm\u0142odszych pod nazw\u0105 Szachowa Liga M\u0142odych Talent\u00f3w. Stawiamy na sprawdzone za\u0142o\u017cenia: brak wpisowego, dyplomy z naklejkami i upominki dla wszystkich, du\u017co puchar\u00f3w i medali. W tej edycji wprowadzamy jedn\u0105 istotn\u0105 zmian\u0119: w grupie C zagraj\u0105 wy\u0142\u0105cznie dzieci bez kategorii szachowych. Niestety, z powodu pandemii COVID-19 dwa turnieje zosta\u0142y odwo\u0142ane, a turniej fina\u0142owy zorganizowali\u015bmy w innym terminie i z ograniczon\u0105 liczb\u0105 uczestnik\u00f3w. Serdecznie dzi\u0119kujemy naszym Partnerom, kt\u00f3rzy wspieraj\u0105 najm\u0142odsze dzieci w rozwijaniu szachowej pasji. Regulamin Ligi (aktualizacja) ||| Klasyfikacja indywidualnaSzachowa Liga M\u0142odych Talent\u00f3w 2019 Termin i miejsce Wyniki i zg\u0142oszenia 18 stycznia 2020 r.Przedszkole&hellip;<\/p>\n<p> <a class=\"more-link\" href=\"https:\/\/szachygrodzisk.pl\/index.php\/szachowa-liga-mlodych-talentow-2020\/\">Dowiedz si\u0119 wi\u0119cej<\/a><\/p>\n","protected":false},"author":2,"featured_media":0,"parent":0,"menu_order":0,"comment_status":"closed","ping_status":"closed","template":"","meta":{"_monsterinsights_skip_tracking":false,"_monsterinsights_sitenote_active":false,"_monsterinsights_sitenote_note":"","_monsterinsights_sitenote_category":0,"footnotes":""},"class_list":["post-2498","page","type-page","status-publish"],"_links":{"self":[{"href":"https:\/\/szachygrodzisk.pl\/index.php\/wp-json\/wp\/v2\/pages\/2498","targetHints":{"allow":["GET"]}}],"collection":[{"href":"https:\/\/szachygrodzisk.pl\/index.php\/wp-json\/wp\/v2\/pages"}],"about":[{"href":"https:\/\/szachygrodzisk.pl\/index.php\/wp-json\/wp\/v2\/types\/page"}],"author":[{"embeddable":true,"href":"https:\/\/szachygrodzisk.pl\/index.php\/wp-json\/wp\/v2\/users\/2"}],"replies":[{"embeddable":true,"href":"https:\/\/szachygrodzisk.pl\/index.php\/wp-json\/wp\/v2\/comments?post=2498"}],"version-history":[{"count":25,"href":"https:\/\/szachygrodzisk.pl\/index.php\/wp-json\/wp\/v2\/pages\/2498\/revisions"}],"predecessor-version":[{"id":3144,"href":"https:\/\/szachygrodzisk.pl\/index.php\/wp-json\/wp\/v2\/pages\/2498\/revisions\/3144"}],"wp:attachment":[{"href":"https:\/\/szachygrodzisk.pl\/index.php\/wp-json\/wp\/v2\/media?parent=2498"}],"curies":[{"name":"wp","href":"https:\/\/api.w.org\/{rel}","templated":true}]}}