{"id":2513,"date":"2020-01-17T15:29:37","date_gmt":"2020-01-17T14:29:37","guid":{"rendered":"https:\/\/szachygrodzisk.pl\/?page_id=2513"},"modified":"2020-07-18T09:20:21","modified_gmt":"2020-07-18T07:20:21","slug":"oboz-wakacyjny-2020-lista-uczestnikow","status":"publish","type":"page","link":"https:\/\/szachygrodzisk.pl\/index.php\/oboz-wakacyjny-2020-lista-uczestnikow\/","title":{"rendered":"Ob\u00f3z wakacyjny 2020 &#8211; lista uczestnik\u00f3w"},"content":{"rendered":"\n<p>Uczestnicy obozu i osoby towarzysz\u0105ce (potwierdzeni wp\u0142at\u0105 zaliczki 300 z\u0142 \/ osob\u0119):<br>1. Magdalena K. (ur. 2007, ranking 1800)<br>2. Anna K. (ur. 2009, ranking 1800)<br>3. Ma\u0142gorzata K. (ur. 2012, ranking 1400) + 1 osoba towarzysz\u0105ca<br>4. Micha\u0142 D. (ur. 2010, ranking 1600)<br>5. Mateusz W. (ur. 2009, ranking 1400)<br>6. Jan P. (ur. 2010, ranking 1400)<br>7. Tomasz P. (ur. 2012, ranking 1400)<br>8.  Zosia S. (ur. 2000, ranking 1600)<br>9. Mateusz S. (ur. 2010, ranking 1400)<br>10. Tymoteusz Cz. (ur. 2010, ranking 1400)<br>11. Dominik K. (ur. 2010, ranking 1800)<br>12. Aleksandra S. (ur. 2009, ranking 1400)<br>13. Micha\u0142 B. (ur. 2012, ranking 1800) + 2 osoby towarzysz\u0105ce<br>14.  Lena J. (ur. 2011, ranking 1400) + 2 osoby towarzysz\u0105ce (+)<br>15. Artur R. (ur. 2010, ranking 1600)<br>16. Marcin B. (ur. 2011, ranking 1400) + 1 osoba towarzysz\u0105ca<br>17. Bart\u0142omiej S. (ur. 2011, ranking 1400)<br>18. Antoni B. (ur. 2012, ranking 1400)<br>19. Ewa P. (ur. 2011, ranking 1250)<br>20. Antoni B. (ur. 2013, ranking 1400)<br>21. Weronika G. (ur. 2012, ranking 1100)<br>22. Ignacy K. (ur. 2010, ranking 1400)<\/p>\n\n\n\n<p>Wst\u0119pne zg\u0142oszenia (bez wp\u0142aty zaliczki):<br>1. &#8211;<\/p>\n","protected":false},"excerpt":{"rendered":"<p>Uczestnicy obozu i osoby towarzysz\u0105ce (potwierdzeni wp\u0142at\u0105 zaliczki 300 z\u0142 \/ osob\u0119):1. Magdalena K. (ur. 2007, ranking 1800)2. Anna K. (ur. 2009, ranking 1800)3. Ma\u0142gorzata K. (ur. 2012, ranking 1400) + 1 osoba towarzysz\u0105ca4. Micha\u0142 D. (ur. 2010, ranking 1600)5. Mateusz W. (ur. 2009, ranking 1400)6. Jan P. (ur. 2010, ranking 1400)7. Tomasz P. (ur. 2012, ranking 1400)8. Zosia S. (ur. 2000, ranking 1600)9. Mateusz S. (ur. 2010, ranking 1400)10. Tymoteusz Cz. (ur. 2010, ranking 1400)11. Dominik K. (ur. 2010, ranking 1800)12. Aleksandra S. (ur. 2009, ranking 1400)13. Micha\u0142 B. (ur. 2012, ranking 1800) + 2 osoby towarzysz\u0105ce14. Lena J.&hellip;<\/p>\n<p> <a class=\"more-link\" href=\"https:\/\/szachygrodzisk.pl\/index.php\/oboz-wakacyjny-2020-lista-uczestnikow\/\">Dowiedz si\u0119 wi\u0119cej<\/a><\/p>\n","protected":false},"author":2,"featured_media":0,"parent":0,"menu_order":0,"comment_status":"closed","ping_status":"closed","template":"","meta":{"_monsterinsights_skip_tracking":false,"_monsterinsights_sitenote_active":false,"_monsterinsights_sitenote_note":"","_monsterinsights_sitenote_category":0,"footnotes":""},"class_list":["post-2513","page","type-page","status-publish"],"_links":{"self":[{"href":"https:\/\/szachygrodzisk.pl\/index.php\/wp-json\/wp\/v2\/pages\/2513","targetHints":{"allow":["GET"]}}],"collection":[{"href":"https:\/\/szachygrodzisk.pl\/index.php\/wp-json\/wp\/v2\/pages"}],"about":[{"href":"https:\/\/szachygrodzisk.pl\/index.php\/wp-json\/wp\/v2\/types\/page"}],"author":[{"embeddable":true,"href":"https:\/\/szachygrodzisk.pl\/index.php\/wp-json\/wp\/v2\/users\/2"}],"replies":[{"embeddable":true,"href":"https:\/\/szachygrodzisk.pl\/index.php\/wp-json\/wp\/v2\/comments?post=2513"}],"version-history":[{"count":28,"href":"https:\/\/szachygrodzisk.pl\/index.php\/wp-json\/wp\/v2\/pages\/2513\/revisions"}],"predecessor-version":[{"id":3187,"href":"https:\/\/szachygrodzisk.pl\/index.php\/wp-json\/wp\/v2\/pages\/2513\/revisions\/3187"}],"wp:attachment":[{"href":"https:\/\/szachygrodzisk.pl\/index.php\/wp-json\/wp\/v2\/media?parent=2513"}],"curies":[{"name":"wp","href":"https:\/\/api.w.org\/{rel}","templated":true}]}}