{"id":2515,"date":"2020-01-17T15:49:48","date_gmt":"2020-01-17T14:49:48","guid":{"rendered":"https:\/\/szachygrodzisk.pl\/?page_id=2515"},"modified":"2020-07-12T18:44:26","modified_gmt":"2020-07-12T16:44:26","slug":"oboz-wakacyjny-2020","status":"publish","type":"page","link":"https:\/\/szachygrodzisk.pl\/index.php\/oboz-wakacyjny-2020\/","title":{"rendered":"Ob\u00f3z wakacyjny 2020"},"content":{"rendered":"\t\t<div data-elementor-type=\"wp-page\" data-elementor-id=\"2515\" class=\"elementor elementor-2515\">\n\t\t\t\t\t\t<section class=\"elementor-section elementor-top-section elementor-element elementor-element-27908ba elementor-section-boxed elementor-section-height-default elementor-section-height-default\" data-id=\"27908ba\" data-element_type=\"section\" data-e-type=\"section\">\n\t\t\t\t\t\t<div class=\"elementor-container elementor-column-gap-default\">\n\t\t\t\t\t<div class=\"elementor-column elementor-col-100 elementor-top-column elementor-element elementor-element-db2ef73\" data-id=\"db2ef73\" data-element_type=\"column\" data-e-type=\"column\">\n\t\t\t<div class=\"elementor-widget-wrap elementor-element-populated\">\n\t\t\t\t\t\t<div class=\"elementor-element elementor-element-8a4c5eb elementor-widget elementor-widget-text-editor\" data-id=\"8a4c5eb\" data-element_type=\"widget\" data-e-type=\"widget\" data-widget_type=\"text-editor.default\">\n\t\t\t\t<div class=\"elementor-widget-container\">\n\t\t\t\t\t\t\t\t\t<p><span style=\"color: #993300;\"><strong>UWAGA!!!<\/strong> Dzi\u0119ki uzyskaniu dofinansowania obozu z Ministerstwa Sportu obni\u017camy cen\u0119 o 100 z\u0142.<\/span><\/p>\n<p>Termin: 15-24 sierpnia 2020 r. (wyjazd z Grodziska Mazowieckiego rano, powr\u00f3t wieczorem)<br>Miejsce: <a href=\"http:\/\/starekalensko.pl\/page.php\/1\/0\/news\/\">OSiR Stare Kale\u00f1sko<\/a> (domki w standardzie kolonijno-obozowym &#8211; <a href=\"http:\/\/starekalensko.pl\/page.php\/1\/0\/show\/000038\/\">zdj\u0119cia<\/a>)<br>Uczestnicy: dzieci w wieku szkolnym z minimum V kategori\u0105 szachow\u0105, cz\u0142onkowie i sympatycy Szachowej Dw\u00f3jki<br>Koszt: <del>1 399 z\u0142<\/del> 1 299 z\u0142, w tym zaliczka 300 z\u0142 &#8211; p\u0142atno\u015b\u0107 przelewem na <a href=\"https:\/\/szachygrodzisk.pl\/index.php\/uks-szachowa-dwojka-grodzisk-maz\/\">konto klubowe<\/a>: zaliczka przy zg\u0142oszeniu, pozosta\u0142a cz\u0119\u015b\u0107 do 31 lipca<br><a href=\"https:\/\/szachygrodzisk.pl\/index.php\/oboz-wakacyjny-2020-lista-uczestnikow\/\">Aktualna lista zg\u0142osze\u0144<\/a><\/p>\n<p>Zg\u0142oszenia i szczeg\u00f3\u0142owe informacje: J. Kici\u0144ski, tel. 511 834 619, email: <a href=\"mailto:jkicinski@szachygrodzisk.pl\">jkicinski@szachygrodzisk.pl<br><\/a>Ni\u017cszy koszt dla uczestnik\u00f3w z w\u0142asnym transportem oraz dla os\u00f3b towarzysz\u0105cych &#8211; prosimy o kontakt.<\/p>\t\t\t\t\t\t\t\t<\/div>\n\t\t\t\t<\/div>\n\t\t\t\t\t<\/div>\n\t\t<\/div>\n\t\t\t\t\t<\/div>\n\t\t<\/section>\n\t\t\t\t<section class=\"elementor-section elementor-top-section elementor-element elementor-element-665165b elementor-section-boxed elementor-section-height-default elementor-section-height-default\" data-id=\"665165b\" data-element_type=\"section\" data-e-type=\"section\">\n\t\t\t\t\t\t<div class=\"elementor-container elementor-column-gap-no\">\n\t\t\t\t\t<div class=\"elementor-column elementor-col-100 elementor-top-column elementor-element elementor-element-07169e1\" data-id=\"07169e1\" data-element_type=\"column\" data-e-type=\"column\">\n\t\t\t<div class=\"elementor-widget-wrap elementor-element-populated\">\n\t\t\t\t\t\t<section class=\"elementor-section elementor-inner-section elementor-element elementor-element-d1c95f3 elementor-section-boxed elementor-section-height-default elementor-section-height-default\" data-id=\"d1c95f3\" data-element_type=\"section\" data-e-type=\"section\">\n\t\t\t\t\t\t<div class=\"elementor-container elementor-column-gap-default\">\n\t\t\t\t\t<div class=\"elementor-column elementor-col-50 elementor-inner-column elementor-element elementor-element-d9bccda\" data-id=\"d9bccda\" data-element_type=\"column\" data-e-type=\"column\">\n\t\t\t<div class=\"elementor-widget-wrap elementor-element-populated\">\n\t\t\t\t\t\t<div class=\"elementor-element elementor-element-41a3ebd elementor-widget elementor-widget-heading\" data-id=\"41a3ebd\" data-element_type=\"widget\" data-e-type=\"widget\" data-widget_type=\"heading.default\">\n\t\t\t\t<div class=\"elementor-widget-container\">\n\t\t\t\t\t<h3 class=\"elementor-heading-title elementor-size-default\">Program szachowy<\/h3>\t\t\t\t<\/div>\n\t\t\t\t<\/div>\n\t\t\t\t<div class=\"elementor-element elementor-element-1b25e83 elementor-widget elementor-widget-text-editor\" data-id=\"1b25e83\" data-element_type=\"widget\" data-e-type=\"widget\" data-widget_type=\"text-editor.default\">\n\t\t\t\t<div class=\"elementor-widget-container\">\n\t\t\t\t\t\t\t\t\t<p>&#8211; codzienne szkolenie szachowe 2 x 45 minut<br \/>w grupach 6 &#8211; 8 os. zgodnie z poziomem gry,<br \/>&#8211; codzienna gra w szachy, w tym turnieje szach\u00f3w szybkich <br \/>i b\u0142yskawicznych tempem gry Mistrzostw Polski Junior\u00f3w <br \/>w szachach szybkich (15&#8242; na parti\u0119 plus 10&#8243; na posuni\u0119cie) <br \/>i b\u0142yskawicznych (3&#8242; na parti\u0119 plus 2&#8243; na posuni\u0119cie),<br \/>&#8211; ciekawostki szachowe: historia wielkich mistrz\u00f3w,\u00a0 konkursy.<\/p>\n<p>Zaj\u0119cia szachowe prowadz\u0105 licencjonowani instruktorzy sportu.<\/p>\t\t\t\t\t\t\t\t<\/div>\n\t\t\t\t<\/div>\n\t\t\t\t\t<\/div>\n\t\t<\/div>\n\t\t\t\t<div class=\"elementor-column elementor-col-50 elementor-inner-column elementor-element elementor-element-217a767\" data-id=\"217a767\" data-element_type=\"column\" data-e-type=\"column\">\n\t\t\t<div class=\"elementor-widget-wrap elementor-element-populated\">\n\t\t\t\t\t\t<div class=\"elementor-element elementor-element-0d9a121 elementor-widget elementor-widget-heading\" data-id=\"0d9a121\" data-element_type=\"widget\" data-e-type=\"widget\" data-widget_type=\"heading.default\">\n\t\t\t\t<div class=\"elementor-widget-container\">\n\t\t\t\t\t<h3 class=\"elementor-heading-title elementor-size-default\">Pozosta\u0142e atrakcje<\/h3>\t\t\t\t<\/div>\n\t\t\t\t<\/div>\n\t\t\t\t<div class=\"elementor-element elementor-element-b91cd74 elementor-widget elementor-widget-text-editor\" data-id=\"b91cd74\" data-element_type=\"widget\" data-e-type=\"widget\" data-widget_type=\"text-editor.default\">\n\t\t\t\t<div class=\"elementor-widget-container\">\n\t\t\t\t\t\t\t\t\t<p>&#8211; k\u0105piele w jeziorze (pla\u017ca o\u015brodka),<br \/>&#8211; p\u0142ywanie na deskach z wios\u0142em SUP,<br \/>&#8211; wycieczka kajakami i wycieczka \u017cagl\u00f3wk\u0105 po Jeziorze Kale\u0144sko,<br \/>&#8211; wycieczka rowerowa (rowery z wypo\u017cyczalni o\u015brodka),<br \/>&#8211; miasteczko linowe (pod nadzorem instruktora),<br \/>&#8211; wycieczka do <a href=\"http:\/\/www.czaplinek.pl\/katalog\/e-turystyka\/atrakcje-turystyczne\/%C5%BCelis%C5%82awski-zapiecek\">\u017belis\u0142awskiego Zapiecka<\/a> (?),<br \/>&#8211; ognisko z kie\u0142baskami,<br \/>&#8211; zaj\u0119cia rekreacyjne i sportowe.<\/p>\t\t\t\t\t\t\t\t<\/div>\n\t\t\t\t<\/div>\n\t\t\t\t\t<\/div>\n\t\t<\/div>\n\t\t\t\t\t<\/div>\n\t\t<\/section>\n\t\t\t\t\t<\/div>\n\t\t<\/div>\n\t\t\t\t\t<\/div>\n\t\t<\/section>\n\t\t\t\t<section class=\"elementor-section elementor-top-section elementor-element elementor-element-c64afb5 elementor-section-boxed elementor-section-height-default elementor-section-height-default\" data-id=\"c64afb5\" data-element_type=\"section\" data-e-type=\"section\">\n\t\t\t\t\t\t<div class=\"elementor-container elementor-column-gap-default\">\n\t\t\t\t\t<div class=\"elementor-column elementor-col-100 elementor-top-column elementor-element elementor-element-bce356d\" data-id=\"bce356d\" data-element_type=\"column\" data-e-type=\"column\">\n\t\t\t<div class=\"elementor-widget-wrap elementor-element-populated\">\n\t\t\t\t\t\t<div class=\"elementor-element elementor-element-4abd841 elementor-widget-divider--view-line_icon elementor-view-default elementor-widget-divider--element-align-center elementor-widget elementor-widget-divider\" data-id=\"4abd841\" data-element_type=\"widget\" data-e-type=\"widget\" data-widget_type=\"divider.default\">\n\t\t\t\t<div class=\"elementor-widget-container\">\n\t\t\t\t\t\t\t<div class=\"elementor-divider\">\n\t\t\t<span class=\"elementor-divider-separator\">\n\t\t\t\t\t\t\t<div class=\"elementor-icon elementor-divider__element\">\n\t\t\t\t\t<i aria-hidden=\"true\" class=\"far fa-grin\"><\/i><\/div>\n\t\t\t\t\t\t<\/span>\n\t\t<\/div>\n\t\t\t\t\t\t<\/div>\n\t\t\t\t<\/div>\n\t\t\t\t\t<\/div>\n\t\t<\/div>\n\t\t\t\t\t<\/div>\n\t\t<\/section>\n\t\t\t\t<section class=\"elementor-section elementor-top-section elementor-element elementor-element-9bcb057 elementor-section-boxed elementor-section-height-default elementor-section-height-default\" data-id=\"9bcb057\" data-element_type=\"section\" data-e-type=\"section\">\n\t\t\t\t\t\t<div class=\"elementor-container elementor-column-gap-no\">\n\t\t\t\t\t<div class=\"elementor-column elementor-col-100 elementor-top-column elementor-element elementor-element-6d367d2\" data-id=\"6d367d2\" data-element_type=\"column\" data-e-type=\"column\">\n\t\t\t<div class=\"elementor-widget-wrap elementor-element-populated\">\n\t\t\t\t\t\t<section class=\"elementor-section elementor-inner-section elementor-element elementor-element-0a86633 elementor-section-boxed elementor-section-height-default elementor-section-height-default\" data-id=\"0a86633\" data-element_type=\"section\" data-e-type=\"section\">\n\t\t\t\t\t\t<div class=\"elementor-container elementor-column-gap-default\">\n\t\t\t\t\t<div class=\"elementor-column elementor-col-33 elementor-inner-column elementor-element elementor-element-ad7ef99\" data-id=\"ad7ef99\" data-element_type=\"column\" data-e-type=\"column\">\n\t\t\t<div class=\"elementor-widget-wrap elementor-element-populated\">\n\t\t\t\t\t\t<div class=\"elementor-element elementor-element-0ee4b88 elementor-widget elementor-widget-heading\" data-id=\"0ee4b88\" data-element_type=\"widget\" data-e-type=\"widget\" data-widget_type=\"heading.default\">\n\t\t\t\t<div class=\"elementor-widget-container\">\n\t\t\t\t\t<h3 class=\"elementor-heading-title elementor-size-default\">Super miejsce<\/h3>\t\t\t\t<\/div>\n\t\t\t\t<\/div>\n\t\t\t\t\t<\/div>\n\t\t<\/div>\n\t\t\t\t<div class=\"elementor-column elementor-col-66 elementor-inner-column elementor-element elementor-element-81a06ee\" data-id=\"81a06ee\" data-element_type=\"column\" data-e-type=\"column\">\n\t\t\t<div class=\"elementor-widget-wrap elementor-element-populated\">\n\t\t\t\t\t\t<div class=\"elementor-element elementor-element-ff30427 elementor-widget elementor-widget-text-editor\" data-id=\"ff30427\" data-element_type=\"widget\" data-e-type=\"widget\" data-widget_type=\"text-editor.default\">\n\t\t\t\t<div class=\"elementor-widget-container\">\n\t\t\t\t\t\t\t\t\t<p>&#8211; o\u015brodek nad jeziorem (<a href=\"https:\/\/pl.wikipedia.org\/wiki\/Pojezierze_Drawskie\">Pojezierze Drawskie<\/a>), prywatna pla\u017ca ze \u015bwie\u017cym piaskiem<br \/>&#8211; woda cieplejsza ni\u017c w morzu &#8211; i bli\u017cej do domu \ud83d\ude42<br \/>&#8211; posi\u0142ki, kt\u00f3re dzieci ch\u0119tnie jedz\u0105<br \/>&#8211; atrakcje udost\u0119pniane przez o\u015brodek i \u015bwietna ekipa: piel\u0119gniarka, ratownicy, instruktorzy<\/p>\t\t\t\t\t\t\t\t<\/div>\n\t\t\t\t<\/div>\n\t\t\t\t\t<\/div>\n\t\t<\/div>\n\t\t\t\t\t<\/div>\n\t\t<\/section>\n\t\t\t\t<section class=\"elementor-section elementor-inner-section elementor-element elementor-element-67ab4e7 elementor-section-boxed elementor-section-height-default elementor-section-height-default\" data-id=\"67ab4e7\" data-element_type=\"section\" data-e-type=\"section\">\n\t\t\t\t\t\t<div class=\"elementor-container elementor-column-gap-default\">\n\t\t\t\t\t<div class=\"elementor-column elementor-col-66 elementor-inner-column elementor-element elementor-element-6f0f7c3\" data-id=\"6f0f7c3\" data-element_type=\"column\" data-e-type=\"column\">\n\t\t\t<div class=\"elementor-widget-wrap elementor-element-populated\">\n\t\t\t\t\t\t<div class=\"elementor-element elementor-element-0167785 elementor-widget elementor-widget-text-editor\" data-id=\"0167785\" data-element_type=\"widget\" data-e-type=\"widget\" data-widget_type=\"text-editor.default\">\n\t\t\t\t<div class=\"elementor-widget-container\">\n\t\t\t\t\t\t\t\t\t<p style=\"text-align: right;\">&#8211; spe\u0142niamy wszystkie ograniczenia sanitarne wprowadzone przez odpowiednie s\u0142u\u017cby<br \/>&#8211; mniej os\u00f3b w domkach\/pokojach (zachowujemy nakazany metra\u017c na osob\u0119)<br \/>&#8211; brak interakcji z innymi grupami, na sto\u0142\u00f3wce dezynfekcja mi\u0119dzy grupami<\/p>\t\t\t\t\t\t\t\t<\/div>\n\t\t\t\t<\/div>\n\t\t\t\t\t<\/div>\n\t\t<\/div>\n\t\t\t\t<div class=\"elementor-column elementor-col-33 elementor-inner-column elementor-element elementor-element-aabd441\" data-id=\"aabd441\" data-element_type=\"column\" data-e-type=\"column\">\n\t\t\t<div class=\"elementor-widget-wrap elementor-element-populated\">\n\t\t\t\t\t\t<div class=\"elementor-element elementor-element-c441b09 elementor-widget elementor-widget-heading\" data-id=\"c441b09\" data-element_type=\"widget\" data-e-type=\"widget\" data-widget_type=\"heading.default\">\n\t\t\t\t<div class=\"elementor-widget-container\">\n\t\t\t\t\t<h3 class=\"elementor-heading-title elementor-size-default\">Bezpiecze\u0144stwo<br>przede wszystkim<\/h3>\t\t\t\t<\/div>\n\t\t\t\t<\/div>\n\t\t\t\t\t<\/div>\n\t\t<\/div>\n\t\t\t\t\t<\/div>\n\t\t<\/section>\n\t\t\t\t<section class=\"elementor-section elementor-inner-section elementor-element elementor-element-47f0361 elementor-section-boxed elementor-section-height-default elementor-section-height-default\" data-id=\"47f0361\" data-element_type=\"section\" data-e-type=\"section\">\n\t\t\t\t\t\t<div class=\"elementor-container elementor-column-gap-default\">\n\t\t\t\t\t<div class=\"elementor-column elementor-col-33 elementor-inner-column elementor-element elementor-element-d5f089f\" data-id=\"d5f089f\" data-element_type=\"column\" data-e-type=\"column\">\n\t\t\t<div class=\"elementor-widget-wrap elementor-element-populated\">\n\t\t\t\t\t\t<div class=\"elementor-element elementor-element-30738c9 elementor-widget elementor-widget-heading\" data-id=\"30738c9\" data-element_type=\"widget\" data-e-type=\"widget\" data-widget_type=\"heading.default\">\n\t\t\t\t<div class=\"elementor-widget-container\">\n\t\t\t\t\t<h3 class=\"elementor-heading-title elementor-size-default\">Sprawdzona <br>i atrakcyjna formu\u0142a<\/h3>\t\t\t\t<\/div>\n\t\t\t\t<\/div>\n\t\t\t\t\t<\/div>\n\t\t<\/div>\n\t\t\t\t<div class=\"elementor-column elementor-col-66 elementor-inner-column elementor-element elementor-element-8533123\" data-id=\"8533123\" data-element_type=\"column\" data-e-type=\"column\">\n\t\t\t<div class=\"elementor-widget-wrap elementor-element-populated\">\n\t\t\t\t\t\t<div class=\"elementor-element elementor-element-8701fff elementor-widget elementor-widget-text-editor\" data-id=\"8701fff\" data-element_type=\"widget\" data-e-type=\"widget\" data-widget_type=\"text-editor.default\">\n\t\t\t\t<div class=\"elementor-widget-container\">\n\t\t\t\t\t\t\t\t\t<p>W zesz\u0142ym roku po raz pierwszy w historii Klubu zorganizowali\u015bmy letni ob\u00f3z &#8211; niepewni, czy przyj\u0119ta formu\u0142a zaj\u0119\u0107 oka\u017ce si\u0119 trafna i uczestnicy wyjad\u0105 cali, zdrowi i zadowoleni \ud83d\ude0a. Efekt jednak przer\u00f3s\u0142 oczekiwania. Sprawdzi\u0142y si\u0119 nasze za\u0142o\u017cenia odno\u015bnie formy i zakresu aktywno\u015bci szachowych, potwierdzi\u0142a pozytywna opinia o o\u015brodku (w tym zw\u0142aszcza o posi\u0142kach, kt\u00f3re dzieci zjada\u0142y bez dodatkowej zach\u0119ty).<br \/>Relacja na naszej stronie: <a href=\"https:\/\/szachygrodzisk.pl\/index.php\/2019\/08\/23\/oboz-szachowy-2019\/\">tutaj<\/a>.<\/p>\t\t\t\t\t\t\t\t<\/div>\n\t\t\t\t<\/div>\n\t\t\t\t\t<\/div>\n\t\t<\/div>\n\t\t\t\t\t<\/div>\n\t\t<\/section>\n\t\t\t\t<section class=\"elementor-section elementor-inner-section elementor-element elementor-element-0c931bb elementor-section-boxed elementor-section-height-default elementor-section-height-default\" data-id=\"0c931bb\" data-element_type=\"section\" data-e-type=\"section\">\n\t\t\t\t\t\t<div class=\"elementor-container elementor-column-gap-default\">\n\t\t\t\t\t<div class=\"elementor-column elementor-col-66 elementor-inner-column elementor-element elementor-element-9ec003b\" data-id=\"9ec003b\" data-element_type=\"column\" data-e-type=\"column\">\n\t\t\t<div class=\"elementor-widget-wrap elementor-element-populated\">\n\t\t\t\t\t\t<div class=\"elementor-element elementor-element-526aa7d elementor-widget elementor-widget-text-editor\" data-id=\"526aa7d\" data-element_type=\"widget\" data-e-type=\"widget\" data-widget_type=\"text-editor.default\">\n\t\t\t\t<div class=\"elementor-widget-container\">\n\t\t\t\t\t\t\t\t\t<p style=\"text-align: right;\">Kadra naszego obozu to zgrany i z\u017cyty zesp\u00f3\u0142.<br \/>Z jednej strony osoby na co dzie\u0144 pracuj\u0105ce z dzie\u0107mi, z drugiej &#8211; pasjonaci szach\u00f3w odpowiednio przeszkoleni do prowadzenia zaj\u0119\u0107 szachowych.<\/p>\t\t\t\t\t\t\t\t<\/div>\n\t\t\t\t<\/div>\n\t\t\t\t\t<\/div>\n\t\t<\/div>\n\t\t\t\t<div class=\"elementor-column elementor-col-33 elementor-inner-column elementor-element elementor-element-ad44264\" data-id=\"ad44264\" data-element_type=\"column\" data-e-type=\"column\">\n\t\t\t<div class=\"elementor-widget-wrap elementor-element-populated\">\n\t\t\t\t\t\t<div class=\"elementor-element elementor-element-3d37992 elementor-widget elementor-widget-heading\" data-id=\"3d37992\" data-element_type=\"widget\" data-e-type=\"widget\" data-widget_type=\"heading.default\">\n\t\t\t\t<div class=\"elementor-widget-container\">\n\t\t\t\t\t<h3 class=\"elementor-heading-title elementor-size-default\">Do\u015bwiadczona ekipa<\/h3>\t\t\t\t<\/div>\n\t\t\t\t<\/div>\n\t\t\t\t\t<\/div>\n\t\t<\/div>\n\t\t\t\t\t<\/div>\n\t\t<\/section>\n\t\t\t\t\t<\/div>\n\t\t<\/div>\n\t\t\t\t\t<\/div>\n\t\t<\/section>\n\t\t\t\t<section class=\"elementor-section elementor-top-section elementor-element elementor-element-10cf42d elementor-section-boxed elementor-section-height-default elementor-section-height-default\" data-id=\"10cf42d\" data-element_type=\"section\" data-e-type=\"section\">\n\t\t\t\t\t\t<div class=\"elementor-container elementor-column-gap-default\">\n\t\t\t\t\t<div class=\"elementor-column elementor-col-100 elementor-top-column elementor-element elementor-element-0baf1b4\" data-id=\"0baf1b4\" data-element_type=\"column\" data-e-type=\"column\">\n\t\t\t<div class=\"elementor-widget-wrap elementor-element-populated\">\n\t\t\t\t\t\t<div class=\"elementor-element elementor-element-b3bceb9 elementor-widget-divider--view-line_icon elementor-view-default elementor-widget-divider--element-align-center elementor-widget elementor-widget-divider\" data-id=\"b3bceb9\" data-element_type=\"widget\" data-e-type=\"widget\" data-widget_type=\"divider.default\">\n\t\t\t\t<div class=\"elementor-widget-container\">\n\t\t\t\t\t\t\t<div class=\"elementor-divider\">\n\t\t\t<span class=\"elementor-divider-separator\">\n\t\t\t\t\t\t\t<div class=\"elementor-icon elementor-divider__element\">\n\t\t\t\t\t<i aria-hidden=\"true\" class=\"far fa-grin\"><\/i><\/div>\n\t\t\t\t\t\t<\/span>\n\t\t<\/div>\n\t\t\t\t\t\t<\/div>\n\t\t\t\t<\/div>\n\t\t\t\t\t<\/div>\n\t\t<\/div>\n\t\t\t\t\t<\/div>\n\t\t<\/section>\n\t\t\t\t<section class=\"elementor-section elementor-top-section elementor-element elementor-element-46ea1c0 elementor-section-boxed elementor-section-height-default elementor-section-height-default\" data-id=\"46ea1c0\" data-element_type=\"section\" data-e-type=\"section\">\n\t\t\t\t\t\t<div class=\"elementor-container elementor-column-gap-default\">\n\t\t\t\t\t<div class=\"elementor-column elementor-col-100 elementor-top-column elementor-element elementor-element-d110827\" data-id=\"d110827\" data-element_type=\"column\" data-e-type=\"column\">\n\t\t\t<div class=\"elementor-widget-wrap elementor-element-populated\">\n\t\t\t\t\t\t<div class=\"elementor-element elementor-element-8062a54 elementor-widget elementor-widget-image\" data-id=\"8062a54\" data-element_type=\"widget\" data-e-type=\"widget\" data-widget_type=\"image.default\">\n\t\t\t\t<div class=\"elementor-widget-container\">\n\t\t\t\t\t\t\t\t\t\t\t\t\t\t\t<img fetchpriority=\"high\" decoding=\"async\" width=\"744\" height=\"1053\" src=\"https:\/\/szachygrodzisk.pl\/wp-content\/uploads\/2020\/07\/2020-Plakat-oboz-LR.jpg\" class=\"attachment-medium_large size-medium_large wp-image-3172\" alt=\"\" srcset=\"https:\/\/szachygrodzisk.pl\/wp-content\/uploads\/2020\/07\/2020-Plakat-oboz-LR.jpg 744w, https:\/\/szachygrodzisk.pl\/wp-content\/uploads\/2020\/07\/2020-Plakat-oboz-LR-212x300.jpg 212w\" sizes=\"(max-width: 744px) 100vw, 744px\" \/>\t\t\t\t\t\t\t\t\t\t\t\t\t\t\t<\/div>\n\t\t\t\t<\/div>\n\t\t\t\t\t<\/div>\n\t\t<\/div>\n\t\t\t\t\t<\/div>\n\t\t<\/section>\n\t\t\t\t<\/div>\n\t\t","protected":false},"excerpt":{"rendered":"<p>UWAGA!!! Dzi\u0119ki uzyskaniu dofinansowania obozu z Ministerstwa Sportu obni\u017camy cen\u0119 o 100 z\u0142. Termin: 15-24 sierpnia 2020 r. (wyjazd z Grodziska Mazowieckiego rano, powr\u00f3t wieczorem)Miejsce: OSiR Stare Kale\u00f1sko (domki w standardzie kolonijno-obozowym &#8211; zdj\u0119cia)Uczestnicy: dzieci w wieku szkolnym z minimum V kategori\u0105 szachow\u0105, cz\u0142onkowie i sympatycy Szachowej Dw\u00f3jkiKoszt: 1 399 z\u0142 1 299 z\u0142, w tym zaliczka 300 z\u0142 &#8211; p\u0142atno\u015b\u0107 przelewem na konto klubowe: zaliczka przy zg\u0142oszeniu, pozosta\u0142a cz\u0119\u015b\u0107 do 31 lipcaAktualna lista zg\u0142osze\u0144 Zg\u0142oszenia i szczeg\u00f3\u0142owe informacje: J. Kici\u0144ski, tel. 511 834 619, email: jkicinski@szachygrodzisk.plNi\u017cszy koszt dla uczestnik\u00f3w z w\u0142asnym transportem oraz dla os\u00f3b towarzysz\u0105cych &#8211; prosimy o&hellip;<\/p>\n<p> <a class=\"more-link\" href=\"https:\/\/szachygrodzisk.pl\/index.php\/oboz-wakacyjny-2020\/\">Dowiedz si\u0119 wi\u0119cej<\/a><\/p>\n","protected":false},"author":2,"featured_media":0,"parent":0,"menu_order":0,"comment_status":"closed","ping_status":"closed","template":"","meta":{"_monsterinsights_skip_tracking":false,"_monsterinsights_sitenote_active":false,"_monsterinsights_sitenote_note":"","_monsterinsights_sitenote_category":0,"footnotes":""},"class_list":["post-2515","page","type-page","status-publish"],"_links":{"self":[{"href":"https:\/\/szachygrodzisk.pl\/index.php\/wp-json\/wp\/v2\/pages\/2515","targetHints":{"allow":["GET"]}}],"collection":[{"href":"https:\/\/szachygrodzisk.pl\/index.php\/wp-json\/wp\/v2\/pages"}],"about":[{"href":"https:\/\/szachygrodzisk.pl\/index.php\/wp-json\/wp\/v2\/types\/page"}],"author":[{"embeddable":true,"href":"https:\/\/szachygrodzisk.pl\/index.php\/wp-json\/wp\/v2\/users\/2"}],"replies":[{"embeddable":true,"href":"https:\/\/szachygrodzisk.pl\/index.php\/wp-json\/wp\/v2\/comments?post=2515"}],"version-history":[{"count":20,"href":"https:\/\/szachygrodzisk.pl\/index.php\/wp-json\/wp\/v2\/pages\/2515\/revisions"}],"predecessor-version":[{"id":3174,"href":"https:\/\/szachygrodzisk.pl\/index.php\/wp-json\/wp\/v2\/pages\/2515\/revisions\/3174"}],"wp:attachment":[{"href":"https:\/\/szachygrodzisk.pl\/index.php\/wp-json\/wp\/v2\/media?parent=2515"}],"curies":[{"name":"wp","href":"https:\/\/api.w.org\/{rel}","templated":true}]}}