{"id":2582,"date":"2020-02-14T21:59:55","date_gmt":"2020-02-14T20:59:55","guid":{"rendered":"https:\/\/szachygrodzisk.pl\/?page_id=2582"},"modified":"2025-10-29T21:14:48","modified_gmt":"2025-10-29T20:14:48","slug":"1-procent","status":"publish","type":"page","link":"https:\/\/szachygrodzisk.pl\/index.php\/1-procent\/","title":{"rendered":"1.5% na TW\u00d3J KLUB"},"content":{"rendered":"\t\t<div data-elementor-type=\"wp-page\" data-elementor-id=\"2582\" class=\"elementor elementor-2582\">\n\t\t\t\t\t\t<section class=\"elementor-section elementor-top-section elementor-element elementor-element-665e1adc elementor-section-boxed elementor-section-height-default elementor-section-height-default\" data-id=\"665e1adc\" data-element_type=\"section\" data-e-type=\"section\">\n\t\t\t\t\t\t<div class=\"elementor-container elementor-column-gap-default\">\n\t\t\t\t\t<div class=\"elementor-column elementor-col-100 elementor-top-column elementor-element elementor-element-469dfe1\" data-id=\"469dfe1\" data-element_type=\"column\" data-e-type=\"column\">\n\t\t\t<div class=\"elementor-widget-wrap elementor-element-populated\">\n\t\t\t\t\t\t<div class=\"elementor-element elementor-element-4becaf10 elementor-widget elementor-widget-text-editor\" data-id=\"4becaf10\" data-element_type=\"widget\" data-e-type=\"widget\" data-widget_type=\"text-editor.default\">\n\t\t\t\t<div class=\"elementor-widget-container\">\n\t\t\t\t\t\t\t\t\t<p><\/p>\n<p>Kontynuujemy wsp\u00f3\u0142prac\u0119 z <strong>Fundacj\u0105 Partnerstwo<\/strong> w ramach programu \u201e<strong>1.5% na TW\u00d3J KLUB<\/strong>\u201d (wcze\u015bniej \u201e1% na TW\u00d3J KLUB\u201d). W jej wyniku w zeznaniach podatkowych za 2025 r. (PIT-36,PIT -36L, PIT-37, PIT 38, PIT-28, PIT-OP) mo\u017cna wskaza\u0107 Szachow\u0105 Dw\u00f3jk\u0119 jako beneficjenta \u015brodk\u00f3w. Zgodnie z regulaminem programu na konto klub trafia 100% kwoty zadeklarowanej przez podatnik\u00f3w.<\/p>\n<p><\/p>\n<p><\/p>\n<p>Aby przekaza\u0107 1.5% Szachowej Dw\u00f3jce, w zeznaniu podatkowym nale\u017cy poda\u0107:<br>&#8211; w rubryce \u201eNumer KRS\u201d <strong>0000197334<\/strong><br>&#8211; w rubryce \u201eCel szczeg\u00f3\u0142owy 1,5%\u201d <strong>UKS Szachowa Dw\u00f3jka Grodzisk Maz.; ul. Westfala 3; 05-825 Grodzisk Maz.<\/strong><\/p>\n<p><\/p>\n<p><\/p>\n<p>Powy\u017cszy numer jest numerem KRS Fundacji Partnerstwo (posiadaj\u0105cej status Organizacji Po\u017cytku Publicznego &#8211; OPP). Wielko\u015b\u0107 liter w pozycji &#8222;Cel szczeg\u00f3\u0142owy 1.5%&#8221; nie ma znaczenia, wa\u017cne, aby poda\u0107 tam nazw\u0119 i <span style=\"text-decoration: underline;\">adres klubu<\/span>.<\/p>\n<p><\/p>\n<p><\/p>\n<p>Fundacja Partnerstwo: <a href=\"https:\/\/www.partnerstwo.pl\/\">https:\/\/www.partnerstwo.pl\/<\/a><br>Informacje o programie: <a href=\"https:\/\/www.partnerstwo.pl\/1-na-twoj-klub-sportowy\">https:\/\/www.partnerstwo.pl\/1-na-twoj-klub-sportowy<\/a><br>W razie jakichkolwiek pyta\u0144 czy w\u0105tpliwo\u015bci prosimy o kontakt.<\/p>\n<p><\/p>\n<p><\/p>\n<p>W ubieg\u0142ych latach z tytu\u0142u programu &#8222;1.5% na TW\u00d3J KLUB&#8221; otrzymali\u015bmy:<\/p>\n<ul>\n<li>7 469 z\u0142 w 2025 r.<\/li>\n<li>10 167 z\u0142 w 2024 r.<\/li>\n<li>8 044 z\u0142 w 2023 r.<\/li>\n<li>3 104 z\u0142 w 2022 r.<\/li>\n<li>2 036 z\u0142 w 2021 r.<\/li>\n<li>1 359 z\u0142 w 2020 r.<\/li>\n<\/ul>\n<p>Serdecznie dzi\u0119kujemy!!!<\/p>\n<p><\/p>\n<p><\/p>\n<figure class=\"wp-block-image size-large\"><img decoding=\"async\" src=\"https:\/\/www.partnerstwo.pl\/dokumenty\/logoSponsorS.png\" alt=\"\"><img decoding=\"async\" style=\"word-spacing: normal;\" src=\"https:\/\/www.partnerstwo.pl\/images\/baner\/71.png\" alt=\"\"><\/figure>\n<p><\/p>\n<p><\/p>\n<p><\/p>\t\t\t\t\t\t\t\t<\/div>\n\t\t\t\t<\/div>\n\t\t\t\t\t<\/div>\n\t\t<\/div>\n\t\t\t\t\t<\/div>\n\t\t<\/section>\n\t\t\t\t<\/div>\n\t\t","protected":false},"excerpt":{"rendered":"<p>Kontynuujemy wsp\u00f3\u0142prac\u0119 z Fundacj\u0105 Partnerstwo w ramach programu \u201e1.5% na TW\u00d3J KLUB\u201d (wcze\u015bniej \u201e1% na TW\u00d3J KLUB\u201d). W jej wyniku w zeznaniach podatkowych za 2025 r. (PIT-36,PIT -36L, PIT-37, PIT 38, PIT-28, PIT-OP) mo\u017cna wskaza\u0107 Szachow\u0105 Dw\u00f3jk\u0119 jako beneficjenta \u015brodk\u00f3w. Zgodnie z regulaminem programu na konto klub trafia 100% kwoty zadeklarowanej przez podatnik\u00f3w. Aby przekaza\u0107 1.5% Szachowej Dw\u00f3jce, w zeznaniu podatkowym nale\u017cy poda\u0107:&#8211; w rubryce \u201eNumer KRS\u201d 0000197334&#8211; w rubryce \u201eCel szczeg\u00f3\u0142owy 1,5%\u201d UKS Szachowa Dw\u00f3jka Grodzisk Maz.; ul. Westfala 3; 05-825 Grodzisk Maz. Powy\u017cszy numer jest numerem KRS Fundacji Partnerstwo (posiadaj\u0105cej status Organizacji Po\u017cytku Publicznego &#8211; OPP). Wielko\u015b\u0107 liter&hellip;<\/p>\n<p> <a class=\"more-link\" href=\"https:\/\/szachygrodzisk.pl\/index.php\/1-procent\/\">Dowiedz si\u0119 wi\u0119cej<\/a><\/p>\n","protected":false},"author":2,"featured_media":0,"parent":0,"menu_order":0,"comment_status":"closed","ping_status":"closed","template":"","meta":{"_monsterinsights_skip_tracking":false,"_monsterinsights_sitenote_active":false,"_monsterinsights_sitenote_note":"","_monsterinsights_sitenote_category":0,"footnotes":""},"class_list":["post-2582","page","type-page","status-publish"],"_links":{"self":[{"href":"https:\/\/szachygrodzisk.pl\/index.php\/wp-json\/wp\/v2\/pages\/2582","targetHints":{"allow":["GET"]}}],"collection":[{"href":"https:\/\/szachygrodzisk.pl\/index.php\/wp-json\/wp\/v2\/pages"}],"about":[{"href":"https:\/\/szachygrodzisk.pl\/index.php\/wp-json\/wp\/v2\/types\/page"}],"author":[{"embeddable":true,"href":"https:\/\/szachygrodzisk.pl\/index.php\/wp-json\/wp\/v2\/users\/2"}],"replies":[{"embeddable":true,"href":"https:\/\/szachygrodzisk.pl\/index.php\/wp-json\/wp\/v2\/comments?post=2582"}],"version-history":[{"count":21,"href":"https:\/\/szachygrodzisk.pl\/index.php\/wp-json\/wp\/v2\/pages\/2582\/revisions"}],"predecessor-version":[{"id":11295,"href":"https:\/\/szachygrodzisk.pl\/index.php\/wp-json\/wp\/v2\/pages\/2582\/revisions\/11295"}],"wp:attachment":[{"href":"https:\/\/szachygrodzisk.pl\/index.php\/wp-json\/wp\/v2\/media?parent=2582"}],"curies":[{"name":"wp","href":"https:\/\/api.w.org\/{rel}","templated":true}]}}