{"id":2612,"date":"2020-03-03T11:57:55","date_gmt":"2020-03-03T10:57:55","guid":{"rendered":"https:\/\/szachygrodzisk.pl\/?page_id=2612"},"modified":"2026-03-18T08:46:34","modified_gmt":"2026-03-18T07:46:34","slug":"system-sportu-mlodziezowego","status":"publish","type":"page","link":"https:\/\/szachygrodzisk.pl\/index.php\/system-sportu-mlodziezowego\/","title":{"rendered":"System Sportu M\u0142odzie\u017cowego"},"content":{"rendered":"\t\t<div data-elementor-type=\"wp-page\" data-elementor-id=\"2612\" class=\"elementor elementor-2612\">\n\t\t\t\t\t\t<section class=\"elementor-section elementor-top-section elementor-element elementor-element-78da59d7 elementor-section-boxed elementor-section-height-default elementor-section-height-default\" data-id=\"78da59d7\" data-element_type=\"section\" data-e-type=\"section\">\n\t\t\t\t\t\t<div class=\"elementor-container elementor-column-gap-default\">\n\t\t\t\t\t<div class=\"elementor-column elementor-col-100 elementor-top-column elementor-element elementor-element-291fbb4b\" data-id=\"291fbb4b\" data-element_type=\"column\" data-e-type=\"column\">\n\t\t\t<div class=\"elementor-widget-wrap elementor-element-populated\">\n\t\t\t\t\t\t<div class=\"elementor-element elementor-element-2531a8a4 elementor-widget elementor-widget-text-editor\" data-id=\"2531a8a4\" data-element_type=\"widget\" data-e-type=\"widget\" data-widget_type=\"text-editor.default\">\n\t\t\t\t<div class=\"elementor-widget-container\">\n\t\t\t\t\t\t\t\t\t<p>&#8222;<strong>System Sportu M\u0142odzie\u017cowego (SSM)<\/strong> to przyj\u0119ty zbi\u00f3r zasad i regulamin\u00f3w organizacji szkolenia i wsp\u00f3\u0142zawodnictwa sportowego m\u0142odzie\u017cy uzdolnionej, opracowany na zlecenie ministra w\u0142a\u015bciwego d\/s kultury fizycznej i sportu przez niego nadzorowany i koordynowany oraz dofinansowywany ze \u015brodk\u00f3w publicznych przeznaczanych corocznie na rozw\u00f3j sportu dzieci i m\u0142odzie\u017cy.&#8221; (Zasady Og\u00f3lne Systemu Sportu M\u0142odzie\u017cowego)<\/p>\n<p><!-- \/wp:paragraph --><\/p>\n<p><!-- wp:paragraph --><\/p>\n<p>W szachach zawodami klasyfikowanymi w Systemie Sportu M\u0142odzie\u017cowego s\u0105:<br \/>&#8211; Mi\u0119dzywojew\u00f3dzkie Mistrzostwa M\u0142odzik\u00f3w (dzieci w wieku 8-10 lat, woj. mazowieckie gra razem z woj. warmi\u0144sko-mazurskim)<br \/>&#8211; Mistrzostwa Polski do lat 12 \/ 14 \/ 16 \/ 18 w szachach<br \/>&#8211; Mistrzostwa Polski do lat 12 \/ 14 \/ 16 \/ 18 w szachach szybkich<br \/>&#8211; Mistrzostwa Polski do lat 12 \/ 14 \/ 16 \/ 18 w szachach b\u0142yskawicznych<\/p>\n<p>Poni\u017csza tabela zawiera punkty Szachowej Dw\u00f3jki zaliczone w Systemie Sportu M\u0142odzie\u017cowego w rozbiciu na zawodnik\u00f3w i lata. Kolory t\u0142a oznaczaj\u0105 kategori\u0119 wiekow\u0105 zawodnika w danym roku: <span style=\"background-color: #fcf3cf;\">m\u0142odzik<\/span>, <span style=\"background-color: #f9e79f;\">junior m\u0142odszy<\/span>, <span style=\"background-color: #f7dc6f;\">junior<\/span>.<\/p>\n<p>Od 2024 r. zwi\u0119kszy\u0142a si\u0119 liczba punkt\u00f3w przyznawanych za wy\u017csze miejsca w zawodach, w niekt\u00f3rych zawodach zwi\u0119kszono liczb\u0119 punktuj\u0105cych miejsc (np. MMM).<\/p>\n<p><!-- \/wp:paragraph --><\/p>\t\t\t\t\t\t\t\t<\/div>\n\t\t\t\t<\/div>\n\t\t\t\t\t<\/div>\n\t\t<\/div>\n\t\t\t\t\t<\/div>\n\t\t<\/section>\n\t\t\t\t<section class=\"elementor-section elementor-top-section elementor-element elementor-element-2bd4e15 elementor-section-boxed elementor-section-height-default elementor-section-height-default\" data-id=\"2bd4e15\" data-element_type=\"section\" data-e-type=\"section\">\n\t\t\t\t\t\t<div class=\"elementor-container elementor-column-gap-default\">\n\t\t\t\t\t<div class=\"elementor-column elementor-col-100 elementor-top-column elementor-element elementor-element-4890f11\" data-id=\"4890f11\" data-element_type=\"column\" data-e-type=\"column\">\n\t\t\t<div class=\"elementor-widget-wrap elementor-element-populated\">\n\t\t\t\t\t\t<div class=\"elementor-element elementor-element-326506a elementor-widget elementor-widget-html\" data-id=\"326506a\" data-element_type=\"widget\" data-e-type=\"widget\" data-widget_type=\"html.default\">\n\t\t\t\t<div class=\"elementor-widget-container\">\n\t\t\t\t\t<table style=\"border: 2px solid black\">\r\n<tr style=\"border: 2px solid black\"><th><\/th><th>Zawodnik<\/th><th>Ur.<\/th><th>PKT<\/th><th>2026<\/th><th>2025<\/th><th>2024<\/th><th>2023<\/th><th>2022<\/th><th>2021<\/th><th>2020<\/th><th>2019<\/th><th>2018<\/th><th>2017<\/th><\/tr>\r\n<tr><td style=\"text-align: right;\">1.<\/td><td>Magdalena Kici\u0144ska<\/td><td>2007<\/td><td style=\"text-align: right;\"><b>51<\/b><\/td><td style=\"text-align: right; background-color: FA\u0141SZ;\"><\/td><td style=\"text-align: right; background-color: #F7DC6F;\">20<\/td><td style=\"text-align: right; background-color: #F7DC6F;\">9<\/td><td style=\"text-align: right; background-color: #F7DC6F;\">5<\/td><td style=\"text-align: right; background-color: #F7DC6F;\">4<\/td><td style=\"text-align: right; background-color: #F9E79F;\">4<\/td><td style=\"text-align: right; background-color: #F9E79F;\">1<\/td><td style=\"text-align: right; background-color: #F9E79F;\">5<\/td><td style=\"text-align: right; background-color: #F9E79F;\"><\/td><td style=\"text-align: right; background-color: #fcf3cf;\">3<\/td><\/tr>\r\n<tr><td style=\"text-align: right;\">2.<\/td><td>Anna Kici\u0144ska<\/td><td>2009<\/td><td style=\"text-align: right;\"><b>50<\/b><\/td><td style=\"text-align: right; background-color: #F7DC6F;\">3<\/td><td style=\"text-align: right; background-color: #F7DC6F;\">20<\/td><td style=\"text-align: right; background-color: #F7DC6F;\">6<\/td><td style=\"text-align: right; background-color: #F9E79F;\">7<\/td><td style=\"text-align: right; background-color: #F9E79F;\">3<\/td><td style=\"text-align: right; background-color: #F9E79F;\">7<\/td><td style=\"text-align: right; background-color: #F9E79F;\"><\/td><td style=\"text-align: right; background-color: #fcf3cf;\">2<\/td><td style=\"text-align: right; background-color: #fcf3cf;\">1<\/td><td style=\"text-align: right; background-color: #fcf3cf;\">1<\/td><\/tr>\r\n<tr><td style=\"text-align: right;\">3.<\/td><td><i>Weronika Trzci\u0144ska<\/i><\/td><td>2014<\/td><td style=\"text-align: right;\"><b>20<\/b><\/td><td style=\"text-align: right; background-color: #F9E79F;\"><\/td><td style=\"text-align: right; background-color: #F9E79F;\">13<\/td><td style=\"text-align: right; background-color: #fcf3cf;\">5<\/td><td style=\"text-align: right; background-color: #fcf3cf;\">2<\/td><td style=\"text-align: right; background-color: #fcf3cf;\"><\/td><td style=\"text-align: right; background-color: FA\u0141SZ;\"><\/td><td style=\"text-align: right; background-color: FA\u0141SZ;\"><\/td><td style=\"text-align: right; background-color: FA\u0141SZ;\"><\/td><td style=\"text-align: right; background-color: FA\u0141SZ;\"><\/td><td style=\"text-align: right; background-color: FA\u0141SZ;\"><\/td><\/tr>\r\n<tr><td style=\"text-align: right;\">4.<\/td><td>Vaclav Rajlich<\/td><td>2010<\/td><td style=\"text-align: right;\"><b>17<\/b><\/td><td style=\"text-align: right; background-color: #F7DC6F;\">9<\/td><td style=\"text-align: right; background-color: #F7DC6F;\">6<\/td><td style=\"text-align: right; background-color: #F9E79F;\"><\/td><td style=\"text-align: right; background-color: #F9E79F;\">2<\/td><td style=\"text-align: right; background-color: #F9E79F;\"><\/td><td style=\"text-align: right; background-color: #F9E79F;\"><\/td><td style=\"text-align: right; background-color: #fcf3cf;\"><\/td><td style=\"text-align: right; background-color: #fcf3cf;\"><\/td><td style=\"text-align: right; background-color: #fcf3cf;\"><\/td><td style=\"text-align: right; background-color: FA\u0141SZ;\"><\/td><\/tr>\r\n<tr><td style=\"text-align: right;\">5.<\/td><td>Ma\u0142gorzata Kici\u0144ska<\/td><td>2012<\/td><td style=\"text-align: right;\"><b>16<\/b><\/td><td style=\"text-align: right; background-color: #F9E79F;\"><\/td><td style=\"text-align: right; background-color: #F9E79F;\">2<\/td><td style=\"text-align: right; background-color: #F9E79F;\">8<\/td><td style=\"text-align: right; background-color: #F9E79F;\">2<\/td><td style=\"text-align: right; background-color: #fcf3cf;\">2<\/td><td style=\"text-align: right; background-color: #fcf3cf;\">1<\/td><td style=\"text-align: right; background-color: #fcf3cf;\">1<\/td><td style=\"text-align: right; background-color: FA\u0141SZ;\"><\/td><td style=\"text-align: right; background-color: FA\u0141SZ;\"><\/td><td style=\"text-align: right; background-color: FA\u0141SZ;\"><\/td><\/tr>\r\n<tr><td style=\"text-align: right;\"><\/td><td>Hanna \u0141oboda<\/td><td>2011<\/td><td style=\"text-align: right;\"><b>16<\/b><\/td><td style=\"text-align: right; background-color: #F7DC6F;\"><\/td><td style=\"text-align: right; background-color: #F9E79F;\">4<\/td><td style=\"text-align: right; background-color: #F9E79F;\">7<\/td><td style=\"text-align: right; background-color: #F9E79F;\">4<\/td><td style=\"text-align: right; background-color: #F9E79F;\">1<\/td><td style=\"text-align: right; background-color: #fcf3cf;\"><\/td><td style=\"text-align: right; background-color: #fcf3cf;\"><\/td><td style=\"text-align: right; background-color: #fcf3cf;\"><\/td><td style=\"text-align: right; background-color: FA\u0141SZ;\"><\/td><td style=\"text-align: right; background-color: FA\u0141SZ;\"><\/td><\/tr>\r\n<tr><td style=\"text-align: right;\">7.<\/td><td>Karol Mielcuch<\/td><td>2011<\/td><td style=\"text-align: right;\"><b>8<\/b><\/td><td style=\"text-align: right; background-color: #F7DC6F;\"><\/td><td style=\"text-align: right; background-color: #F9E79F;\">2<\/td><td style=\"text-align: right; background-color: #F9E79F;\">2<\/td><td style=\"text-align: right; background-color: #F9E79F;\">4<\/td><td style=\"text-align: right; background-color: #F9E79F;\"><\/td><td style=\"text-align: right; background-color: #fcf3cf;\"><\/td><td style=\"text-align: right; background-color: #fcf3cf;\"><\/td><td style=\"text-align: right; background-color: #fcf3cf;\"><\/td><td style=\"text-align: right; background-color: FA\u0141SZ;\"><\/td><td style=\"text-align: right; background-color: FA\u0141SZ;\"><\/td><\/tr>\r\n<tr><td style=\"text-align: right;\">8.<\/td><td><i>Wiktoria Trzci\u0144ska<\/i><\/td><td>2017<\/td><td style=\"text-align: right;\"><b>4<\/b><\/td><td style=\"text-align: right; background-color: #fcf3cf;\"><\/td><td style=\"text-align: right; background-color: #fcf3cf;\">4<\/td><td style=\"text-align: right; background-color: FA\u0141SZ;\"><\/td><td style=\"text-align: right; background-color: FA\u0141SZ;\"><\/td><td style=\"text-align: right; background-color: FA\u0141SZ;\"><\/td><td style=\"text-align: right; background-color: FA\u0141SZ;\"><\/td><td style=\"text-align: right; background-color: FA\u0141SZ;\"><\/td><td style=\"text-align: right; background-color: FA\u0141SZ;\"><\/td><td style=\"text-align: right; background-color: FA\u0141SZ;\"><\/td><td style=\"text-align: right; background-color: FA\u0141SZ;\"><\/td><\/tr>\r\n<tr><td style=\"text-align: right;\">9.<\/td><td><i>Lena Jastrz\u0119bska<\/i><\/td><td>2011<\/td><td style=\"text-align: right;\"><b>3<\/b><\/td><td style=\"text-align: right; background-color: #F7DC6F;\"><\/td><td style=\"text-align: right; background-color: #F9E79F;\">1<\/td><td style=\"text-align: right; background-color: #F9E79F;\"><\/td><td style=\"text-align: right; background-color: #F9E79F;\"><\/td><td style=\"text-align: right; background-color: #F9E79F;\">1<\/td><td style=\"text-align: right; background-color: #fcf3cf;\">1<\/td><td style=\"text-align: right; background-color: #fcf3cf;\"><\/td><td style=\"text-align: right; background-color: #fcf3cf;\"><\/td><td style=\"text-align: right; background-color: FA\u0141SZ;\"><\/td><td style=\"text-align: right; background-color: FA\u0141SZ;\"><\/td><\/tr>\r\n<tr><td style=\"text-align: right;\">10.<\/td><td>Milan Fuks<\/td><td>2015<\/td><td style=\"text-align: right;\"><b>2,5<\/b><\/td><td style=\"text-align: right; background-color: #F9E79F;\"><\/td><td style=\"text-align: right; background-color: #fcf3cf;\">2,5<\/td><td style=\"text-align: right; background-color: #fcf3cf;\"><\/td><td style=\"text-align: right; background-color: #fcf3cf;\"><\/td><td style=\"text-align: right; background-color: FA\u0141SZ;\"><\/td><td style=\"text-align: right; background-color: FA\u0141SZ;\"><\/td><td style=\"text-align: right; background-color: FA\u0141SZ;\"><\/td><td style=\"text-align: right; background-color: FA\u0141SZ;\"><\/td><td style=\"text-align: right; background-color: FA\u0141SZ;\"><\/td><td style=\"text-align: right; background-color: FA\u0141SZ;\"><\/td><\/tr>\r\n<tr><td style=\"text-align: right;\">11.<\/td><td><i>Karolina Ga\u0142ajda<\/i><\/td><td>2010<\/td><td style=\"text-align: right;\"><b>2<\/b><\/td><td style=\"text-align: right; background-color: #F7DC6F;\"><\/td><td style=\"text-align: right; background-color: #F7DC6F;\"><\/td><td style=\"text-align: right; background-color: #F9E79F;\"><\/td><td style=\"text-align: right; background-color: #F9E79F;\"><\/td><td style=\"text-align: right; background-color: #F9E79F;\"><\/td><td style=\"text-align: right; background-color: #F9E79F;\"><\/td><td style=\"text-align: right; background-color: #fcf3cf;\"><\/td><td style=\"text-align: right; background-color: #fcf3cf;\">1<\/td><td style=\"text-align: right; background-color: #fcf3cf;\">1<\/td><td style=\"text-align: right; background-color: FA\u0141SZ;\"><\/td><\/tr>\r\n<tr><td style=\"text-align: right;\"><\/td><td>Dominik Kisiel<\/td><td>2010<\/td><td style=\"text-align: right;\"><b>2<\/b><\/td><td style=\"text-align: right; background-color: #F7DC6F;\"><\/td><td style=\"text-align: right; background-color: #F7DC6F;\"><\/td><td style=\"text-align: right; background-color: #F9E79F;\"><\/td><td style=\"text-align: right; background-color: #F9E79F;\"><\/td><td style=\"text-align: right; background-color: #F9E79F;\"><\/td><td style=\"text-align: right; background-color: #F9E79F;\"><\/td><td style=\"text-align: right; background-color: #fcf3cf;\">1<\/td><td style=\"text-align: right; background-color: #fcf3cf;\">1<\/td><td style=\"text-align: right; background-color: #fcf3cf;\"><\/td><td style=\"text-align: right; background-color: FA\u0141SZ;\"><\/td><\/tr>\r\n<tr><td style=\"text-align: right;\"><\/td><td>Wojciech \u0141oboda<\/td><td>2015<\/td><td style=\"text-align: right;\"><b>2<\/b><\/td><td style=\"text-align: right; background-color: #F9E79F;\"><\/td><td style=\"text-align: right; background-color: #fcf3cf;\"><\/td><td style=\"text-align: right; background-color: #fcf3cf;\">1<\/td><td style=\"text-align: right; background-color: #fcf3cf;\">1<\/td><td style=\"text-align: right; background-color: FA\u0141SZ;\"><\/td><td style=\"text-align: right; background-color: FA\u0141SZ;\"><\/td><td style=\"text-align: right; background-color: FA\u0141SZ;\"><\/td><td style=\"text-align: right; background-color: FA\u0141SZ;\"><\/td><td style=\"text-align: right; background-color: FA\u0141SZ;\"><\/td><td style=\"text-align: right; background-color: FA\u0141SZ;\"><\/td><\/tr>\r\n<tr><td style=\"text-align: right;\"><\/td><td><i>Liliana Owczarzak<\/i><\/td><td>2015<\/td><td style=\"text-align: right;\"><b>2<\/b><\/td><td style=\"text-align: right; background-color: #F9E79F;\"><\/td><td style=\"text-align: right; background-color: #fcf3cf;\"><\/td><td style=\"text-align: right; background-color: #fcf3cf;\">2<\/td><td style=\"text-align: right; background-color: #fcf3cf;\"><\/td><td style=\"text-align: right; background-color: FA\u0141SZ;\"><\/td><td style=\"text-align: right; background-color: FA\u0141SZ;\"><\/td><td style=\"text-align: right; background-color: FA\u0141SZ;\"><\/td><td style=\"text-align: right; background-color: FA\u0141SZ;\"><\/td><td style=\"text-align: right; background-color: FA\u0141SZ;\"><\/td><td style=\"text-align: right; background-color: FA\u0141SZ;\"><\/td><\/tr>\r\n<tr><td style=\"text-align: right;\"><\/td><td>Stanislav Lenkov<\/td><td>2014<\/td><td style=\"text-align: right;\"><b>2<\/b><\/td><td style=\"text-align: right; background-color: #F9E79F;\"><\/td><td style=\"text-align: right; background-color: #F9E79F;\"><\/td><td style=\"text-align: right; background-color: #fcf3cf;\">2<\/td><td style=\"text-align: right; background-color: #fcf3cf;\"><\/td><td style=\"text-align: right; background-color: #fcf3cf;\"><\/td><td style=\"text-align: right; background-color: FA\u0141SZ;\"><\/td><td style=\"text-align: right; background-color: FA\u0141SZ;\"><\/td><td style=\"text-align: right; background-color: FA\u0141SZ;\"><\/td><td style=\"text-align: right; background-color: FA\u0141SZ;\"><\/td><td style=\"text-align: right; background-color: FA\u0141SZ;\"><\/td><\/tr>\r\n<tr><td style=\"text-align: right;\"><\/td><td>Simon Rajlich<\/td><td>2013<\/td><td style=\"text-align: right;\"><b>2<\/b><\/td><td style=\"text-align: right; background-color: #F9E79F;\"><\/td><td style=\"text-align: right; background-color: #F9E79F;\">2<\/td><td style=\"text-align: right; background-color: #F9E79F;\"><\/td><td style=\"text-align: right; background-color: #fcf3cf;\"><\/td><td style=\"text-align: right; background-color: #fcf3cf;\"><\/td><td style=\"text-align: right; background-color: #fcf3cf;\"><\/td><td style=\"text-align: right; background-color: FA\u0141SZ;\"><\/td><td style=\"text-align: right; background-color: FA\u0141SZ;\"><\/td><td style=\"text-align: right; background-color: FA\u0141SZ;\"><\/td><td style=\"text-align: right; background-color: FA\u0141SZ;\"><\/td><\/tr>\r\n<tr><td style=\"text-align: right;\">17.<\/td><td><i>Micha\u0142 Daniszewski<\/i><\/td><td>2010<\/td><td style=\"text-align: right;\"><b>1<\/b><\/td><td style=\"text-align: right; background-color: #F7DC6F;\"><\/td><td style=\"text-align: right; background-color: #F7DC6F;\"><\/td><td style=\"text-align: right; background-color: #F9E79F;\"><\/td><td style=\"text-align: right; background-color: #F9E79F;\"><\/td><td style=\"text-align: right; background-color: #F9E79F;\"><\/td><td style=\"text-align: right; background-color: #F9E79F;\"><\/td><td style=\"text-align: right; background-color: #fcf3cf;\">1<\/td><td style=\"text-align: right; background-color: #fcf3cf;\"><\/td><td style=\"text-align: right; background-color: #fcf3cf;\"><\/td><td style=\"text-align: right; background-color: FA\u0141SZ;\"><\/td><\/tr>\r\n<tr><td style=\"text-align: right;\"><\/td><td>Karol Twardowski<\/td><td>2011<\/td><td style=\"text-align: right;\"><b>1<\/b><\/td><td style=\"text-align: right; background-color: #F7DC6F;\"><\/td><td style=\"text-align: right; background-color: #F9E79F;\"><\/td><td style=\"text-align: right; background-color: #F9E79F;\"><\/td><td style=\"text-align: right; background-color: #F9E79F;\"><\/td><td style=\"text-align: right; background-color: #F9E79F;\"><\/td><td style=\"text-align: right; background-color: #fcf3cf;\"><\/td><td style=\"text-align: right; background-color: #fcf3cf;\">1<\/td><td style=\"text-align: right; background-color: #fcf3cf;\"><\/td><td style=\"text-align: right; background-color: FA\u0141SZ;\"><\/td><td style=\"text-align: right; background-color: FA\u0141SZ;\"><\/td><\/tr>\r\n<tr><td style=\"text-align: right;\"><\/td><td>\u0141ucja Pawlukoj\u0107<\/td><td>2014<\/td><td style=\"text-align: right;\"><b>1<\/b><\/td><td style=\"text-align: right; background-color: #F9E79F;\"><\/td><td style=\"text-align: right; background-color: #F9E79F;\"><\/td><td style=\"text-align: right; background-color: #fcf3cf;\"><\/td><td style=\"text-align: right; background-color: #fcf3cf;\">1<\/td><td style=\"text-align: right; background-color: #fcf3cf;\"><\/td><td style=\"text-align: right; background-color: FA\u0141SZ;\"><\/td><td style=\"text-align: right; background-color: FA\u0141SZ;\"><\/td><td style=\"text-align: right; background-color: FA\u0141SZ;\"><\/td><td style=\"text-align: right; background-color: FA\u0141SZ;\"><\/td><td style=\"text-align: right; background-color: FA\u0141SZ;\"><\/td><\/tr>\r\n<tr><td style=\"text-align: right;\"><\/td><td>Micha\u0142 Bombi\u0144ski<\/td><td>2012<\/td><td style=\"text-align: right;\"><b>1<\/b><\/td><td style=\"text-align: right; background-color: #F9E79F;\"><\/td><td style=\"text-align: right; background-color: #F9E79F;\"><\/td><td style=\"text-align: right; background-color: #F9E79F;\"><\/td><td style=\"text-align: right; background-color: #F9E79F;\"><\/td><td style=\"text-align: right; background-color: #fcf3cf;\">1<\/td><td style=\"text-align: right; background-color: #fcf3cf;\"><\/td><td style=\"text-align: right; background-color: #fcf3cf;\"><\/td><td style=\"text-align: right; background-color: FA\u0141SZ;\"><\/td><td style=\"text-align: right; background-color: FA\u0141SZ;\"><\/td><td style=\"text-align: right; background-color: FA\u0141SZ;\"><\/td><\/tr>\r\n\r\n<tr style=\"border: 2px solid black\"><th colspan=\"4\" style=\"text-align: right;\">Suma punkt\u00f3w<\/th><th style=\"text-align: right;\">12<\/th><th style=\"text-align: right;\">76,5<\/th><th style=\"text-align: right;\">42<\/th><th style=\"text-align: right;\">28<\/th><th style=\"text-align: right;\">12<\/th><th style=\"text-align: right;\">13<\/th><th style=\"text-align: right;\">5<\/th><th style=\"text-align: right;\">9<\/th><th style=\"text-align: right;\">2<\/th><th style=\"text-align: right;\">4<\/th><\/tr>\r\n<tr style=\"border: 2px solid black\"><th colspan=\"4\" style=\"text-align: right;\">Miejsce w Polsce, dyscyplina SZACHY<\/th><th style=\"text-align: right;\"><\/th><th style=\"text-align: right;\">10<\/th><th style=\"text-align: right;\">19<\/th><th style=\"text-align: right;\">27<\/th><th style=\"text-align: right;\">50<\/th><th style=\"text-align: right;\">44<\/th><th style=\"text-align: right;\">82<\/th><th style=\"text-align: right;\">55<\/th><th style=\"text-align: right;\">117<\/th><th style=\"text-align: right;\">88<\/th><\/tr>\r\n<tr style=\"border: 2px solid black\"><th colspan=\"4\" style=\"text-align: right;\">Miejsce w woj. mazowieckim, dyscyplina SZACHY<\/th><th style=\"text-align: right;\"><\/th><th style=\"text-align: right;\">3<\/th><th style=\"text-align: right;\">3<\/th><th style=\"text-align: right;\">3<\/th><th style=\"text-align: right;\">5<\/th><th style=\"text-align: right;\">4<\/th><th style=\"text-align: right;\">6<\/th><th style=\"text-align: right;\">5<\/th><th style=\"text-align: right;\">7<\/th><th style=\"text-align: right;\">7<\/th><\/tr>\r\n<\/table>\r\n\t\t\t\t<\/div>\n\t\t\t\t<\/div>\n\t\t\t\t\t<\/div>\n\t\t<\/div>\n\t\t\t\t\t<\/div>\n\t\t<\/section>\n\t\t\t\t<section class=\"elementor-section elementor-top-section elementor-element elementor-element-38bb144 elementor-section-boxed elementor-section-height-default elementor-section-height-default\" data-id=\"38bb144\" data-element_type=\"section\" data-e-type=\"section\">\n\t\t\t\t\t\t<div class=\"elementor-container elementor-column-gap-default\">\n\t\t\t\t\t<div class=\"elementor-column elementor-col-100 elementor-top-column elementor-element elementor-element-9a24ef7\" data-id=\"9a24ef7\" data-element_type=\"column\" data-e-type=\"column\">\n\t\t\t<div class=\"elementor-widget-wrap elementor-element-populated\">\n\t\t\t\t\t\t<div class=\"elementor-element elementor-element-48e8a37 elementor-widget elementor-widget-text-editor\" data-id=\"48e8a37\" data-element_type=\"widget\" data-e-type=\"widget\" data-widget_type=\"text-editor.default\">\n\t\t\t\t<div class=\"elementor-widget-container\">\n\t\t\t\t\t\t\t\t\t<p>Wi\u0119cej informacji:<br \/>&#8211; <a href=\"http:\/\/www.sport-mlodziezowy.pl\/\">http:\/\/www.sport-mlodziezowy.pl\/<br \/><\/a>&#8211; <a href=\"https:\/\/pzszach.pl\/strona-glowna\/mistrzostwa-polski-juniorow\/\">https:\/\/pzszach.pl\/strona-glowna\/mistrzostwa-polski-juniorow\/<\/a><\/p>\t\t\t\t\t\t\t\t<\/div>\n\t\t\t\t<\/div>\n\t\t\t\t\t<\/div>\n\t\t<\/div>\n\t\t\t\t\t<\/div>\n\t\t<\/section>\n\t\t\t\t<\/div>\n\t\t","protected":false},"excerpt":{"rendered":"<p>&#8222;System Sportu M\u0142odzie\u017cowego (SSM) to przyj\u0119ty zbi\u00f3r zasad i regulamin\u00f3w organizacji szkolenia i wsp\u00f3\u0142zawodnictwa sportowego m\u0142odzie\u017cy uzdolnionej, opracowany na zlecenie ministra w\u0142a\u015bciwego d\/s kultury fizycznej i sportu przez niego nadzorowany i koordynowany oraz dofinansowywany ze \u015brodk\u00f3w publicznych przeznaczanych corocznie na rozw\u00f3j sportu dzieci i m\u0142odzie\u017cy.&#8221; (Zasady Og\u00f3lne Systemu Sportu M\u0142odzie\u017cowego) W szachach zawodami klasyfikowanymi w Systemie Sportu M\u0142odzie\u017cowego s\u0105:&#8211; Mi\u0119dzywojew\u00f3dzkie Mistrzostwa M\u0142odzik\u00f3w (dzieci w wieku 8-10 lat, woj. mazowieckie gra razem z woj. warmi\u0144sko-mazurskim)&#8211; Mistrzostwa Polski do lat 12 \/ 14 \/ 16 \/ 18 w szachach&#8211; Mistrzostwa Polski do lat 12 \/ 14 \/ 16 \/ 18 w szachach&hellip;<\/p>\n<p> <a class=\"more-link\" href=\"https:\/\/szachygrodzisk.pl\/index.php\/system-sportu-mlodziezowego\/\">Dowiedz si\u0119 wi\u0119cej<\/a><\/p>\n","protected":false},"author":2,"featured_media":0,"parent":0,"menu_order":0,"comment_status":"closed","ping_status":"closed","template":"","meta":{"_monsterinsights_skip_tracking":false,"_monsterinsights_sitenote_active":false,"_monsterinsights_sitenote_note":"","_monsterinsights_sitenote_category":0,"footnotes":""},"class_list":["post-2612","page","type-page","status-publish"],"_links":{"self":[{"href":"https:\/\/szachygrodzisk.pl\/index.php\/wp-json\/wp\/v2\/pages\/2612","targetHints":{"allow":["GET"]}}],"collection":[{"href":"https:\/\/szachygrodzisk.pl\/index.php\/wp-json\/wp\/v2\/pages"}],"about":[{"href":"https:\/\/szachygrodzisk.pl\/index.php\/wp-json\/wp\/v2\/types\/page"}],"author":[{"embeddable":true,"href":"https:\/\/szachygrodzisk.pl\/index.php\/wp-json\/wp\/v2\/users\/2"}],"replies":[{"embeddable":true,"href":"https:\/\/szachygrodzisk.pl\/index.php\/wp-json\/wp\/v2\/comments?post=2612"}],"version-history":[{"count":107,"href":"https:\/\/szachygrodzisk.pl\/index.php\/wp-json\/wp\/v2\/pages\/2612\/revisions"}],"predecessor-version":[{"id":11882,"href":"https:\/\/szachygrodzisk.pl\/index.php\/wp-json\/wp\/v2\/pages\/2612\/revisions\/11882"}],"wp:attachment":[{"href":"https:\/\/szachygrodzisk.pl\/index.php\/wp-json\/wp\/v2\/media?parent=2612"}],"curies":[{"name":"wp","href":"https:\/\/api.w.org\/{rel}","templated":true}]}}