{"id":2639,"date":"2020-03-11T17:10:05","date_gmt":"2020-03-11T16:10:05","guid":{"rendered":"https:\/\/szachygrodzisk.pl\/?page_id=2639"},"modified":"2021-08-31T18:38:58","modified_gmt":"2021-08-31T16:38:58","slug":"zamiast-zajec","status":"publish","type":"page","link":"https:\/\/szachygrodzisk.pl\/index.php\/zamiast-zajec\/","title":{"rendered":"Zamiast zaj\u0119\u0107"},"content":{"rendered":"\t\t<div data-elementor-type=\"wp-page\" data-elementor-id=\"2639\" class=\"elementor elementor-2639\">\n\t\t\t\t\t\t<section class=\"elementor-section elementor-top-section elementor-element elementor-element-40cbfe7e elementor-section-boxed elementor-section-height-default elementor-section-height-default\" data-id=\"40cbfe7e\" data-element_type=\"section\" data-e-type=\"section\">\n\t\t\t\t\t\t<div class=\"elementor-container elementor-column-gap-default\">\n\t\t\t\t\t<div class=\"elementor-column elementor-col-100 elementor-top-column elementor-element elementor-element-2010a5f5\" data-id=\"2010a5f5\" data-element_type=\"column\" data-e-type=\"column\">\n\t\t\t<div class=\"elementor-widget-wrap elementor-element-populated\">\n\t\t\t\t\t\t<div class=\"elementor-element elementor-element-6996a607 elementor-widget elementor-widget-text-editor\" data-id=\"6996a607\" data-element_type=\"widget\" data-e-type=\"widget\" data-widget_type=\"text-editor.default\">\n\t\t\t\t<div class=\"elementor-widget-container\">\n\t\t\t\t\t\t\t\t\t<p><\/p>\n<p>Zawieszenie zaj\u0119\u0107 &#8222;w realu&#8221; zmusi\u0142o nas do przeniesienia si\u0119 z nasz\u0105 szachow\u0105 pasj\u0105 do \u015bwiata wirtualnego (marzec &#8211; czerwiec 2020 r.). Propozycje przedstawione wtedy pozostaj\u0105 ci\u0105gle aktualne \ud83d\ude42<\/p>\n<p><\/p>\n<p><\/p>\n<p><\/p>\t\t\t\t\t\t\t\t<\/div>\n\t\t\t\t<\/div>\n\t\t\t\t\t<\/div>\n\t\t<\/div>\n\t\t\t\t\t<\/div>\n\t\t<\/section>\n\t\t\t\t<section class=\"elementor-section elementor-top-section elementor-element elementor-element-392ba07 elementor-section-boxed elementor-section-height-default elementor-section-height-default\" data-id=\"392ba07\" data-element_type=\"section\" data-e-type=\"section\">\n\t\t\t\t\t\t<div class=\"elementor-container elementor-column-gap-default\">\n\t\t\t\t\t<div class=\"elementor-column elementor-col-100 elementor-top-column elementor-element elementor-element-929074d\" data-id=\"929074d\" data-element_type=\"column\" data-e-type=\"column\">\n\t\t\t<div class=\"elementor-widget-wrap elementor-element-populated\">\n\t\t\t\t\t\t<div class=\"elementor-element elementor-element-0bd9865 elementor-widget-divider--view-line_icon elementor-view-default elementor-widget-divider--element-align-center elementor-widget elementor-widget-divider\" data-id=\"0bd9865\" data-element_type=\"widget\" data-e-type=\"widget\" data-widget_type=\"divider.default\">\n\t\t\t\t<div class=\"elementor-widget-container\">\n\t\t\t\t\t\t\t<div class=\"elementor-divider\">\n\t\t\t<span class=\"elementor-divider-separator\">\n\t\t\t\t\t\t\t<div class=\"elementor-icon elementor-divider__element\">\n\t\t\t\t\t<i aria-hidden=\"true\" class=\"fas fa-chess-king\"><\/i><\/div>\n\t\t\t\t\t\t<\/span>\n\t\t<\/div>\n\t\t\t\t\t\t<\/div>\n\t\t\t\t<\/div>\n\t\t\t\t\t<\/div>\n\t\t<\/div>\n\t\t\t\t\t<\/div>\n\t\t<\/section>\n\t\t\t\t<section class=\"elementor-section elementor-top-section elementor-element elementor-element-2c36e0f elementor-section-boxed elementor-section-height-default elementor-section-height-default\" data-id=\"2c36e0f\" data-element_type=\"section\" data-e-type=\"section\">\n\t\t\t\t\t\t<div class=\"elementor-container elementor-column-gap-default\">\n\t\t\t\t\t<div class=\"elementor-column elementor-col-100 elementor-top-column elementor-element elementor-element-32b051f\" data-id=\"32b051f\" data-element_type=\"column\" data-e-type=\"column\">\n\t\t\t<div class=\"elementor-widget-wrap elementor-element-populated\">\n\t\t\t\t\t\t<div class=\"elementor-element elementor-element-847447d elementor-widget elementor-widget-heading\" data-id=\"847447d\" data-element_type=\"widget\" data-e-type=\"widget\" data-widget_type=\"heading.default\">\n\t\t\t\t<div class=\"elementor-widget-container\">\n\t\t\t\t\t<h3 class=\"elementor-heading-title elementor-size-default\">I. Trening czyni mistrza - podejmij wyzwanie<\/h3>\t\t\t\t<\/div>\n\t\t\t\t<\/div>\n\t\t\t\t\t<\/div>\n\t\t<\/div>\n\t\t\t\t\t<\/div>\n\t\t<\/section>\n\t\t\t\t<section class=\"elementor-section elementor-top-section elementor-element elementor-element-49950f9 elementor-section-boxed elementor-section-height-default elementor-section-height-default\" data-id=\"49950f9\" data-element_type=\"section\" data-e-type=\"section\">\n\t\t\t\t\t\t<div class=\"elementor-container elementor-column-gap-default\">\n\t\t\t\t\t<div class=\"elementor-column elementor-col-100 elementor-top-column elementor-element elementor-element-ef569e3\" data-id=\"ef569e3\" data-element_type=\"column\" data-e-type=\"column\">\n\t\t\t<div class=\"elementor-widget-wrap elementor-element-populated\">\n\t\t\t\t\t\t<div class=\"elementor-element elementor-element-59ebdb7 elementor-widget elementor-widget-text-editor\" data-id=\"59ebdb7\" data-element_type=\"widget\" data-e-type=\"widget\" data-widget_type=\"text-editor.default\">\n\t\t\t\t<div class=\"elementor-widget-container\">\n\t\t\t\t\t\t\t\t\t<p>Liczy si\u0119 systematyczno\u015b\u0107, dlatego zach\u0119cam do codziennych aktywno\u015bci:<br \/>&#8211; rozwi\u0105zanie 5 zada\u0144 taktycznych na <a href=\"https:\/\/www.chess.com\/puzzles\/rated\">https:\/\/www.chess.com\/puzzles\/rated<\/a>,<br \/>&#8211; stoczenie 1 bitwy na zadania <a href=\"https:\/\/www.chess.com\/puzzles\/battle\">https:\/\/www.chess.com\/puzzles\/battle<\/a>,<br \/>&#8211; 1 pr\u00f3ba pobicia swojego rekordu w p\u0119dzie zagadek <a href=\"https:\/\/www.chess.com\/puzzles\/rush\">https:\/\/www.chess.com\/puzzles\/rush<\/a>,<br \/>&#8211; 1 partia tempem 15+10 (lub wolniejszym) na <a href=\"https:\/\/lichess.org\">https:\/\/lichess.org<\/a>, ale koniecznie z analiz\u0105 po partii (minimum to opcja <em>Analiza partii<\/em> i potem <em>Ucz si\u0119 na swoich b\u0142\u0119dach<\/em>).<\/p>\t\t\t\t\t\t\t\t<\/div>\n\t\t\t\t<\/div>\n\t\t\t\t\t<\/div>\n\t\t<\/div>\n\t\t\t\t\t<\/div>\n\t\t<\/section>\n\t\t\t\t<section class=\"elementor-section elementor-top-section elementor-element elementor-element-91e52a0 elementor-section-boxed elementor-section-height-default elementor-section-height-default\" data-id=\"91e52a0\" data-element_type=\"section\" data-e-type=\"section\">\n\t\t\t\t\t\t<div class=\"elementor-container elementor-column-gap-default\">\n\t\t\t\t\t<div class=\"elementor-column elementor-col-100 elementor-top-column elementor-element elementor-element-735a7ae\" data-id=\"735a7ae\" data-element_type=\"column\" data-e-type=\"column\">\n\t\t\t<div class=\"elementor-widget-wrap elementor-element-populated\">\n\t\t\t\t\t\t<div class=\"elementor-element elementor-element-c1cc9c3 elementor-widget-divider--view-line_icon elementor-view-default elementor-widget-divider--element-align-center elementor-widget elementor-widget-divider\" data-id=\"c1cc9c3\" data-element_type=\"widget\" data-e-type=\"widget\" data-widget_type=\"divider.default\">\n\t\t\t\t<div class=\"elementor-widget-container\">\n\t\t\t\t\t\t\t<div class=\"elementor-divider\">\n\t\t\t<span class=\"elementor-divider-separator\">\n\t\t\t\t\t\t\t<div class=\"elementor-icon elementor-divider__element\">\n\t\t\t\t\t<i aria-hidden=\"true\" class=\"fas fa-chess-king\"><\/i><\/div>\n\t\t\t\t\t\t<\/span>\n\t\t<\/div>\n\t\t\t\t\t\t<\/div>\n\t\t\t\t<\/div>\n\t\t\t\t\t<\/div>\n\t\t<\/div>\n\t\t\t\t\t<\/div>\n\t\t<\/section>\n\t\t\t\t<section class=\"elementor-section elementor-top-section elementor-element elementor-element-9ae84ef elementor-section-boxed elementor-section-height-default elementor-section-height-default\" data-id=\"9ae84ef\" data-element_type=\"section\" data-e-type=\"section\">\n\t\t\t\t\t\t<div class=\"elementor-container elementor-column-gap-default\">\n\t\t\t\t\t<div class=\"elementor-column elementor-col-100 elementor-top-column elementor-element elementor-element-2984820\" data-id=\"2984820\" data-element_type=\"column\" data-e-type=\"column\">\n\t\t\t<div class=\"elementor-widget-wrap elementor-element-populated\">\n\t\t\t\t\t\t<div class=\"elementor-element elementor-element-012b541 elementor-widget elementor-widget-heading\" data-id=\"012b541\" data-element_type=\"widget\" data-e-type=\"widget\" data-widget_type=\"heading.default\">\n\t\t\t\t<div class=\"elementor-widget-container\">\n\t\t\t\t\t<h3 class=\"elementor-heading-title elementor-size-default\">II. Filmy szkoleniowe<\/h3>\t\t\t\t<\/div>\n\t\t\t\t<\/div>\n\t\t\t\t\t<\/div>\n\t\t<\/div>\n\t\t\t\t\t<\/div>\n\t\t<\/section>\n\t\t\t\t<section class=\"elementor-section elementor-top-section elementor-element elementor-element-c4fb1fc elementor-section-boxed elementor-section-height-default elementor-section-height-default\" data-id=\"c4fb1fc\" data-element_type=\"section\" data-e-type=\"section\">\n\t\t\t\t\t\t<div class=\"elementor-container elementor-column-gap-default\">\n\t\t\t\t\t<div class=\"elementor-column elementor-col-100 elementor-top-column elementor-element elementor-element-18c6c9c\" data-id=\"18c6c9c\" data-element_type=\"column\" data-e-type=\"column\">\n\t\t\t<div class=\"elementor-widget-wrap elementor-element-populated\">\n\t\t\t\t\t\t<div class=\"elementor-element elementor-element-b2ce855 elementor-widget elementor-widget-text-editor\" data-id=\"b2ce855\" data-element_type=\"widget\" data-e-type=\"widget\" data-widget_type=\"text-editor.default\">\n\t\t\t\t<div class=\"elementor-widget-container\">\n\t\t\t\t\t\t\t\t\t<div>W Internecie jest mn\u00f3stwo sensownych tre\u015bci szkoleniowych, r\u00f3wnie\u017c w j\u0119zyku polskim. Mo\u017cna znale\u017a\u0107 zar\u00f3wno materia\u0142y dla pocz\u0105tkuj\u0105cych (od nauki posuni\u0119\u0107), a\u017c do zaawansowanych opracowa\u0144 na poziomie mistrzowskim.<\/div>\n<div>Aby u\u0142atwi\u0107 wyb\u00f3r, co pi\u0105tek na stronie <a href=\"https:\/\/szachygrodzisk.pl\/index.php\/filmy-szkoleniowe\/\"><em>Filmy szkoleniowe<\/em><\/a> by\u0142y zamieszczane nowe propozycje film\u00f3w do obejrzenia w ci\u0105gu tygodnia. Zach\u0119cam do ich przejrzenia.<\/div>\t\t\t\t\t\t\t\t<\/div>\n\t\t\t\t<\/div>\n\t\t\t\t\t<\/div>\n\t\t<\/div>\n\t\t\t\t\t<\/div>\n\t\t<\/section>\n\t\t\t\t<\/div>\n\t\t","protected":false},"excerpt":{"rendered":"<p>Zawieszenie zaj\u0119\u0107 &#8222;w realu&#8221; zmusi\u0142o nas do przeniesienia si\u0119 z nasz\u0105 szachow\u0105 pasj\u0105 do \u015bwiata wirtualnego (marzec &#8211; czerwiec 2020 r.). Propozycje przedstawione wtedy pozostaj\u0105 ci\u0105gle aktualne \ud83d\ude42 I. Trening czyni mistrza &#8211; podejmij wyzwanie Liczy si\u0119 systematyczno\u015b\u0107, dlatego zach\u0119cam do codziennych aktywno\u015bci:&#8211; rozwi\u0105zanie 5 zada\u0144 taktycznych na https:\/\/www.chess.com\/puzzles\/rated,&#8211; stoczenie 1 bitwy na zadania https:\/\/www.chess.com\/puzzles\/battle,&#8211; 1 pr\u00f3ba pobicia swojego rekordu w p\u0119dzie zagadek https:\/\/www.chess.com\/puzzles\/rush,&#8211; 1 partia tempem 15+10 (lub wolniejszym) na https:\/\/lichess.org, ale koniecznie z analiz\u0105 po partii (minimum to opcja Analiza partii i potem Ucz si\u0119 na swoich b\u0142\u0119dach). II. Filmy szkoleniowe W Internecie jest mn\u00f3stwo sensownych tre\u015bci szkoleniowych,&hellip;<\/p>\n<p> <a class=\"more-link\" href=\"https:\/\/szachygrodzisk.pl\/index.php\/zamiast-zajec\/\">Dowiedz si\u0119 wi\u0119cej<\/a><\/p>\n","protected":false},"author":2,"featured_media":0,"parent":0,"menu_order":0,"comment_status":"closed","ping_status":"closed","template":"","meta":{"_monsterinsights_skip_tracking":false,"_monsterinsights_sitenote_active":false,"_monsterinsights_sitenote_note":"","_monsterinsights_sitenote_category":0,"footnotes":""},"class_list":["post-2639","page","type-page","status-publish"],"_links":{"self":[{"href":"https:\/\/szachygrodzisk.pl\/index.php\/wp-json\/wp\/v2\/pages\/2639","targetHints":{"allow":["GET"]}}],"collection":[{"href":"https:\/\/szachygrodzisk.pl\/index.php\/wp-json\/wp\/v2\/pages"}],"about":[{"href":"https:\/\/szachygrodzisk.pl\/index.php\/wp-json\/wp\/v2\/types\/page"}],"author":[{"embeddable":true,"href":"https:\/\/szachygrodzisk.pl\/index.php\/wp-json\/wp\/v2\/users\/2"}],"replies":[{"embeddable":true,"href":"https:\/\/szachygrodzisk.pl\/index.php\/wp-json\/wp\/v2\/comments?post=2639"}],"version-history":[{"count":22,"href":"https:\/\/szachygrodzisk.pl\/index.php\/wp-json\/wp\/v2\/pages\/2639\/revisions"}],"predecessor-version":[{"id":4183,"href":"https:\/\/szachygrodzisk.pl\/index.php\/wp-json\/wp\/v2\/pages\/2639\/revisions\/4183"}],"wp:attachment":[{"href":"https:\/\/szachygrodzisk.pl\/index.php\/wp-json\/wp\/v2\/media?parent=2639"}],"curies":[{"name":"wp","href":"https:\/\/api.w.org\/{rel}","templated":true}]}}