{"id":3381,"date":"2021-01-18T13:26:44","date_gmt":"2021-01-18T12:26:44","guid":{"rendered":"https:\/\/szachygrodzisk.pl\/?page_id=3381"},"modified":"2021-07-02T20:23:09","modified_gmt":"2021-07-02T18:23:09","slug":"oboz-wakacyjny-2021-lista-uczestnikow","status":"publish","type":"page","link":"https:\/\/szachygrodzisk.pl\/index.php\/oboz-wakacyjny-2021-lista-uczestnikow\/","title":{"rendered":"Ob\u00f3z wakacyjny 2021 &#8211; lista uczestnik\u00f3w"},"content":{"rendered":"\n<p>Uczestnicy obozu i osoby towarzysz\u0105ce:<br>1. Magdalena K. (ur. 2007, ranking 1900)<br>2. Anna K. (ur. 2009, ranking 1800)<br>3. Ma\u0142gorzata K. (ur. 2012, ranking 1600) + 1 osoba towarzysz\u0105ca<br>4. Micha\u0142 D. (ur. 2010, ranking 1600)<br>5. Ewa P. (ur. 2011, ranking 1250)<br>6. Mateusz W. (ur. 2009, ranking 1400) &#8211; zaliczka stycze\u0144 (-100 z\u0142)<br>7. Janek P. (ur. 2010, ranking 1400) &#8211; zaliczka stycze\u0144 (-100 z\u0142)<br>8. Tomek P. (ur. 2012, ranking 1400) &#8211; zaliczka stycze\u0144 (-100 z\u0142)<br>9. Mateusz S. (ur. 2010, ranking 1600) &#8211; zaliczka stycze\u0144 (-100 z\u0142)<br>10. Lena J. (ur. 2011, ranking 1600) + 2 osoby &#8211; zaliczka stycze\u0144 (-100 z\u0142)<br>11. Micha\u0142 B. (ur. 2012, ranking 1800) &#8211; zaliczka stycze\u0144 (-100 z\u0142)<br>12. Weronika G. (ur. 2012, ranking 1250) &#8211; zaliczka stycze\u0144 (-100 z\u0142)<br>13. Bart\u0142omiej S. (ur. 2011, ranking 1600) &#8211; zaliczka stycze\u0144 (-100 z\u0142)<br>14. Tymoteusz Cz. (ur. 2010, ranking 1600) &#8211; zaliczka stycze\u0144 (-100 z\u0142)<br>15. Karol T. (ur. 2011, ranking 1800) &#8211; zaliczka luty (-60 z\u0142)<br>16. Dominik K. (ur. 2010, ranking 1800)<br>17. Zofia S. (ur. 2009, ranking 1600)<br>18. Leon M. (ur. 2009, ranking 1800)<br>19. Ignacy K. (ur. 2010, ranking 1400)<br>20. Artur R. (ur. 2010, ranking 1600)<br>21. Robert W. (ur. 2013, ranking 1200) + 3 osoby<br>22. Olga W. (ur. 2015, ranking 1000)<br>23. Weronika N. (ur. 2007, ranking 1250)<br>24. Piotr N. (ur. 2012, ranking 1400)<br>25. Mateusz Sz. (ur. 2007, ranking 1000)<br>26. Vaclav R. (ur. 2010, ranking 1600)<br>27. Simon R. (ur. 2013, ranking 1200) + 2 osoby<br>28. Liliana O. (ur. 2015, ranking 1250) + 1 osoba<br>29. Mateusz S. (ur. 2009, ranking 1000) + 2 osoby<br>30. Antonina P. (ur. 2009, ranking 1250)<br>31. Sylwester K. (ur. 2007, ranking 1800)<br>32. Maciej M. (ur. 2011, ranking 1600) + 4 osoby<\/p>\n","protected":false},"excerpt":{"rendered":"<p>Uczestnicy obozu i osoby towarzysz\u0105ce:1. Magdalena K. (ur. 2007, ranking 1900)2. Anna K. (ur. 2009, ranking 1800)3. Ma\u0142gorzata K. (ur. 2012, ranking 1600) + 1 osoba towarzysz\u0105ca4. Micha\u0142 D. (ur. 2010, ranking 1600)5. Ewa P. (ur. 2011, ranking 1250)6. Mateusz W. (ur. 2009, ranking 1400) &#8211; zaliczka stycze\u0144 (-100 z\u0142)7. Janek P. (ur. 2010, ranking 1400) &#8211; zaliczka stycze\u0144 (-100 z\u0142)8. Tomek P. (ur. 2012, ranking 1400) &#8211; zaliczka stycze\u0144 (-100 z\u0142)9. Mateusz S. (ur. 2010, ranking 1600) &#8211; zaliczka stycze\u0144 (-100 z\u0142)10. Lena J. (ur. 2011, ranking 1600) + 2 osoby &#8211; zaliczka stycze\u0144 (-100 z\u0142)11. Micha\u0142 B. (ur.&hellip;<\/p>\n<p> <a class=\"more-link\" href=\"https:\/\/szachygrodzisk.pl\/index.php\/oboz-wakacyjny-2021-lista-uczestnikow\/\">Dowiedz si\u0119 wi\u0119cej<\/a><\/p>\n","protected":false},"author":2,"featured_media":0,"parent":0,"menu_order":0,"comment_status":"closed","ping_status":"closed","template":"","meta":{"_monsterinsights_skip_tracking":false,"_monsterinsights_sitenote_active":false,"_monsterinsights_sitenote_note":"","_monsterinsights_sitenote_category":0,"footnotes":""},"class_list":["post-3381","page","type-page","status-publish"],"_links":{"self":[{"href":"https:\/\/szachygrodzisk.pl\/index.php\/wp-json\/wp\/v2\/pages\/3381","targetHints":{"allow":["GET"]}}],"collection":[{"href":"https:\/\/szachygrodzisk.pl\/index.php\/wp-json\/wp\/v2\/pages"}],"about":[{"href":"https:\/\/szachygrodzisk.pl\/index.php\/wp-json\/wp\/v2\/types\/page"}],"author":[{"embeddable":true,"href":"https:\/\/szachygrodzisk.pl\/index.php\/wp-json\/wp\/v2\/users\/2"}],"replies":[{"embeddable":true,"href":"https:\/\/szachygrodzisk.pl\/index.php\/wp-json\/wp\/v2\/comments?post=3381"}],"version-history":[{"count":25,"href":"https:\/\/szachygrodzisk.pl\/index.php\/wp-json\/wp\/v2\/pages\/3381\/revisions"}],"predecessor-version":[{"id":4068,"href":"https:\/\/szachygrodzisk.pl\/index.php\/wp-json\/wp\/v2\/pages\/3381\/revisions\/4068"}],"wp:attachment":[{"href":"https:\/\/szachygrodzisk.pl\/index.php\/wp-json\/wp\/v2\/media?parent=3381"}],"curies":[{"name":"wp","href":"https:\/\/api.w.org\/{rel}","templated":true}]}}