{"id":3433,"date":"2021-03-02T14:15:22","date_gmt":"2021-03-02T13:15:22","guid":{"rendered":"https:\/\/szachygrodzisk.pl\/?page_id=3433"},"modified":"2021-04-01T18:05:10","modified_gmt":"2021-04-01T16:05:10","slug":"warsztaty-szachowe","status":"publish","type":"page","link":"https:\/\/szachygrodzisk.pl\/index.php\/warsztaty-szachowe\/","title":{"rendered":"Warsztaty szachowe"},"content":{"rendered":"\t\t<div data-elementor-type=\"wp-page\" data-elementor-id=\"3433\" class=\"elementor elementor-3433\">\n\t\t\t\t\t\t<section class=\"elementor-section elementor-top-section elementor-element elementor-element-1c2641d elementor-section-boxed elementor-section-height-default elementor-section-height-default\" data-id=\"1c2641d\" data-element_type=\"section\" data-e-type=\"section\">\n\t\t\t\t\t\t<div class=\"elementor-container elementor-column-gap-default\">\n\t\t\t\t\t<div class=\"elementor-column elementor-col-100 elementor-top-column elementor-element elementor-element-946b341\" data-id=\"946b341\" data-element_type=\"column\" data-e-type=\"column\">\n\t\t\t<div class=\"elementor-widget-wrap elementor-element-populated\">\n\t\t\t\t\t\t<div class=\"elementor-element elementor-element-e35b3b9 elementor-widget elementor-widget-text-editor\" data-id=\"e35b3b9\" data-element_type=\"widget\" data-e-type=\"widget\" data-widget_type=\"text-editor.default\">\n\t\t\t\t<div class=\"elementor-widget-container\">\n\t\t\t\t\t\t\t\t\t<p>Odkrywanie tajnik\u00f3w szachowych to pi\u0119kna przygoda, dla wielu na ca\u0142e \u017cycie. Ka\u017cdy mistrz szachowy ma swoj\u0105 w\u0142asn\u0105 drog\u0119, jednak na jej pocz\u0105tku nale\u017cy pozna\u0107 i prze\u0107wiczy\u0107 r\u00f3\u017cne zagadnienia. To jak tabliczka mno\u017cenia: trzeba si\u0119 jej nauczy\u0107 na pami\u0119\u0107, zrozumie\u0107 i umie\u0107 stosowa\u0107 na co dzie\u0144.<\/p>\n<p>Celem naszych <em>Warsztat\u00f3w szachowych<\/em> jest zapoznanie uczestnik\u00f3w z podstawowymi aspektami gry w szachy. Istotnym elementem spotka\u0144 s\u0105 \u0107wiczenia oraz wskaz\u00f3wki dotycz\u0105ce rozwijania zdobytych umiej\u0119tno\u015bci. Po warsztacie uczestnicy otrzymuj\u0105 drog\u0105 mailow\u0105 materia\u0142y zwi\u0105zane z tematem. Warsztaty prowadz\u0105 instruktorzy certyfikowani przez Polski Zwi\u0105zek Szachowy.<\/p>\t\t\t\t\t\t\t\t<\/div>\n\t\t\t\t<\/div>\n\t\t\t\t<div class=\"elementor-element elementor-element-0847dc7 elementor-widget-divider--view-line_icon elementor-view-default elementor-widget-divider--element-align-center elementor-widget elementor-widget-divider\" data-id=\"0847dc7\" data-element_type=\"widget\" data-e-type=\"widget\" data-widget_type=\"divider.default\">\n\t\t\t\t<div class=\"elementor-widget-container\">\n\t\t\t\t\t\t\t<div class=\"elementor-divider\">\n\t\t\t<span class=\"elementor-divider-separator\">\n\t\t\t\t\t\t\t<div class=\"elementor-icon elementor-divider__element\">\n\t\t\t\t\t<i aria-hidden=\"true\" class=\"fas fa-chess\"><\/i><\/div>\n\t\t\t\t\t\t<\/span>\n\t\t<\/div>\n\t\t\t\t\t\t<\/div>\n\t\t\t\t<\/div>\n\t\t\t\t<div class=\"elementor-element elementor-element-7ba4663 elementor-widget elementor-widget-heading\" data-id=\"7ba4663\" data-element_type=\"widget\" data-e-type=\"widget\" data-widget_type=\"heading.default\">\n\t\t\t\t<div class=\"elementor-widget-container\">\n\t\t\t\t\t<h4 class=\"elementor-heading-title elementor-size-default\">Najbli\u017csze terminy<\/h4>\t\t\t\t<\/div>\n\t\t\t\t<\/div>\n\t\t\t\t<div class=\"elementor-element elementor-element-a6931ed elementor-widget elementor-widget-text-editor\" data-id=\"a6931ed\" data-element_type=\"widget\" data-e-type=\"widget\" data-widget_type=\"text-editor.default\">\n\t\t\t\t<div class=\"elementor-widget-container\">\n\t\t\t\t\t\t\t\t\t<p>10.04 godz. 16-18 <b>Turnieje, kategorie, rankingi FIDE<\/b> (online &#8211; ID do sesji Zoom zostanie przes\u0142ane w dniu warsztatu na adresy mailowe z formularza zg\u0142oszeniowego) &#8211; <a href=\"https:\/\/docs.google.com\/forms\/d\/e\/1FAIpQLSc8zJlj3OjL02DcocxDUu0Xk4vLg2VXo9ANIRWTOIMwnJUHwQ\/viewform?usp=sf_link\">formularz zg\u0142oszeniowy<\/a><\/p>\t\t\t\t\t\t\t\t<\/div>\n\t\t\t\t<\/div>\n\t\t\t\t<div class=\"elementor-element elementor-element-2429273 elementor-widget elementor-widget-heading\" data-id=\"2429273\" data-element_type=\"widget\" data-e-type=\"widget\" data-widget_type=\"heading.default\">\n\t\t\t\t<div class=\"elementor-widget-container\">\n\t\t\t\t\t<h4 class=\"elementor-heading-title elementor-size-default\">Przeprowadzone warsztaty<\/h4>\t\t\t\t<\/div>\n\t\t\t\t<\/div>\n\t\t\t\t<div class=\"elementor-element elementor-element-efb4a8c elementor-widget elementor-widget-text-editor\" data-id=\"efb4a8c\" data-element_type=\"widget\" data-e-type=\"widget\" data-widget_type=\"text-editor.default\">\n\t\t\t\t<div class=\"elementor-widget-container\">\n\t\t\t\t\t\t\t\t\t<p>13.03 godz. 15-19 <strong>Pierwsze kroki na szachownicy<\/strong> (online)<\/p>\t\t\t\t\t\t\t\t<\/div>\n\t\t\t\t<\/div>\n\t\t\t\t<div class=\"elementor-element elementor-element-a3891a1 elementor-widget-divider--view-line_icon elementor-view-default elementor-widget-divider--element-align-center elementor-widget elementor-widget-divider\" data-id=\"a3891a1\" data-element_type=\"widget\" data-e-type=\"widget\" data-widget_type=\"divider.default\">\n\t\t\t\t<div class=\"elementor-widget-container\">\n\t\t\t\t\t\t\t<div class=\"elementor-divider\">\n\t\t\t<span class=\"elementor-divider-separator\">\n\t\t\t\t\t\t\t<div class=\"elementor-icon elementor-divider__element\">\n\t\t\t\t\t<i aria-hidden=\"true\" class=\"fas fa-chess\"><\/i><\/div>\n\t\t\t\t\t\t<\/span>\n\t\t<\/div>\n\t\t\t\t\t\t<\/div>\n\t\t\t\t<\/div>\n\t\t\t\t<div class=\"elementor-element elementor-element-230ec04 elementor-widget elementor-widget-accordion\" data-id=\"230ec04\" data-element_type=\"widget\" data-e-type=\"widget\" data-widget_type=\"accordion.default\">\n\t\t\t\t<div class=\"elementor-widget-container\">\n\t\t\t\t\t\t\t<div class=\"elementor-accordion\">\n\t\t\t\t\t\t\t<div class=\"elementor-accordion-item\">\n\t\t\t\t\t<div id=\"elementor-tab-title-3671\" class=\"elementor-tab-title\" data-tab=\"1\" role=\"button\" aria-controls=\"elementor-tab-content-3671\" aria-expanded=\"false\">\n\t\t\t\t\t\t\t\t\t\t\t\t\t<span class=\"elementor-accordion-icon elementor-accordion-icon-left\" aria-hidden=\"true\">\n\t\t\t\t\t\t\t\t\t\t\t\t\t\t\t<span class=\"elementor-accordion-icon-closed\"><i class=\"fas fa-plus\"><\/i><\/span>\n\t\t\t\t\t\t\t\t<span class=\"elementor-accordion-icon-opened\"><i class=\"fas fa-minus\"><\/i><\/span>\n\t\t\t\t\t\t\t\t\t\t\t\t\t\t<\/span>\n\t\t\t\t\t\t\t\t\t\t\t\t<a class=\"elementor-accordion-title\" tabindex=\"0\">Turnieje, kategorie, rankingi FIDE<\/a>\n\t\t\t\t\t<\/div>\n\t\t\t\t\t<div id=\"elementor-tab-content-3671\" class=\"elementor-tab-content elementor-clearfix\" data-tab=\"1\" role=\"region\" aria-labelledby=\"elementor-tab-title-3671\"><p>Dla kogo:<br \/>&#8211; osoby, kt\u00f3re chc\u0105 zrozumie\u0107, jak &#8222;dzia\u0142a&#8221; turniej szachowy, jak zdobywa si\u0119 kategorie szachowe, jak dzia\u0142a systemy rankingowe FIDE<br \/>&#8211; osoby, kt\u00f3re rozpoczynaj\u0105 przygod\u0119 z turniejami szachowymi<br \/>&#8211; bez ogranicze\u0144 wiekowych, sugerujemy, by najm\u0142odsze dzieci uczestniczy\u0142y w towarzystwie kogo\u015b starszego<\/p><p>Program:<br \/>&#8211; czym r\u00f3\u017cni si\u0119 gra na turnieju od partii towarzyskiej<br \/>&#8211; zegar szachowy, jakie mog\u0105 by\u0107 tempa gry<br \/>&#8211; jakie s\u0105 systemy rozgrywek, jak dobierani s\u0105 przeciwnicy (wbrew obiegowym opiniom nie jest to losowanie)<br \/>&#8211; jak zdobywa si\u0119 kategorie szachowe, funkcjonowanie ranking\u00f3w FIDE<br \/>&#8211; czego warto si\u0119 nauczy\u0107 przed pierwszym turniejem<\/p><p>Czas trwania: 2 godz.<\/p><p>Op\u0142aty: mieszka\u0144cy Gminy Grodzisk Maz. bezp\u0142atnie, pozostali 20 z\u0142 p\u0142atne przelewem na konto klubowe<\/p><\/div>\n\t\t\t\t<\/div>\n\t\t\t\t\t\t\t<div class=\"elementor-accordion-item\">\n\t\t\t\t\t<div id=\"elementor-tab-title-3672\" class=\"elementor-tab-title\" data-tab=\"2\" role=\"button\" aria-controls=\"elementor-tab-content-3672\" aria-expanded=\"false\">\n\t\t\t\t\t\t\t\t\t\t\t\t\t<span class=\"elementor-accordion-icon elementor-accordion-icon-left\" aria-hidden=\"true\">\n\t\t\t\t\t\t\t\t\t\t\t\t\t\t\t<span class=\"elementor-accordion-icon-closed\"><i class=\"fas fa-plus\"><\/i><\/span>\n\t\t\t\t\t\t\t\t<span class=\"elementor-accordion-icon-opened\"><i class=\"fas fa-minus\"><\/i><\/span>\n\t\t\t\t\t\t\t\t\t\t\t\t\t\t<\/span>\n\t\t\t\t\t\t\t\t\t\t\t\t<a class=\"elementor-accordion-title\" tabindex=\"0\">Pierwsze kroki na szachownicy<\/a>\n\t\t\t\t\t<\/div>\n\t\t\t\t\t<div id=\"elementor-tab-content-3672\" class=\"elementor-tab-content elementor-clearfix\" data-tab=\"2\" role=\"region\" aria-labelledby=\"elementor-tab-title-3672\"><p>Dla kogo:<br \/>&#8211; osoby, kt\u00f3re chc\u0105 pozna\u0107 zasady gry w szachy &#8222;od zera&#8221; lub chc\u0105 lepiej si\u0119 tych zasad nauczy\u0107<br \/>&#8211; bez ogranicze\u0144 wiekowych, sugerujemy, by uczestniczy\u0107 w parach (np. dziecko z rodzicem), co da mo\u017cliwo\u015b\u0107 grania w szachy po warsztacie<\/p><p>Program:<br \/>&#8211; om\u00f3wienie zasad gry w szachy z przyk\u0142adami i \u0107wiczeniami<br \/>&#8211; przebieg partii szachowej<br \/>&#8211; jak gra\u0107, by wygrywa\u0107, podstawowe za\u0142o\u017cenia taktyczne i strategiczne<br \/>&#8211; wskaz\u00f3wki odno\u015bnie utrwalenia i wykorzystywania poznanych zagadnie\u0144<\/p><p>Czas trwania: 4 godz.<\/p><p>Op\u0142aty: mieszka\u0144cy Gminy Grodzisk Maz. bezp\u0142atnie, pozostali 40 z\u0142 p\u0142atne przelewem na konto klubowe<\/p><\/div>\n\t\t\t\t<\/div>\n\t\t\t\t\t\t\t<div class=\"elementor-accordion-item\">\n\t\t\t\t\t<div id=\"elementor-tab-title-3673\" class=\"elementor-tab-title\" data-tab=\"3\" role=\"button\" aria-controls=\"elementor-tab-content-3673\" aria-expanded=\"false\">\n\t\t\t\t\t\t\t\t\t\t\t\t\t<span class=\"elementor-accordion-icon elementor-accordion-icon-left\" aria-hidden=\"true\">\n\t\t\t\t\t\t\t\t\t\t\t\t\t\t\t<span class=\"elementor-accordion-icon-closed\"><i class=\"fas fa-plus\"><\/i><\/span>\n\t\t\t\t\t\t\t\t<span class=\"elementor-accordion-icon-opened\"><i class=\"fas fa-minus\"><\/i><\/span>\n\t\t\t\t\t\t\t\t\t\t\t\t\t\t<\/span>\n\t\t\t\t\t\t\t\t\t\t\t\t<a class=\"elementor-accordion-title\" tabindex=\"0\">Zaczynamy parti\u0119 szach\u00f3w<\/a>\n\t\t\t\t\t<\/div>\n\t\t\t\t\t<div id=\"elementor-tab-content-3673\" class=\"elementor-tab-content elementor-clearfix\" data-tab=\"3\" role=\"region\" aria-labelledby=\"elementor-tab-title-3673\"><p>Opis wkr\u00f3tce&#8230;<\/p><\/div>\n\t\t\t\t<\/div>\n\t\t\t\t\t\t\t<div class=\"elementor-accordion-item\">\n\t\t\t\t\t<div id=\"elementor-tab-title-3674\" class=\"elementor-tab-title\" data-tab=\"4\" role=\"button\" aria-controls=\"elementor-tab-content-3674\" aria-expanded=\"false\">\n\t\t\t\t\t\t\t\t\t\t\t\t\t<span class=\"elementor-accordion-icon elementor-accordion-icon-left\" aria-hidden=\"true\">\n\t\t\t\t\t\t\t\t\t\t\t\t\t\t\t<span class=\"elementor-accordion-icon-closed\"><i class=\"fas fa-plus\"><\/i><\/span>\n\t\t\t\t\t\t\t\t<span class=\"elementor-accordion-icon-opened\"><i class=\"fas fa-minus\"><\/i><\/span>\n\t\t\t\t\t\t\t\t\t\t\t\t\t\t<\/span>\n\t\t\t\t\t\t\t\t\t\t\t\t<a class=\"elementor-accordion-title\" tabindex=\"0\">Podstawowe motywy taktyczne<\/a>\n\t\t\t\t\t<\/div>\n\t\t\t\t\t<div id=\"elementor-tab-content-3674\" class=\"elementor-tab-content elementor-clearfix\" data-tab=\"4\" role=\"region\" aria-labelledby=\"elementor-tab-title-3674\"><p>Opis wkr\u00f3tce&#8230;<\/p><\/div>\n\t\t\t\t<\/div>\n\t\t\t\t\t\t\t\t<\/div>\n\t\t\t\t\t\t<\/div>\n\t\t\t\t<\/div>\n\t\t\t\t\t<\/div>\n\t\t<\/div>\n\t\t\t\t\t<\/div>\n\t\t<\/section>\n\t\t\t\t<\/div>\n\t\t","protected":false},"excerpt":{"rendered":"<p>Odkrywanie tajnik\u00f3w szachowych to pi\u0119kna przygoda, dla wielu na ca\u0142e \u017cycie. Ka\u017cdy mistrz szachowy ma swoj\u0105 w\u0142asn\u0105 drog\u0119, jednak na jej pocz\u0105tku nale\u017cy pozna\u0107 i prze\u0107wiczy\u0107 r\u00f3\u017cne zagadnienia. To jak tabliczka mno\u017cenia: trzeba si\u0119 jej nauczy\u0107 na pami\u0119\u0107, zrozumie\u0107 i umie\u0107 stosowa\u0107 na co dzie\u0144. Celem naszych Warsztat\u00f3w szachowych jest zapoznanie uczestnik\u00f3w z podstawowymi aspektami gry w szachy. Istotnym elementem spotka\u0144 s\u0105 \u0107wiczenia oraz wskaz\u00f3wki dotycz\u0105ce rozwijania zdobytych umiej\u0119tno\u015bci. Po warsztacie uczestnicy otrzymuj\u0105 drog\u0105 mailow\u0105 materia\u0142y zwi\u0105zane z tematem. Warsztaty prowadz\u0105 instruktorzy certyfikowani przez Polski Zwi\u0105zek Szachowy. Najbli\u017csze terminy 10.04 godz. 16-18 Turnieje, kategorie, rankingi FIDE (online &#8211; ID do&hellip;<\/p>\n<p> <a class=\"more-link\" href=\"https:\/\/szachygrodzisk.pl\/index.php\/warsztaty-szachowe\/\">Dowiedz si\u0119 wi\u0119cej<\/a><\/p>\n","protected":false},"author":2,"featured_media":0,"parent":0,"menu_order":0,"comment_status":"closed","ping_status":"closed","template":"","meta":{"_monsterinsights_skip_tracking":false,"_monsterinsights_sitenote_active":false,"_monsterinsights_sitenote_note":"","_monsterinsights_sitenote_category":0,"footnotes":""},"class_list":["post-3433","page","type-page","status-publish"],"_links":{"self":[{"href":"https:\/\/szachygrodzisk.pl\/index.php\/wp-json\/wp\/v2\/pages\/3433","targetHints":{"allow":["GET"]}}],"collection":[{"href":"https:\/\/szachygrodzisk.pl\/index.php\/wp-json\/wp\/v2\/pages"}],"about":[{"href":"https:\/\/szachygrodzisk.pl\/index.php\/wp-json\/wp\/v2\/types\/page"}],"author":[{"embeddable":true,"href":"https:\/\/szachygrodzisk.pl\/index.php\/wp-json\/wp\/v2\/users\/2"}],"replies":[{"embeddable":true,"href":"https:\/\/szachygrodzisk.pl\/index.php\/wp-json\/wp\/v2\/comments?post=3433"}],"version-history":[{"count":22,"href":"https:\/\/szachygrodzisk.pl\/index.php\/wp-json\/wp\/v2\/pages\/3433\/revisions"}],"predecessor-version":[{"id":3510,"href":"https:\/\/szachygrodzisk.pl\/index.php\/wp-json\/wp\/v2\/pages\/3433\/revisions\/3510"}],"wp:attachment":[{"href":"https:\/\/szachygrodzisk.pl\/index.php\/wp-json\/wp\/v2\/media?parent=3433"}],"curies":[{"name":"wp","href":"https:\/\/api.w.org\/{rel}","templated":true}]}}