{"id":3453,"date":"2021-05-20T20:34:05","date_gmt":"2021-05-20T18:34:05","guid":{"rendered":"https:\/\/szachygrodzisk.pl\/?page_id=3453"},"modified":"2021-06-01T11:07:16","modified_gmt":"2021-06-01T09:07:16","slug":"turniej-z-okazji-dnia-dziecka","status":"publish","type":"page","link":"https:\/\/szachygrodzisk.pl\/index.php\/turniej-z-okazji-dnia-dziecka\/","title":{"rendered":"Turniej z okazji Dnia Dziecka"},"content":{"rendered":"\t\t<div data-elementor-type=\"wp-page\" data-elementor-id=\"3453\" class=\"elementor elementor-3453\">\n\t\t\t\t\t\t<section class=\"elementor-section elementor-top-section elementor-element elementor-element-1519f80e elementor-section-boxed elementor-section-height-default elementor-section-height-default\" data-id=\"1519f80e\" data-element_type=\"section\" data-e-type=\"section\">\n\t\t\t\t\t\t<div class=\"elementor-container elementor-column-gap-default\">\n\t\t\t\t\t<div class=\"elementor-column elementor-col-100 elementor-top-column elementor-element elementor-element-4319c84a\" data-id=\"4319c84a\" data-element_type=\"column\" data-e-type=\"column\">\n\t\t\t<div class=\"elementor-widget-wrap elementor-element-populated\">\n\t\t\t\t\t\t<div class=\"elementor-element elementor-element-df94ead elementor-widget elementor-widget-text-editor\" data-id=\"df94ead\" data-element_type=\"widget\" data-e-type=\"widget\" data-widget_type=\"text-editor.default\">\n\t\t\t\t<div class=\"elementor-widget-container\">\n\t\t\t\t\t\t\t\t\t<p>Z uwagi na wolne miejsca dopuszczamy start doros\u0142ych, ale bez prawa do puchar\u00f3w i nagr\u00f3d (zmiana 1.06).<\/p>\t\t\t\t\t\t\t\t<\/div>\n\t\t\t\t<\/div>\n\t\t\t\t<div class=\"elementor-element elementor-element-bbf8dd9 elementor-widget elementor-widget-heading\" data-id=\"bbf8dd9\" data-element_type=\"widget\" data-e-type=\"widget\" data-widget_type=\"heading.default\">\n\t\t\t\t<div class=\"elementor-widget-container\">\n\t\t\t\t\t<h4 class=\"elementor-heading-title elementor-size-default\">1. Cele zawod\u00f3w<\/h4>\t\t\t\t<\/div>\n\t\t\t\t<\/div>\n\t\t\t\t<div class=\"elementor-element elementor-element-d4c7731 elementor-widget elementor-widget-text-editor\" data-id=\"d4c7731\" data-element_type=\"widget\" data-e-type=\"widget\" data-widget_type=\"text-editor.default\">\n\t\t\t\t<div class=\"elementor-widget-container\">\n\t\t\t\t\t\t\t\t\t<p>Popularyzacja gry w szachy, zw\u0142aszcza w \u015brodowisku Grodziska Mazowieckiego<br \/>Umo\u017cliwienie dzieciom i m\u0142odzie\u017cy zdobycia lub podwy\u017cszenia kategorii szachowych<br \/>Umo\u017cliwienie zawodnikom uzyskania lub podwy\u017cszenia rankingu mi\u0119dzynarodowego FIDE<br \/>Wy\u0142onienie w sportowej rywalizacji najlepszych szachist\u00f3w<\/p>\t\t\t\t\t\t\t\t<\/div>\n\t\t\t\t<\/div>\n\t\t\t\t<div class=\"elementor-element elementor-element-7fe8e69 elementor-widget elementor-widget-heading\" data-id=\"7fe8e69\" data-element_type=\"widget\" data-e-type=\"widget\" data-widget_type=\"heading.default\">\n\t\t\t\t<div class=\"elementor-widget-container\">\n\t\t\t\t\t<h4 class=\"elementor-heading-title elementor-size-default\">2. Organizatorzy<\/h4>\t\t\t\t<\/div>\n\t\t\t\t<\/div>\n\t\t\t\t<section class=\"elementor-section elementor-inner-section elementor-element elementor-element-0923786 elementor-section-boxed elementor-section-height-default elementor-section-height-default\" data-id=\"0923786\" data-element_type=\"section\" data-e-type=\"section\">\n\t\t\t\t\t\t<div class=\"elementor-container elementor-column-gap-default\">\n\t\t\t\t\t<div class=\"elementor-column elementor-col-50 elementor-inner-column elementor-element elementor-element-8ea8c47\" data-id=\"8ea8c47\" data-element_type=\"column\" data-e-type=\"column\">\n\t\t\t<div class=\"elementor-widget-wrap elementor-element-populated\">\n\t\t\t\t\t\t<div class=\"elementor-element elementor-element-fa0c118 elementor-widget elementor-widget-text-editor\" data-id=\"fa0c118\" data-element_type=\"widget\" data-e-type=\"widget\" data-widget_type=\"text-editor.default\">\n\t\t\t\t<div class=\"elementor-widget-container\">\n\t\t\t\t\t\t\t\t\t<p>Uczniowski Klub Sportowy Szachowa Dw\u00f3jka Grodzisk Mazowiecki<br \/>Zesp\u00f3\u0142 Szkolno-Przedszkolny nr 2 im. M. Konopnickiej w Grodzisku Mazowieckim<\/p>\n<p>Zadanie publiczne wsp\u00f3\u0142finansowane z bud\u017cetu gminy Grodzisk Mazowiecki<\/p>\t\t\t\t\t\t\t\t<\/div>\n\t\t\t\t<\/div>\n\t\t\t\t\t<\/div>\n\t\t<\/div>\n\t\t\t\t<div class=\"elementor-column elementor-col-50 elementor-inner-column elementor-element elementor-element-36710f9\" data-id=\"36710f9\" data-element_type=\"column\" data-e-type=\"column\">\n\t\t\t<div class=\"elementor-widget-wrap elementor-element-populated\">\n\t\t\t\t\t\t<div class=\"elementor-element elementor-element-f21ad35 elementor-widget elementor-widget-image\" data-id=\"f21ad35\" data-element_type=\"widget\" data-e-type=\"widget\" data-widget_type=\"image.default\">\n\t\t\t\t<div class=\"elementor-widget-container\">\n\t\t\t\t\t\t\t\t\t\t\t\t\t\t\t<img decoding=\"async\" src=\"https:\/\/szachygrodzisk.pl\/wp-content\/uploads\/elementor\/thumbs\/gmina-GM-herb-1100x440-1-oolowuxciuotyfoq46bmgta5m2lln2tjk5qexu6wpc.png\" title=\"Gmina Grodzisk Mazowiecki\" alt=\"Gmina Grodzisk Mazowiecki\" loading=\"lazy\" \/>\t\t\t\t\t\t\t\t\t\t\t\t\t\t\t<\/div>\n\t\t\t\t<\/div>\n\t\t\t\t\t<\/div>\n\t\t<\/div>\n\t\t\t\t\t<\/div>\n\t\t<\/section>\n\t\t\t\t<div class=\"elementor-element elementor-element-bfb3fca elementor-widget elementor-widget-heading\" data-id=\"bfb3fca\" data-element_type=\"widget\" data-e-type=\"widget\" data-widget_type=\"heading.default\">\n\t\t\t\t<div class=\"elementor-widget-container\">\n\t\t\t\t\t<h4 class=\"elementor-heading-title elementor-size-default\">3. Program zawod\u00f3w<\/h4>\t\t\t\t<\/div>\n\t\t\t\t<\/div>\n\t\t\t\t<div class=\"elementor-element elementor-element-10103c1 elementor-widget elementor-widget-text-editor\" data-id=\"10103c1\" data-element_type=\"widget\" data-e-type=\"widget\" data-widget_type=\"text-editor.default\">\n\t\t\t\t<div class=\"elementor-widget-container\">\n\t\t\t\t\t\t\t\t\t<p>Miejsce rozgrywek: Zesp\u00f3\u0142 Szkolno-Przedszkolny nr 2, ul. Westfala 3, Grodzisk Mazowiecki<br \/>Termin: <strong>4 &#8211; 6 czerwca 2021 r.<br \/><\/strong><\/p>\n<p>Grupy turniejowe:<br \/>\u2022 <a href=\"http:\/\/www.chessarbiter.com\/turnieje\/2021\/ti_1098\/\">Turniej g\u0142\u00f3wny (FIDE)<\/a> &#8211; 7 rund 30&#8217;+30&#8243;\/pos., zawodnicy z minimum IV kategori\u0105, bez ogranicze\u0144 wiekowych<br \/>\u2022 <a href=\"http:\/\/www.chessarbiter.com\/turnieje\/2021\/ti_1095\/\">Prolog (FIDE Rapid)<\/a> &#8211; 7 rund 10&#8217;+5&#8243;\/pos., zawodnicy z minimum IV kategori\u0105, bez ogranicze\u0144 wiekowych<br \/>\u2022 <a href=\"http:\/\/www.chessarbiter.com\/turnieje\/2021\/ti_1099\/\">Turniej na V i IV kategori\u0119<\/a> &#8211; 6 rund 25&#8217;+5&#8243;\/pos., zawodnicy bez kategorii i z V kategori\u0105, do 12 lat (ur. 2009 i m\u0142odsi)<\/p>\t\t\t\t\t\t\t\t<\/div>\n\t\t\t\t<\/div>\n\t\t\t\t<section class=\"elementor-section elementor-inner-section elementor-element elementor-element-5e1992f elementor-section-boxed elementor-section-height-default elementor-section-height-default\" data-id=\"5e1992f\" data-element_type=\"section\" data-e-type=\"section\">\n\t\t\t\t\t\t<div class=\"elementor-container elementor-column-gap-default\">\n\t\t\t\t\t<div class=\"elementor-column elementor-col-33 elementor-inner-column elementor-element elementor-element-c15e947\" data-id=\"c15e947\" data-element_type=\"column\" data-e-type=\"column\">\n\t\t\t<div class=\"elementor-widget-wrap elementor-element-populated\">\n\t\t\t\t\t\t<div class=\"elementor-element elementor-element-ba7b7a7 elementor-widget elementor-widget-heading\" data-id=\"ba7b7a7\" data-element_type=\"widget\" data-e-type=\"widget\" data-widget_type=\"heading.default\">\n\t\t\t\t<div class=\"elementor-widget-container\">\n\t\t\t\t\t<h5 class=\"elementor-heading-title elementor-size-default\">pi\u0105tek 4.06<\/h5>\t\t\t\t<\/div>\n\t\t\t\t<\/div>\n\t\t\t\t\t<\/div>\n\t\t<\/div>\n\t\t\t\t<div class=\"elementor-column elementor-col-33 elementor-inner-column elementor-element elementor-element-bb4df2e\" data-id=\"bb4df2e\" data-element_type=\"column\" data-e-type=\"column\">\n\t\t\t<div class=\"elementor-widget-wrap elementor-element-populated\">\n\t\t\t\t\t\t<div class=\"elementor-element elementor-element-77cf2e5 elementor-widget elementor-widget-text-editor\" data-id=\"77cf2e5\" data-element_type=\"widget\" data-e-type=\"widget\" data-widget_type=\"text-editor.default\">\n\t\t\t\t<div class=\"elementor-widget-container\">\n\t\t\t\t\t\t\t\t\t<div><span style=\"text-decoration: underline;\"><strong>Prolog<\/strong><\/span><\/div>\n<div>8:50-9:15 potwierdzanie uczestnictwa<br \/>9:30 odprawa techniczna<\/div>\n<div>rundy turniejowe<br \/>zako\u0144czenie ok. 14<\/div>\t\t\t\t\t\t\t\t<\/div>\n\t\t\t\t<\/div>\n\t\t\t\t\t<\/div>\n\t\t<\/div>\n\t\t\t\t<div class=\"elementor-column elementor-col-33 elementor-inner-column elementor-element elementor-element-e6d7bac\" data-id=\"e6d7bac\" data-element_type=\"column\" data-e-type=\"column\">\n\t\t\t<div class=\"elementor-widget-wrap elementor-element-populated\">\n\t\t\t\t\t\t<div class=\"elementor-element elementor-element-7f5c274 elementor-widget elementor-widget-text-editor\" data-id=\"7f5c274\" data-element_type=\"widget\" data-e-type=\"widget\" data-widget_type=\"text-editor.default\">\n\t\t\t\t<div class=\"elementor-widget-container\">\n\t\t\t\t\t\t\t\t\t<div><span style=\"text-decoration: underline;\"><strong>Turniej na V i IV kategori\u0119<\/strong><\/span><\/div>\n<div>8:50-9:15 potwierdzanie uczestnictwa<\/div>\n<div>9:30 odprawa techniczna<\/div>\n<div>rundy turniejowe<br \/>zako\u0144czenie ok. 14<\/div>\t\t\t\t\t\t\t\t<\/div>\n\t\t\t\t<\/div>\n\t\t\t\t\t<\/div>\n\t\t<\/div>\n\t\t\t\t\t<\/div>\n\t\t<\/section>\n\t\t\t\t<section class=\"elementor-section elementor-inner-section elementor-element elementor-element-ff67464 elementor-section-boxed elementor-section-height-default elementor-section-height-default\" data-id=\"ff67464\" data-element_type=\"section\" data-e-type=\"section\">\n\t\t\t\t\t\t<div class=\"elementor-container elementor-column-gap-default\">\n\t\t\t\t\t<div class=\"elementor-column elementor-col-33 elementor-inner-column elementor-element elementor-element-6efaad6\" data-id=\"6efaad6\" data-element_type=\"column\" data-e-type=\"column\">\n\t\t\t<div class=\"elementor-widget-wrap elementor-element-populated\">\n\t\t\t\t\t\t<div class=\"elementor-element elementor-element-6c73904 elementor-widget elementor-widget-heading\" data-id=\"6c73904\" data-element_type=\"widget\" data-e-type=\"widget\" data-widget_type=\"heading.default\">\n\t\t\t\t<div class=\"elementor-widget-container\">\n\t\t\t\t\t<h5 class=\"elementor-heading-title elementor-size-default\">sobota 5.06<\/h5>\t\t\t\t<\/div>\n\t\t\t\t<\/div>\n\t\t\t\t\t<\/div>\n\t\t<\/div>\n\t\t\t\t<div class=\"elementor-column elementor-col-33 elementor-inner-column elementor-element elementor-element-3127719\" data-id=\"3127719\" data-element_type=\"column\" data-e-type=\"column\">\n\t\t\t<div class=\"elementor-widget-wrap elementor-element-populated\">\n\t\t\t\t\t\t<div class=\"elementor-element elementor-element-e6b5910 elementor-widget elementor-widget-text-editor\" data-id=\"e6b5910\" data-element_type=\"widget\" data-e-type=\"widget\" data-widget_type=\"text-editor.default\">\n\t\t\t\t<div class=\"elementor-widget-container\">\n\t\t\t\t\t\t\t\t\t<div><span style=\"text-decoration: underline;\"><strong>Turniej g\u0142\u00f3wny<\/strong><\/span><\/div>\n<div>8:50-9:15 potwierdzanie uczestnictwa<br \/>9:30 odprawa techniczna<br \/>rundy 1, 2, 3, 4<\/div>\t\t\t\t\t\t\t\t<\/div>\n\t\t\t\t<\/div>\n\t\t\t\t\t<\/div>\n\t\t<\/div>\n\t\t\t\t<div class=\"elementor-column elementor-col-33 elementor-inner-column elementor-element elementor-element-01624f5\" data-id=\"01624f5\" data-element_type=\"column\" data-e-type=\"column\">\n\t\t\t<div class=\"elementor-widget-wrap elementor-element-populated\">\n\t\t\t\t\t\t\t<\/div>\n\t\t<\/div>\n\t\t\t\t\t<\/div>\n\t\t<\/section>\n\t\t\t\t<section class=\"elementor-section elementor-inner-section elementor-element elementor-element-8de333b elementor-section-boxed elementor-section-height-default elementor-section-height-default\" data-id=\"8de333b\" data-element_type=\"section\" data-e-type=\"section\">\n\t\t\t\t\t\t<div class=\"elementor-container elementor-column-gap-default\">\n\t\t\t\t\t<div class=\"elementor-column elementor-col-33 elementor-inner-column elementor-element elementor-element-c9f8007\" data-id=\"c9f8007\" data-element_type=\"column\" data-e-type=\"column\">\n\t\t\t<div class=\"elementor-widget-wrap elementor-element-populated\">\n\t\t\t\t\t\t<div class=\"elementor-element elementor-element-f6954cc elementor-widget elementor-widget-heading\" data-id=\"f6954cc\" data-element_type=\"widget\" data-e-type=\"widget\" data-widget_type=\"heading.default\">\n\t\t\t\t<div class=\"elementor-widget-container\">\n\t\t\t\t\t<h5 class=\"elementor-heading-title elementor-size-default\">niedziela 6.06<\/h5>\t\t\t\t<\/div>\n\t\t\t\t<\/div>\n\t\t\t\t\t<\/div>\n\t\t<\/div>\n\t\t\t\t<div class=\"elementor-column elementor-col-33 elementor-inner-column elementor-element elementor-element-f25e1d8\" data-id=\"f25e1d8\" data-element_type=\"column\" data-e-type=\"column\">\n\t\t\t<div class=\"elementor-widget-wrap elementor-element-populated\">\n\t\t\t\t\t\t<div class=\"elementor-element elementor-element-9afd01e elementor-widget elementor-widget-text-editor\" data-id=\"9afd01e\" data-element_type=\"widget\" data-e-type=\"widget\" data-widget_type=\"text-editor.default\">\n\t\t\t\t<div class=\"elementor-widget-container\">\n\t\t\t\t\t\t\t\t\t<div><span style=\"text-decoration: underline;\"><strong>Turniej g\u0142\u00f3wny<\/strong><\/span><\/div>\n<div>9:30 rundy 5, 6, 7<\/div>\n<div>zako\u0144czenie<\/div>\t\t\t\t\t\t\t\t<\/div>\n\t\t\t\t<\/div>\n\t\t\t\t\t<\/div>\n\t\t<\/div>\n\t\t\t\t<div class=\"elementor-column elementor-col-33 elementor-inner-column elementor-element elementor-element-e632956\" data-id=\"e632956\" data-element_type=\"column\" data-e-type=\"column\">\n\t\t\t<div class=\"elementor-widget-wrap elementor-element-populated\">\n\t\t\t\t\t\t\t<\/div>\n\t\t<\/div>\n\t\t\t\t\t<\/div>\n\t\t<\/section>\n\t\t\t\t<div class=\"elementor-element elementor-element-7654e1c elementor-widget elementor-widget-heading\" data-id=\"7654e1c\" data-element_type=\"widget\" data-e-type=\"widget\" data-widget_type=\"heading.default\">\n\t\t\t\t<div class=\"elementor-widget-container\">\n\t\t\t\t\t<h4 class=\"elementor-heading-title elementor-size-default\">4. System rozgrywek, przepisy<\/h4>\t\t\t\t<\/div>\n\t\t\t\t<\/div>\n\t\t\t\t<div class=\"elementor-element elementor-element-7bd8a3b elementor-widget elementor-widget-text-editor\" data-id=\"7bd8a3b\" data-element_type=\"widget\" data-e-type=\"widget\" data-widget_type=\"text-editor.default\">\n\t\t\t\t<div class=\"elementor-widget-container\">\n\t\t\t\t\t\t\t\t\t<p>Przy r\u00f3wnej liczbie punkt\u00f3w o zaj\u0119tym miejscu decyduj\u0105 punktacje pomocnicze wed\u0142ug <a href=\"http:\/\/pliki.pzszach.pl\/docs\/regulaminy\/regulamin_punktacji_pomocniczych.pdf\">rekomendacji PZSzach<\/a>.<br \/>W turniejach obowi\u0105zuj\u0105 przepisy gry FIDE.<\/p>\n<p><span style=\"text-decoration: underline;\"><strong>4.1 Turniej g\u0142\u00f3wny (FIDE)<\/strong><\/span><\/p>\n<p>\u2022 system szwajcarski, 7 rund,<br \/>\u2022 tempo gry: 30 minut na parti\u0119 dla zawodnika plus 30 sekund dodawane po ka\u017cdym posuni\u0119ciu,<br \/>\u2022 <strong>obowi\u0105zkowy zapis partii<\/strong> (nie zapisywa\u0107 mog\u0105 dzieci ur. w roku 2014 i m\u0142odsze, co wi\u0105\u017ce si\u0119 ze zmniejszeniem czasu do namys\u0142u),<br \/>\u2022 zakaz proponowania i zgadzania si\u0119 na propozycje remisowe przed wykonaniem 30. posuni\u0119cia przez czarne; z\u0142amanie zakazu mo\u017ce by\u0107 ukarane obustronn\u0105 pora\u017ck\u0105,<br \/>\u2022 odwo\u0142ania mo\u017cna zg\u0142asza\u0107: do momentu podpisania blankietu,<br \/>\u2022 maksymalne dopuszczalne sp\u00f3\u017anienie na rund\u0119: 15 minut,<br \/>\u2022 mo\u017cliwo\u015b\u0107 zdobycia kategorii do I kobiecej w\u0142\u0105cznie.<\/p>\n<p><strong><span style=\"text-decoration: underline;\">4.2 Prolog (FIDE Rapid)<\/span><br \/><\/strong><\/p>\n<p>\u2022 system szwajcarski, 7 rund,<br \/>\u2022 tempo gry: 10 minut plus 5 sekund dodawane po ka\u017cdym posuni\u0119ciu,<br \/>\u2022 maksymalne dopuszczalne sp\u00f3\u017anienie na rund\u0119: do up\u0142yni\u0119cia czasu na zegarze.<\/p>\n<p><strong style=\"color: var( --e-global-color-text ); font-family: var( --e-global-typography-text-font-family ), Sans-serif; word-spacing: normal;\"><span style=\"text-decoration-line: underline;\">4.3 Turniej na V i IV kategori\u0119<\/span><\/strong><\/p>\n<p>\u2022 system szwajcarski, 6 rund,<br \/>\u2022 tempo gry: 25 minut dla zawodnika na parti\u0119 plus 5 sekund dodawane po ka\u017cdym posuni\u0119ciu,<br \/>\u2022 maksymalne dopuszczalne sp\u00f3\u017anienie na rund\u0119: 15 minut,<br \/>\u2022 mo\u017cliwo\u015b\u0107 zdobycia V lub IV kategorii szachowej.<\/p>\t\t\t\t\t\t\t\t<\/div>\n\t\t\t\t<\/div>\n\t\t\t\t<div class=\"elementor-element elementor-element-9ae8675 elementor-widget elementor-widget-heading\" data-id=\"9ae8675\" data-element_type=\"widget\" data-e-type=\"widget\" data-widget_type=\"heading.default\">\n\t\t\t\t<div class=\"elementor-widget-container\">\n\t\t\t\t\t<h4 class=\"elementor-heading-title elementor-size-default\">5. Warunki uczestnictwa<\/h4>\t\t\t\t<\/div>\n\t\t\t\t<\/div>\n\t\t\t\t<div class=\"elementor-element elementor-element-3a86307 elementor-widget elementor-widget-text-editor\" data-id=\"3a86307\" data-element_type=\"widget\" data-e-type=\"widget\" data-widget_type=\"text-editor.default\">\n\t\t\t\t<div class=\"elementor-widget-container\">\n\t\t\t\t\t\t\t\t\t<p>Do turnieju nale\u017cy zg\u0142asza\u0107 si\u0119:<br \/>\u2022 przez internetowy <em>Formularz zg\u0142oszenia<\/em>: na stronach turniejowych wskazanych w pkt. 3 lub<br \/>\u2022 mailem na adres <a href=\"mailto:klub@szachygrodzisk.pl\">klub@szachygrodzisk.pl<\/a> \u2013 nale\u017cy poda\u0107 imi\u0119, nazwisko, klub lub miejscowo\u015b\u0107, kategori\u0119 szachow\u0105 (o ile si\u0119 posiada) oraz pe\u0142n\u0105 dat\u0119 urodzenia lub<br \/>\u2022 telefonicznie w godzinach 20-21 (nr tel. na ko\u0144cu regulaminu) lub<br \/>\u2022 osobi\u015bcie.<\/p>\n<p><strong>Zg\u0142oszenia do wyczerpania wolnych miejsc &#8211; maksymalna liczba zawodnik\u00f3w ograniczona wielko\u015bci\u0105 sali gry: 50<\/strong><\/p>\n<p>Zg\u0142oszenia b\u0119d\u0105 na bie\u017c\u0105co publikowane na listach startowych.<br \/>Obowi\u0105zuje potwierdzenie udzia\u0142u w zawodach na sali gry<\/p>\n<p>Op\u0142ata startowa (tzw. &#8222;wpisowe&#8221;):<br \/>\u2022 Turniej g\u0142\u00f3wny &#8211; 60 z\u0142 \/ cz\u0142onkowie Szachowej Dw\u00f3jki, uczniowie ZSP nr 2 &#8211; 30 z\u0142 \/ pozostali doro\u015bli &#8211; 40 z\u0142,<br \/>\u2022 Prolog &#8211; 20 z\u0142 \/ cz\u0142onkowie Szachowej Dw\u00f3jki, uczniowie ZSP nr 2, doro\u015bli &#8211; 10 z\u0142,<br \/>\u2022 Turniej na V i IV kategori\u0119 &#8211; 20 z\u0142 \/ cz\u0142onkowie Szachowej Dw\u00f3jki, uczniowie ZSP nr 2, uczestnicy zaj\u0119\u0107 Szachowej Dw\u00f3jki &#8211; 10 z\u0142.<\/p>\n<p>Wpisowe p\u0142atne got\u00f3wk\u0105 przed pierwsz\u0105 rund\u0105.<\/p>\t\t\t\t\t\t\t\t<\/div>\n\t\t\t\t<\/div>\n\t\t\t\t<div class=\"elementor-element elementor-element-dfe6de2 elementor-widget elementor-widget-heading\" data-id=\"dfe6de2\" data-element_type=\"widget\" data-e-type=\"widget\" data-widget_type=\"heading.default\">\n\t\t\t\t<div class=\"elementor-widget-container\">\n\t\t\t\t\t<h4 class=\"elementor-heading-title elementor-size-default\">6. Puchary, medale, nagrody<\/h4>\t\t\t\t<\/div>\n\t\t\t\t<\/div>\n\t\t\t\t<div class=\"elementor-element elementor-element-38fe8b9 elementor-widget elementor-widget-text-editor\" data-id=\"38fe8b9\" data-element_type=\"widget\" data-e-type=\"widget\" data-widget_type=\"text-editor.default\">\n\t\t\t\t<div class=\"elementor-widget-container\">\n\t\t\t\t\t\t\t\t\t<p>Puchary za miejsca I-III w Turnieju g\u0142\u00f3wnym oraz w Prologu<br \/>Medale za miejsca I-III w Turnieju o V i IV kategori\u0119<br \/>Medale za miejsca I-III w klasyfikacji junior\u00f3w do 10 lat (ur. 2011+) w turnieju g\u0142\u00f3wnym oraz w Prologu.<\/p>\n<p>Informacja o nagrodach zostanie podana w trakcie turnieju.<br \/>Nagrody b\u0119d\u0105 wr\u0119czane wy\u0142\u0105cznie podczas ceremonii zako\u0144czenia poszczeg\u00f3lnych grup turniejowych.<\/p>\t\t\t\t\t\t\t\t<\/div>\n\t\t\t\t<\/div>\n\t\t\t\t<div class=\"elementor-element elementor-element-c31582d elementor-widget elementor-widget-heading\" data-id=\"c31582d\" data-element_type=\"widget\" data-e-type=\"widget\" data-widget_type=\"heading.default\">\n\t\t\t\t<div class=\"elementor-widget-container\">\n\t\t\t\t\t<h4 class=\"elementor-heading-title elementor-size-default\">7. Inne<\/h4>\t\t\t\t<\/div>\n\t\t\t\t<\/div>\n\t\t\t\t<div class=\"elementor-element elementor-element-191b1f2d elementor-widget elementor-widget-text-editor\" data-id=\"191b1f2d\" data-element_type=\"widget\" data-e-type=\"widget\" data-widget_type=\"text-editor.default\">\n\t\t\t\t<div class=\"elementor-widget-container\">\n\t\t\t\t\t\t\t\t\t<p><\/p>\n<p><\/p>\n<p><\/p>\n<p><span class=\"has-inline-color has-vivid-red-color\">Podczas trwania zawod\u00f3w b\u0119d\u0105 respektowane aktualnie obowi\u0105zuj\u0105ce wytyczne G\u0142\u00f3wnego Inspektoratu Sanitarnego, Ministerstwa Kultury, Dziedzictwa Narodowego i Sportu oraz Polskiego Zwi\u0105zku Szachowego. Zawodnicy oraz osoby towarzysz\u0105ce musz\u0105 przestrzega\u0107 zasad, kt\u00f3re zostan\u0105 przedstawione podczas odprawy technicznej pod rygorem niedopuszczenia lub wykluczenia z zawod\u00f3w.<br>Zawodnik zapisuj\u0105cy parti\u0119 ma obowi\u0105zek posiadania w\u0142asnego d\u0142ugopisu<br><\/span>Organizatorzy zapewniaj\u0105 darmowy pocz\u0119stunek w formie dostosowanej do sytuacji epidemicznej &#8211; np. pakowane kanapki, butelkowane napoje, s\u0142odycze.<br>Opiek\u0119 nad zawodnikami do 18 lat sprawuj\u0105 rodzice lub doro\u015bli opiekunowie.<br>Zawodnik\u00f3w obowi\u0105zuje zmiana obuwia.<br>Zawodnicy ubezpieczaj\u0105 si\u0119 we w\u0142asnym zakresie.<br>Na sali gry obowi\u0105zuje ca\u0142kowity zakaz u\u017cywania telefon\u00f3w kom\u00f3rkowych.<br>Udzia\u0142 w zawodach oznacza zgod\u0119 na wykorzystanie wizerunku i danych osobowych do realizacji dzia\u0142a\u0144 statutowych Organizator\u00f3w.<br>O wszelkich sprawach nieuj\u0119tych w niniejszym regulaminie decyduj\u0105 Organizatorzy.<br>Organizatorzy zastrzegaj\u0105 sobie prawo wprowadzania zmian w niniejszym regulaminie.<\/p>\n<p><\/p>\n<p>Kontakt: Jacek Kici\u0144ski, tel. 511 834 619, <a href=\"mailto:klub@szachygrodzisk.pl\">klub@szachygrodzisk.pl<\/a><\/p>\n<p><\/p>\t\t\t\t\t\t\t\t<\/div>\n\t\t\t\t<\/div>\n\t\t\t\t\t<\/div>\n\t\t<\/div>\n\t\t\t\t\t<\/div>\n\t\t<\/section>\n\t\t\t\t<\/div>\n\t\t","protected":false},"excerpt":{"rendered":"<p>Z uwagi na wolne miejsca dopuszczamy start doros\u0142ych, ale bez prawa do puchar\u00f3w i nagr\u00f3d (zmiana 1.06). 1. Cele zawod\u00f3w Popularyzacja gry w szachy, zw\u0142aszcza w \u015brodowisku Grodziska MazowieckiegoUmo\u017cliwienie dzieciom i m\u0142odzie\u017cy zdobycia lub podwy\u017cszenia kategorii szachowychUmo\u017cliwienie zawodnikom uzyskania lub podwy\u017cszenia rankingu mi\u0119dzynarodowego FIDEWy\u0142onienie w sportowej rywalizacji najlepszych szachist\u00f3w 2. Organizatorzy Uczniowski Klub Sportowy Szachowa Dw\u00f3jka Grodzisk MazowieckiZesp\u00f3\u0142 Szkolno-Przedszkolny nr 2 im. M. Konopnickiej w Grodzisku Mazowieckim Zadanie publiczne wsp\u00f3\u0142finansowane z bud\u017cetu gminy Grodzisk Mazowiecki 3. Program zawod\u00f3w Miejsce rozgrywek: Zesp\u00f3\u0142 Szkolno-Przedszkolny nr 2, ul. Westfala 3, Grodzisk MazowieckiTermin: 4 &#8211; 6 czerwca 2021 r. Grupy turniejowe:\u2022 Turniej g\u0142\u00f3wny (FIDE)&hellip;<\/p>\n<p> <a class=\"more-link\" href=\"https:\/\/szachygrodzisk.pl\/index.php\/turniej-z-okazji-dnia-dziecka\/\">Dowiedz si\u0119 wi\u0119cej<\/a><\/p>\n","protected":false},"author":2,"featured_media":0,"parent":0,"menu_order":0,"comment_status":"closed","ping_status":"closed","template":"","meta":{"_monsterinsights_skip_tracking":false,"_monsterinsights_sitenote_active":false,"_monsterinsights_sitenote_note":"","_monsterinsights_sitenote_category":0,"footnotes":""},"class_list":["post-3453","page","type-page","status-publish"],"_links":{"self":[{"href":"https:\/\/szachygrodzisk.pl\/index.php\/wp-json\/wp\/v2\/pages\/3453","targetHints":{"allow":["GET"]}}],"collection":[{"href":"https:\/\/szachygrodzisk.pl\/index.php\/wp-json\/wp\/v2\/pages"}],"about":[{"href":"https:\/\/szachygrodzisk.pl\/index.php\/wp-json\/wp\/v2\/types\/page"}],"author":[{"embeddable":true,"href":"https:\/\/szachygrodzisk.pl\/index.php\/wp-json\/wp\/v2\/users\/2"}],"replies":[{"embeddable":true,"href":"https:\/\/szachygrodzisk.pl\/index.php\/wp-json\/wp\/v2\/comments?post=3453"}],"version-history":[{"count":13,"href":"https:\/\/szachygrodzisk.pl\/index.php\/wp-json\/wp\/v2\/pages\/3453\/revisions"}],"predecessor-version":[{"id":3929,"href":"https:\/\/szachygrodzisk.pl\/index.php\/wp-json\/wp\/v2\/pages\/3453\/revisions\/3929"}],"wp:attachment":[{"href":"https:\/\/szachygrodzisk.pl\/index.php\/wp-json\/wp\/v2\/media?parent=3453"}],"curies":[{"name":"wp","href":"https:\/\/api.w.org\/{rel}","templated":true}]}}