{"id":4197,"date":"2021-09-06T21:27:51","date_gmt":"2021-09-06T19:27:51","guid":{"rendered":"https:\/\/szachygrodzisk.pl\/?page_id=4197"},"modified":"2022-06-18T10:27:09","modified_gmt":"2022-06-18T08:27:09","slug":"zajecia-2021-22","status":"publish","type":"page","link":"https:\/\/szachygrodzisk.pl\/index.php\/zajecia-2021-22\/","title":{"rendered":"Zaj\u0119cia 2021\/22"},"content":{"rendered":"\t\t<div data-elementor-type=\"wp-page\" data-elementor-id=\"4197\" class=\"elementor elementor-4197\">\n\t\t\t\t\t\t<section class=\"elementor-section elementor-top-section elementor-element elementor-element-0b43f18 elementor-section-boxed elementor-section-height-default elementor-section-height-default\" data-id=\"0b43f18\" data-element_type=\"section\" data-e-type=\"section\">\n\t\t\t\t\t\t<div class=\"elementor-container elementor-column-gap-default\">\n\t\t\t\t\t<div class=\"elementor-column elementor-col-100 elementor-top-column elementor-element elementor-element-681e303\" data-id=\"681e303\" data-element_type=\"column\" data-e-type=\"column\">\n\t\t\t<div class=\"elementor-widget-wrap elementor-element-populated\">\n\t\t\t\t\t\t<div class=\"elementor-element elementor-element-a60bc98 elementor-widget elementor-widget-text-editor\" data-id=\"a60bc98\" data-element_type=\"widget\" data-e-type=\"widget\" data-widget_type=\"text-editor.default\">\n\t\t\t\t<div class=\"elementor-widget-container\">\n\t\t\t\t\t\t\t\t\t<h3>Harmonogram zaj\u0119\u0107 w roku szkolnym 2021\/2022<\/h3><p>Zaj\u0119cia dla pocz\u0105tkuj\u0105cych dzieci:<\/p><ul><li>wtorki 10:30-11:30 w Pawilonie Kultury, instruktor wsp\u00f3\u0142pracuje ze \u015bwietlic\u0105 szkoln\u0105\u00a0(prowadzi K. Jarz\u0119bowski)<\/li><li>wtorki 12:40-13:40 w Pawilonie Kultury, instruktor wsp\u00f3\u0142pracuje ze \u015bwietlic\u0105 szkoln\u0105 (prowadzi K. Jarz\u0119bowski)<\/li><li>wtorki 17:45-18:45 w Pawilonie Kultury (prowadzi J. Kici\u0144ski) &#8211; <em>brak wolnych miejsc<\/em><\/li><\/ul><div><div>Op\u0142aty za powy\u017csze zaj\u0119cia to 15 z\u0142 za godzin\u0119 p\u0142atne przelewem na <a href=\"https:\/\/szachygrodzisk.pl\/index.php\/uks-szachowa-dwojka-grodzisk-maz\/\">konto Szachowej Dw\u00f3jki<\/a> (z podaniem imienia i nazwiska uczestnika oraz terminu grupy, do kt\u00f3rej ucz\u0119szcza). Dodatkowy bonus: uczestnictwo w zaj\u0119ciach uprawnia do korzystania ze zni\u017cki w turniejach organizowanych przez Szachow\u0105 Dw\u00f3jk\u0119.<\/div><div>Zg\u0142oszenia do grup dla pocz\u0105tkuj\u0105cych dzieci nale\u017cy przesy\u0142a\u0107 mailem na adres\u00a0<a style=\"background-color: #ffffff; font-family: var( --e-global-typography-text-font-family ), Sans-serif; font-weight: var( --e-global-typography-text-font-weight ); word-spacing: normal;\" href=\"mailto:jkicinski@szachygrodzisk.pl\">jkicinski@szachygrodzisk.pl<\/a>. Przes\u0142anie zg\u0142oszenia drog\u0105 mailow\u0105 oznacza zgod\u0119 na przetwarzanie podanych danych w celu obs\u0142ugi rekrutacji na zaj\u0119cia. W zg\u0142oszeniu nale\u017cy poda\u0107:<\/div><ul><li>imi\u0119 i nazwisko dziecka, rok urodzenia<\/li><li>miejscowo\u015b\u0107 zamieszkania, szko\u0142\u0119 \/ przedszkole, w przypadku SP nr 2 r\u00f3wnie\u017c klas\u0119<\/li><li>znajomo\u015b\u0107 gry w szachy: czy dziecko wie, jak ruszaj\u0105 si\u0119 figury, czy na razie zupe\u0142nie nic nie wie o szachach<\/li><li>wybrany termin zaj\u0119\u0107<\/li><li><span style=\"color: var( --e-global-color-text ); font-family: var( --e-global-typography-text-font-family ), Sans-serif; font-weight: var( --e-global-typography-text-font-weight ); word-spacing: normal;\">dla zaj\u0119\u0107 na 10:30 i na 12:40 &#8211; czy dziecko jest przyprowadzane na zaj\u0119cia bezpo\u015brednio do Pawilonu Kultury, czy instruktor ma je odebra\u0107 ze \u015bwietlicy<\/span><\/li><li>dla zaj\u0119\u0107 na 10:30 i na 12:40 &#8211; czy po zaj\u0119ciach dziecko jest odbierane z Pawilonu Kultury, wraca samo z Pawilonu Kultury, czy instruktor ma je odprowadzi\u0107 do szatni w szkole \/ do \u015bwietlicy<\/li><\/ul><\/div><div>Zgoda na zaj\u0119cia, kt\u00f3r\u0105 nale\u017cy wydrukowa\u0107 i dostarczy\u0107 instruktorowi najp\u00f3\u017aniej na pierwszych zaj\u0119ciach:\u00a0<a href=\"https:\/\/szachygrodzisk.pl\/SP2\/2021_zgoda_wtorki.pdf\">zgoda do pobrania (PDF)<\/a><\/div><p>Zgoda na odbieranie dzieci ze \u015bwietlicy (dla zainteresowanych), kt\u00f3r\u0105 nale\u017cy dostarczy\u0107\u00a0<span style=\"text-decoration-line: underline;\">do \u015bwietlicy szkolnej<\/span>\u00a0najp\u00f3\u017aniej przed pierwszymi zaj\u0119ciami:\u00a0<a href=\"https:\/\/szachygrodzisk.pl\/SP2\/2021_zgoda_wtorki_swietlica.pdf\">zgoda dla \u015bwietlicy do pobrania (PDF)<\/a><\/p><p><span style=\"color: var( --e-global-color-text ); font-family: var( --e-global-typography-text-font-family ), Sans-serif; font-weight: var( --e-global-typography-text-font-weight ); word-spacing: normal;\">Szczeg\u00f3\u0142owe informacje i zg\u0142oszenia: J. Kici\u0144ski, tel. 511 834 619, <\/span><a style=\"font-family: var( --e-global-typography-text-font-family ), Sans-serif; font-weight: var( --e-global-typography-text-font-weight ); word-spacing: normal; background-color: #ffffff;\" href=\"mailto:jkicinski@szachygrodzisk.pl\">jkicinski@szachygrodzisk.pl<\/a><\/p>\t\t\t\t\t\t\t\t<\/div>\n\t\t\t\t<\/div>\n\t\t\t\t<div class=\"elementor-element elementor-element-58d2c58 elementor-widget-divider--view-line_icon elementor-view-default elementor-widget-divider--element-align-center elementor-widget elementor-widget-divider\" data-id=\"58d2c58\" data-element_type=\"widget\" data-e-type=\"widget\" data-widget_type=\"divider.default\">\n\t\t\t\t<div class=\"elementor-widget-container\">\n\t\t\t\t\t\t\t<div class=\"elementor-divider\">\n\t\t\t<span class=\"elementor-divider-separator\">\n\t\t\t\t\t\t\t<div class=\"elementor-icon elementor-divider__element\">\n\t\t\t\t\t<i aria-hidden=\"true\" class=\"fas fa-star\"><\/i><\/div>\n\t\t\t\t\t\t<\/span>\n\t\t<\/div>\n\t\t\t\t\t\t<\/div>\n\t\t\t\t<\/div>\n\t\t\t\t<div class=\"elementor-element elementor-element-c042314 elementor-widget elementor-widget-text-editor\" data-id=\"c042314\" data-element_type=\"widget\" data-e-type=\"widget\" data-widget_type=\"text-editor.default\">\n\t\t\t\t<div class=\"elementor-widget-container\">\n\t\t\t\t\t\t\t\t\t<h3>Zaj\u0119cia dla m\u0142odzie\u017cy i doros\u0142ych<\/h3><p>18 lutego po d\u0142u\u017cszej przerwie wystartowa\u0142y zaj\u0119cia dla m\u0142odzie\u017cy i doros\u0142ych, termin:\u00a0 pi\u0105tki 17:45-19:15, miejsce: Szko\u0142a Podstawowa nr 2 (g\u0142\u00f3wne wej\u015bcie, jak na sto\u0142\u00f3wk\u0119). Koszt 15 z\u0142 za pojedyncze zaj\u0119cia, p\u0142atne got\u00f3wk\u0105 u instruktora.<\/p><p><span style=\"color: var( --e-global-color-text ); font-family: var( --e-global-typography-text-font-family ), Sans-serif; font-weight: var( --e-global-typography-text-font-weight ); word-spacing: normal;\">Szczeg\u00f3\u0142owe informacje i zg\u0142oszenia: J. Kici\u0144ski, tel. 511 834 619,\u00a0<\/span><a style=\"background-color: #ffffff; font-family: var( --e-global-typography-text-font-family ), Sans-serif; font-weight: var( --e-global-typography-text-font-weight ); word-spacing: normal;\" href=\"mailto:jkicinski@szachygrodzisk.pl\">jkicinski@szachygrodzisk.pl<\/a><\/p>\t\t\t\t\t\t\t\t<\/div>\n\t\t\t\t<\/div>\n\t\t\t\t<div class=\"elementor-element elementor-element-de520ec elementor-widget-divider--view-line_icon elementor-view-default elementor-widget-divider--element-align-center elementor-widget elementor-widget-divider\" data-id=\"de520ec\" data-element_type=\"widget\" data-e-type=\"widget\" data-widget_type=\"divider.default\">\n\t\t\t\t<div class=\"elementor-widget-container\">\n\t\t\t\t\t\t\t<div class=\"elementor-divider\">\n\t\t\t<span class=\"elementor-divider-separator\">\n\t\t\t\t\t\t\t<div class=\"elementor-icon elementor-divider__element\">\n\t\t\t\t\t<i aria-hidden=\"true\" class=\"fas fa-star\"><\/i><\/div>\n\t\t\t\t\t\t<\/span>\n\t\t<\/div>\n\t\t\t\t\t\t<\/div>\n\t\t\t\t<\/div>\n\t\t\t\t<div class=\"elementor-element elementor-element-8e96ddc elementor-widget elementor-widget-text-editor\" data-id=\"8e96ddc\" data-element_type=\"widget\" data-e-type=\"widget\" data-widget_type=\"text-editor.default\">\n\t\t\t\t<div class=\"elementor-widget-container\">\n\t\t\t\t\t\t\t\t\t<h3>Zaj\u0119cia grup klubowych w roku szkolnym 2021\/2022<\/h3><p><span style=\"color: var( --e-global-color-text ); font-family: var( --e-global-typography-text-font-family ), Sans-serif; font-weight: var( --e-global-typography-text-font-weight ); word-spacing: normal;\">Grupa z rankingiem PZSzach 1100-1400 (prowadzi R. Daniszewski):<\/span><\/p><ul><li>pi\u0105tki 17:30-19:30 w SP nr 2 (wej\u015bcie jak na sto\u0142\u00f3wk\u0119)<\/li><\/ul><p>Grupa z rankingiem PZSzach 1600 (prowadzi K. Jarz\u0119bowski):<\/p><ul><li>pi\u0105tki 17:30-19:30 w SP nr 2 (wej\u015bcie jak na sto\u0142\u00f3wk\u0119)<\/li><\/ul><p><span style=\"color: var( --e-global-color-text ); font-family: var( --e-global-typography-text-font-family ), Sans-serif; font-weight: var( --e-global-typography-text-font-weight ); word-spacing: normal;\">Dla ch\u0119tnych z powy\u017cszych grup zaj\u0119cia uzupe\u0142niaj\u0105ce (prowadzi K. Jarz\u0119bowski):<\/span><\/p><ul><li>poniedzia\u0142ki 17:45-18:45 w Pawilonie Kultury<\/li><\/ul><div>Cz\u0142onkowie Szachowej Dw\u00f3jki uczestnicz\u0105cy w powy\u017cszych zaj\u0119ciach (2 lub 3 godz. tygodniowo) uiszczaj\u0105 zrycza\u0142towan\u0105 op\u0142at\u0119 w wysoko\u015bci 20 z\u0142 za miesi\u0105c zaj\u0119\u0107 (dodatkowo obowi\u0105zuje op\u0142acanie sk\u0142adki cz\u0142onkowskiej).<\/div><p>Grupa z rankingiem PZSzach minimum 1800 (prowadzi mistrz mi\u0119dzynarodowy M. Luch):<\/p><ul><li><span style=\"color: var( --e-global-color-text ); font-family: var( --e-global-typography-text-font-family ), Sans-serif; font-weight: var( --e-global-typography-text-font-weight ); word-spacing: normal;\">pi\u0105tki 17:30-19:30 w SP nr 2 (wej\u015bcie jak na sto\u0142\u00f3wk\u0119)<\/span><\/li><li>\u015brody 17:30-19:30 w Mediatece<\/li><\/ul><div>Cz\u0142onkowie Szachowej Dw\u00f3jki uczestnicz\u0105cy w powy\u017cszych zaj\u0119ciach (4 godz. tygodniowo) uiszczaj\u0105 zrycza\u0142towan\u0105 op\u0142at\u0119 w wysoko\u015bci 30 z\u0142 za miesi\u0105c zaj\u0119\u0107 (dodatkowo obowi\u0105zuje op\u0142acanie sk\u0142adki cz\u0142onkowskiej).<\/div><div><span style=\"color: var( --e-global-color-text ); font-family: var( --e-global-typography-text-font-family ), Sans-serif; font-weight: var( --e-global-typography-text-font-weight ); word-spacing: normal;\">Szczeg\u00f3\u0142owe informacje i zg\u0142oszenia: J. Kici\u0144ski, tel. 511 834 619, <\/span><a style=\"font-family: var( --e-global-typography-text-font-family ), Sans-serif; font-weight: var( --e-global-typography-text-font-weight ); word-spacing: normal; background-color: #ffffff;\" href=\"mailto:jkicinski@szachygrodzisk.pl\">jkicinski@szachygrodzisk.pl<\/a><\/div>\t\t\t\t\t\t\t\t<\/div>\n\t\t\t\t<\/div>\n\t\t\t\t\t<\/div>\n\t\t<\/div>\n\t\t\t\t\t<\/div>\n\t\t<\/section>\n\t\t\t\t<section class=\"elementor-section elementor-top-section elementor-element elementor-element-38c683d elementor-section-boxed elementor-section-height-default elementor-section-height-default\" data-id=\"38c683d\" data-element_type=\"section\" data-e-type=\"section\">\n\t\t\t\t\t\t<div class=\"elementor-container elementor-column-gap-default\">\n\t\t\t\t\t<div class=\"elementor-column elementor-col-100 elementor-top-column elementor-element elementor-element-a76b265\" data-id=\"a76b265\" data-element_type=\"column\" data-e-type=\"column\">\n\t\t\t<div class=\"elementor-widget-wrap elementor-element-populated\">\n\t\t\t\t\t\t<div class=\"elementor-element elementor-element-4027423 elementor-widget-divider--view-line_icon elementor-view-default elementor-widget-divider--element-align-center elementor-widget elementor-widget-divider\" data-id=\"4027423\" data-element_type=\"widget\" data-e-type=\"widget\" data-widget_type=\"divider.default\">\n\t\t\t\t<div class=\"elementor-widget-container\">\n\t\t\t\t\t\t\t<div class=\"elementor-divider\">\n\t\t\t<span class=\"elementor-divider-separator\">\n\t\t\t\t\t\t\t<div class=\"elementor-icon elementor-divider__element\">\n\t\t\t\t\t<i aria-hidden=\"true\" class=\"fas fa-star\"><\/i><\/div>\n\t\t\t\t\t\t<\/span>\n\t\t<\/div>\n\t\t\t\t\t\t<\/div>\n\t\t\t\t<\/div>\n\t\t\t\t\t<\/div>\n\t\t<\/div>\n\t\t\t\t\t<\/div>\n\t\t<\/section>\n\t\t\t\t<section class=\"elementor-section elementor-top-section elementor-element elementor-element-bd15e08 elementor-section-boxed elementor-section-height-default elementor-section-height-default\" data-id=\"bd15e08\" data-element_type=\"section\" data-e-type=\"section\">\n\t\t\t\t\t\t<div class=\"elementor-container elementor-column-gap-default\">\n\t\t\t\t\t<div class=\"elementor-column elementor-col-100 elementor-top-column elementor-element elementor-element-57b2896\" data-id=\"57b2896\" data-element_type=\"column\" data-e-type=\"column\">\n\t\t\t<div class=\"elementor-widget-wrap elementor-element-populated\">\n\t\t\t\t\t\t<div class=\"elementor-element elementor-element-cfa4c64 elementor-widget elementor-widget-text-editor\" data-id=\"cfa4c64\" data-element_type=\"widget\" data-e-type=\"widget\" data-widget_type=\"text-editor.default\">\n\t\t\t\t<div class=\"elementor-widget-container\">\n\t\t\t\t\t\t\t\t\t<h3>Turnieje czwartkowe<\/h3><p>Miejsce: ul. Kili\u0144skiego 8A, wej\u015bcie od ul. Lutnianej (sala treningowa KS Bogoria, dawne kino) &#8211; <a href=\"https:\/\/www.google.com\/maps\/d\/u\/0\/viewer?mid=1tQrUBI-9eOmjzy1R7gKhD_LxcwHbVjCi&amp;ll=52.10523669999999%2C20.628232699999995&amp;z=17\">mapa<\/a><\/p><p>Turnieje planowane: <a href=\"http:\/\/chessarbiter.com\/turnieje.php?nazwa=&amp;miejsce=grodzisk+mazowiecki&amp;status=planowane&amp;wojewodztwo=wszystkie&amp;typ=wszystkie&amp;rodzaj=wszystkie&amp;szukaj=Wyswietl+turnieje\">og\u0142oszone na chessarbiter.com<\/a><\/p><p>Turnieje trwaj\u0105ce:<\/p><ul><li>&#8211;<\/li><\/ul><p>Turnieje ju\u017c rozegrane:<\/p><ul><li>21.04-9.06.2022 turniej ko\u0142owy 1800-1900 (FIDE) grupa A3 60+30 <a href=\"http:\/\/www.chessarbiter.com\/turnieje\/2022\/ti_2068\/\">http:\/\/www.chessarbiter.com\/turnieje\/2022\/ti_2068\/<\/a><\/li><li>21.04-9.06.2022 turniej ko\u0142owy 1600 grupa B5 60+30 <a href=\"http:\/\/www.chessarbiter.com\/turnieje\/2022\/ti_2069\/\">http:\/\/www.chessarbiter.com\/turnieje\/2022\/ti_2069\/<\/a><\/li><li>21.04-19.05.2022 turniej ko\u0142owy dla IV kategorii grupa B6 55+5 <a href=\"http:\/\/www.chessarbiter.com\/turnieje\/2022\/ti_2070\/\">http:\/\/www.chessarbiter.com\/turnieje\/2022\/ti_2070\/<\/a><\/li><li>17.02-14.04.2022 turniej ko\u0142owy 1600-1900 (FIDE) grupa A2 60+30\u00a0<a href=\"http:\/\/chessarbiter.com\/turnieje\/2022\/ti_508\/\">http:\/\/chessarbiter.com\/turnieje\/2022\/ti_508\/<\/a><\/li><li><span style=\"color: var( --e-global-color-text ); font-family: var( --e-global-typography-text-font-family ), Sans-serif; font-weight: var( --e-global-typography-text-font-weight ); word-spacing: normal;\">17.02-14.04.2022\u00a0turniej ko\u0142owy 1400-1600 grupa B3 60+30\u00a0<\/span><a href=\"http:\/\/chessarbiter.com\/turnieje\/2022\/ti_833\/\">http:\/\/chessarbiter.com\/turnieje\/2022\/ti_833\/<\/a><\/li><li>24.02-24.03.2022 turniej ko\u0142owy dla IV kategorii grupa B4 55+5 <a href=\"http:\/\/chessarbiter.com\/turnieje\/2022\/ti_835\/\">http:\/\/chessarbiter.com\/turnieje\/2022\/ti_835\/<\/a><\/li><li>13-20.01.2022 czwartkowy RAPID 10+5 (FIDE) <a href=\"http:\/\/www.chessarbiter.com\/turnieje\/2022\/ti_50\/\">http:\/\/www.chessarbiter.com\/turnieje\/2022\/ti_50\/<\/a><\/li><li>16.12.2021 czwartkowy BLITZ 5+3 (FIDE) <a href=\"http:\/\/www.chessarbiter.com\/turnieje\/2021\/ti_4862\/\">http:\/\/www.chessarbiter.com\/turnieje\/2021\/ti_4862\/<\/a><\/li><li>2-9.12.2021 czwartkowy RAPID 10+5 (FIDE) <a href=\"http:\/\/chessarbiter.com\/turnieje\/2021\/ti_4456\/\">http:\/\/chessarbiter.com\/turnieje\/2021\/ti_4456\/<\/a><\/li><li>7.10-25.11.2021 turniej ko\u0142owy 1400-1600 grupa B2 55+5\u00a0<a href=\"http:\/\/chessarbiter.com\/turnieje\/2021\/ti_3066\/\">http:\/\/chessarbiter.com\/turnieje\/2021\/ti_3066\/<\/a><\/li><li>30.09-25.11.2021 turniej ko\u0142owy 1600 grupa B1 55+5\u00a0<a href=\"http:\/\/chessarbiter.com\/turnieje\/2021\/ti_2968\/\">http:\/\/chessarbiter.com\/turnieje\/2021\/ti_2968\/<\/a><\/li><li><span style=\"color: var( --e-global-color-text ); font-family: var( --e-global-typography-text-font-family ), Sans-serif; font-weight: var( --e-global-typography-text-font-weight ); word-spacing: normal;\">30.09-28.10.2021 turniej ko\u0142owy 1800 (FIDE) grupa A1 60+30 <\/span><a style=\"font-family: var( --e-global-typography-text-font-family ), Sans-serif; font-weight: var( --e-global-typography-text-font-weight ); background-color: #ffffff; word-spacing: normal;\" href=\"http:\/\/chessarbiter.com\/turnieje\/2021\/ti_2967\/\">http:\/\/chessarbiter.com\/turnieje\/2021\/ti_2967\/<\/a><\/li><li>16.09.2021 godz. 17:30-19 turniej blitza 3+2, 7 rund, 14 zawodnik\u00f3w, <a href=\"http:\/\/chessarbiter.com\/turnieje\/2021\/ti_2916\/\">strona turniejowa<\/a><\/li><\/ul>\t\t\t\t\t\t\t\t<\/div>\n\t\t\t\t<\/div>\n\t\t\t\t\t<\/div>\n\t\t<\/div>\n\t\t\t\t\t<\/div>\n\t\t<\/section>\n\t\t\t\t<\/div>\n\t\t","protected":false},"excerpt":{"rendered":"<p>Harmonogram zaj\u0119\u0107 w roku szkolnym 2021\/2022 Zaj\u0119cia dla pocz\u0105tkuj\u0105cych dzieci: wtorki 10:30-11:30 w Pawilonie Kultury, instruktor wsp\u00f3\u0142pracuje ze \u015bwietlic\u0105 szkoln\u0105\u00a0(prowadzi K. Jarz\u0119bowski) wtorki 12:40-13:40 w Pawilonie Kultury, instruktor wsp\u00f3\u0142pracuje ze \u015bwietlic\u0105 szkoln\u0105 (prowadzi K. Jarz\u0119bowski) wtorki 17:45-18:45 w Pawilonie Kultury (prowadzi J. Kici\u0144ski) &#8211; brak wolnych miejsc Op\u0142aty za powy\u017csze zaj\u0119cia to 15 z\u0142 za godzin\u0119 p\u0142atne przelewem na konto Szachowej Dw\u00f3jki (z podaniem imienia i nazwiska uczestnika oraz terminu grupy, do kt\u00f3rej ucz\u0119szcza). Dodatkowy bonus: uczestnictwo w zaj\u0119ciach uprawnia do korzystania ze zni\u017cki w turniejach organizowanych przez Szachow\u0105 Dw\u00f3jk\u0119.Zg\u0142oszenia do grup dla pocz\u0105tkuj\u0105cych dzieci nale\u017cy przesy\u0142a\u0107 mailem na adres\u00a0jkicinski@szachygrodzisk.pl.&hellip;<\/p>\n<p> <a class=\"more-link\" href=\"https:\/\/szachygrodzisk.pl\/index.php\/zajecia-2021-22\/\">Dowiedz si\u0119 wi\u0119cej<\/a><\/p>\n","protected":false},"author":2,"featured_media":0,"parent":0,"menu_order":0,"comment_status":"closed","ping_status":"closed","template":"","meta":{"_monsterinsights_skip_tracking":false,"_monsterinsights_sitenote_active":false,"_monsterinsights_sitenote_note":"","_monsterinsights_sitenote_category":0,"footnotes":""},"class_list":["post-4197","page","type-page","status-publish"],"_links":{"self":[{"href":"https:\/\/szachygrodzisk.pl\/index.php\/wp-json\/wp\/v2\/pages\/4197","targetHints":{"allow":["GET"]}}],"collection":[{"href":"https:\/\/szachygrodzisk.pl\/index.php\/wp-json\/wp\/v2\/pages"}],"about":[{"href":"https:\/\/szachygrodzisk.pl\/index.php\/wp-json\/wp\/v2\/types\/page"}],"author":[{"embeddable":true,"href":"https:\/\/szachygrodzisk.pl\/index.php\/wp-json\/wp\/v2\/users\/2"}],"replies":[{"embeddable":true,"href":"https:\/\/szachygrodzisk.pl\/index.php\/wp-json\/wp\/v2\/comments?post=4197"}],"version-history":[{"count":102,"href":"https:\/\/szachygrodzisk.pl\/index.php\/wp-json\/wp\/v2\/pages\/4197\/revisions"}],"predecessor-version":[{"id":5228,"href":"https:\/\/szachygrodzisk.pl\/index.php\/wp-json\/wp\/v2\/pages\/4197\/revisions\/5228"}],"wp:attachment":[{"href":"https:\/\/szachygrodzisk.pl\/index.php\/wp-json\/wp\/v2\/media?parent=4197"}],"curies":[{"name":"wp","href":"https:\/\/api.w.org\/{rel}","templated":true}]}}