{"id":420,"date":"2016-04-06T20:41:54","date_gmt":"2016-04-06T18:41:54","guid":{"rendered":"https:\/\/szachygrodzisk.pl\/?page_id=420"},"modified":"2024-08-25T15:19:54","modified_gmt":"2024-08-25T13:19:54","slug":"uks-szachowa-dwojka-grodzisk-maz","status":"publish","type":"page","link":"https:\/\/szachygrodzisk.pl\/index.php\/uks-szachowa-dwojka-grodzisk-maz\/","title":{"rendered":"UKS Szachowa Dw\u00f3jka Grodzisk Maz."},"content":{"rendered":"\t\t<div data-elementor-type=\"wp-page\" data-elementor-id=\"420\" class=\"elementor elementor-420\">\n\t\t\t\t\t\t<section class=\"elementor-section elementor-top-section elementor-element elementor-element-c7425e8 elementor-section-boxed elementor-section-height-default elementor-section-height-default\" data-id=\"c7425e8\" data-element_type=\"section\" data-e-type=\"section\">\n\t\t\t\t\t\t<div class=\"elementor-container elementor-column-gap-default\">\n\t\t\t\t\t<div class=\"elementor-column elementor-col-100 elementor-top-column elementor-element elementor-element-c96f768\" data-id=\"c96f768\" data-element_type=\"column\" data-e-type=\"column\">\n\t\t\t<div class=\"elementor-widget-wrap elementor-element-populated\">\n\t\t\t\t\t\t<div class=\"elementor-element elementor-element-e79456a elementor-widget elementor-widget-text-editor\" data-id=\"e79456a\" data-element_type=\"widget\" data-e-type=\"widget\" data-widget_type=\"text-editor.default\">\n\t\t\t\t<div class=\"elementor-widget-container\">\n\t\t\t\t\t\t\t\t\t<p>Kolebk\u0105 naszego Klubu jest Szko\u0142a Podstawowa nr 2 im. Marii Konopnickiej w Grodzisku Mazowieckim. Szachowa Dw\u00f3jka zosta\u0142a za\u0142o\u017cona w wi\u0119kszo\u015bci przez rodzic\u00f3w widz\u0105cych pozytywny wp\u0142yw szach\u00f3w na swoje dzieci. Zebranie za\u0142o\u017cycielskie odby\u0142o si\u0119 10 marca 2016 r. a 5 kwietnia Starosta Grodziski wpisa\u0142 Szachow\u0105 Dw\u00f3jk\u0119 do ewidencji uczniowskich klub\u00f3w sportowych.<\/p>\n<p><strong>Szachowa Dw\u00f3jka<\/strong> jako uczniowski klub sportowy koncentruje si\u0119 przede wszystkim na dzieciach i m\u0142odzie\u017cy, obejmuj\u0105c swoimi dzia\u0142aniami g\u0142\u00f3wnie szko\u0142y i przedszkola z terenu gminy Grodzisk Mazowiecki. Podstawowymi \u015brodkami realizacji naszych cel\u00f3w s\u0105 regularne spotkania szachowe oraz organizowane turnieje.<\/p>\n<p>Zainteresowanym polecamy materia\u0142y zwi\u0105zane z pocz\u0105tkami Szachowej Dw\u00f3jki:<br \/>&#8211; <a href=\"https:\/\/szachygrodzisk.pl\/Klub\/folder.pdf\">folder<\/a> opisuj\u0105cy dzia\u0142alno\u015b\u0107 Szachowej Dw\u00f3jki w pierwszym roku jej istnienia (rok szkolny 2016\/17),<br \/>&#8211; <a href=\"https:\/\/www.facebook.com\/SzachowaDwojka\/videos\/vb.1738379836423225\/1745854372342438\/?type=2&amp;theater\" target=\"_blank\" rel=\"noopener noreferrer\">kr\u00f3tki filmik<\/a> o nas, naszych dzieciach i powodach za\u0142o\u017cenia stowarzyszenia,<br \/>&#8211; <a href=\"https:\/\/szachygrodzisk.pl\/Klub\/MGJ2016_RadioBogoria.mp3\" target=\"_blank\" rel=\"noopener noreferrer\">relacj\u0119 radiow\u0105<\/a> z organizowanych przez nas <strong>I Mistrzostw Grodziska Mazowieckiego Junior\u00f3w<\/strong> (pa\u017adziernik 2016).<\/p>\t\t\t\t\t\t\t\t<\/div>\n\t\t\t\t<\/div>\n\t\t\t\t\t<\/div>\n\t\t<\/div>\n\t\t\t\t\t<\/div>\n\t\t<\/section>\n\t\t\t\t<section class=\"elementor-section elementor-top-section elementor-element elementor-element-2cab0e4 elementor-section-boxed elementor-section-height-default elementor-section-height-default\" data-id=\"2cab0e4\" data-element_type=\"section\" data-e-type=\"section\" data-settings=\"{&quot;shape_divider_top&quot;:&quot;curve&quot;}\">\n\t\t\t\t\t<div class=\"elementor-shape elementor-shape-top\" aria-hidden=\"true\" data-negative=\"false\">\n\t\t\t<svg xmlns=\"http:\/\/www.w3.org\/2000\/svg\" viewBox=\"0 0 1000 100\" preserveAspectRatio=\"none\">\n    <path class=\"elementor-shape-fill\" d=\"M1000,4.3V0H0v4.3C0.9,23.1,126.7,99.2,500,100S1000,22.7,1000,4.3z\"\/>\n<\/svg>\t\t<\/div>\n\t\t\t\t\t<div class=\"elementor-container elementor-column-gap-default\">\n\t\t\t\t\t<div class=\"elementor-column elementor-col-50 elementor-top-column elementor-element elementor-element-e17c676\" data-id=\"e17c676\" data-element_type=\"column\" data-e-type=\"column\">\n\t\t\t<div class=\"elementor-widget-wrap elementor-element-populated\">\n\t\t\t\t\t\t<div class=\"elementor-element elementor-element-8fece62 elementor-widget elementor-widget-text-editor\" data-id=\"8fece62\" data-element_type=\"widget\" data-e-type=\"widget\" data-widget_type=\"text-editor.default\">\n\t\t\t\t<div class=\"elementor-widget-container\">\n\t\t\t\t\t\t\t\t\t<p>Zarz\u0105d:<br \/>\ud83d\udc64 Prezes &#8211; <a href=\"mailto:jkicinski@szachygrodzisk.pl\">Jacek Kici\u0144ski<\/a><br \/>\ud83d\udc64 Wiceprezes &#8211; <a href=\"mailto:dkuzma@szachygrodzisk.pl\">Dariusz Ku\u017ama<\/a><br \/>\ud83d\udc64 Cz\u0142onek &#8211; Kacper Jarz\u0119bowski<\/p>\t\t\t\t\t\t\t\t<\/div>\n\t\t\t\t<\/div>\n\t\t\t\t\t<\/div>\n\t\t<\/div>\n\t\t\t\t<div class=\"elementor-column elementor-col-50 elementor-top-column elementor-element elementor-element-4fe82e0\" data-id=\"4fe82e0\" data-element_type=\"column\" data-e-type=\"column\">\n\t\t\t<div class=\"elementor-widget-wrap elementor-element-populated\">\n\t\t\t\t\t\t<div class=\"elementor-element elementor-element-535b286 elementor-widget elementor-widget-text-editor\" data-id=\"535b286\" data-element_type=\"widget\" data-e-type=\"widget\" data-widget_type=\"text-editor.default\">\n\t\t\t\t<div class=\"elementor-widget-container\">\n\t\t\t\t\t\t\t\t\t<p>Komisja Rewizyjna:<br><img decoding=\"async\" draggable=\"false\" role=\"img\" class=\"emoji\" alt=\"\ud83d\udc64\" src=\"https:\/\/s.w.org\/images\/core\/emoji\/13.0.1\/svg\/1f464.svg\"> Przewodnicz\u0105cy &#8211; Marcin Fifielski<br><img decoding=\"async\" draggable=\"false\" role=\"img\" class=\"emoji\" alt=\"\ud83d\udc64\" src=\"https:\/\/s.w.org\/images\/core\/emoji\/13.0.1\/svg\/1f464.svg\"> Cz\u0142onek &#8211; Joanna Kici\u0144ska<br><img decoding=\"async\" draggable=\"false\" role=\"img\" class=\"emoji\" alt=\"\ud83d\udc64\" src=\"https:\/\/s.w.org\/images\/core\/emoji\/13.0.1\/svg\/1f464.svg\"> Cz\u0142onek &#8211; Leszek Twardowski<br><\/p>\t\t\t\t\t\t\t\t<\/div>\n\t\t\t\t<\/div>\n\t\t\t\t\t<\/div>\n\t\t<\/div>\n\t\t\t\t\t<\/div>\n\t\t<\/section>\n\t\t\t\t<section class=\"elementor-section elementor-top-section elementor-element elementor-element-69507ed elementor-section-boxed elementor-section-height-default elementor-section-height-default\" data-id=\"69507ed\" data-element_type=\"section\" data-e-type=\"section\" data-settings=\"{&quot;shape_divider_top&quot;:&quot;curve&quot;}\">\n\t\t\t\t\t<div class=\"elementor-shape elementor-shape-top\" aria-hidden=\"true\" data-negative=\"false\">\n\t\t\t<svg xmlns=\"http:\/\/www.w3.org\/2000\/svg\" viewBox=\"0 0 1000 100\" preserveAspectRatio=\"none\">\n    <path class=\"elementor-shape-fill\" d=\"M1000,4.3V0H0v4.3C0.9,23.1,126.7,99.2,500,100S1000,22.7,1000,4.3z\"\/>\n<\/svg>\t\t<\/div>\n\t\t\t\t\t<div class=\"elementor-container elementor-column-gap-default\">\n\t\t\t\t\t<div class=\"elementor-column elementor-col-50 elementor-top-column elementor-element elementor-element-7f53e34\" data-id=\"7f53e34\" data-element_type=\"column\" data-e-type=\"column\">\n\t\t\t<div class=\"elementor-widget-wrap elementor-element-populated\">\n\t\t\t\t\t\t<div class=\"elementor-element elementor-element-a7dff81 elementor-widget elementor-widget-text-editor\" data-id=\"a7dff81\" data-element_type=\"widget\" data-e-type=\"widget\" data-widget_type=\"text-editor.default\">\n\t\t\t\t<div class=\"elementor-widget-container\">\n\t\t\t\t\t\t\t\t\t<p>Pe\u0142na nazwa klubu (stowarzyszenia):<br \/><strong>Uczniowski Klub Sportowy Szachowa Dw\u00f3jka Grodzisk Mazowiecki<\/strong><br \/>Nazwa skr\u00f3cona: <strong>UKS Szachowa Dw\u00f3jka Grodzisk Maz.<\/strong><\/p>\n<p>Adres siedziby (korespondencyjny):<br \/><strong>ul. Westfala 3, 05-825 Grodzisk Maz. <\/strong>(Szko\u0142a Podstawowa nr 2)<br \/>E-mail: <a href=\"mailto:Klub@SzachyGrodzisk.pl\"><strong>Klub@SzachyGrodzisk.pl<\/strong><\/a>, tel. <strong>511 834 619<\/strong><br \/>NIP: <strong>529-181-13-19<\/strong>, REGON: <strong>364145877<\/strong><\/p>\n<p>Licencja Polskiego Zwi\u0105zku Szachowego nr \u00a0<a href=\"http:\/\/www.cr-pzszach.pl\/ew\/viewpage.php?page_id=2&amp;zwiazek=MA&amp;klub_pers_id=924\">07100060<\/a><\/p>\t\t\t\t\t\t\t\t<\/div>\n\t\t\t\t<\/div>\n\t\t\t\t\t<\/div>\n\t\t<\/div>\n\t\t\t\t<div class=\"elementor-column elementor-col-50 elementor-top-column elementor-element elementor-element-5c91ac2\" data-id=\"5c91ac2\" data-element_type=\"column\" data-e-type=\"column\">\n\t\t\t<div class=\"elementor-widget-wrap elementor-element-populated\">\n\t\t\t\t\t\t<div class=\"elementor-element elementor-element-f066dcf elementor-widget elementor-widget-text-editor\" data-id=\"f066dcf\" data-element_type=\"widget\" data-e-type=\"widget\" data-widget_type=\"text-editor.default\">\n\t\t\t\t<div class=\"elementor-widget-container\">\n\t\t\t\t\t\t\t\t\t<p>Wa\u017cne dokumenty:<br \/>&#8211; <a href=\"https:\/\/szachygrodzisk.pl\/Klub\/statut.pdf\">Statut<\/a> <strong>Szachowej Dw\u00f3jki<\/strong> (uchwalony 10 marca 2016 r.)<br \/><span style=\"color: var( --e-global-color-text ); font-family: var( --e-global-typography-text-font-family ), Sans-serif; font-weight: var( --e-global-typography-text-font-weight ); word-spacing: normal;\">&#8211; <a href=\"https:\/\/szachygrodzisk.pl\/Klub\/polityka_ochrony_maloletnich.pdf\">Polityka w zakresie standard\u00f3w ochrony ma\u0142oletnich<\/a> (zatwierdzona uchwa\u0142\u0105 Zarz\u0105du z dnia 11 sierpnia 2024 r.)<br \/>&#8211; <\/span><a style=\"font-family: var( --e-global-typography-text-font-family ), Sans-serif; font-weight: var( --e-global-typography-text-font-weight ); background-color: #ffffff; word-spacing: normal;\" href=\"https:\/\/szachygrodzisk.pl\/Klub\/deklaracja_czlonkowska.pdf\">deklaracja cz\u0142onkowska<\/a><\/p><p>Konto bankowe (BNP Paribas Bank Polska SA):<br \/>\u21d2 odbiorca: <strong>UKS Szachowa Dw\u00f3jka Grodzisk Maz.<\/strong><br \/>\u21d2 nr konta: <strong>26 2030 0045 1110 0000 0425 1050<\/strong><strong><br \/><\/strong><\/p>\t\t\t\t\t\t\t\t<\/div>\n\t\t\t\t<\/div>\n\t\t\t\t\t<\/div>\n\t\t<\/div>\n\t\t\t\t\t<\/div>\n\t\t<\/section>\n\t\t\t\t<\/div>\n\t\t","protected":false},"excerpt":{"rendered":"<p>Kolebk\u0105 naszego Klubu jest Szko\u0142a Podstawowa nr 2 im. Marii Konopnickiej w Grodzisku Mazowieckim. Szachowa Dw\u00f3jka zosta\u0142a za\u0142o\u017cona w wi\u0119kszo\u015bci przez rodzic\u00f3w widz\u0105cych pozytywny wp\u0142yw szach\u00f3w na swoje dzieci. Zebranie za\u0142o\u017cycielskie odby\u0142o si\u0119 10 marca 2016 r. a 5 kwietnia Starosta Grodziski wpisa\u0142 Szachow\u0105 Dw\u00f3jk\u0119 do ewidencji uczniowskich klub\u00f3w sportowych. Szachowa Dw\u00f3jka jako uczniowski klub sportowy koncentruje si\u0119 przede wszystkim na dzieciach i m\u0142odzie\u017cy, obejmuj\u0105c swoimi dzia\u0142aniami g\u0142\u00f3wnie szko\u0142y i przedszkola z terenu gminy Grodzisk Mazowiecki. Podstawowymi \u015brodkami realizacji naszych cel\u00f3w s\u0105 regularne spotkania szachowe oraz organizowane turnieje. Zainteresowanym polecamy materia\u0142y zwi\u0105zane z pocz\u0105tkami Szachowej Dw\u00f3jki:&#8211; folder opisuj\u0105cy dzia\u0142alno\u015b\u0107 Szachowej&hellip;<\/p>\n<p> <a class=\"more-link\" href=\"https:\/\/szachygrodzisk.pl\/index.php\/uks-szachowa-dwojka-grodzisk-maz\/\">Dowiedz si\u0119 wi\u0119cej<\/a><\/p>\n","protected":false},"author":2,"featured_media":0,"parent":0,"menu_order":0,"comment_status":"closed","ping_status":"closed","template":"","meta":{"_monsterinsights_skip_tracking":false,"_monsterinsights_sitenote_active":false,"_monsterinsights_sitenote_note":"","_monsterinsights_sitenote_category":0,"footnotes":""},"class_list":["post-420","page","type-page","status-publish"],"_links":{"self":[{"href":"https:\/\/szachygrodzisk.pl\/index.php\/wp-json\/wp\/v2\/pages\/420","targetHints":{"allow":["GET"]}}],"collection":[{"href":"https:\/\/szachygrodzisk.pl\/index.php\/wp-json\/wp\/v2\/pages"}],"about":[{"href":"https:\/\/szachygrodzisk.pl\/index.php\/wp-json\/wp\/v2\/types\/page"}],"author":[{"embeddable":true,"href":"https:\/\/szachygrodzisk.pl\/index.php\/wp-json\/wp\/v2\/users\/2"}],"replies":[{"embeddable":true,"href":"https:\/\/szachygrodzisk.pl\/index.php\/wp-json\/wp\/v2\/comments?post=420"}],"version-history":[{"count":61,"href":"https:\/\/szachygrodzisk.pl\/index.php\/wp-json\/wp\/v2\/pages\/420\/revisions"}],"predecessor-version":[{"id":8889,"href":"https:\/\/szachygrodzisk.pl\/index.php\/wp-json\/wp\/v2\/pages\/420\/revisions\/8889"}],"wp:attachment":[{"href":"https:\/\/szachygrodzisk.pl\/index.php\/wp-json\/wp\/v2\/media?parent=420"}],"curies":[{"name":"wp","href":"https:\/\/api.w.org\/{rel}","templated":true}]}}