{"id":4256,"date":"2021-09-19T21:30:05","date_gmt":"2021-09-19T19:30:05","guid":{"rendered":"https:\/\/szachygrodzisk.pl\/?page_id=4256"},"modified":"2021-09-19T21:42:48","modified_gmt":"2021-09-19T19:42:48","slug":"v-mistrzostwa-grodziska-maz-juniorow","status":"publish","type":"page","link":"https:\/\/szachygrodzisk.pl\/index.php\/v-mistrzostwa-grodziska-maz-juniorow\/","title":{"rendered":"V Mistrzostwa Grodziska Maz. Junior\u00f3w"},"content":{"rendered":"\t\t<div data-elementor-type=\"wp-page\" data-elementor-id=\"4256\" class=\"elementor elementor-4256\">\n\t\t\t\t\t\t<section class=\"elementor-section elementor-top-section elementor-element elementor-element-1519f80e elementor-section-boxed elementor-section-height-default elementor-section-height-default\" data-id=\"1519f80e\" data-element_type=\"section\" data-e-type=\"section\">\n\t\t\t\t\t\t<div class=\"elementor-container elementor-column-gap-default\">\n\t\t\t\t\t<div class=\"elementor-column elementor-col-100 elementor-top-column elementor-element elementor-element-4319c84a\" data-id=\"4319c84a\" data-element_type=\"column\" data-e-type=\"column\">\n\t\t\t<div class=\"elementor-widget-wrap elementor-element-populated\">\n\t\t\t\t\t\t<div class=\"elementor-element elementor-element-bbf8dd9 elementor-widget elementor-widget-heading\" data-id=\"bbf8dd9\" data-element_type=\"widget\" data-e-type=\"widget\" data-widget_type=\"heading.default\">\n\t\t\t\t<div class=\"elementor-widget-container\">\n\t\t\t\t\t<h4 class=\"elementor-heading-title elementor-size-default\">1. Cele zawod\u00f3w<\/h4>\t\t\t\t<\/div>\n\t\t\t\t<\/div>\n\t\t\t\t<div class=\"elementor-element elementor-element-d4c7731 elementor-widget elementor-widget-text-editor\" data-id=\"d4c7731\" data-element_type=\"widget\" data-e-type=\"widget\" data-widget_type=\"text-editor.default\">\n\t\t\t\t<div class=\"elementor-widget-container\">\n\t\t\t\t\t\t\t\t\t<p>Popularyzacja gry w szachy, zw\u0142aszcza w \u015brodowisku Grodziska Mazowieckiego<br \/>Umo\u017cliwienie dzieciom, m\u0142odzie\u017cy i doros\u0142ym zdobycia lub podwy\u017cszenia kategorii szachowych<br \/>Umo\u017cliwienie zawodnikom uzyskania lub podwy\u017cszenia rankingu mi\u0119dzynarodowego FIDE<br \/>Wy\u0142onienie w sportowej rywalizacji najlepszych szachist\u00f3w<\/p>\t\t\t\t\t\t\t\t<\/div>\n\t\t\t\t<\/div>\n\t\t\t\t<div class=\"elementor-element elementor-element-7fe8e69 elementor-widget elementor-widget-heading\" data-id=\"7fe8e69\" data-element_type=\"widget\" data-e-type=\"widget\" data-widget_type=\"heading.default\">\n\t\t\t\t<div class=\"elementor-widget-container\">\n\t\t\t\t\t<h4 class=\"elementor-heading-title elementor-size-default\">2. Organizatorzy<\/h4>\t\t\t\t<\/div>\n\t\t\t\t<\/div>\n\t\t\t\t<section class=\"elementor-section elementor-inner-section elementor-element elementor-element-0923786 elementor-section-boxed elementor-section-height-default elementor-section-height-default\" data-id=\"0923786\" data-element_type=\"section\" data-e-type=\"section\">\n\t\t\t\t\t\t<div class=\"elementor-container elementor-column-gap-default\">\n\t\t\t\t\t<div class=\"elementor-column elementor-col-50 elementor-inner-column elementor-element elementor-element-8ea8c47\" data-id=\"8ea8c47\" data-element_type=\"column\" data-e-type=\"column\">\n\t\t\t<div class=\"elementor-widget-wrap elementor-element-populated\">\n\t\t\t\t\t\t<div class=\"elementor-element elementor-element-fa0c118 elementor-widget elementor-widget-text-editor\" data-id=\"fa0c118\" data-element_type=\"widget\" data-e-type=\"widget\" data-widget_type=\"text-editor.default\">\n\t\t\t\t<div class=\"elementor-widget-container\">\n\t\t\t\t\t\t\t\t\t<p>Uczniowski Klub Sportowy Szachowa Dw\u00f3jka Grodzisk Mazowiecki<br \/>Zesp\u00f3\u0142 Szkolno-Przedszkolny nr 2 im. M. Konopnickiej w Grodzisku Mazowieckim<\/p>\n<p>Zadanie publiczne wsp\u00f3\u0142finansowane z bud\u017cetu gminy Grodzisk Mazowiecki<br \/>Zadanie dofinansowane ze \u015brodk\u00f3w Powiatu Grodziskiego<\/p>\t\t\t\t\t\t\t\t<\/div>\n\t\t\t\t<\/div>\n\t\t\t\t\t<\/div>\n\t\t<\/div>\n\t\t\t\t<div class=\"elementor-column elementor-col-50 elementor-inner-column elementor-element elementor-element-36710f9\" data-id=\"36710f9\" data-element_type=\"column\" data-e-type=\"column\">\n\t\t\t<div class=\"elementor-widget-wrap elementor-element-populated\">\n\t\t\t\t\t\t<div class=\"elementor-element elementor-element-f21ad35 elementor-widget elementor-widget-image\" data-id=\"f21ad35\" data-element_type=\"widget\" data-e-type=\"widget\" data-widget_type=\"image.default\">\n\t\t\t\t<div class=\"elementor-widget-container\">\n\t\t\t\t\t\t\t\t\t\t\t\t\t\t\t<img decoding=\"async\" src=\"https:\/\/szachygrodzisk.pl\/wp-content\/uploads\/elementor\/thumbs\/gmina-GM-herb-1100x440-1-oolowuxciuotyfoq46bmgta5m2lln2tjk5qexu6wpc.png\" title=\"Gmina Grodzisk Mazowiecki\" alt=\"Gmina Grodzisk Mazowiecki\" loading=\"lazy\" \/>\t\t\t\t\t\t\t\t\t\t\t\t\t\t\t<\/div>\n\t\t\t\t<\/div>\n\t\t\t\t\t<\/div>\n\t\t<\/div>\n\t\t\t\t\t<\/div>\n\t\t<\/section>\n\t\t\t\t<div class=\"elementor-element elementor-element-bfb3fca elementor-widget elementor-widget-heading\" data-id=\"bfb3fca\" data-element_type=\"widget\" data-e-type=\"widget\" data-widget_type=\"heading.default\">\n\t\t\t\t<div class=\"elementor-widget-container\">\n\t\t\t\t\t<h4 class=\"elementor-heading-title elementor-size-default\">3. Program zawod\u00f3w<\/h4>\t\t\t\t<\/div>\n\t\t\t\t<\/div>\n\t\t\t\t<div class=\"elementor-element elementor-element-10103c1 elementor-widget elementor-widget-text-editor\" data-id=\"10103c1\" data-element_type=\"widget\" data-e-type=\"widget\" data-widget_type=\"text-editor.default\">\n\t\t\t\t<div class=\"elementor-widget-container\">\n\t\t\t\t\t\t\t\t\t<p>Miejsce rozgrywek: Zesp\u00f3\u0142 Szkolno-Przedszkolny nr 2, ul. Westfala 3, Grodzisk Mazowiecki<br \/>Termin: <strong>25 &#8211; 26 wrze\u015bnia 2021 r.<br \/><\/strong><\/p>\n<p>Grupy turniejowe:<br \/>\u2022 <a href=\"http:\/\/chessarbiter.com\/turnieje\/2021\/ti_2943\/\" target=\"_blank\" rel=\"noopener\">Grupa A (FIDE)<\/a> &#8211; 7 rund 30&#8217;+30&#8243;\/pos., zawodnicy z minimum IV kategori\u0105 szachow\u0105, do 18 lat (ur. 2003 i m\u0142odsi),<br \/><span style=\"color: var( --e-global-color-text ); font-family: var( --e-global-typography-text-font-family ), Sans-serif; font-weight: var( --e-global-typography-text-font-weight ); word-spacing: normal;\">\u2022\u00a0<\/span><a style=\"font-family: var( --e-global-typography-text-font-family ), Sans-serif; font-weight: var( --e-global-typography-text-font-weight ); background-color: #ffffff; word-spacing: normal;\" href=\"http:\/\/chessarbiter.com\/turnieje\/2021\/ti_2944\/\">Grupa B<\/a><span style=\"color: var( --e-global-color-text ); font-family: var( --e-global-typography-text-font-family ), Sans-serif; font-weight: var( --e-global-typography-text-font-weight ); word-spacing: normal;\">\u00a0<\/span><span style=\"color: var( --e-global-color-text ); font-family: var( --e-global-typography-text-font-family ), Sans-serif; font-weight: var( --e-global-typography-text-font-weight ); word-spacing: normal;\">&#8211; 6 rund 25&#8217;+5&#8243;\/pos., zawodnicy bez kategorii lub z V kategori\u0105 szachow\u0105 do 18 lat (ur. 2003 i m\u0142odsi) lub z IV kategori\u0105 szachow\u0105 do 12 lat (ur. 2009 i m\u0142odsi),<br \/><\/span><span style=\"color: var( --e-global-color-text ); font-family: var( --e-global-typography-text-font-family ), Sans-serif; font-weight: var( --e-global-typography-text-font-weight ); word-spacing: normal;\">\u2022 <\/span><a style=\"font-family: var( --e-global-typography-text-font-family ), Sans-serif; font-weight: var( --e-global-typography-text-font-weight ); background-color: #ffffff; word-spacing: normal;\" href=\"http:\/\/chessarbiter.com\/turnieje\/2021\/ti_2945\/\">Grupa C<\/a><span style=\"color: var( --e-global-color-text ); font-family: var( --e-global-typography-text-font-family ), Sans-serif; font-weight: var( --e-global-typography-text-font-weight ); word-spacing: normal;\"> &#8211; 6 rund 25&#8217;+5&#8243;\/pos., zawodnicy bez kategorii i z V lub IV kategori\u0105 szachow\u0105, do 12 lat (ur. 2009 i m\u0142odsi),<br \/>\u2022 <a href=\"http:\/\/chessarbiter.com\/turnieje\/2021\/ti_2946\/\">Grupa D<\/a> &#8211; 7 rund 30&#8217;+30&#8243;\/pos., od 19 lat.<\/span><\/p>\n<p><span style=\"text-decoration: underline;\"><strong>Harmonogram grup A i D:<\/strong><\/span><\/p>\n<p>25.09 godz. 8:50 &#8211; 9:15 &#8211; potwierdzanie uczestnictwa<br \/>godz. 9:30 &#8211; odprawa techniczna, cztery rundy<br \/>26.09 godz. 9:30 &#8211; trzy rundy, zako\u0144czenie<\/p>\n<p><span style=\"text-decoration: underline;\"><strong>Harmonogram grupy B (sobota) i C (niedziela):<\/strong><\/span><\/p>\n<p>godz. 8:50 &#8211; 9:15 &#8211; potwierdzanie uczestnictwa<br \/>godz. 9:30 &#8211; odprawa techniczna, rundy turniejowe<br \/>ok. godz. 13-14 &#8211; zako\u0144czenie<\/p>\t\t\t\t\t\t\t\t<\/div>\n\t\t\t\t<\/div>\n\t\t\t\t<div class=\"elementor-element elementor-element-7654e1c elementor-widget elementor-widget-heading\" data-id=\"7654e1c\" data-element_type=\"widget\" data-e-type=\"widget\" data-widget_type=\"heading.default\">\n\t\t\t\t<div class=\"elementor-widget-container\">\n\t\t\t\t\t<h4 class=\"elementor-heading-title elementor-size-default\">4. System rozgrywek, przepisy<\/h4>\t\t\t\t<\/div>\n\t\t\t\t<\/div>\n\t\t\t\t<div class=\"elementor-element elementor-element-7bd8a3b elementor-widget elementor-widget-text-editor\" data-id=\"7bd8a3b\" data-element_type=\"widget\" data-e-type=\"widget\" data-widget_type=\"text-editor.default\">\n\t\t\t\t<div class=\"elementor-widget-container\">\n\t\t\t\t\t\t\t\t\t<p>Przy r\u00f3wnej liczbie punkt\u00f3w o zaj\u0119tym miejscu decyduj\u0105 punktacje pomocnicze wed\u0142ug <a href=\"http:\/\/pliki.pzszach.pl\/docs\/regulaminy\/regulamin_punktacji_pomocniczych.pdf\">rekomendacji PZSzach<\/a>.<br \/>W turniejach obowi\u0105zuj\u0105 przepisy gry FIDE.<\/p>\n<p><span style=\"text-decoration: underline;\"><strong>4.1 Grupy A i D<\/strong><\/span><\/p>\n<p>\u2022 system szwajcarski, 7 rund,<br \/>\u2022 tempo gry: 30 minut na parti\u0119 dla zawodnika plus 30 sekund dodawane po ka\u017cdym posuni\u0119ciu,<br \/>\u2022 <strong>obowi\u0105zkowy zapis partii<\/strong> (nie zapisywa\u0107 mog\u0105 dzieci ur. w roku 2014 i m\u0142odsze, co wi\u0105\u017ce si\u0119 ze zmniejszeniem czasu do namys\u0142u),<br \/>\u2022 w grupie A zakaz proponowania i zgadzania si\u0119 na propozycje remisowe przed wykonaniem 30. posuni\u0119cia przez czarne; z\u0142amanie zakazu mo\u017ce by\u0107 ukarane obustronn\u0105 pora\u017ck\u0105,<br \/>\u2022 odwo\u0142ania mo\u017cna zg\u0142asza\u0107: do momentu podpisania blankietu,<br \/>\u2022 maksymalne dopuszczalne sp\u00f3\u017anienie na rund\u0119: 15 minut,<br \/>\u2022 mo\u017cliwo\u015b\u0107 zdobycia kategorii do I kobiecej w\u0142\u0105cznie.<\/p>\n<p><strong style=\"color: var( --e-global-color-text ); font-family: var( --e-global-typography-text-font-family ), Sans-serif; word-spacing: normal;\"><span style=\"text-decoration-line: underline;\">4.2 Grupy B i C<\/span><\/strong><\/p>\n<p>\u2022 system szwajcarski, 6 rund,<br \/>\u2022 tempo gry: 25 minut dla zawodnika na parti\u0119 plus 5 sekund dodawane po ka\u017cdym posuni\u0119ciu,<br \/>\u2022 maksymalne dopuszczalne sp\u00f3\u017anienie na rund\u0119: 15 minut,<br \/>\u2022 mo\u017cliwo\u015b\u0107 zdobycia V lub IV kategorii szachowej.<\/p>\t\t\t\t\t\t\t\t<\/div>\n\t\t\t\t<\/div>\n\t\t\t\t<div class=\"elementor-element elementor-element-9ae8675 elementor-widget elementor-widget-heading\" data-id=\"9ae8675\" data-element_type=\"widget\" data-e-type=\"widget\" data-widget_type=\"heading.default\">\n\t\t\t\t<div class=\"elementor-widget-container\">\n\t\t\t\t\t<h4 class=\"elementor-heading-title elementor-size-default\">5. Warunki uczestnictwa<\/h4>\t\t\t\t<\/div>\n\t\t\t\t<\/div>\n\t\t\t\t<div class=\"elementor-element elementor-element-3a86307 elementor-widget elementor-widget-text-editor\" data-id=\"3a86307\" data-element_type=\"widget\" data-e-type=\"widget\" data-widget_type=\"text-editor.default\">\n\t\t\t\t<div class=\"elementor-widget-container\">\n\t\t\t\t\t\t\t\t\t<p>Do turnieju nale\u017cy zg\u0142asza\u0107 si\u0119:<br \/>\u2022 przez internetowy <em>Formularz zg\u0142oszenia<\/em>: na stronach turniejowych wskazanych w pkt. 3 lub<br \/>\u2022 mailem na adres <a href=\"mailto:klub@szachygrodzisk.pl\">klub@szachygrodzisk.pl<\/a> \u2013 nale\u017cy poda\u0107 imi\u0119, nazwisko, klub lub miejscowo\u015b\u0107, kategori\u0119 szachow\u0105 (o ile si\u0119 posiada) oraz pe\u0142n\u0105 dat\u0119 urodzenia lub<br \/>\u2022 telefonicznie w godzinach 20-21 (nr tel. na ko\u0144cu regulaminu) lub<br \/>\u2022 osobi\u015bcie.<\/p>\n<p><strong>Zg\u0142oszenia do wyczerpania wolnych miejsc<\/strong><\/p>\n<p>Zg\u0142oszenia b\u0119d\u0105 na bie\u017c\u0105co publikowane na listach startowych.<br \/>Obowi\u0105zuje potwierdzenie udzia\u0142u w zawodach na sali gry<\/p>\n<p>Op\u0142ata startowa (tzw. &#8222;wpisowe&#8221;):<br \/>\u2022 Grupa A &#8211; 60 z\u0142 \/ cz\u0142onkowie Szachowej Dw\u00f3jki &#8211; 30 z\u0142,<br \/>\u2022 Grupy B i C &#8211; 30 z\u0142 \/ cz\u0142onkowie Szachowej Dw\u00f3jki, uczniowie ZSP nr 2, uczestnicy zaj\u0119\u0107 Szachowej Dw\u00f3jki &#8211; 15 z\u0142,<br \/><span style=\"color: var( --e-global-color-text ); font-family: var( --e-global-typography-text-font-family ), Sans-serif; font-weight: var( --e-global-typography-text-font-weight ); word-spacing: normal;\">\u2022 Grupa D &#8211; 40 z\u0142.<\/span><\/p>\n<p>Wpisowe p\u0142atne got\u00f3wk\u0105 przed pierwsz\u0105 rund\u0105.<\/p>\t\t\t\t\t\t\t\t<\/div>\n\t\t\t\t<\/div>\n\t\t\t\t<div class=\"elementor-element elementor-element-dfe6de2 elementor-widget elementor-widget-heading\" data-id=\"dfe6de2\" data-element_type=\"widget\" data-e-type=\"widget\" data-widget_type=\"heading.default\">\n\t\t\t\t<div class=\"elementor-widget-container\">\n\t\t\t\t\t<h4 class=\"elementor-heading-title elementor-size-default\">6. Puchary, medale, nagrody<\/h4>\t\t\t\t<\/div>\n\t\t\t\t<\/div>\n\t\t\t\t<div class=\"elementor-element elementor-element-38fe8b9 elementor-widget elementor-widget-text-editor\" data-id=\"38fe8b9\" data-element_type=\"widget\" data-e-type=\"widget\" data-widget_type=\"text-editor.default\">\n\t\t\t\t<div class=\"elementor-widget-container\">\n\t\t\t\t\t\t\t\t\t<p>Puchary za miejsca I-III w grupie A<br \/>Medale za miejsca I-III w klasyfikacji junior\u00f3w do 12 lat (ur. 2009+) w grupie A<br \/>Medale za miejsca I-III w grupie B i grupie C<\/p>\n<p>W grupie A trzy nagrody finansowe: 200 z\u0142 \/ 150 z\u0142 \/ 100 z\u0142. Nagrody rzeczowe co najmniej dla zawodnik\u00f3w wyr\u00f3\u017cnionych medalami. Informacja o nagrodach zostanie podana w trakcie turnieju.<br \/>W grupie D nagrody finansowe o \u0142\u0105cznej warto\u015bci 80% wpisowego.<br \/>Nagrody b\u0119d\u0105 wr\u0119czane wy\u0142\u0105cznie podczas ceremonii zako\u0144czenia poszczeg\u00f3lnych grup turniejowych.<\/p>\t\t\t\t\t\t\t\t<\/div>\n\t\t\t\t<\/div>\n\t\t\t\t<div class=\"elementor-element elementor-element-c31582d elementor-widget elementor-widget-heading\" data-id=\"c31582d\" data-element_type=\"widget\" data-e-type=\"widget\" data-widget_type=\"heading.default\">\n\t\t\t\t<div class=\"elementor-widget-container\">\n\t\t\t\t\t<h4 class=\"elementor-heading-title elementor-size-default\">7. Inne<\/h4>\t\t\t\t<\/div>\n\t\t\t\t<\/div>\n\t\t\t\t<div class=\"elementor-element elementor-element-191b1f2d elementor-widget elementor-widget-text-editor\" data-id=\"191b1f2d\" data-element_type=\"widget\" data-e-type=\"widget\" data-widget_type=\"text-editor.default\">\n\t\t\t\t<div class=\"elementor-widget-container\">\n\t\t\t\t\t\t\t\t\t<p><\/p>\n<p><\/p>\n<p><\/p>\n<p><span class=\"has-inline-color has-vivid-red-color\">Podczas trwania zawod\u00f3w b\u0119d\u0105 respektowane aktualnie obowi\u0105zuj\u0105ce wytyczne G\u0142\u00f3wnego Inspektoratu Sanitarnego, Ministerstwa Kultury, Dziedzictwa Narodowego i Sportu oraz Polskiego Zwi\u0105zku Szachowego. Zawodnicy oraz opiekunowie musz\u0105 przestrzega\u0107 zasad, kt\u00f3re zostan\u0105 przedstawione podczas odprawy technicznej pod rygorem niedopuszczenia lub wykluczenia z zawod\u00f3w.<br \/>Zawodnik zapisuj\u0105cy parti\u0119 ma obowi\u0105zek posiadania w\u0142asnego d\u0142ugopisu<br \/><\/span>Organizatorzy zapewniaj\u0105 pocz\u0119stunek w formie dostosowanej do sytuacji epidemicznej, np. butelkowana woda, pakowane kanapki, itp.<br \/>Opiek\u0119 nad zawodnikami do 18 lat sprawuj\u0105 rodzice lub doro\u015bli opiekunowie.<br \/>Zawodnik\u00f3w obowi\u0105zuje zmiana obuwia.<br \/>Zawodnicy ubezpieczaj\u0105 si\u0119 we w\u0142asnym zakresie.<br \/>Na sali gry obowi\u0105zuje ca\u0142kowity zakaz u\u017cywania telefon\u00f3w kom\u00f3rkowych.<br \/>Udzia\u0142 w zawodach oznacza zgod\u0119 na wykorzystanie wizerunku i danych osobowych do realizacji dzia\u0142a\u0144 statutowych Organizator\u00f3w.<br \/>O wszelkich sprawach nieuj\u0119tych w niniejszym regulaminie decyduj\u0105 Organizatorzy.<br \/>Organizatorzy zastrzegaj\u0105 sobie prawo wprowadzania zmian w niniejszym regulaminie.<\/p>\n<p><\/p>\n<p>Kontakt: Jacek Kici\u0144ski, tel. 511 834 619, <a href=\"mailto:klub@szachygrodzisk.pl\">klub@szachygrodzisk.pl<\/a><\/p>\n<p><\/p>\t\t\t\t\t\t\t\t<\/div>\n\t\t\t\t<\/div>\n\t\t\t\t\t<\/div>\n\t\t<\/div>\n\t\t\t\t\t<\/div>\n\t\t<\/section>\n\t\t\t\t<\/div>\n\t\t","protected":false},"excerpt":{"rendered":"<p>1. Cele zawod\u00f3w Popularyzacja gry w szachy, zw\u0142aszcza w \u015brodowisku Grodziska MazowieckiegoUmo\u017cliwienie dzieciom, m\u0142odzie\u017cy i doros\u0142ym zdobycia lub podwy\u017cszenia kategorii szachowychUmo\u017cliwienie zawodnikom uzyskania lub podwy\u017cszenia rankingu mi\u0119dzynarodowego FIDEWy\u0142onienie w sportowej rywalizacji najlepszych szachist\u00f3w 2. Organizatorzy Uczniowski Klub Sportowy Szachowa Dw\u00f3jka Grodzisk MazowieckiZesp\u00f3\u0142 Szkolno-Przedszkolny nr 2 im. M. Konopnickiej w Grodzisku Mazowieckim Zadanie publiczne wsp\u00f3\u0142finansowane z bud\u017cetu gminy Grodzisk MazowieckiZadanie dofinansowane ze \u015brodk\u00f3w Powiatu Grodziskiego 3. Program zawod\u00f3w Miejsce rozgrywek: Zesp\u00f3\u0142 Szkolno-Przedszkolny nr 2, ul. Westfala 3, Grodzisk MazowieckiTermin: 25 &#8211; 26 wrze\u015bnia 2021 r. Grupy turniejowe:\u2022 Grupa A (FIDE) &#8211; 7 rund 30&#8217;+30&#8243;\/pos., zawodnicy z minimum IV kategori\u0105 szachow\u0105, do&hellip;<\/p>\n<p> <a class=\"more-link\" href=\"https:\/\/szachygrodzisk.pl\/index.php\/v-mistrzostwa-grodziska-maz-juniorow\/\">Dowiedz si\u0119 wi\u0119cej<\/a><\/p>\n","protected":false},"author":2,"featured_media":0,"parent":0,"menu_order":0,"comment_status":"closed","ping_status":"closed","template":"","meta":{"_monsterinsights_skip_tracking":false,"_monsterinsights_sitenote_active":false,"_monsterinsights_sitenote_note":"","_monsterinsights_sitenote_category":0,"footnotes":""},"class_list":["post-4256","page","type-page","status-publish"],"_links":{"self":[{"href":"https:\/\/szachygrodzisk.pl\/index.php\/wp-json\/wp\/v2\/pages\/4256","targetHints":{"allow":["GET"]}}],"collection":[{"href":"https:\/\/szachygrodzisk.pl\/index.php\/wp-json\/wp\/v2\/pages"}],"about":[{"href":"https:\/\/szachygrodzisk.pl\/index.php\/wp-json\/wp\/v2\/types\/page"}],"author":[{"embeddable":true,"href":"https:\/\/szachygrodzisk.pl\/index.php\/wp-json\/wp\/v2\/users\/2"}],"replies":[{"embeddable":true,"href":"https:\/\/szachygrodzisk.pl\/index.php\/wp-json\/wp\/v2\/comments?post=4256"}],"version-history":[{"count":7,"href":"https:\/\/szachygrodzisk.pl\/index.php\/wp-json\/wp\/v2\/pages\/4256\/revisions"}],"predecessor-version":[{"id":4264,"href":"https:\/\/szachygrodzisk.pl\/index.php\/wp-json\/wp\/v2\/pages\/4256\/revisions\/4264"}],"wp:attachment":[{"href":"https:\/\/szachygrodzisk.pl\/index.php\/wp-json\/wp\/v2\/media?parent=4256"}],"curies":[{"name":"wp","href":"https:\/\/api.w.org\/{rel}","templated":true}]}}