{"id":4769,"date":"2022-02-09T17:41:20","date_gmt":"2022-02-09T16:41:20","guid":{"rendered":"https:\/\/szachygrodzisk.pl\/?page_id=4769"},"modified":"2022-07-22T18:21:22","modified_gmt":"2022-07-22T16:21:22","slug":"oboz-wakacyjny-2022-lista-uczestnikow","status":"publish","type":"page","link":"https:\/\/szachygrodzisk.pl\/index.php\/oboz-wakacyjny-2022-lista-uczestnikow\/","title":{"rendered":"Ob\u00f3z wakacyjny 2022 &#8211; lista uczestnik\u00f3w"},"content":{"rendered":"\t\t<div data-elementor-type=\"wp-page\" data-elementor-id=\"4769\" class=\"elementor elementor-4769\">\n\t\t\t\t\t\t<section class=\"elementor-section elementor-top-section elementor-element elementor-element-2af30661 elementor-section-boxed elementor-section-height-default elementor-section-height-default\" data-id=\"2af30661\" data-element_type=\"section\" data-e-type=\"section\">\n\t\t\t\t\t\t<div class=\"elementor-container elementor-column-gap-default\">\n\t\t\t\t\t<div class=\"elementor-column elementor-col-100 elementor-top-column elementor-element elementor-element-174ebf1a\" data-id=\"174ebf1a\" data-element_type=\"column\" data-e-type=\"column\">\n\t\t\t<div class=\"elementor-widget-wrap elementor-element-populated\">\n\t\t\t\t\t\t<div class=\"elementor-element elementor-element-54d4bd32 elementor-widget elementor-widget-text-editor\" data-id=\"54d4bd32\" data-element_type=\"widget\" data-e-type=\"widget\" data-widget_type=\"text-editor.default\">\n\t\t\t\t<div class=\"elementor-widget-container\">\n\t\t\t\t\t\t\t\t\t<p><\/p>\n<h3>Potwierdzeni uczestnicy obozu i osoby towarzysz\u0105ce<\/h3>\n<p>1. Magdalena K. (ur. 2007, ranking 1900)<br>2. Anna K. (ur. 2009, ranking 1800)<br>3. Ma\u0142gorzata K. (ur. 2012, ranking 1600) + 1 osoba towarzysz\u0105ca<br>4. Micha\u0142 D. (ur. 2010, ranking 1800)<br>5. Mateusz S. (ur. 2010, ranking 1600) &#8211; zaliczka do 15.02 (-100 z\u0142) &#8211; op\u0142aty OK<br>6. Liliana O. (ur. 2015, ranking 1250) + 1 osoba &#8211; zaliczka do 15.02 (-100 z\u0142) &#8211; op\u0142aty OK<br>7. Antek B. (ur. 2012, ranking 1400) &#8211; zaliczka do 15.02 (-100 z\u0142)&nbsp;&#8211; op\u0142aty OK<br>8. Robert W. (ur. 2013, ranking 1400) + 3 osoby &#8211; zaliczka do 15.02 (-100 z\u0142)&nbsp;&#8211; op\u0142aty OK<br>9. Olga W. (ur. 2015, ranking 1100) &#8211; zaliczka do 15.02 (-100 z\u0142)&nbsp;&#8211; op\u0142aty OK<br>10. Zofia S. (ur. 2009, ranking 1600) &#8211; zaliczka do 15.02 (-100 z\u0142) &#8211; rozliczenie Szachy SNU<br>11. Franek S. (ur. 2013, ranking 1400) &#8211; zaliczka do 15.02 (-100 z\u0142)&nbsp;&#8211; rozliczenie Szachy SNU<br>12. Ignacy K. (ur. 2010, ranking 1400) &#8211; zaliczka do 15.02 (-100 z\u0142) &#8211; op\u0142aty OK<br>13. Dominik K. (ur. 2010, ranking 1800) &#8211; zaliczka do 15.02 (-100 z\u0142)&nbsp;&#8211; op\u0142aty OK<br>14. Janek P. (ur. 2010, ranking 1600)&nbsp;&#8211; zaliczka do 15.02 (-100 z\u0142)&nbsp;&#8211; op\u0142aty OK<br>15. Tomek P. (ur. 2012, ranking 1400)&nbsp;&#8211; zaliczka do 15.02 (-100 z\u0142)&nbsp;&#8211; op\u0142aty OK<br>16. Micha\u0142 B. (ur. 2012, ranking 1800)&nbsp;&#8211; zaliczka do 15.02 (-100 z\u0142)&nbsp;&#8211; op\u0142aty OK<br>17. Weronika N. (ur. 2007, ranking 1400)&nbsp;&#8211; zaliczka do 15.02 (-100 z\u0142)&nbsp;&#8211; rozliczenie Szachy SNU<br>18. Piotr N. (ur. 2012, ranking 1800)&nbsp;&#8211; zaliczka do 15.02 (-100 z\u0142)&nbsp;&#8211; rozliczenie Szachy SNU<br>19. Weronika G. (ur. 2012, ranking 1250)<span style=\"color: var( --e-global-color-text ); font-family: var( --e-global-typography-text-font-family ), Sans-serif; font-weight: var( --e-global-typography-text-font-weight ); word-spacing: normal;\">&nbsp;<\/span><span style=\"color: var( --e-global-color-text ); font-family: var( --e-global-typography-text-font-family ), Sans-serif; font-weight: var( --e-global-typography-text-font-weight ); word-spacing: normal;\">&#8211; zaliczka do 15.02 (-100 z\u0142)<\/span>&nbsp;&#8211; op\u0142aty OK<span style=\"color: var( --e-global-color-text ); font-family: var( --e-global-typography-text-font-family ), Sans-serif; font-weight: var( --e-global-typography-text-font-weight ); word-spacing: normal;\"><br><\/span>20. Vaclav R. (ur. 2010, ranking 1800)<span style=\"color: var( --e-global-color-text ); font-family: var( --e-global-typography-text-font-family ), Sans-serif; font-weight: var( --e-global-typography-text-font-weight ); word-spacing: normal;\">&nbsp;<\/span><span style=\"color: var( --e-global-color-text ); font-family: var( --e-global-typography-text-font-family ), Sans-serif; font-weight: var( --e-global-typography-text-font-weight ); word-spacing: normal;\">&#8211; zaliczka do 15.02 (-100 z\u0142)<\/span>&nbsp;&#8211; op\u0142aty OK<br>21. Simon R. (ur. 2013, ranking 1400) + 2 osoby<span style=\"color: var( --e-global-color-text ); font-family: var( --e-global-typography-text-font-family ), Sans-serif; font-weight: var( --e-global-typography-text-font-weight ); word-spacing: normal;\">&nbsp;<\/span><span style=\"color: var( --e-global-color-text ); font-family: var( --e-global-typography-text-font-family ), Sans-serif; font-weight: var( --e-global-typography-text-font-weight ); word-spacing: normal;\">&#8211; zaliczka do 15.02 (-100 z\u0142)<\/span>&nbsp;&#8211; op\u0142aty OK<br>22. Pola J. (ur. 2010, ranking 1000)<span style=\"color: var( --e-global-color-text ); font-family: var( --e-global-typography-text-font-family ), Sans-serif; font-weight: var( --e-global-typography-text-font-weight ); word-spacing: normal;\">&nbsp;<\/span><span style=\"color: var( --e-global-color-text ); font-family: var( --e-global-typography-text-font-family ), Sans-serif; font-weight: var( --e-global-typography-text-font-weight ); word-spacing: normal;\">&#8211; zaliczka do 15.02 (-100 z\u0142)<\/span>&nbsp;&#8211; op\u0142aty OK<br>23. Antek J. (ur. 2011, ranking 1000)<span style=\"color: var( --e-global-color-text ); font-family: var( --e-global-typography-text-font-family ), Sans-serif; font-weight: var( --e-global-typography-text-font-weight ); word-spacing: normal;\">&nbsp;<\/span><span style=\"color: var( --e-global-color-text ); font-family: var( --e-global-typography-text-font-family ), Sans-serif; font-weight: var( --e-global-typography-text-font-weight ); word-spacing: normal;\">&#8211; zaliczka do 15.02 (-100 z\u0142)<\/span>&nbsp;&#8211; op\u0142aty OK<br>24. Antonina P. (ur. 2009, ranking 1600)<span style=\"color: var( --e-global-color-text ); font-family: var( --e-global-typography-text-font-family ), Sans-serif; font-weight: var( --e-global-typography-text-font-weight ); word-spacing: normal;\">&nbsp;<\/span><span style=\"color: var( --e-global-color-text ); font-family: var( --e-global-typography-text-font-family ), Sans-serif; font-weight: var( --e-global-typography-text-font-weight ); word-spacing: normal;\">&#8211; zaliczka do 15.02 (-100 z\u0142)<\/span>&nbsp;&#8211; op\u0142aty OK<br>25. Kalina P. (ur. ???, ranking 1000)<span style=\"color: var( --e-global-color-text ); font-family: var( --e-global-typography-text-font-family ), Sans-serif; font-weight: var( --e-global-typography-text-font-weight ); word-spacing: normal;\">&nbsp;<\/span><span style=\"color: var( --e-global-color-text ); font-family: var( --e-global-typography-text-font-family ), Sans-serif; font-weight: var( --e-global-typography-text-font-weight ); word-spacing: normal;\">&#8211; zaliczka do 15.02 (-100 z\u0142)<\/span>&nbsp;&#8211; op\u0142aty OK<br>26. Natan C. (ur. 2009, ranking 1000)<span style=\"color: var( --e-global-color-text ); font-family: var( --e-global-typography-text-font-family ), Sans-serif; font-weight: var( --e-global-typography-text-font-weight ); word-spacing: normal;\">&nbsp;<\/span><span style=\"color: var( --e-global-color-text ); font-family: var( --e-global-typography-text-font-family ), Sans-serif; font-weight: var( --e-global-typography-text-font-weight ); word-spacing: normal;\">&#8211; zaliczka do 15.02 (-100 z\u0142) &#8211; nadp\u0142ata<\/span><br>27. Tomek O. (ur. 2009, ranking 1000)<span style=\"color: var( --e-global-color-text ); font-family: var( --e-global-typography-text-font-family ), Sans-serif; font-weight: var( --e-global-typography-text-font-weight ); word-spacing: normal;\">&nbsp;<\/span><span style=\"color: var( --e-global-color-text ); font-family: var( --e-global-typography-text-font-family ), Sans-serif; font-weight: var( --e-global-typography-text-font-weight ); word-spacing: normal;\">&#8211; zaliczka do 15.02 (-100 z\u0142)<\/span>&nbsp;&#8211; op\u0142aty OK<span style=\"color: var( --e-global-color-text ); font-family: var( --e-global-typography-text-font-family ), Sans-serif; font-weight: var( --e-global-typography-text-font-weight ); word-spacing: normal;\"><br><\/span>28. Lena J. (ur. 2011, ranking 1600)<span style=\"color: var( --e-global-color-text ); font-family: var( --e-global-typography-text-font-family ), Sans-serif; font-weight: var( --e-global-typography-text-font-weight ); word-spacing: normal;\">&nbsp;<\/span><span style=\"color: var( --e-global-color-text ); font-family: var( --e-global-typography-text-font-family ), Sans-serif; font-weight: var( --e-global-typography-text-font-weight ); word-spacing: normal;\">&#8211; zaliczka do 15.02 (-100 z\u0142)<\/span>&nbsp;&#8211; op\u0142aty OK<span style=\"color: var( --e-global-color-text ); font-family: var( --e-global-typography-text-font-family ), Sans-serif; font-weight: var( --e-global-typography-text-font-weight ); word-spacing: normal;\"><br><\/span>29. Mateusz S. (ur. 2009, ranking 1400)<span style=\"color: var( --e-global-color-text ); font-family: var( --e-global-typography-text-font-family ), Sans-serif; font-weight: var( --e-global-typography-text-font-weight ); word-spacing: normal;\">&nbsp;<\/span><span style=\"color: var( --e-global-color-text ); font-family: var( --e-global-typography-text-font-family ), Sans-serif; font-weight: var( --e-global-typography-text-font-weight ); word-spacing: normal;\">&#8211; zaliczka do 15.02 (-100 z\u0142)<\/span>&nbsp;&#8211; op\u0142aty OK<span style=\"color: var( --e-global-color-text ); font-family: var( --e-global-typography-text-font-family ), Sans-serif; font-weight: var( --e-global-typography-text-font-weight ); word-spacing: normal;\"><br>30. Maciej M. (ur. 2011, ranking 1600) &#8211; (-100 z\u0142)<\/span>&nbsp;&#8211; rozliczenie Szachy SNU<span style=\"color: var( --e-global-color-text ); font-family: var( --e-global-typography-text-font-family ), Sans-serif; font-weight: var( --e-global-typography-text-font-weight ); word-spacing: normal;\"><br><\/span>31. Antonia M. (ur. 2014, ranking 1000)&nbsp;&#8211; rozliczenie Szachy SNU<br>32. Ignacy M. (ur. 2016, ranking 1000) + 2 osoby&nbsp;&#8211; rozliczenie Szachy SNU<br>33. Brajan T. (ur. 2013, ranking 1600)&nbsp;&#8211; op\u0142aty OK<br><span style=\"color: var( --e-global-color-text ); font-family: var( --e-global-typography-text-font-family ), Sans-serif; font-weight: var( --e-global-typography-text-font-weight ); word-spacing: normal;\">34. Sebastian L. (ur. 2011, ranking 1800)<\/span>&nbsp;&#8211; op\u0142aty OK<span style=\"color: var( --e-global-color-text ); font-family: var( --e-global-typography-text-font-family ), Sans-serif; font-weight: var( --e-global-typography-text-font-weight ); word-spacing: normal;\"><br>35. Hanna \u0141. (ur. 2011, ranking 1600)<\/span>&nbsp;&#8211; op\u0142aty OK<span style=\"color: var( --e-global-color-text ); font-family: var( --e-global-typography-text-font-family ), Sans-serif; font-weight: var( --e-global-typography-text-font-weight ); word-spacing: normal;\"><br>36. Karol T. (ur. 2011, ranking 1800)<\/span>&nbsp;&#8211; op\u0142aty OK<span style=\"color: var( --e-global-color-text ); font-family: var( --e-global-typography-text-font-family ), Sans-serif; font-weight: var( --e-global-typography-text-font-weight ); word-spacing: normal;\"><br>37. Wiktoria R. (ur. 2010, ranking 1400) &#8211; nadp\u0142ata<br>38. Aleksander K. (ur. 2012, ranking 1400)<\/span>&nbsp;&#8211; op\u0142aty OK<span style=\"color: var( --e-global-color-text ); font-family: var( --e-global-typography-text-font-family ), Sans-serif; font-weight: var( --e-global-typography-text-font-weight ); word-spacing: normal;\"><br>39.&nbsp;<\/span><span style=\"color: var( --e-global-color-text ); font-family: var( --e-global-typography-text-font-family ), Sans-serif; font-weight: var( --e-global-typography-text-font-weight ); word-spacing: normal;\">Bart\u0142omiej S. (ur. 2011, ranking 1600)<\/span>&nbsp;&#8211; op\u0142aty OK<span style=\"color: var( --e-global-color-text ); font-family: var( --e-global-typography-text-font-family ), Sans-serif; font-weight: var( --e-global-typography-text-font-weight ); word-spacing: normal;\"><br>40. Krystian L. (ur. 2012, ranking 1400)<\/span>&nbsp;&#8211; op\u0142aty OK<span style=\"color: var( --e-global-color-text ); font-family: var( --e-global-typography-text-font-family ), Sans-serif; font-weight: var( --e-global-typography-text-font-weight ); word-spacing: normal;\"><br><\/span>41. Anna M. (ur. 2015, ranking 1250)<br>42. Magdalena M. (ur. 2011, ranking 1700)<br>43. Ignacy \u017b. (ur. 2008, ranking 1800)&nbsp;&#8211; op\u0142aty OK<br>44. Leon Z. (ur. 2014, ranking 1600)&nbsp;&#8211; rozliczenie Szachy SNU<br>45. Adam Z. (ur. 2010, ranking 1000)&nbsp;+ 1 osoba&nbsp;&#8211; op\u0142aty OK<br>46.&nbsp;<span style=\"color: var( --e-global-color-text ); font-family: var( --e-global-typography-text-font-family ), Sans-serif; font-weight: var( --e-global-typography-text-font-weight ); word-spacing: normal;\">Aleksander K. (ur. 2016, ranking 1200) + 1 osoba<\/span><span style=\"color: var( --e-global-color-text ); font-family: var( --e-global-typography-text-font-family ), Sans-serif; font-weight: var( --e-global-typography-text-font-weight ); word-spacing: normal;\">&nbsp;&#8211; op\u0142aty OK<\/span><\/p>\n<p><\/p>\n<p><\/p>\t\t\t\t\t\t\t\t<\/div>\n\t\t\t\t<\/div>\n\t\t\t\t\t<\/div>\n\t\t<\/div>\n\t\t\t\t\t<\/div>\n\t\t<\/section>\n\t\t\t\t<\/div>\n\t\t","protected":false},"excerpt":{"rendered":"<p>Potwierdzeni uczestnicy obozu i osoby towarzysz\u0105ce 1. Magdalena K. (ur. 2007, ranking 1900)2. Anna K. (ur. 2009, ranking 1800)3. Ma\u0142gorzata K. (ur. 2012, ranking 1600) + 1 osoba towarzysz\u0105ca4. Micha\u0142 D. (ur. 2010, ranking 1800)5. Mateusz S. (ur. 2010, ranking 1600) &#8211; zaliczka do 15.02 (-100 z\u0142) &#8211; op\u0142aty OK6. Liliana O. (ur. 2015, ranking 1250) + 1 osoba &#8211; zaliczka do 15.02 (-100 z\u0142) &#8211; op\u0142aty OK7. Antek B. (ur. 2012, ranking 1400) &#8211; zaliczka do 15.02 (-100 z\u0142)&nbsp;&#8211; op\u0142aty OK8. Robert W. (ur. 2013, ranking 1400) + 3 osoby &#8211; zaliczka do 15.02 (-100 z\u0142)&nbsp;&#8211; op\u0142aty OK9. Olga&hellip;<\/p>\n<p> <a class=\"more-link\" href=\"https:\/\/szachygrodzisk.pl\/index.php\/oboz-wakacyjny-2022-lista-uczestnikow\/\">Dowiedz si\u0119 wi\u0119cej<\/a><\/p>\n","protected":false},"author":2,"featured_media":0,"parent":0,"menu_order":0,"comment_status":"closed","ping_status":"closed","template":"","meta":{"_monsterinsights_skip_tracking":false,"_monsterinsights_sitenote_active":false,"_monsterinsights_sitenote_note":"","_monsterinsights_sitenote_category":0,"footnotes":""},"class_list":["post-4769","page","type-page","status-publish"],"_links":{"self":[{"href":"https:\/\/szachygrodzisk.pl\/index.php\/wp-json\/wp\/v2\/pages\/4769","targetHints":{"allow":["GET"]}}],"collection":[{"href":"https:\/\/szachygrodzisk.pl\/index.php\/wp-json\/wp\/v2\/pages"}],"about":[{"href":"https:\/\/szachygrodzisk.pl\/index.php\/wp-json\/wp\/v2\/types\/page"}],"author":[{"embeddable":true,"href":"https:\/\/szachygrodzisk.pl\/index.php\/wp-json\/wp\/v2\/users\/2"}],"replies":[{"embeddable":true,"href":"https:\/\/szachygrodzisk.pl\/index.php\/wp-json\/wp\/v2\/comments?post=4769"}],"version-history":[{"count":100,"href":"https:\/\/szachygrodzisk.pl\/index.php\/wp-json\/wp\/v2\/pages\/4769\/revisions"}],"predecessor-version":[{"id":5319,"href":"https:\/\/szachygrodzisk.pl\/index.php\/wp-json\/wp\/v2\/pages\/4769\/revisions\/5319"}],"wp:attachment":[{"href":"https:\/\/szachygrodzisk.pl\/index.php\/wp-json\/wp\/v2\/media?parent=4769"}],"curies":[{"name":"wp","href":"https:\/\/api.w.org\/{rel}","templated":true}]}}