{"id":5098,"date":"2022-05-05T11:46:24","date_gmt":"2022-05-05T09:46:24","guid":{"rendered":"https:\/\/szachygrodzisk.pl\/?page_id=5098"},"modified":"2022-05-10T11:38:34","modified_gmt":"2022-05-10T09:38:34","slug":"ogolnopolski-turniej-z-okazji-dnia-dziecka","status":"publish","type":"page","link":"https:\/\/szachygrodzisk.pl\/index.php\/ogolnopolski-turniej-z-okazji-dnia-dziecka\/","title":{"rendered":"Og\u00f3lnopolski turniej z okazji Dnia Dziecka"},"content":{"rendered":"\t\t<div data-elementor-type=\"wp-page\" data-elementor-id=\"5098\" class=\"elementor elementor-5098\">\n\t\t\t\t\t\t<section class=\"elementor-section elementor-top-section elementor-element elementor-element-1519f80e elementor-section-boxed elementor-section-height-default elementor-section-height-default\" data-id=\"1519f80e\" data-element_type=\"section\" data-e-type=\"section\">\n\t\t\t\t\t\t<div class=\"elementor-container elementor-column-gap-default\">\n\t\t\t\t\t<div class=\"elementor-column elementor-col-100 elementor-top-column elementor-element elementor-element-4319c84a\" data-id=\"4319c84a\" data-element_type=\"column\" data-e-type=\"column\">\n\t\t\t<div class=\"elementor-widget-wrap elementor-element-populated\">\n\t\t\t\t\t\t<div class=\"elementor-element elementor-element-bbf8dd9 elementor-widget elementor-widget-heading\" data-id=\"bbf8dd9\" data-element_type=\"widget\" data-e-type=\"widget\" data-widget_type=\"heading.default\">\n\t\t\t\t<div class=\"elementor-widget-container\">\n\t\t\t\t\t<h4 class=\"elementor-heading-title elementor-size-default\">1. Cele zawod\u00f3w<\/h4>\t\t\t\t<\/div>\n\t\t\t\t<\/div>\n\t\t\t\t<div class=\"elementor-element elementor-element-d4c7731 elementor-widget elementor-widget-text-editor\" data-id=\"d4c7731\" data-element_type=\"widget\" data-e-type=\"widget\" data-widget_type=\"text-editor.default\">\n\t\t\t\t<div class=\"elementor-widget-container\">\n\t\t\t\t\t\t\t\t\t<p><span style=\"color: var( --e-global-color-text ); font-family: var( --e-global-typography-text-font-family ), Sans-serif; font-weight: var( --e-global-typography-text-font-weight ); word-spacing: normal;\">Popularyzacja gry w szachy, zw\u0142aszcza w \u015brodowisku Grodziska Mazowieckiego<br \/><\/span><span style=\"color: var( --e-global-color-text ); font-family: var( --e-global-typography-text-font-family ), Sans-serif; font-weight: var( --e-global-typography-text-font-weight ); word-spacing: normal;\">Umo\u017cliwienie dzieciom zdobycia lub podwy\u017cszenia kategorii szachowych<br \/><\/span>Umo\u017cliwienie zawodnikom uzyskania lub podwy\u017cszenia rankingu mi\u0119dzynarodowego FIDE RAPID<br \/>Stworzenie warunk\u00f3w do identyfikacji i rozwoju talent\u00f3w sportowych<\/p>\t\t\t\t\t\t\t\t<\/div>\n\t\t\t\t<\/div>\n\t\t\t\t<div class=\"elementor-element elementor-element-7fe8e69 elementor-widget elementor-widget-heading\" data-id=\"7fe8e69\" data-element_type=\"widget\" data-e-type=\"widget\" data-widget_type=\"heading.default\">\n\t\t\t\t<div class=\"elementor-widget-container\">\n\t\t\t\t\t<h4 class=\"elementor-heading-title elementor-size-default\">2. Organizatorzy<\/h4>\t\t\t\t<\/div>\n\t\t\t\t<\/div>\n\t\t\t\t<div class=\"elementor-element elementor-element-fa0c118 elementor-widget elementor-widget-text-editor\" data-id=\"fa0c118\" data-element_type=\"widget\" data-e-type=\"widget\" data-widget_type=\"text-editor.default\">\n\t\t\t\t<div class=\"elementor-widget-container\">\n\t\t\t\t\t\t\t\t\t<p>Uczniowski Klub Sportowy Szachowa Dw\u00f3jka Grodzisk Mazowiecki<br \/>Zesp\u00f3\u0142 Szkolno-Przedszkolny nr 2 im. M. Konopnickiej w Grodzisku Mazowieckim<\/p>\n<p>Dofinansowano ze \u015brodk\u00f3w Funduszu Rozwoju Kultury Fizycznej, kt\u00f3rych dysponentem jest <strong>Minister Sportu i Turystyki<\/strong><br \/>Zadanie publiczne pn. Turniej z okazji Dnia Dziecka dofinansowane ze \u015brodk\u00f3w z bud\u017cetu <strong>Wojew\u00f3dztwa Mazowieckiego<\/strong><br \/>Zadanie publiczne wsp\u00f3\u0142finansowane z bud\u017cetu <strong>Gminy Grodzisk Mazowiecki<\/strong><\/p>\t\t\t\t\t\t\t\t<\/div>\n\t\t\t\t<\/div>\n\t\t\t\t<section class=\"elementor-section elementor-inner-section elementor-element elementor-element-0923786 elementor-section-boxed elementor-section-height-default elementor-section-height-default\" data-id=\"0923786\" data-element_type=\"section\" data-e-type=\"section\">\n\t\t\t\t\t\t<div class=\"elementor-container elementor-column-gap-default\">\n\t\t\t\t\t<div class=\"elementor-column elementor-col-33 elementor-inner-column elementor-element elementor-element-8ea8c47\" data-id=\"8ea8c47\" data-element_type=\"column\" data-e-type=\"column\">\n\t\t\t<div class=\"elementor-widget-wrap elementor-element-populated\">\n\t\t\t\t\t\t<div class=\"elementor-element elementor-element-84744cb elementor-widget elementor-widget-image\" data-id=\"84744cb\" data-element_type=\"widget\" data-e-type=\"widget\" data-widget_type=\"image.default\">\n\t\t\t\t<div class=\"elementor-widget-container\">\n\t\t\t\t\t\t\t\t\t\t\t\t\t\t\t<img decoding=\"async\" src=\"https:\/\/szachygrodzisk.pl\/wp-content\/uploads\/2022\/05\/MSiT_kolorowe_2021_poziom.png\" title=\"MSiT_kolorowe_2021_poziom\" alt=\"MSiT_kolorowe_2021_poziom\" loading=\"lazy\" \/>\t\t\t\t\t\t\t\t\t\t\t\t\t\t\t<\/div>\n\t\t\t\t<\/div>\n\t\t\t\t\t<\/div>\n\t\t<\/div>\n\t\t\t\t<div class=\"elementor-column elementor-col-33 elementor-inner-column elementor-element elementor-element-ba108ad\" data-id=\"ba108ad\" data-element_type=\"column\" data-e-type=\"column\">\n\t\t\t<div class=\"elementor-widget-wrap elementor-element-populated\">\n\t\t\t\t\t\t<div class=\"elementor-element elementor-element-0bfd8c6 elementor-widget elementor-widget-image\" data-id=\"0bfd8c6\" data-element_type=\"widget\" data-e-type=\"widget\" data-widget_type=\"image.default\">\n\t\t\t\t<div class=\"elementor-widget-container\">\n\t\t\t\t\t\t\t\t\t\t\t\t\t\t\t<img fetchpriority=\"high\" decoding=\"async\" width=\"1499\" height=\"400\" src=\"https:\/\/szachygrodzisk.pl\/wp-content\/uploads\/2022\/05\/logotyp_wersja_polska_format_jpg-2.jpg\" class=\"attachment-large size-large wp-image-5102\" alt=\"\" srcset=\"https:\/\/szachygrodzisk.pl\/wp-content\/uploads\/2022\/05\/logotyp_wersja_polska_format_jpg-2.jpg 1499w, https:\/\/szachygrodzisk.pl\/wp-content\/uploads\/2022\/05\/logotyp_wersja_polska_format_jpg-2-300x80.jpg 300w, https:\/\/szachygrodzisk.pl\/wp-content\/uploads\/2022\/05\/logotyp_wersja_polska_format_jpg-2-768x205.jpg 768w\" sizes=\"(max-width: 1499px) 100vw, 1499px\" \/>\t\t\t\t\t\t\t\t\t\t\t\t\t\t\t<\/div>\n\t\t\t\t<\/div>\n\t\t\t\t\t<\/div>\n\t\t<\/div>\n\t\t\t\t<div class=\"elementor-column elementor-col-33 elementor-inner-column elementor-element elementor-element-36710f9\" data-id=\"36710f9\" data-element_type=\"column\" data-e-type=\"column\">\n\t\t\t<div class=\"elementor-widget-wrap elementor-element-populated\">\n\t\t\t\t\t\t<div class=\"elementor-element elementor-element-f21ad35 elementor-widget elementor-widget-image\" data-id=\"f21ad35\" data-element_type=\"widget\" data-e-type=\"widget\" data-widget_type=\"image.default\">\n\t\t\t\t<div class=\"elementor-widget-container\">\n\t\t\t\t\t\t\t\t\t\t\t\t\t\t\t<img decoding=\"async\" src=\"https:\/\/szachygrodzisk.pl\/wp-content\/uploads\/elementor\/thumbs\/gmina-GM-herb-1100x440-1-oolowuxciuotyfoq46bmgta5m2lln2tjk5qexu6wpc.png\" title=\"Gmina Grodzisk Mazowiecki\" alt=\"Gmina Grodzisk Mazowiecki\" loading=\"lazy\" \/>\t\t\t\t\t\t\t\t\t\t\t\t\t\t\t<\/div>\n\t\t\t\t<\/div>\n\t\t\t\t\t<\/div>\n\t\t<\/div>\n\t\t\t\t\t<\/div>\n\t\t<\/section>\n\t\t\t\t<div class=\"elementor-element elementor-element-bfb3fca elementor-widget elementor-widget-heading\" data-id=\"bfb3fca\" data-element_type=\"widget\" data-e-type=\"widget\" data-widget_type=\"heading.default\">\n\t\t\t\t<div class=\"elementor-widget-container\">\n\t\t\t\t\t<h4 class=\"elementor-heading-title elementor-size-default\">3. Program zawod\u00f3w<\/h4>\t\t\t\t<\/div>\n\t\t\t\t<\/div>\n\t\t\t\t<div class=\"elementor-element elementor-element-10103c1 elementor-widget elementor-widget-text-editor\" data-id=\"10103c1\" data-element_type=\"widget\" data-e-type=\"widget\" data-widget_type=\"text-editor.default\">\n\t\t\t\t<div class=\"elementor-widget-container\">\n\t\t\t\t\t\t\t\t\t<p>Miejsce rozgrywek: Zesp\u00f3\u0142 Szkolno-Przedszkolny nr 2, ul. Westfala 3, Grodzisk Mazowiecki<br \/>Termin: <strong>4 czerwca 2022 r.<\/strong><strong><br \/><\/strong><\/p>\n<p>Grupy turniejowe:<br \/>\u2022 <a href=\"http:\/\/chessarbiter.com\/turnieje\/2022\/ti_2347\/\">Grupa do 15 lat<\/a>\u00a0&#8211; 7 rund 10&#8217;+5&#8243;\/pos., zawodnicy do 15 lat (ur. 2007 i m\u0142odsi),<br \/>\u2022 <a href=\"http:\/\/chessarbiter.com\/turnieje\/2022\/ti_2348\/\">Grupa do 11 lat<\/a> &#8211; 7 rund 10&#8217;+5&#8243;\/pos., zawodnicy do 11 lat (ur. 2011 i m\u0142odsi),<br \/>\u2022 <a href=\"http:\/\/chessarbiter.com\/turnieje\/2022\/ti_2349\/\">Grupa do 8 lat<\/a> &#8211; 6 rund 25&#8217;+5&#8243;\/pos., zawodnicy <span style=\"color: var( --e-global-color-text ); font-family: var( --e-global-typography-text-font-family ), Sans-serif; font-weight: var( --e-global-typography-text-font-weight ); word-spacing: normal;\">do 8 lat (ur. 2014 i m\u0142odsi).<\/span><\/p>\n<p><strong style=\"color: var( --e-global-color-text ); font-family: var( --e-global-typography-text-font-family ), Sans-serif; word-spacing: normal;\"><u>Harmonogram<\/u><\/strong><\/p>\n<p>godz. 9:20 &#8211; 9:45 &#8211; potwierdzanie uczestnictwa<br \/>godz. 10:00 &#8211; odprawa techniczna, otwarcie zawod\u00f3w i rundy turniejowe<br \/>ok. 15 &#8211; uroczyste zako\u0144czenie<\/p>\n<p>W niedziel\u0119 5 czerwca odb\u0119dzie si\u0119 turniej towarzysz\u0105cy: <a href=\"http:\/\/chessarbiter.com\/turnieje\/2022\/tdr_2670\/\">Dru\u017cynowy Turniej Rodzinny z okazji Dnia Dziecka<\/a>.<\/p>\t\t\t\t\t\t\t\t<\/div>\n\t\t\t\t<\/div>\n\t\t\t\t<div class=\"elementor-element elementor-element-7654e1c elementor-widget elementor-widget-heading\" data-id=\"7654e1c\" data-element_type=\"widget\" data-e-type=\"widget\" data-widget_type=\"heading.default\">\n\t\t\t\t<div class=\"elementor-widget-container\">\n\t\t\t\t\t<h4 class=\"elementor-heading-title elementor-size-default\">4. System rozgrywek, przepisy<\/h4>\t\t\t\t<\/div>\n\t\t\t\t<\/div>\n\t\t\t\t<div class=\"elementor-element elementor-element-7bd8a3b elementor-widget elementor-widget-text-editor\" data-id=\"7bd8a3b\" data-element_type=\"widget\" data-e-type=\"widget\" data-widget_type=\"text-editor.default\">\n\t\t\t\t<div class=\"elementor-widget-container\">\n\t\t\t\t\t\t\t\t\t<p>Przy r\u00f3wnej liczbie punkt\u00f3w o zaj\u0119tym miejscu decyduj\u0105 punktacje pomocnicze wed\u0142ug <a href=\"http:\/\/pliki.pzszach.pl\/docs\/regulaminy\/regulamin_punktacji_pomocniczych.pdf\">rekomendacji PZSzach<\/a>.<br \/>W turniejach obowi\u0105zuj\u0105 przepisy gry FIDE.<\/p>\n<p><span style=\"text-decoration: underline;\"><strong>4.1 Grupy do lat 15 i do lat 11<\/strong><\/span><\/p>\n<p>\u2022 system szwajcarski, 7 rund,<br \/>\u2022 tempo gry: 10 minut na parti\u0119 dla zawodnika plus 5 sekund dodawane po ka\u017cdym posuni\u0119ciu,<br \/>\u2022 maksymalne dopuszczalne sp\u00f3\u017anienie na rund\u0119: 10 minut (do up\u0142yni\u0119cia czasu do namys\u0142u),<br \/>\u2022 turniej zg\u0142oszony do oceny w rankingu FIDE RAPID.<\/p>\n<p><strong style=\"color: var( --e-global-color-text ); font-family: var( --e-global-typography-text-font-family ), Sans-serif; word-spacing: normal;\"><span style=\"text-decoration-line: underline;\">4.2 Grupa do 8 lat<\/span><\/strong><\/p>\n<p>\u2022 system szwajcarski, 6 rund,<br \/>\u2022 tempo gry: 25 minut dla zawodnika na parti\u0119 plus 5 sekund dodawane po ka\u017cdym posuni\u0119ciu,<br \/>\u2022 maksymalne dopuszczalne sp\u00f3\u017anienie na rund\u0119: 10 minut,<br \/>\u2022 mo\u017cliwo\u015b\u0107 zdobycia V lub IV kategorii szachowej.<\/p>\t\t\t\t\t\t\t\t<\/div>\n\t\t\t\t<\/div>\n\t\t\t\t<div class=\"elementor-element elementor-element-9ae8675 elementor-widget elementor-widget-heading\" data-id=\"9ae8675\" data-element_type=\"widget\" data-e-type=\"widget\" data-widget_type=\"heading.default\">\n\t\t\t\t<div class=\"elementor-widget-container\">\n\t\t\t\t\t<h4 class=\"elementor-heading-title elementor-size-default\">5. Warunki uczestnictwa<\/h4>\t\t\t\t<\/div>\n\t\t\t\t<\/div>\n\t\t\t\t<div class=\"elementor-element elementor-element-3a86307 elementor-widget elementor-widget-text-editor\" data-id=\"3a86307\" data-element_type=\"widget\" data-e-type=\"widget\" data-widget_type=\"text-editor.default\">\n\t\t\t\t<div class=\"elementor-widget-container\">\n\t\t\t\t\t\t\t\t\t<p>Do turnieju nale\u017cy zg\u0142asza\u0107 si\u0119:<br \/>\u2022 przez internetowy <em>Formularz zg\u0142oszenia<\/em>: na stronach turniejowych wskazanych w pkt. 3 lub<br \/>\u2022 mailem na adres <a href=\"mailto:klub@szachygrodzisk.pl\">klub@szachygrodzisk.pl<\/a> \u2013 nale\u017cy poda\u0107 imi\u0119, nazwisko, klub lub miejscowo\u015b\u0107, kategori\u0119 szachow\u0105 (o ile si\u0119 posiada) oraz pe\u0142n\u0105 dat\u0119 urodzenia lub<br \/>\u2022 telefonicznie w godzinach 20-21 (nr tel. na ko\u0144cu regulaminu) lub<br \/>\u2022 osobi\u015bcie.<\/p>\n<p><strong>Zg\u0142oszenia do wyczerpania wolnych miejsc<br \/>Organizator gwarantuje otrzymanie pami\u0105tkowego medalu zawodnikom zg\u0142oszonym do czwartku 26 maja<\/strong><\/p>\n<p>Ka\u017cdy zawodnik musi posiada\u0107 <a href=\"https:\/\/ratings.fide.com\/\">ID FIDE<\/a> lub <a href=\"http:\/\/www.cr-pzszach.pl\/ew\/news.php\">ID CR<\/a>. Zawodnicy niezarejestrowani PRZED turniejem przekazuj\u0105 wype\u0142niony <a href=\"http:\/\/pliki.pzszach.pl\/docs\/druki\/rejestracyjne\/formularz_rejestracyjny_zawodnika.pdf\">Formularz rejestracyjny zawodnika<\/a> (pkt. 1-4, podpis zawodnika, <span style=\"text-decoration: underline;\">podpis rodzica<\/span>). Wydrukowane formularze b\u0119dzie mo\u017cna r\u00f3wnie\u017c pobra\u0107 u organizatora.<\/p>\n<p>Zg\u0142oszenia b\u0119d\u0105 na bie\u017c\u0105co publikowane na listach startowych.<br \/>Obowi\u0105zuje potwierdzenie udzia\u0142u w zawodach na sali gry.<\/p>\n<p>Uczestnictwo w turnieju jest bezp\u0142atne, organizator pokrywa op\u0142aty na rzecz Polskiego Zwi\u0105zku Szachowego oraz Mazowieckiego Zwi\u0105zku Szachowego.<\/p>\n<p>Zawodnik zg\u0142oszony, kt\u00f3ry nie we\u017amie udzia\u0142u w zawodach, traci prawo do zni\u017cek we wszystkich turniejach organizowanych przez UKS Szachowa Dw\u00f3jka Grodzisk Maz. w okresie 12 miesi\u0119cy. Dodatkowo udzia\u0142 w takich turniejach b\u0119dzie mo\u017cliwy tylko po op\u0142aceniu op\u0142aty startowej przelewem bankowym. Podobnie zawodnicy, kt\u00f3rzy wycofali si\u0119 z turnieju nie informuj\u0105c o tym s\u0119dziego (nieusprawiedliwiony walkower).<\/p>\t\t\t\t\t\t\t\t<\/div>\n\t\t\t\t<\/div>\n\t\t\t\t<div class=\"elementor-element elementor-element-dfe6de2 elementor-widget elementor-widget-heading\" data-id=\"dfe6de2\" data-element_type=\"widget\" data-e-type=\"widget\" data-widget_type=\"heading.default\">\n\t\t\t\t<div class=\"elementor-widget-container\">\n\t\t\t\t\t<h4 class=\"elementor-heading-title elementor-size-default\">6. Puchary, medale, nagrody<\/h4>\t\t\t\t<\/div>\n\t\t\t\t<\/div>\n\t\t\t\t<div class=\"elementor-element elementor-element-38fe8b9 elementor-widget elementor-widget-text-editor\" data-id=\"38fe8b9\" data-element_type=\"widget\" data-e-type=\"widget\" data-widget_type=\"text-editor.default\">\n\t\t\t\t<div class=\"elementor-widget-container\">\n\t\t\t\t\t\t\t\t\t<p>W ka\u017cdej grupie okoliczno\u015bciowe statuetki oraz nagrody rzeczowe za miejsca I-III oddzielnie dla ch\u0142opc\u00f3w i dziewcz\u0105t<br \/>Pami\u0105tkowe medale dla wszystkich uczestnik\u00f3w zg\u0142oszonych do 26 maja<br \/>Dyplomy dla nagrodzonych oraz dla wszystkich uczestnik\u00f3w w grupie do 8 lat<\/p>\n<p>Nagrody b\u0119d\u0105 wr\u0119czane wy\u0142\u0105cznie podczas ceremonii zako\u0144czenia.<\/p>\t\t\t\t\t\t\t\t<\/div>\n\t\t\t\t<\/div>\n\t\t\t\t<section class=\"elementor-section elementor-inner-section elementor-element elementor-element-5e90ed1 elementor-section-boxed elementor-section-height-default elementor-section-height-default\" data-id=\"5e90ed1\" data-element_type=\"section\" data-e-type=\"section\">\n\t\t\t\t\t\t<div class=\"elementor-container elementor-column-gap-default\">\n\t\t\t\t\t<div class=\"elementor-column elementor-col-100 elementor-inner-column elementor-element elementor-element-c4bf6e3\" data-id=\"c4bf6e3\" data-element_type=\"column\" data-e-type=\"column\">\n\t\t\t<div class=\"elementor-widget-wrap elementor-element-populated\">\n\t\t\t\t\t\t<div class=\"elementor-element elementor-element-c31582d elementor-widget elementor-widget-heading\" data-id=\"c31582d\" data-element_type=\"widget\" data-e-type=\"widget\" data-widget_type=\"heading.default\">\n\t\t\t\t<div class=\"elementor-widget-container\">\n\t\t\t\t\t<h4 class=\"elementor-heading-title elementor-size-default\">7. Inne<\/h4>\t\t\t\t<\/div>\n\t\t\t\t<\/div>\n\t\t\t\t<div class=\"elementor-element elementor-element-191b1f2d elementor-widget elementor-widget-text-editor\" data-id=\"191b1f2d\" data-element_type=\"widget\" data-e-type=\"widget\" data-widget_type=\"text-editor.default\">\n\t\t\t\t<div class=\"elementor-widget-container\">\n\t\t\t\t\t\t\t\t\t<p><\/p>\n<p><\/p>\n<p><\/p>\n<p><span class=\"has-inline-color has-vivid-red-color\">Podczas trwania zawod\u00f3w b\u0119d\u0105 respektowane aktualnie obowi\u0105zuj\u0105ce wytyczne G\u0142\u00f3wnego Inspektoratu Sanitarnego, Ministerstwa Kultury, Dziedzictwa Narodowego i Sportu oraz Polskiego Zwi\u0105zku Szachowego. Zawodnicy oraz opiekunowie musz\u0105 przestrzega\u0107 zasad, kt\u00f3re zostan\u0105 przedstawione podczas odprawy technicznej pod rygorem niedopuszczenia lub wykluczenia z zawod\u00f3w.<br \/><\/span>Organizatorzy zapewniaj\u0105 bezp\u0142atny pocz\u0119stunek<br \/>Opiek\u0119 nad zawodnikami sprawuj\u0105 rodzice lub doro\u015bli opiekunowie.<br \/>Zawodnik\u00f3w obowi\u0105zuje zmiana obuwia.<br \/>Zawodnicy ubezpieczaj\u0105 si\u0119 we w\u0142asnym zakresie.<br \/>Na sali gry obowi\u0105zuje ca\u0142kowity zakaz u\u017cywania telefon\u00f3w kom\u00f3rkowych.<br \/>Udzia\u0142 w zawodach oznacza zgod\u0119 na wykorzystanie wizerunku i danych osobowych do realizacji dzia\u0142a\u0144 statutowych Organizator\u00f3w &#8211; na podstawie sk\u0142adanego o\u015bwiadczenia.<br \/>O wszelkich sprawach nieuj\u0119tych w niniejszym regulaminie decyduj\u0105 Organizatorzy.<br \/>Organizatorzy zastrzegaj\u0105 sobie prawo wprowadzania zmian w niniejszym regulaminie.<\/p>\n<p><\/p>\n<p>Kontakt: Jacek Kici\u0144ski, tel. 511 834 619, <a href=\"mailto:klub@szachygrodzisk.pl\">klub@szachygrodzisk.pl<\/a><\/p>\n<p><\/p>\t\t\t\t\t\t\t\t<\/div>\n\t\t\t\t<\/div>\n\t\t\t\t\t<\/div>\n\t\t<\/div>\n\t\t\t\t\t<\/div>\n\t\t<\/section>\n\t\t\t\t\t<\/div>\n\t\t<\/div>\n\t\t\t\t\t<\/div>\n\t\t<\/section>\n\t\t\t\t<\/div>\n\t\t","protected":false},"excerpt":{"rendered":"<p>1. Cele zawod\u00f3w Popularyzacja gry w szachy, zw\u0142aszcza w \u015brodowisku Grodziska MazowieckiegoUmo\u017cliwienie dzieciom zdobycia lub podwy\u017cszenia kategorii szachowychUmo\u017cliwienie zawodnikom uzyskania lub podwy\u017cszenia rankingu mi\u0119dzynarodowego FIDE RAPIDStworzenie warunk\u00f3w do identyfikacji i rozwoju talent\u00f3w sportowych 2. Organizatorzy Uczniowski Klub Sportowy Szachowa Dw\u00f3jka Grodzisk MazowieckiZesp\u00f3\u0142 Szkolno-Przedszkolny nr 2 im. M. Konopnickiej w Grodzisku Mazowieckim Dofinansowano ze \u015brodk\u00f3w Funduszu Rozwoju Kultury Fizycznej, kt\u00f3rych dysponentem jest Minister Sportu i TurystykiZadanie publiczne pn. Turniej z okazji Dnia Dziecka dofinansowane ze \u015brodk\u00f3w z bud\u017cetu Wojew\u00f3dztwa MazowieckiegoZadanie publiczne wsp\u00f3\u0142finansowane z bud\u017cetu Gminy Grodzisk Mazowiecki 3. Program zawod\u00f3w Miejsce rozgrywek: Zesp\u00f3\u0142 Szkolno-Przedszkolny nr 2, ul. Westfala 3, Grodzisk MazowieckiTermin:&hellip;<\/p>\n<p> <a class=\"more-link\" href=\"https:\/\/szachygrodzisk.pl\/index.php\/ogolnopolski-turniej-z-okazji-dnia-dziecka\/\">Dowiedz si\u0119 wi\u0119cej<\/a><\/p>\n","protected":false},"author":2,"featured_media":0,"parent":0,"menu_order":0,"comment_status":"closed","ping_status":"closed","template":"","meta":{"_monsterinsights_skip_tracking":false,"_monsterinsights_sitenote_active":false,"_monsterinsights_sitenote_note":"","_monsterinsights_sitenote_category":0,"footnotes":""},"class_list":["post-5098","page","type-page","status-publish"],"_links":{"self":[{"href":"https:\/\/szachygrodzisk.pl\/index.php\/wp-json\/wp\/v2\/pages\/5098","targetHints":{"allow":["GET"]}}],"collection":[{"href":"https:\/\/szachygrodzisk.pl\/index.php\/wp-json\/wp\/v2\/pages"}],"about":[{"href":"https:\/\/szachygrodzisk.pl\/index.php\/wp-json\/wp\/v2\/types\/page"}],"author":[{"embeddable":true,"href":"https:\/\/szachygrodzisk.pl\/index.php\/wp-json\/wp\/v2\/users\/2"}],"replies":[{"embeddable":true,"href":"https:\/\/szachygrodzisk.pl\/index.php\/wp-json\/wp\/v2\/comments?post=5098"}],"version-history":[{"count":19,"href":"https:\/\/szachygrodzisk.pl\/index.php\/wp-json\/wp\/v2\/pages\/5098\/revisions"}],"predecessor-version":[{"id":5140,"href":"https:\/\/szachygrodzisk.pl\/index.php\/wp-json\/wp\/v2\/pages\/5098\/revisions\/5140"}],"wp:attachment":[{"href":"https:\/\/szachygrodzisk.pl\/index.php\/wp-json\/wp\/v2\/media?parent=5098"}],"curies":[{"name":"wp","href":"https:\/\/api.w.org\/{rel}","templated":true}]}}