{"id":5434,"date":"2022-08-25T23:05:52","date_gmt":"2022-08-25T21:05:52","guid":{"rendered":"https:\/\/szachygrodzisk.pl\/?page_id=5434"},"modified":"2023-04-10T08:31:48","modified_gmt":"2023-04-10T06:31:48","slug":"zajecia-2022-23","status":"publish","type":"page","link":"https:\/\/szachygrodzisk.pl\/index.php\/zajecia-2022-23\/","title":{"rendered":"Zaj\u0119cia 2022\/23"},"content":{"rendered":"\t\t<div data-elementor-type=\"wp-page\" data-elementor-id=\"5434\" class=\"elementor elementor-5434\">\n\t\t\t\t\t\t<section class=\"elementor-section elementor-top-section elementor-element elementor-element-2d688456 elementor-section-boxed elementor-section-height-default elementor-section-height-default\" data-id=\"2d688456\" data-element_type=\"section\" data-e-type=\"section\">\n\t\t\t\t\t\t<div class=\"elementor-container elementor-column-gap-default\">\n\t\t\t\t\t<div class=\"elementor-column elementor-col-100 elementor-top-column elementor-element elementor-element-322975fb\" data-id=\"322975fb\" data-element_type=\"column\" data-e-type=\"column\">\n\t\t\t<div class=\"elementor-widget-wrap elementor-element-populated\">\n\t\t\t\t\t\t<div class=\"elementor-element elementor-element-fdc7ff7 elementor-widget elementor-widget-text-editor\" data-id=\"fdc7ff7\" data-element_type=\"widget\" data-e-type=\"widget\" data-widget_type=\"text-editor.default\">\n\t\t\t\t<div class=\"elementor-widget-container\">\n\t\t\t\t\t\t\t\t\t<h3>Zaj\u0119cia dla pocz\u0105tkuj\u0105cych dzieci (otwarte)<\/h3>\n<p>Prowadzimy zaj\u0119cia w ramach nast\u0119puj\u0105cych grup:<\/p>\n<ul>\n<li>\u015brody 17-18 w Mediatece (I pi\u0119tro) &#8211; grupa dla dzieci w wieku od 5 lat &#8211; prowadzi J. Kici\u0144ski<\/li>\n<li>\u015brody 18-19 w Mediatece (I pi\u0119tro) &#8211; grupa dla dzieci znaj\u0105cych podstawowe zasady gry w szachy &#8211; prowadzi J. Kici\u0144ski (brak wolnych miejsc)<\/li>\n<li>wtorki 16:20-17:20 w SP nr 2 &#8211; grupa dla dzieci znaj\u0105cych podstawowe zasady gry w szachy (niekoniecznie z tej szko\u0142y) &#8211; prowadzi K. Jarz\u0119bowski<\/li>\n<li><span style=\"color: var( --e-global-color-text ); font-family: var( --e-global-typography-text-font-family ), Sans-serif; font-weight: var( --e-global-typography-text-font-weight ); word-spacing: normal;\">pi\u0105tki 16:20-17:20 w SP nr 2 &#8211; grupa dla dzieci znaj\u0105cych podstawowe zasady gry w szachy (niekoniecznie z tej szko\u0142y) &#8211; prowadzi K. Jarz\u0119bowski<\/span><\/li>\n<\/ul>\n<p>Op\u0142aty za powy\u017csze zaj\u0119cia to 60 z\u0142 miesi\u0119cznie (niezale\u017cnie od liczby zaj\u0119\u0107 w miesi\u0105cu oraz od frekwencji). P\u0142atne <a href=\"https:\/\/szachygrodzisk.pl\/index.php\/uks-szachowa-dwojka-grodzisk-maz\/\">na konto Klubu<\/a> z g\u00f3ry do 5. dnia miesi\u0105ca w miesi\u0105cach od pa\u017adziernika do maja w\u0142\u0105cznie. Zaj\u0119cia wrze\u015bniowe i czerwcowe s\u0105 bezp\u0142atne. Uczestnictwo w zaj\u0119ciach daje zni\u017cki &#8222;klubowe&#8221; na turnieje organizowane przez Szachow\u0105 Dw\u00f3jk\u0119. W tych grupach nie wymagamy przynale\u017cno\u015bci do Szachowej Dw\u00f3jki.<\/p>\n<div>Zg\u0142oszenia do grup dla pocz\u0105tkuj\u0105cych dzieci nale\u017cy przesy\u0142a\u0107 mailem na adres\u00a0<a style=\"background-color: #ffffff; font-family: var( --e-global-typography-text-font-family ), Sans-serif; font-weight: var( --e-global-typography-text-font-weight ); word-spacing: normal;\" href=\"mailto:jkicinski@szachygrodzisk.pl\">jkicinski@szachygrodzisk.pl<\/a>. Przes\u0142anie zg\u0142oszenia drog\u0105 mailow\u0105 oznacza zgod\u0119 na przetwarzanie podanych danych w celu obs\u0142ugi rekrutacji na zaj\u0119cia. W zg\u0142oszeniu nale\u017cy poda\u0107:<\/div>\n<ul>\n<li>imi\u0119 i nazwisko dziecka, rok urodzenia<\/li>\n<li>miejscowo\u015b\u0107 zamieszkania, szko\u0142\u0119 \/ przedszkole, w przypadku SP nr 2 r\u00f3wnie\u017c klas\u0119<\/li>\n<li>znajomo\u015b\u0107 gry w szachy: czy dziecko wie, jak ruszaj\u0105 si\u0119 figury, czy na razie zupe\u0142nie nic nie wie o szachach<\/li>\n<li>wybrany termin zaj\u0119\u0107<\/li>\n<\/ul>\t\t\t\t\t\t\t\t<\/div>\n\t\t\t\t<\/div>\n\t\t\t\t<div class=\"elementor-element elementor-element-762954b elementor-widget-divider--view-line_icon elementor-view-default elementor-widget-divider--element-align-center elementor-widget elementor-widget-divider\" data-id=\"762954b\" data-element_type=\"widget\" data-e-type=\"widget\" data-widget_type=\"divider.default\">\n\t\t\t\t<div class=\"elementor-widget-container\">\n\t\t\t\t\t\t\t<div class=\"elementor-divider\">\n\t\t\t<span class=\"elementor-divider-separator\">\n\t\t\t\t\t\t\t<div class=\"elementor-icon elementor-divider__element\">\n\t\t\t\t\t<i aria-hidden=\"true\" class=\"fas fa-star\"><\/i><\/div>\n\t\t\t\t\t\t<\/span>\n\t\t<\/div>\n\t\t\t\t\t\t<\/div>\n\t\t\t\t<\/div>\n\t\t\t\t<div class=\"elementor-element elementor-element-14c0d38 elementor-widget elementor-widget-text-editor\" data-id=\"14c0d38\" data-element_type=\"widget\" data-e-type=\"widget\" data-widget_type=\"text-editor.default\">\n\t\t\t\t<div class=\"elementor-widget-container\">\n\t\t\t\t\t\t\t\t\t<h3>Zaj\u0119cia dla pocz\u0105tkuj\u0105cych dzieci (szkolne)<\/h3>\n<p>Zapraszamy na zaj\u0119cia w Szkole Podstawowej nr 2 dostosowane do planu lekcji klas I-III:<\/p>\n<ul>\n<li>wtorki 15:25-16:15 &#8211; prowadzi K. Jarz\u0119bowski (brak wolnych miejsc)<\/li>\n<li>wtorki 16:20-17:20 &#8211; prowadzi K. Jarz\u0119bowski<\/li>\n<li>pi\u0105tek 15:25-16:15 &#8211; prowadzi K. Jarz\u0119bowski&nbsp;(brak wolnych miejsc)<\/li>\n<li>pi\u0105tek 16:20-17:20 &#8211; prowadzi K. Jarz\u0119bowski<\/li>\n<\/ul>\n<p>Op\u0142aty za powy\u017csze zaj\u0119cia to 45 z\u0142 miesi\u0119cznie (niezale\u017cnie od liczby zaj\u0119\u0107 w miesi\u0105cu oraz od frekwencji). P\u0142atne <a href=\"https:\/\/szachygrodzisk.pl\/index.php\/uks-szachowa-dwojka-grodzisk-maz\/\">na konto Klubu<\/a> z g\u00f3ry do 5 dnia miesi\u0105ca w miesi\u0105cach od listopada do maja w\u0142\u0105cznie. Zaj\u0119cia w czerwcu s\u0105 bezp\u0142atne. Uczestnictwo w zaj\u0119ciach daje zni\u017cki &#8222;klubowe&#8221; na turnieje organizowane przez Szachow\u0105 Dw\u00f3jk\u0119.&nbsp;<span style=\"color: var( --e-global-color-text ); font-family: var( --e-global-typography-text-font-family ), Sans-serif; font-weight: var( --e-global-typography-text-font-weight ); word-spacing: normal;\">W tych grupach nie wymagamy przynale\u017cno\u015bci do Szachowej Dw\u00f3jki.<\/span><\/p>\n<p>Jeste\u015bmy r\u00f3wnie\u017c obecni w Szkole Podstawowej w Szcz\u0119snem. W pi\u0105tki zaj\u0119cia dla uczni\u00f3w Szko\u0142y prowadzi R. Daniszewski.<\/p>\n<div>Zg\u0142oszenia do grup dla pocz\u0105tkuj\u0105cych dzieci nale\u017cy przesy\u0142a\u0107 mailem na adres&nbsp;<a href=\"mailto:jkicinski@szachygrodzisk.pl\">jkicinski@szachygrodzisk.pl<\/a>. Przes\u0142anie zg\u0142oszenia drog\u0105 mailow\u0105 oznacza zgod\u0119 na przetwarzanie podanych danych w celu obs\u0142ugi rekrutacji na zaj\u0119cia. W zg\u0142oszeniu nale\u017cy poda\u0107:<\/div>\n<ul>\n<li>imi\u0119 i nazwisko dziecka, rok urodzenia<\/li>\n<li>miejscowo\u015b\u0107 zamieszkania, klas\u0119<\/li>\n<li>znajomo\u015b\u0107 gry w szachy: czy dziecko wie, jak ruszaj\u0105 si\u0119 figury, czy na razie zupe\u0142nie nic nie wie o szachach<\/li>\n<li>wybrany termin zaj\u0119\u0107<\/li>\n<\/ul>\t\t\t\t\t\t\t\t<\/div>\n\t\t\t\t<\/div>\n\t\t\t\t<div class=\"elementor-element elementor-element-d142d2d elementor-widget-divider--view-line_icon elementor-view-default elementor-widget-divider--element-align-center elementor-widget elementor-widget-divider\" data-id=\"d142d2d\" data-element_type=\"widget\" data-e-type=\"widget\" data-widget_type=\"divider.default\">\n\t\t\t\t<div class=\"elementor-widget-container\">\n\t\t\t\t\t\t\t<div class=\"elementor-divider\">\n\t\t\t<span class=\"elementor-divider-separator\">\n\t\t\t\t\t\t\t<div class=\"elementor-icon elementor-divider__element\">\n\t\t\t\t\t<i aria-hidden=\"true\" class=\"fas fa-star\"><\/i><\/div>\n\t\t\t\t\t\t<\/span>\n\t\t<\/div>\n\t\t\t\t\t\t<\/div>\n\t\t\t\t<\/div>\n\t\t\t\t<div class=\"elementor-element elementor-element-5f65646 elementor-widget elementor-widget-text-editor\" data-id=\"5f65646\" data-element_type=\"widget\" data-e-type=\"widget\" data-widget_type=\"text-editor.default\">\n\t\t\t\t<div class=\"elementor-widget-container\">\n\t\t\t\t\t\t\t\t\t<h3>Zaj\u0119cia dla m\u0142odzie\u017cy i doros\u0142ych<\/h3>\n<p>Grupa dla m\u0142odzie\u017cy i doros\u0142ych spotyka si\u0119 w SP nr 2 w pi\u0105tki w godz. 17:30-19:30.<\/p>\n<p>Koszt 60 z\u0142 miesi\u0119cznie p\u0142atne na pierwszych zaj\u0119ciach w miesi\u0105cu got\u00f3wk\u0105 u instruktora. Zaj\u0119cia wrze\u015bniowe s\u0105 bezp\u0142atne.<\/p>\n<p>Szczeg\u00f3\u0142owe informacje i zg\u0142oszenia: J. Kici\u0144ski, tel. 511 834 619,\u00a0<a href=\"mailto:jkicinski@szachygrodzisk.pl\">jkicinski@szachygrodzisk.pl<\/a><\/p>\t\t\t\t\t\t\t\t<\/div>\n\t\t\t\t<\/div>\n\t\t\t\t<div class=\"elementor-element elementor-element-4b32b16 elementor-widget-divider--view-line_icon elementor-view-default elementor-widget-divider--element-align-center elementor-widget elementor-widget-divider\" data-id=\"4b32b16\" data-element_type=\"widget\" data-e-type=\"widget\" data-widget_type=\"divider.default\">\n\t\t\t\t<div class=\"elementor-widget-container\">\n\t\t\t\t\t\t\t<div class=\"elementor-divider\">\n\t\t\t<span class=\"elementor-divider-separator\">\n\t\t\t\t\t\t\t<div class=\"elementor-icon elementor-divider__element\">\n\t\t\t\t\t<i aria-hidden=\"true\" class=\"fas fa-star\"><\/i><\/div>\n\t\t\t\t\t\t<\/span>\n\t\t<\/div>\n\t\t\t\t\t\t<\/div>\n\t\t\t\t<\/div>\n\t\t\t\t<div class=\"elementor-element elementor-element-1a342496 elementor-widget elementor-widget-text-editor\" data-id=\"1a342496\" data-element_type=\"widget\" data-e-type=\"widget\" data-widget_type=\"text-editor.default\">\n\t\t\t\t<div class=\"elementor-widget-container\">\n\t\t\t\t\t\t\t\t\t<p><\/p>\n<h3>Zaj\u0119cia grup klubowych<\/h3>\n<p>Zaj\u0119cia odbywaj\u0105 si\u0119 w pi\u0105tki w godz. 17:30-19:30 w SP nr 2 w podziale na 3 grupy (wed\u0142ug rankingu i wieku).<\/p>\n<p>Najsilniejsza grupa ma zaj\u0119cia r\u00f3wnie\u017c we wtorki w godz. 17:30-19:30.<\/p>\n<p>Pozostali mog\u0105 uczestniczy\u0107 w tematycznych zaj\u0119ciach online, kt\u00f3re wystartuj\u0105 po feriach.<\/p>\n<p>Od lutego do maja cz\u0142onkowie Klubu p\u0142ac\u0105 zrycza\u0142towan\u0105 op\u0142at\u0119 za zaj\u0119cia (niezale\u017cnie od grup): 200 z\u0142 za semestr lub 50 z\u0142 za miesi\u0105c (czerwiec bez op\u0142at za zaj\u0119cia). Dodatkowo nale\u017cy op\u0142aca\u0107 sk\u0142adki cz\u0142onkowskie zgodnie z informacj\u0105 na stronie <a href=\"https:\/\/szachygrodzisk.pl\/index.php\/skladki-czlonkowskie\/\">Sk\u0142adki cz\u0142onkowskie<\/a>.<\/p>\n<p><\/p>\t\t\t\t\t\t\t\t<\/div>\n\t\t\t\t<\/div>\n\t\t\t\t\t<\/div>\n\t\t<\/div>\n\t\t\t\t\t<\/div>\n\t\t<\/section>\n\t\t\t\t<\/div>\n\t\t","protected":false},"excerpt":{"rendered":"<p>Zaj\u0119cia dla pocz\u0105tkuj\u0105cych dzieci (otwarte) Prowadzimy zaj\u0119cia w ramach nast\u0119puj\u0105cych grup: \u015brody 17-18 w Mediatece (I pi\u0119tro) &#8211; grupa dla dzieci w wieku od 5 lat &#8211; prowadzi J. Kici\u0144ski \u015brody 18-19 w Mediatece (I pi\u0119tro) &#8211; grupa dla dzieci znaj\u0105cych podstawowe zasady gry w szachy &#8211; prowadzi J. Kici\u0144ski (brak wolnych miejsc) wtorki 16:20-17:20 w SP nr 2 &#8211; grupa dla dzieci znaj\u0105cych podstawowe zasady gry w szachy (niekoniecznie z tej szko\u0142y) &#8211; prowadzi K. Jarz\u0119bowski pi\u0105tki 16:20-17:20 w SP nr 2 &#8211; grupa dla dzieci znaj\u0105cych podstawowe zasady gry w szachy (niekoniecznie z tej szko\u0142y) &#8211; prowadzi K.&hellip;<\/p>\n<p> <a class=\"more-link\" href=\"https:\/\/szachygrodzisk.pl\/index.php\/zajecia-2022-23\/\">Dowiedz si\u0119 wi\u0119cej<\/a><\/p>\n","protected":false},"author":2,"featured_media":0,"parent":0,"menu_order":0,"comment_status":"closed","ping_status":"closed","template":"","meta":{"_monsterinsights_skip_tracking":false,"_monsterinsights_sitenote_active":false,"_monsterinsights_sitenote_note":"","_monsterinsights_sitenote_category":0,"footnotes":""},"class_list":["post-5434","page","type-page","status-publish"],"_links":{"self":[{"href":"https:\/\/szachygrodzisk.pl\/index.php\/wp-json\/wp\/v2\/pages\/5434","targetHints":{"allow":["GET"]}}],"collection":[{"href":"https:\/\/szachygrodzisk.pl\/index.php\/wp-json\/wp\/v2\/pages"}],"about":[{"href":"https:\/\/szachygrodzisk.pl\/index.php\/wp-json\/wp\/v2\/types\/page"}],"author":[{"embeddable":true,"href":"https:\/\/szachygrodzisk.pl\/index.php\/wp-json\/wp\/v2\/users\/2"}],"replies":[{"embeddable":true,"href":"https:\/\/szachygrodzisk.pl\/index.php\/wp-json\/wp\/v2\/comments?post=5434"}],"version-history":[{"count":23,"href":"https:\/\/szachygrodzisk.pl\/index.php\/wp-json\/wp\/v2\/pages\/5434\/revisions"}],"predecessor-version":[{"id":6266,"href":"https:\/\/szachygrodzisk.pl\/index.php\/wp-json\/wp\/v2\/pages\/5434\/revisions\/6266"}],"wp:attachment":[{"href":"https:\/\/szachygrodzisk.pl\/index.php\/wp-json\/wp\/v2\/media?parent=5434"}],"curies":[{"name":"wp","href":"https:\/\/api.w.org\/{rel}","templated":true}]}}