{"id":5821,"date":"2022-12-17T23:05:56","date_gmt":"2022-12-17T22:05:56","guid":{"rendered":"https:\/\/szachygrodzisk.pl\/?page_id=5821"},"modified":"2022-12-18T15:27:16","modified_gmt":"2022-12-18T14:27:16","slug":"vi-turniej-sylwestrowy","status":"publish","type":"page","link":"https:\/\/szachygrodzisk.pl\/index.php\/vi-turniej-sylwestrowy\/","title":{"rendered":"VI Turniej Sylwestrowy"},"content":{"rendered":"\t\t<div data-elementor-type=\"wp-page\" data-elementor-id=\"5821\" class=\"elementor elementor-5821\">\n\t\t\t\t\t\t<section class=\"elementor-section elementor-top-section elementor-element elementor-element-1519f80e elementor-section-boxed elementor-section-height-default elementor-section-height-default\" data-id=\"1519f80e\" data-element_type=\"section\" data-e-type=\"section\">\n\t\t\t\t\t\t<div class=\"elementor-container elementor-column-gap-default\">\n\t\t\t\t\t<div class=\"elementor-column elementor-col-100 elementor-top-column elementor-element elementor-element-4319c84a\" data-id=\"4319c84a\" data-element_type=\"column\" data-e-type=\"column\">\n\t\t\t<div class=\"elementor-widget-wrap elementor-element-populated\">\n\t\t\t\t\t\t<div class=\"elementor-element elementor-element-bbf8dd9 elementor-widget elementor-widget-heading\" data-id=\"bbf8dd9\" data-element_type=\"widget\" data-e-type=\"widget\" data-widget_type=\"heading.default\">\n\t\t\t\t<div class=\"elementor-widget-container\">\n\t\t\t\t\t<h4 class=\"elementor-heading-title elementor-size-default\">1. Cele zawod\u00f3w<\/h4>\t\t\t\t<\/div>\n\t\t\t\t<\/div>\n\t\t\t\t<div class=\"elementor-element elementor-element-d4c7731 elementor-widget elementor-widget-text-editor\" data-id=\"d4c7731\" data-element_type=\"widget\" data-e-type=\"widget\" data-widget_type=\"text-editor.default\">\n\t\t\t\t<div class=\"elementor-widget-container\">\n\t\t\t\t\t\t\t\t\t<p><span style=\"color: var( --e-global-color-text ); font-family: var( --e-global-typography-text-font-family ), Sans-serif; font-weight: var( --e-global-typography-text-font-weight ); word-spacing: normal;\">Popularyzacja gry w szachy, zw\u0142aszcza w \u015brodowisku Grodziska Mazowieckiego<br \/><\/span><span style=\"color: var( --e-global-color-text ); font-family: var( --e-global-typography-text-font-family ), Sans-serif; font-weight: var( --e-global-typography-text-font-weight ); word-spacing: normal;\">Umo\u017cliwienie dzieciom, m\u0142odzie\u017cy i doros\u0142ym zdobycia lub podwy\u017cszenia kategorii szachowych<br \/><\/span>Umo\u017cliwienie zawodnikom uzyskania lub podwy\u017cszenia rankingu mi\u0119dzynarodowego FIDE<br \/>Wy\u0142onienie w sportowej rywalizacji najlepszych szachist\u00f3w<\/p>\t\t\t\t\t\t\t\t<\/div>\n\t\t\t\t<\/div>\n\t\t\t\t<div class=\"elementor-element elementor-element-7fe8e69 elementor-widget elementor-widget-heading\" data-id=\"7fe8e69\" data-element_type=\"widget\" data-e-type=\"widget\" data-widget_type=\"heading.default\">\n\t\t\t\t<div class=\"elementor-widget-container\">\n\t\t\t\t\t<h4 class=\"elementor-heading-title elementor-size-default\">2. Organizatorzy<\/h4>\t\t\t\t<\/div>\n\t\t\t\t<\/div>\n\t\t\t\t<div class=\"elementor-element elementor-element-fa0c118 elementor-widget elementor-widget-text-editor\" data-id=\"fa0c118\" data-element_type=\"widget\" data-e-type=\"widget\" data-widget_type=\"text-editor.default\">\n\t\t\t\t<div class=\"elementor-widget-container\">\n\t\t\t\t\t\t\t\t\t<p>Uczniowski Klub Sportowy Szachowa Dw\u00f3jka Grodzisk Mazowiecki<br \/>Zesp\u00f3\u0142 Szkolno-Przedszkolny nr 2 im. M. Konopnickiej w Grodzisku Mazowieckim<\/p>\t\t\t\t\t\t\t\t<\/div>\n\t\t\t\t<\/div>\n\t\t\t\t<div class=\"elementor-element elementor-element-bfb3fca elementor-widget elementor-widget-heading\" data-id=\"bfb3fca\" data-element_type=\"widget\" data-e-type=\"widget\" data-widget_type=\"heading.default\">\n\t\t\t\t<div class=\"elementor-widget-container\">\n\t\t\t\t\t<h4 class=\"elementor-heading-title elementor-size-default\">3. Program zawod\u00f3w<\/h4>\t\t\t\t<\/div>\n\t\t\t\t<\/div>\n\t\t\t\t<div class=\"elementor-element elementor-element-10103c1 elementor-widget elementor-widget-text-editor\" data-id=\"10103c1\" data-element_type=\"widget\" data-e-type=\"widget\" data-widget_type=\"text-editor.default\">\n\t\t\t\t<div class=\"elementor-widget-container\">\n\t\t\t\t\t\t\t\t\t<p>Miejsce rozgrywek: Zesp\u00f3\u0142 Szkolno-Przedszkolny nr 2, ul. Westfala 3, Grodzisk Mazowiecki<br \/>Termin: <strong>28 &#8211; 30 grudnia 2022 r.<\/strong><strong><br \/><\/strong><\/p>\n<p>Grupy turniejowe:<br \/>\u2022 <a href=\"http:\/\/chessarbiter.com\/turnieje\/2022\/ti_6999\/\" target=\"_blank\" rel=\"noopener\">Grupa A (FIDE)<\/a> &#8211; 5 rund 60&#8217;+30&#8243;\/pos., zawodnicy z minimum II kategori\u0105 m\u0119sk\u0105 \/ I kategori\u0105 kobiec\u0105, z rankingiem FIDE do 2399, bez ogranicze\u0144 wiekowych,<br \/>\u2022 <a href=\"http:\/\/chessarbiter.com\/turnieje\/2022\/ti_7000\/\" target=\"_blank\" rel=\"noopener\">Grupa B<\/a> &#8211; 7 rund 30&#8217;+30&#8243;\/pos., zawodnicy z IV, III lub II kategori\u0105 kobiec\u0105 (ranking PZSzach 1250-1700), bez ogranicze\u0144 wiekowych.<\/p>\n<p><span style=\"text-decoration: underline;\"><strong>Harmonogram grupy A:<\/strong><\/span><\/p>\n<p>28.12 do 9:15 &#8211; potwierdzanie uczestnictwa<br \/>28.12 godz. 9:30 &#8211; odprawa techniczna, I runda<br \/>28.12 godz. 12:00 (lub 5 minut po zako\u0144czeniu I rundy) &#8211; II runda<br \/>29.12 godz. 9:30 &#8211; III runda<br \/>29.12 godz. 12:00 (lub 5 minut po zako\u0144czeniu III rundy) &#8211; IV runda<br \/>30.12 godz. 9:30 &#8211; V runda<br \/>30.12 godz. 12:00 (lub 5 minut po zako\u0144czeniu V rundy) &#8211; zako\u0144czenie<\/p>\n<p><span style=\"text-decoration: underline;\"><strong>Harmonogram grupy B:<\/strong><\/span><\/p>\n<p>28.12 do 9:15 &#8211; potwierdzanie uczestnictwa<br \/>28.12 godz. 9:30 &#8211; odprawa techniczna, I i II runda<br \/>29.12 godz. 9:30 &#8211; III, IV i V runda<br \/>30.12 godz. 9:30 &#8211; VI i VII runda, zako\u0144czenie<\/p>\t\t\t\t\t\t\t\t<\/div>\n\t\t\t\t<\/div>\n\t\t\t\t<div class=\"elementor-element elementor-element-7654e1c elementor-widget elementor-widget-heading\" data-id=\"7654e1c\" data-element_type=\"widget\" data-e-type=\"widget\" data-widget_type=\"heading.default\">\n\t\t\t\t<div class=\"elementor-widget-container\">\n\t\t\t\t\t<h4 class=\"elementor-heading-title elementor-size-default\">4. System rozgrywek, przepisy<\/h4>\t\t\t\t<\/div>\n\t\t\t\t<\/div>\n\t\t\t\t<div class=\"elementor-element elementor-element-7bd8a3b elementor-widget elementor-widget-text-editor\" data-id=\"7bd8a3b\" data-element_type=\"widget\" data-e-type=\"widget\" data-widget_type=\"text-editor.default\">\n\t\t\t\t<div class=\"elementor-widget-container\">\n\t\t\t\t\t\t\t\t\t<p>Przy r\u00f3wnej liczbie punkt\u00f3w o zaj\u0119tym miejscu decyduj\u0105 punktacje pomocnicze wed\u0142ug <a href=\"http:\/\/pliki.pzszach.pl\/docs\/regulaminy\/regulamin_punktacji_pomocniczych.pdf\">rekomendacji PZSzach<\/a>.<br \/>W turniejach obowi\u0105zuj\u0105 przepisy gry FIDE.<\/p>\n<p><span style=\"text-decoration: underline;\"><strong>4.1 Grupa A<\/strong><\/span><\/p>\n<p>\u2022 system szwajcarski, 5 rund,<br \/>\u2022 tempo gry: 60 minut na parti\u0119 dla zawodnika plus 30 sekund dodawane po ka\u017cdym posuni\u0119ciu,<br \/>\u2022 <strong>obowi\u0105zkowy zapis partii<\/strong>,<br \/>\u2022 zakaz proponowania i zgadzania si\u0119 na propozycje remisowe przed wykonaniem 30. posuni\u0119cia przez czarne; z\u0142amanie zakazu mo\u017ce by\u0107 ukarane obustronn\u0105 pora\u017ck\u0105,<br \/>\u2022 odwo\u0142ania mo\u017cna zg\u0142asza\u0107: do momentu podpisania blankietu,<br \/>\u2022 maksymalne dopuszczalne sp\u00f3\u017anienie na rund\u0119: 15 minut,<br \/>\u2022 mo\u017cliwo\u015b\u0107 wype\u0142nienia normy z 5 partii na I kategori\u0119 i tytu\u0142 kandydata na mistrza (zgodnie z pkt. 4.7 Regulaminu klasyfikacyjnego PZSzach).<\/p>\n<p><span style=\"text-decoration: underline;\"><strong>4.2 Grupa B<\/strong><\/span><\/p>\n<p>\u2022 system szwajcarski, 7 rund,<br \/>\u2022 tempo gry: 30 minut na parti\u0119 dla zawodnika plus 30 sekund dodawane po ka\u017cdym posuni\u0119ciu,<br \/>\u2022 <strong>obowi\u0105zkowy zapis partii<\/strong> (nie zapisywa\u0107 mog\u0105 dzieci ur. w roku 2015 i m\u0142odsze, co wi\u0105\u017ce si\u0119 ze zmniejszeniem czasu do namys\u0142u),<br \/>\u2022 zakaz proponowania i zgadzania si\u0119 na propozycje remisowe przed wykonaniem 30. posuni\u0119cia przez czarne; z\u0142amanie zakazu mo\u017ce by\u0107 ukarane obustronn\u0105 pora\u017ck\u0105,<br \/>\u2022 odwo\u0142ania mo\u017cna zg\u0142asza\u0107: do momentu podpisania blankietu,<br \/>\u2022 maksymalne dopuszczalne sp\u00f3\u017anienie na rund\u0119: 15 minut,<br \/>\u2022 mo\u017cliwo\u015b\u0107 zdobycia kategorii do I kobiecej w\u0142\u0105cznie.<\/p>\t\t\t\t\t\t\t\t<\/div>\n\t\t\t\t<\/div>\n\t\t\t\t<div class=\"elementor-element elementor-element-9ae8675 elementor-widget elementor-widget-heading\" data-id=\"9ae8675\" data-element_type=\"widget\" data-e-type=\"widget\" data-widget_type=\"heading.default\">\n\t\t\t\t<div class=\"elementor-widget-container\">\n\t\t\t\t\t<h4 class=\"elementor-heading-title elementor-size-default\">5. Warunki uczestnictwa<\/h4>\t\t\t\t<\/div>\n\t\t\t\t<\/div>\n\t\t\t\t<div class=\"elementor-element elementor-element-3a86307 elementor-widget elementor-widget-text-editor\" data-id=\"3a86307\" data-element_type=\"widget\" data-e-type=\"widget\" data-widget_type=\"text-editor.default\">\n\t\t\t\t<div class=\"elementor-widget-container\">\n\t\t\t\t\t\t\t\t\t<p>Do turnieju nale\u017cy zg\u0142asza\u0107 si\u0119:<br \/>\u2022 przez internetowy <em>Formularz zg\u0142oszenia<\/em>: na stronach turniejowych wskazanych w pkt. 3 lub<br \/>\u2022 mailem na adres <a href=\"mailto:klub@szachygrodzisk.pl\">klub@szachygrodzisk.pl<\/a> \u2013 nale\u017cy poda\u0107 imi\u0119, nazwisko, klub lub miejscowo\u015b\u0107, kategori\u0119 szachow\u0105 (o ile si\u0119 posiada) oraz pe\u0142n\u0105 dat\u0119 urodzenia lub<br \/>\u2022 telefonicznie w godzinach 20-21 (nr tel. na ko\u0144cu regulaminu) lub<br \/>\u2022 osobi\u015bcie.<\/p>\n<p><strong>Zg\u0142oszenia do wyczerpania wolnych miejsc<br \/><\/strong>Je\u015bli liczba zg\u0142osze\u0144 w grupie A przekroczy 24, organizator zastrzega sobie prawo podzielenia tej grupy na dwie grupy (z podobn\u0105 liczb\u0105 zawodnik\u00f3w w ka\u017cdej) zgodnie z kolejno\u015bci\u0105 na li\u015bcie startowej rozgrywane na takich samych zasadach.<\/p>\n<p>Zg\u0142oszenia b\u0119d\u0105 na bie\u017c\u0105co publikowane na listach startowych wraz z podaniem wysoko\u015bci op\u0142aty startowej zawodnika.<br \/>Obowi\u0105zuje potwierdzenie udzia\u0142u w zawodach na sali gry<\/p>\n<p><b><u>5.1 Op\u0142ata startowa<\/u><\/b><\/p>\n<p>Op\u0142ata startowa (tzw. wpisowe) zawiera op\u0142at\u0119 rankingow\u0105 oraz inne op\u0142aty na rzecz Polskiego Zwi\u0105zku Szachowego.<\/p>\n<p>Aby skorzysta\u0107 ze zni\u017cki lojalno\u015bciowej i \/ lub rodzinnej, nale\u017cy zg\u0142osi\u0107 si\u0119 najp\u00f3\u017aniej <b><u>w \u015brod\u0119 23 grudnia<\/u><\/b>.<\/p>\n<p>Preferujemy p\u0142atno\u015bci przelewem na konto UKS Szachowa Dw\u00f3jka Grodzisk Maz. (najp\u00f3\u017aniej do \u015brody 23 grudnia)<br \/><strong>26 2030 0045 1110 0000 0425 1050<\/strong> (BNP Paribas Bank Polska)<\/p>\n<p>Dopuszczamy r\u00f3wnie\u017c p\u0142atno\u015b\u0107 got\u00f3wk\u0105 przy potwierdzaniu zg\u0142osze\u0144 (bezpo\u015brednio przed turniejem).<\/p>\n<p><span style=\"text-decoration: underline;\"><strong>\u2022 Grupa A &#8211; 100 z\u0142<\/strong><\/span><br \/>Zawodnicy z tytu\u0142ami IM, GM, WIM, WGM zwolnieni z wpisowego<br \/>Zni\u017cka klubowa (dla cz\u0142onk\u00f3w Szachowej Dw\u00f3jki) 30 z\u0142<br \/>Zni\u017cka lojalno\u015bciowa &#8211; po 10 z\u0142 za udzia\u0142 w ka\u017cdym z ostatnich trzech turniej\u00f3w weekendowych 10 z\u0142 (maksymalnie 30 z\u0142)<br \/>Zni\u017cka rodzinna<\/p>\n<p><span style=\"text-decoration: underline;\"><strong>\u2022 Grupa B &#8211; 60 z\u0142<\/strong><\/span><\/p>\n<p>Zni\u017cka klubowa (dla cz\u0142onk\u00f3w Szachowej Dw\u00f3jki) 20 z\u0142<br \/>Zni\u017cka lojalno\u015bciowa &#8211; udzia\u0142 w jednym z trzech ostatnich turniej\u00f3w weekendowych 10 z\u0142, udzia\u0142 w minimum dw\u00f3ch z ostatnich trzech turniej\u00f3w weekendowych 20 z\u0142<br \/>Zni\u017cka rodzinna<\/p>\n<p>Turnieje liczone do <span style=\"text-decoration: underline;\">zni\u017cki lojalno\u015bciowej<\/span> (tylko grupy 2-dniowe):<br \/>\u2022 3-4.12.2022 VIII Turniej Miko\u0142ajkowy<br \/>\u2022 15-16.10.2022 VI Mistrzostwa Grodziska Maz. Junior\u00f3w<br \/>\u2022 24-25.09.2022 Szachowe Po\u017cegnanie Lata<\/p>\n<p><span style=\"text-decoration: underline;\">Zni\u017cka rodzinna<\/span> obowi\u0105zuje dla rodze\u0144stwa, rodzic\u00f3w, dziadk\u00f3w, ma\u0142\u017ce\u0144stw:<br \/>\u2022 druga osoba z rodziny 10 z\u0142<br \/>\u2022 trzecia osoba z rodziny 20 z\u0142<br \/>\u2022 czwarta (i kolejne) osoba z rodziny 30 z\u0142<\/p>\n<p>Zni\u017cki mog\u0105 si\u0119 \u0142\u0105czy\u0107, jednak minimalne wpisowe wynosi 30 z\u0142 z grupie A i 20 z\u0142 w grupie B.<\/p>\n<p>Prawo do zni\u017cek (na rok) trac\u0105 zawodnicy, kt\u00f3rzy:<br \/>\u2022 zg\u0142osili si\u0119 do turnieju i nie przyjechali (bez odwo\u0142ania swojego udzia\u0142u do godziny 9:00 w dniu rozpocz\u0119cia turnieju),<br \/>\u2022 wycofali si\u0119 z turnieju bez poinformowania s\u0119dziego (oddali nieusprawiedliwionego walkowera).<\/p>\t\t\t\t\t\t\t\t<\/div>\n\t\t\t\t<\/div>\n\t\t\t\t<div class=\"elementor-element elementor-element-dfe6de2 elementor-widget elementor-widget-heading\" data-id=\"dfe6de2\" data-element_type=\"widget\" data-e-type=\"widget\" data-widget_type=\"heading.default\">\n\t\t\t\t<div class=\"elementor-widget-container\">\n\t\t\t\t\t<h4 class=\"elementor-heading-title elementor-size-default\">6. Puchary, medale, nagrody<\/h4>\t\t\t\t<\/div>\n\t\t\t\t<\/div>\n\t\t\t\t<div class=\"elementor-element elementor-element-38fe8b9 elementor-widget elementor-widget-text-editor\" data-id=\"38fe8b9\" data-element_type=\"widget\" data-e-type=\"widget\" data-widget_type=\"text-editor.default\">\n\t\t\t\t<div class=\"elementor-widget-container\">\n\t\t\t\t\t\t\t\t\t<p>W ka\u017cdej grupie puchary za miejsca I-III\u00a0 i puchar dla najlepszej kobiety<br \/><span style=\"color: var( --e-global-color-text ); font-family: var( --e-global-typography-text-font-family ), Sans-serif; font-weight: var( --e-global-typography-text-font-weight ); word-spacing: normal;\">W grupie A nagrody finansowe dla pierwszej tr\u00f3jki, przy 20 zawodnikach I miejsce miejsce minimum 300 z\u0142<br \/>W grupie B oraz dla najlepszych kobiet (w obu grupach) nagrody rzeczowe<\/span><\/p>\n<p>Szczeg\u00f3\u0142owa informacja o nagrodach zostanie podana w trakcie turnieju.<br \/>Wszyscy zawodnicy do 10 lat (ur. 2012 i m\u0142odsi) zg\u0142oszeni do <b><u>\u015brody 23 grudnia<\/u><\/b> otrzymaj\u0105 upominki (w obu grupach).<\/p>\n<p>Nagrody b\u0119d\u0105 wr\u0119czane wy\u0142\u0105cznie podczas ceremonii zako\u0144czenia poszczeg\u00f3lnych grup turniejowych.<\/p>\t\t\t\t\t\t\t\t<\/div>\n\t\t\t\t<\/div>\n\t\t\t\t<section class=\"elementor-section elementor-inner-section elementor-element elementor-element-5e90ed1 elementor-section-boxed elementor-section-height-default elementor-section-height-default\" data-id=\"5e90ed1\" data-element_type=\"section\" data-e-type=\"section\">\n\t\t\t\t\t\t<div class=\"elementor-container elementor-column-gap-default\">\n\t\t\t\t\t<div class=\"elementor-column elementor-col-100 elementor-inner-column elementor-element elementor-element-c4bf6e3\" data-id=\"c4bf6e3\" data-element_type=\"column\" data-e-type=\"column\">\n\t\t\t<div class=\"elementor-widget-wrap elementor-element-populated\">\n\t\t\t\t\t\t<div class=\"elementor-element elementor-element-c31582d elementor-widget elementor-widget-heading\" data-id=\"c31582d\" data-element_type=\"widget\" data-e-type=\"widget\" data-widget_type=\"heading.default\">\n\t\t\t\t<div class=\"elementor-widget-container\">\n\t\t\t\t\t<h4 class=\"elementor-heading-title elementor-size-default\">7. Inne<\/h4>\t\t\t\t<\/div>\n\t\t\t\t<\/div>\n\t\t\t\t<div class=\"elementor-element elementor-element-191b1f2d elementor-widget elementor-widget-text-editor\" data-id=\"191b1f2d\" data-element_type=\"widget\" data-e-type=\"widget\" data-widget_type=\"text-editor.default\">\n\t\t\t\t<div class=\"elementor-widget-container\">\n\t\t\t\t\t\t\t\t\t<p><\/p>\n<p><\/p>\n<p><\/p>\n<p><span class=\"has-inline-color has-vivid-red-color\">Podczas trwania zawod\u00f3w b\u0119d\u0105 respektowane aktualnie obowi\u0105zuj\u0105ce wytyczne G\u0142\u00f3wnego Inspektoratu Sanitarnego, Ministerstwa Sportu i Turystyki oraz Polskiego Zwi\u0105zku Szachowego. Zawodnicy oraz opiekunowie musz\u0105 przestrzega\u0107 zasad, kt\u00f3re zostan\u0105 przedstawione podczas odprawy technicznej pod rygorem niedopuszczenia lub wykluczenia z zawod\u00f3w.<br \/>Zawodnik zapisuj\u0105cy parti\u0119 ma obowi\u0105zek posiadania w\u0142asnego d\u0142ugopisu.<br \/><\/span>Organizatorzy zapewniaj\u0105 pocz\u0119stunek w formie dostosowanej do sytuacji epidemicznej, np. pakowane kanapki, itp.<br \/>Opiek\u0119 nad zawodnikami do 18 lat sprawuj\u0105 rodzice lub doro\u015bli opiekunowie.<br \/><span style=\"text-decoration: underline;\"><span style=\"color: #ff0000; text-decoration: underline;\"><strong>Obowi\u0105zuje zmiana obuwia.<\/strong><\/span><\/span><br \/>Zawodnicy ubezpieczaj\u0105 si\u0119 we w\u0142asnym zakresie.<br \/>Na sali gry obowi\u0105zuje ca\u0142kowity zakaz u\u017cywania telefon\u00f3w kom\u00f3rkowych.<br \/>Udzia\u0142 w zawodach oznacza zgod\u0119 na wykorzystanie wizerunku i danych osobowych do realizacji dzia\u0142a\u0144 statutowych Organizator\u00f3w.<br \/>O wszelkich sprawach nieuj\u0119tych w niniejszym regulaminie decyduj\u0105 Organizatorzy.<br \/>Organizatorzy zastrzegaj\u0105 sobie prawo wprowadzania zmian w niniejszym regulaminie.<\/p>\n<p><\/p>\n<p>Kontakt: Jacek Kici\u0144ski, tel. 511 834 619, <a href=\"mailto:klub@szachygrodzisk.pl\">klub@szachygrodzisk.pl<\/a><\/p>\n<p><\/p>\t\t\t\t\t\t\t\t<\/div>\n\t\t\t\t<\/div>\n\t\t\t\t\t<\/div>\n\t\t<\/div>\n\t\t\t\t\t<\/div>\n\t\t<\/section>\n\t\t\t\t\t<\/div>\n\t\t<\/div>\n\t\t\t\t\t<\/div>\n\t\t<\/section>\n\t\t\t\t<\/div>\n\t\t","protected":false},"excerpt":{"rendered":"<p>1. Cele zawod\u00f3w Popularyzacja gry w szachy, zw\u0142aszcza w \u015brodowisku Grodziska MazowieckiegoUmo\u017cliwienie dzieciom, m\u0142odzie\u017cy i doros\u0142ym zdobycia lub podwy\u017cszenia kategorii szachowychUmo\u017cliwienie zawodnikom uzyskania lub podwy\u017cszenia rankingu mi\u0119dzynarodowego FIDEWy\u0142onienie w sportowej rywalizacji najlepszych szachist\u00f3w 2. Organizatorzy Uczniowski Klub Sportowy Szachowa Dw\u00f3jka Grodzisk MazowieckiZesp\u00f3\u0142 Szkolno-Przedszkolny nr 2 im. M. Konopnickiej w Grodzisku Mazowieckim 3. Program zawod\u00f3w Miejsce rozgrywek: Zesp\u00f3\u0142 Szkolno-Przedszkolny nr 2, ul. Westfala 3, Grodzisk MazowieckiTermin: 28 &#8211; 30 grudnia 2022 r. Grupy turniejowe:\u2022 Grupa A (FIDE) &#8211; 5 rund 60&#8217;+30&#8243;\/pos., zawodnicy z minimum II kategori\u0105 m\u0119sk\u0105 \/ I kategori\u0105 kobiec\u0105, z rankingiem FIDE do 2399, bez ogranicze\u0144 wiekowych,\u2022 Grupa B&hellip;<\/p>\n<p> <a class=\"more-link\" href=\"https:\/\/szachygrodzisk.pl\/index.php\/vi-turniej-sylwestrowy\/\">Dowiedz si\u0119 wi\u0119cej<\/a><\/p>\n","protected":false},"author":2,"featured_media":0,"parent":0,"menu_order":0,"comment_status":"closed","ping_status":"closed","template":"","meta":{"_monsterinsights_skip_tracking":false,"_monsterinsights_sitenote_active":false,"_monsterinsights_sitenote_note":"","_monsterinsights_sitenote_category":0,"footnotes":""},"class_list":["post-5821","page","type-page","status-publish"],"_links":{"self":[{"href":"https:\/\/szachygrodzisk.pl\/index.php\/wp-json\/wp\/v2\/pages\/5821","targetHints":{"allow":["GET"]}}],"collection":[{"href":"https:\/\/szachygrodzisk.pl\/index.php\/wp-json\/wp\/v2\/pages"}],"about":[{"href":"https:\/\/szachygrodzisk.pl\/index.php\/wp-json\/wp\/v2\/types\/page"}],"author":[{"embeddable":true,"href":"https:\/\/szachygrodzisk.pl\/index.php\/wp-json\/wp\/v2\/users\/2"}],"replies":[{"embeddable":true,"href":"https:\/\/szachygrodzisk.pl\/index.php\/wp-json\/wp\/v2\/comments?post=5821"}],"version-history":[{"count":7,"href":"https:\/\/szachygrodzisk.pl\/index.php\/wp-json\/wp\/v2\/pages\/5821\/revisions"}],"predecessor-version":[{"id":5834,"href":"https:\/\/szachygrodzisk.pl\/index.php\/wp-json\/wp\/v2\/pages\/5821\/revisions\/5834"}],"wp:attachment":[{"href":"https:\/\/szachygrodzisk.pl\/index.php\/wp-json\/wp\/v2\/media?parent=5821"}],"curies":[{"name":"wp","href":"https:\/\/api.w.org\/{rel}","templated":true}]}}