{"id":5923,"date":"2023-01-16T21:44:13","date_gmt":"2023-01-16T20:44:13","guid":{"rendered":"https:\/\/szachygrodzisk.pl\/?page_id=5923"},"modified":"2023-06-13T22:43:39","modified_gmt":"2023-06-13T20:43:39","slug":"oboz-wakacyjny-2023","status":"publish","type":"page","link":"https:\/\/szachygrodzisk.pl\/index.php\/oboz-wakacyjny-2023\/","title":{"rendered":"Ob\u00f3z wakacyjny 2023"},"content":{"rendered":"\t\t<div data-elementor-type=\"wp-page\" data-elementor-id=\"5923\" class=\"elementor elementor-5923\">\n\t\t\t\t\t\t<section class=\"elementor-section elementor-top-section elementor-element elementor-element-27908ba elementor-section-boxed elementor-section-height-default elementor-section-height-default\" data-id=\"27908ba\" data-element_type=\"section\" data-e-type=\"section\">\n\t\t\t\t\t\t<div class=\"elementor-container elementor-column-gap-default\">\n\t\t\t\t\t<div class=\"elementor-column elementor-col-100 elementor-top-column elementor-element elementor-element-db2ef73\" data-id=\"db2ef73\" data-element_type=\"column\" data-e-type=\"column\">\n\t\t\t<div class=\"elementor-widget-wrap elementor-element-populated\">\n\t\t\t\t\t\t<div class=\"elementor-element elementor-element-8a4c5eb elementor-widget elementor-widget-text-editor\" data-id=\"8a4c5eb\" data-element_type=\"widget\" data-e-type=\"widget\" data-widget_type=\"text-editor.default\">\n\t\t\t\t<div class=\"elementor-widget-container\">\n\t\t\t\t\t\t\t\t\t<p>Termin: 5 &#8211; 15 sierpnia 2023 r. (wyjazd z Grodziska Mazowieckiego rano, powr\u00f3t wieczorem)<br \/>Miejsce: <a href=\"http:\/\/starekalensko.pl\/page.php\/1\/0\/news\/\">OSiR Stare Kale\u0144sko<\/a> (domki w standardzie kolonijno-obozowym &#8211; <a href=\"http:\/\/starekalensko.pl\/page.php\/1\/0\/show\/000038\/\">zdj\u0119cia<\/a>)<br \/>Uczestnicy: dzieci do 10 lat znaj\u0105ce podstawowe zasady gry w szachy (najm\u0142odsi mog\u0105 wyjecha\u0107 z rodzin\u0105), dzieci w wieku szkolnym od 11 lat (ur. 2012 i m\u0142.) z minimum IV kategori\u0105, liceali\u015bci do 16 lat (ur. 2007 i m\u0142.) z minimum II kategori\u0105<br \/>Koszt: <span style=\"text-decoration: underline;\"><strong>2 499 z\u0142<\/strong><\/span> (co roku uzyskujemy dofinansowanie; je\u015bli w tym roku si\u0119 uda, to koszt mo\u017ce by\u0107 ni\u017cszy nawet o kilkaset z\u0142otych), w tym zaliczka 800 z\u0142 &#8211; p\u0142atno\u015b\u0107 przelewem na <a href=\"https:\/\/szachygrodzisk.pl\/index.php\/uks-szachowa-dwojka-grodzisk-maz\/\">konto klubowe<\/a>: zaliczka przy zg\u0142oszeniu, pozosta\u0142a cz\u0119\u015b\u0107 do 5 lipca<br \/>Uczestnikom, kt\u00f3rzy wp\u0142ac\u0105 zaliczk\u0119 <del>do 15 lutego<\/del> do 27 lutego, obni\u017camy koszt o 100 z\u0142.<\/p><p>Aktualizacja 13.06: otrzymali\u015bmy dofinansowanie Mazowieckiego Kuratora O\u015bwiaty oraz Ministerstwa Sportu. Z tego tytu\u0142u <span style=\"text-decoration: underline; color: #ff0000;\"><strong>obni\u017camy koszt obozu o 600 z\u0142 &#8211; czyli ostateczna cena to 1899 z\u0142<\/strong><\/span> (i jeszcze zni\u017cki za wp\u0142at\u0119 zaliczki do 27.02 i \/ lub za w\u0142asny transport).<\/p><p><a href=\"https:\/\/szachygrodzisk.pl\/index.php\/oboz-wakacyjny-2023-lista-uczestnikow\/\">Aktualna lista zg\u0142osze\u0144<\/a><\/p><p><span style=\"color: var( --e-global-color-text ); font-family: var( --e-global-typography-text-font-family ), Sans-serif; font-weight: var( --e-global-typography-text-font-weight ); word-spacing: normal;\">Zg\u0142oszenia i szczeg\u00f3\u0142owe informacje: J. Kici\u0144ski, tel. 511 834 619, email: <\/span><a style=\"font-family: var( --e-global-typography-text-font-family ), Sans-serif; font-weight: var( --e-global-typography-text-font-weight ); background-color: #ffffff; word-spacing: normal;\" href=\"mailto:jkicinski@szachygrodzisk.pl\">jkicinski@szachygrodzisk.pl<\/a><\/p><p>Ni\u017cszy koszt dla uczestnik\u00f3w z w\u0142asnym transportem oraz dla os\u00f3b towarzysz\u0105cych &#8211; prosimy o kontakt.<\/p>\t\t\t\t\t\t\t\t<\/div>\n\t\t\t\t<\/div>\n\t\t\t\t\t<\/div>\n\t\t<\/div>\n\t\t\t\t\t<\/div>\n\t\t<\/section>\n\t\t\t\t<section class=\"elementor-section elementor-top-section elementor-element elementor-element-665165b elementor-section-boxed elementor-section-height-default elementor-section-height-default\" data-id=\"665165b\" data-element_type=\"section\" data-e-type=\"section\">\n\t\t\t\t\t\t<div class=\"elementor-container elementor-column-gap-no\">\n\t\t\t\t\t<div class=\"elementor-column elementor-col-100 elementor-top-column elementor-element elementor-element-07169e1\" data-id=\"07169e1\" data-element_type=\"column\" data-e-type=\"column\">\n\t\t\t<div class=\"elementor-widget-wrap elementor-element-populated\">\n\t\t\t\t\t\t<section class=\"elementor-section elementor-inner-section elementor-element elementor-element-d1c95f3 elementor-section-boxed elementor-section-height-default elementor-section-height-default\" data-id=\"d1c95f3\" data-element_type=\"section\" data-e-type=\"section\">\n\t\t\t\t\t\t<div class=\"elementor-container elementor-column-gap-default\">\n\t\t\t\t\t<div class=\"elementor-column elementor-col-50 elementor-inner-column elementor-element elementor-element-d9bccda\" data-id=\"d9bccda\" data-element_type=\"column\" data-e-type=\"column\">\n\t\t\t<div class=\"elementor-widget-wrap elementor-element-populated\">\n\t\t\t\t\t\t<div class=\"elementor-element elementor-element-41a3ebd elementor-widget elementor-widget-heading\" data-id=\"41a3ebd\" data-element_type=\"widget\" data-e-type=\"widget\" data-widget_type=\"heading.default\">\n\t\t\t\t<div class=\"elementor-widget-container\">\n\t\t\t\t\t<h3 class=\"elementor-heading-title elementor-size-default\">Program szachowy<\/h3>\t\t\t\t<\/div>\n\t\t\t\t<\/div>\n\t\t\t\t<div class=\"elementor-element elementor-element-1b25e83 elementor-widget elementor-widget-text-editor\" data-id=\"1b25e83\" data-element_type=\"widget\" data-e-type=\"widget\" data-widget_type=\"text-editor.default\">\n\t\t\t\t<div class=\"elementor-widget-container\">\n\t\t\t\t\t\t\t\t\t<p>&#8211; codzienne szkolenie szachowe w grupach 6 &#8211; 10 os. zgodnie z poziomem gry,<br>&#8211; codzienna gra w szachy (2 &#8211; 3 godziny), w tym turnieje szach\u00f3w szybkich i b\u0142yskawicznych,<br><span style=\"color: var( --e-global-color-text ); font-family: var( --e-global-typography-text-font-family ), Sans-serif; font-weight: var( --e-global-typography-text-font-weight ); word-spacing: normal;\">&#8211; turnieje klasyfikacyjne z mo\u017cliwo\u015bci\u0105 wype\u0142nienia norm do tytu\u0142u kandydata na mistrza w\u0142\u0105cznie,<br>&#8211; ciekawostki i konkursy szachowe.<\/span><\/p>\n<p>Zaj\u0119cia szachowe prowadz\u0105 licencjonowani instruktorzy sportu.<\/p>\t\t\t\t\t\t\t\t<\/div>\n\t\t\t\t<\/div>\n\t\t\t\t\t<\/div>\n\t\t<\/div>\n\t\t\t\t<div class=\"elementor-column elementor-col-50 elementor-inner-column elementor-element elementor-element-217a767\" data-id=\"217a767\" data-element_type=\"column\" data-e-type=\"column\">\n\t\t\t<div class=\"elementor-widget-wrap elementor-element-populated\">\n\t\t\t\t\t\t<div class=\"elementor-element elementor-element-0d9a121 elementor-widget elementor-widget-heading\" data-id=\"0d9a121\" data-element_type=\"widget\" data-e-type=\"widget\" data-widget_type=\"heading.default\">\n\t\t\t\t<div class=\"elementor-widget-container\">\n\t\t\t\t\t<h3 class=\"elementor-heading-title elementor-size-default\">Wypoczywamy aktywnie<\/h3>\t\t\t\t<\/div>\n\t\t\t\t<\/div>\n\t\t\t\t<div class=\"elementor-element elementor-element-b91cd74 elementor-widget elementor-widget-text-editor\" data-id=\"b91cd74\" data-element_type=\"widget\" data-e-type=\"widget\" data-widget_type=\"text-editor.default\">\n\t\t\t\t<div class=\"elementor-widget-container\">\n\t\t\t\t\t\t\t\t\t<p>&#8211; k\u0105piele w jeziorze (prywatna pla\u017ca), wodna trampolina,<br \/>&#8211; p\u0142ywanie na deskach z wios\u0142em SUP,<br \/>&#8211; wycieczka kajakami po Jeziorze Kale\u0144sko,<br \/>&#8211; miasteczko linowe (pod nadzorem instruktora),<br \/>&#8211; wspinaczka po skrzynkach,<br \/>&#8211; ognisko z kie\u0142baskami,<br \/><span style=\"color: var( --e-global-color-text ); font-family: var( --e-global-typography-text-font-family ), Sans-serif; font-weight: var( --e-global-typography-text-font-weight ); word-spacing: normal;\">&#8211; jedna lub dwie wycieczki autokarowe,<br \/>&#8211; codzienne zaj\u0119cia rekreacyjne i sportowe.<\/span><\/p>\t\t\t\t\t\t\t\t<\/div>\n\t\t\t\t<\/div>\n\t\t\t\t\t<\/div>\n\t\t<\/div>\n\t\t\t\t\t<\/div>\n\t\t<\/section>\n\t\t\t\t\t<\/div>\n\t\t<\/div>\n\t\t\t\t\t<\/div>\n\t\t<\/section>\n\t\t\t\t<section class=\"elementor-section elementor-top-section elementor-element elementor-element-c64afb5 elementor-section-boxed elementor-section-height-default elementor-section-height-default\" data-id=\"c64afb5\" data-element_type=\"section\" data-e-type=\"section\">\n\t\t\t\t\t\t<div class=\"elementor-container elementor-column-gap-default\">\n\t\t\t\t\t<div class=\"elementor-column elementor-col-100 elementor-top-column elementor-element elementor-element-bce356d\" data-id=\"bce356d\" data-element_type=\"column\" data-e-type=\"column\">\n\t\t\t<div class=\"elementor-widget-wrap elementor-element-populated\">\n\t\t\t\t\t\t<div class=\"elementor-element elementor-element-4abd841 elementor-widget-divider--view-line_icon elementor-view-default elementor-widget-divider--element-align-center elementor-widget elementor-widget-divider\" data-id=\"4abd841\" data-element_type=\"widget\" data-e-type=\"widget\" data-widget_type=\"divider.default\">\n\t\t\t\t<div class=\"elementor-widget-container\">\n\t\t\t\t\t\t\t<div class=\"elementor-divider\">\n\t\t\t<span class=\"elementor-divider-separator\">\n\t\t\t\t\t\t\t<div class=\"elementor-icon elementor-divider__element\">\n\t\t\t\t\t<i aria-hidden=\"true\" class=\"far fa-grin\"><\/i><\/div>\n\t\t\t\t\t\t<\/span>\n\t\t<\/div>\n\t\t\t\t\t\t<\/div>\n\t\t\t\t<\/div>\n\t\t\t\t\t<\/div>\n\t\t<\/div>\n\t\t\t\t\t<\/div>\n\t\t<\/section>\n\t\t\t\t<section class=\"elementor-section elementor-top-section elementor-element elementor-element-9bcb057 elementor-section-boxed elementor-section-height-default elementor-section-height-default\" data-id=\"9bcb057\" data-element_type=\"section\" data-e-type=\"section\">\n\t\t\t\t\t\t<div class=\"elementor-container elementor-column-gap-no\">\n\t\t\t\t\t<div class=\"elementor-column elementor-col-100 elementor-top-column elementor-element elementor-element-6d367d2\" data-id=\"6d367d2\" data-element_type=\"column\" data-e-type=\"column\">\n\t\t\t<div class=\"elementor-widget-wrap elementor-element-populated\">\n\t\t\t\t\t\t<section class=\"elementor-section elementor-inner-section elementor-element elementor-element-0a86633 elementor-section-boxed elementor-section-height-default elementor-section-height-default\" data-id=\"0a86633\" data-element_type=\"section\" data-e-type=\"section\">\n\t\t\t\t\t\t<div class=\"elementor-container elementor-column-gap-default\">\n\t\t\t\t\t<div class=\"elementor-column elementor-col-33 elementor-inner-column elementor-element elementor-element-ad7ef99\" data-id=\"ad7ef99\" data-element_type=\"column\" data-e-type=\"column\">\n\t\t\t<div class=\"elementor-widget-wrap elementor-element-populated\">\n\t\t\t\t\t\t<div class=\"elementor-element elementor-element-0ee4b88 elementor-widget elementor-widget-heading\" data-id=\"0ee4b88\" data-element_type=\"widget\" data-e-type=\"widget\" data-widget_type=\"heading.default\">\n\t\t\t\t<div class=\"elementor-widget-container\">\n\t\t\t\t\t<h3 class=\"elementor-heading-title elementor-size-default\">Super miejsce<\/h3>\t\t\t\t<\/div>\n\t\t\t\t<\/div>\n\t\t\t\t\t<\/div>\n\t\t<\/div>\n\t\t\t\t<div class=\"elementor-column elementor-col-66 elementor-inner-column elementor-element elementor-element-81a06ee\" data-id=\"81a06ee\" data-element_type=\"column\" data-e-type=\"column\">\n\t\t\t<div class=\"elementor-widget-wrap elementor-element-populated\">\n\t\t\t\t\t\t<div class=\"elementor-element elementor-element-ff30427 elementor-widget elementor-widget-text-editor\" data-id=\"ff30427\" data-element_type=\"widget\" data-e-type=\"widget\" data-widget_type=\"text-editor.default\">\n\t\t\t\t<div class=\"elementor-widget-container\">\n\t\t\t\t\t\t\t\t\t<p>&#8211; o\u015brodek nad jeziorem (<a href=\"https:\/\/pl.wikipedia.org\/wiki\/Pojezierze_Drawskie\">Pojezierze Drawskie<\/a>), prywatna pla\u017ca ze \u015bwie\u017cym piaskiem<br \/>&#8211; woda cieplejsza ni\u017c w morzu &#8211; i bli\u017cej do domu \ud83d\ude42<br \/>&#8211; posi\u0142ki, kt\u00f3re dzieci ch\u0119tnie jedz\u0105 (serio!)<br \/>&#8211; atrakcje udost\u0119pniane przez o\u015brodek i \u015bwietna ekipa: piel\u0119gniarka, ratownicy, instruktorzy<\/p>\t\t\t\t\t\t\t\t<\/div>\n\t\t\t\t<\/div>\n\t\t\t\t\t<\/div>\n\t\t<\/div>\n\t\t\t\t\t<\/div>\n\t\t<\/section>\n\t\t\t\t<section class=\"elementor-section elementor-inner-section elementor-element elementor-element-67ab4e7 elementor-reverse-mobile elementor-section-boxed elementor-section-height-default elementor-section-height-default\" data-id=\"67ab4e7\" data-element_type=\"section\" data-e-type=\"section\">\n\t\t\t\t\t\t<div class=\"elementor-container elementor-column-gap-default\">\n\t\t\t\t\t<div class=\"elementor-column elementor-col-66 elementor-inner-column elementor-element elementor-element-6f0f7c3\" data-id=\"6f0f7c3\" data-element_type=\"column\" data-e-type=\"column\">\n\t\t\t<div class=\"elementor-widget-wrap elementor-element-populated\">\n\t\t\t\t\t\t<div class=\"elementor-element elementor-element-0167785 elementor-widget elementor-widget-text-editor\" data-id=\"0167785\" data-element_type=\"widget\" data-e-type=\"widget\" data-widget_type=\"text-editor.default\">\n\t\t\t\t<div class=\"elementor-widget-container\">\n\t\t\t\t\t\t\t\t\t<p style=\"text-align: right;\">&#8211; ob\u00f3z b\u0119dzie zg\u0142oszony do Bazy Wypoczynku MEN<br \/>&#8211; uczestnik\u00f3w ubezpieczamy od nast\u0119pstw nieszcz\u0119\u015bliwych wypadk\u00f3w (NNW)<br \/>&#8211; korzystamy z us\u0142ug sprawdzonych firm transportowych<\/p>\t\t\t\t\t\t\t\t<\/div>\n\t\t\t\t<\/div>\n\t\t\t\t\t<\/div>\n\t\t<\/div>\n\t\t\t\t<div class=\"elementor-column elementor-col-33 elementor-inner-column elementor-element elementor-element-aabd441\" data-id=\"aabd441\" data-element_type=\"column\" data-e-type=\"column\">\n\t\t\t<div class=\"elementor-widget-wrap elementor-element-populated\">\n\t\t\t\t\t\t<div class=\"elementor-element elementor-element-c441b09 elementor-widget elementor-widget-heading\" data-id=\"c441b09\" data-element_type=\"widget\" data-e-type=\"widget\" data-widget_type=\"heading.default\">\n\t\t\t\t<div class=\"elementor-widget-container\">\n\t\t\t\t\t<h3 class=\"elementor-heading-title elementor-size-default\">Bezpiecze\u0144stwo<br>przede wszystkim<\/h3>\t\t\t\t<\/div>\n\t\t\t\t<\/div>\n\t\t\t\t\t<\/div>\n\t\t<\/div>\n\t\t\t\t\t<\/div>\n\t\t<\/section>\n\t\t\t\t<section class=\"elementor-section elementor-inner-section elementor-element elementor-element-47f0361 elementor-section-boxed elementor-section-height-default elementor-section-height-default\" data-id=\"47f0361\" data-element_type=\"section\" data-e-type=\"section\">\n\t\t\t\t\t\t<div class=\"elementor-container elementor-column-gap-default\">\n\t\t\t\t\t<div class=\"elementor-column elementor-col-33 elementor-inner-column elementor-element elementor-element-d5f089f\" data-id=\"d5f089f\" data-element_type=\"column\" data-e-type=\"column\">\n\t\t\t<div class=\"elementor-widget-wrap elementor-element-populated\">\n\t\t\t\t\t\t<div class=\"elementor-element elementor-element-30738c9 elementor-widget elementor-widget-heading\" data-id=\"30738c9\" data-element_type=\"widget\" data-e-type=\"widget\" data-widget_type=\"heading.default\">\n\t\t\t\t<div class=\"elementor-widget-container\">\n\t\t\t\t\t<h3 class=\"elementor-heading-title elementor-size-default\">Sprawdzona <br>i atrakcyjna formu\u0142a<\/h3>\t\t\t\t<\/div>\n\t\t\t\t<\/div>\n\t\t\t\t\t<\/div>\n\t\t<\/div>\n\t\t\t\t<div class=\"elementor-column elementor-col-66 elementor-inner-column elementor-element elementor-element-8533123\" data-id=\"8533123\" data-element_type=\"column\" data-e-type=\"column\">\n\t\t\t<div class=\"elementor-widget-wrap elementor-element-populated\">\n\t\t\t\t\t\t<div class=\"elementor-element elementor-element-8701fff elementor-widget elementor-widget-text-editor\" data-id=\"8701fff\" data-element_type=\"widget\" data-e-type=\"widget\" data-widget_type=\"text-editor.default\">\n\t\t\t\t<div class=\"elementor-widget-container\">\n\t\t\t\t\t\t\t\t\t<p>Szachowa Dw\u00f3jka organizuje ob\u00f3z letni po raz pi\u0105ty. Co roku wyje\u017cd\u017camy do tego samego o\u015brodka przede wszystkim ze wzgl\u0119du na \u015bwietne warunki dla r\u00f3\u017cnorodnych form aktywnego wypoczynku (i oczywi\u015bcie wspania\u0142e jedzenie). W zaj\u0119ciach szachowych unikamy wielogodzinnego siedzenia przy szachownicy stawiaj\u0105c na formy interaktywne, ciekawostki i przeplatanie szach\u00f3w z zaj\u0119ciami sportowymi.<\/p><p>Relacje z poprzednich oboz\u00f3w: <a href=\"https:\/\/szachygrodzisk.pl\/index.php\/2019\/08\/23\/oboz-szachowy-2019\/\">rok 2019<\/a> &#8211; &#8211; &#8211; <a href=\"https:\/\/szachygrodzisk.pl\/index.php\/2020\/08\/26\/oboz-szachowej-dwojki-2020\/\" target=\"_blank\" rel=\"noopener\">rok 2020<\/a>\u00a0&#8211; &#8211; &#8211; <a href=\"https:\/\/szachygrodzisk.pl\/index.php\/2021\/08\/27\/oboz-szachowy-2021\/\">rok 2021<\/a>\u00a0&#8211; &#8211; &#8211; <a href=\"https:\/\/szachygrodzisk.pl\/index.php\/2022\/08\/25\/oboz-szachowy-2022\/\">rok 2022<\/a><\/p>\t\t\t\t\t\t\t\t<\/div>\n\t\t\t\t<\/div>\n\t\t\t\t\t<\/div>\n\t\t<\/div>\n\t\t\t\t\t<\/div>\n\t\t<\/section>\n\t\t\t\t<section class=\"elementor-section elementor-inner-section elementor-element elementor-element-0c931bb elementor-reverse-mobile elementor-section-boxed elementor-section-height-default elementor-section-height-default\" data-id=\"0c931bb\" data-element_type=\"section\" data-e-type=\"section\">\n\t\t\t\t\t\t<div class=\"elementor-container elementor-column-gap-default\">\n\t\t\t\t\t<div class=\"elementor-column elementor-col-66 elementor-inner-column elementor-element elementor-element-9ec003b\" data-id=\"9ec003b\" data-element_type=\"column\" data-e-type=\"column\">\n\t\t\t<div class=\"elementor-widget-wrap elementor-element-populated\">\n\t\t\t\t\t\t<div class=\"elementor-element elementor-element-526aa7d elementor-widget elementor-widget-text-editor\" data-id=\"526aa7d\" data-element_type=\"widget\" data-e-type=\"widget\" data-widget_type=\"text-editor.default\">\n\t\t\t\t<div class=\"elementor-widget-container\">\n\t\t\t\t\t\t\t\t\t<p style=\"text-align: right;\">Kadra naszego obozu to zgrany zesp\u00f3\u0142:<br>z jednej strony osoby na co dzie\u0144 pracuj\u0105ce z dzie\u0107mi,<br>z drugiej &#8211; pasjonaci szach\u00f3w (zawodnicy k+, I+)<br>odpowiednio przeszkoleni do prowadzenia zaj\u0119\u0107 szachowych.<\/p>\t\t\t\t\t\t\t\t<\/div>\n\t\t\t\t<\/div>\n\t\t\t\t\t<\/div>\n\t\t<\/div>\n\t\t\t\t<div class=\"elementor-column elementor-col-33 elementor-inner-column elementor-element elementor-element-ad44264\" data-id=\"ad44264\" data-element_type=\"column\" data-e-type=\"column\">\n\t\t\t<div class=\"elementor-widget-wrap elementor-element-populated\">\n\t\t\t\t\t\t<div class=\"elementor-element elementor-element-3d37992 elementor-widget elementor-widget-heading\" data-id=\"3d37992\" data-element_type=\"widget\" data-e-type=\"widget\" data-widget_type=\"heading.default\">\n\t\t\t\t<div class=\"elementor-widget-container\">\n\t\t\t\t\t<h3 class=\"elementor-heading-title elementor-size-default\">Do\u015bwiadczona ekipa<\/h3>\t\t\t\t<\/div>\n\t\t\t\t<\/div>\n\t\t\t\t\t<\/div>\n\t\t<\/div>\n\t\t\t\t\t<\/div>\n\t\t<\/section>\n\t\t\t\t\t<\/div>\n\t\t<\/div>\n\t\t\t\t\t<\/div>\n\t\t<\/section>\n\t\t\t\t<section class=\"elementor-section elementor-top-section elementor-element elementor-element-10cf42d elementor-section-boxed elementor-section-height-default elementor-section-height-default\" data-id=\"10cf42d\" data-element_type=\"section\" data-e-type=\"section\">\n\t\t\t\t\t\t<div class=\"elementor-container elementor-column-gap-default\">\n\t\t\t\t\t<div class=\"elementor-column elementor-col-100 elementor-top-column elementor-element elementor-element-0baf1b4\" data-id=\"0baf1b4\" data-element_type=\"column\" data-e-type=\"column\">\n\t\t\t<div class=\"elementor-widget-wrap elementor-element-populated\">\n\t\t\t\t\t\t<div class=\"elementor-element elementor-element-b3bceb9 elementor-widget-divider--view-line_icon elementor-view-default elementor-widget-divider--element-align-center elementor-widget elementor-widget-divider\" data-id=\"b3bceb9\" data-element_type=\"widget\" data-e-type=\"widget\" data-widget_type=\"divider.default\">\n\t\t\t\t<div class=\"elementor-widget-container\">\n\t\t\t\t\t\t\t<div class=\"elementor-divider\">\n\t\t\t<span class=\"elementor-divider-separator\">\n\t\t\t\t\t\t\t<div class=\"elementor-icon elementor-divider__element\">\n\t\t\t\t\t<i aria-hidden=\"true\" class=\"far fa-grin\"><\/i><\/div>\n\t\t\t\t\t\t<\/span>\n\t\t<\/div>\n\t\t\t\t\t\t<\/div>\n\t\t\t\t<\/div>\n\t\t\t\t\t<\/div>\n\t\t<\/div>\n\t\t\t\t\t<\/div>\n\t\t<\/section>\n\t\t\t\t<\/div>\n\t\t","protected":false},"excerpt":{"rendered":"<p>Termin: 5 &#8211; 15 sierpnia 2023 r. (wyjazd z Grodziska Mazowieckiego rano, powr\u00f3t wieczorem)Miejsce: OSiR Stare Kale\u0144sko (domki w standardzie kolonijno-obozowym &#8211; zdj\u0119cia)Uczestnicy: dzieci do 10 lat znaj\u0105ce podstawowe zasady gry w szachy (najm\u0142odsi mog\u0105 wyjecha\u0107 z rodzin\u0105), dzieci w wieku szkolnym od 11 lat (ur. 2012 i m\u0142.) z minimum IV kategori\u0105, liceali\u015bci do 16 lat (ur. 2007 i m\u0142.) z minimum II kategori\u0105Koszt: 2 499 z\u0142 (co roku uzyskujemy dofinansowanie; je\u015bli w tym roku si\u0119 uda, to koszt mo\u017ce by\u0107 ni\u017cszy nawet o kilkaset z\u0142otych), w tym zaliczka 800 z\u0142 &#8211; p\u0142atno\u015b\u0107 przelewem na konto klubowe: zaliczka przy&hellip;<\/p>\n<p> <a class=\"more-link\" href=\"https:\/\/szachygrodzisk.pl\/index.php\/oboz-wakacyjny-2023\/\">Dowiedz si\u0119 wi\u0119cej<\/a><\/p>\n","protected":false},"author":2,"featured_media":0,"parent":0,"menu_order":0,"comment_status":"closed","ping_status":"closed","template":"","meta":{"_monsterinsights_skip_tracking":false,"_monsterinsights_sitenote_active":false,"_monsterinsights_sitenote_note":"","_monsterinsights_sitenote_category":0,"footnotes":""},"class_list":["post-5923","page","type-page","status-publish"],"_links":{"self":[{"href":"https:\/\/szachygrodzisk.pl\/index.php\/wp-json\/wp\/v2\/pages\/5923","targetHints":{"allow":["GET"]}}],"collection":[{"href":"https:\/\/szachygrodzisk.pl\/index.php\/wp-json\/wp\/v2\/pages"}],"about":[{"href":"https:\/\/szachygrodzisk.pl\/index.php\/wp-json\/wp\/v2\/types\/page"}],"author":[{"embeddable":true,"href":"https:\/\/szachygrodzisk.pl\/index.php\/wp-json\/wp\/v2\/users\/2"}],"replies":[{"embeddable":true,"href":"https:\/\/szachygrodzisk.pl\/index.php\/wp-json\/wp\/v2\/comments?post=5923"}],"version-history":[{"count":37,"href":"https:\/\/szachygrodzisk.pl\/index.php\/wp-json\/wp\/v2\/pages\/5923\/revisions"}],"predecessor-version":[{"id":6710,"href":"https:\/\/szachygrodzisk.pl\/index.php\/wp-json\/wp\/v2\/pages\/5923\/revisions\/6710"}],"wp:attachment":[{"href":"https:\/\/szachygrodzisk.pl\/index.php\/wp-json\/wp\/v2\/media?parent=5923"}],"curies":[{"name":"wp","href":"https:\/\/api.w.org\/{rel}","templated":true}]}}