{"id":607,"date":"2016-06-06T11:17:54","date_gmt":"2016-06-06T09:17:54","guid":{"rendered":"https:\/\/szachygrodzisk.pl\/?page_id=607"},"modified":"2016-09-05T17:18:00","modified_gmt":"2016-09-05T15:18:00","slug":"konkurs-rozwiazywania-zagadek-szachowych-z-okazji-dnia-dziecka-2016","status":"publish","type":"page","link":"https:\/\/szachygrodzisk.pl\/index.php\/konkurs-rozwiazywania-zagadek-szachowych-z-okazji-dnia-dziecka-2016\/","title":{"rendered":"Konkurs Rozwi\u0105zywania Zagadek Szachowych z okazji Dnia Dziecka 2016"},"content":{"rendered":"<p>Z okazji Dnia Dziecka nasz Klub wraz z czterema szko\u0142ami podstawowymi z naszej Gminy zorganizowa\u0142 <strong>Konkurs Rozwi\u0105zywania Zagadek Szachowych<\/strong>. Konkurs polega\u0142 na znalezieniu matuj\u0105cego posuni\u0119cia w 12 pozycjach, uczniowie pisali go w swoich szko\u0142ach &#8211; 31 maja, 1 czerwca lub 2 czerwca. W Konkursie wzi\u0119\u0142o udzia\u0142 50 uczni\u00f3w.<\/p>\n<p>Poziom trudno\u015bci zada\u0144 by\u0142 zr\u00f3\u017cnicowany. Ju\u017c sama znajomo\u015b\u0107 zasad gry w szachy praktycznie wystarcza\u0142a do rozwi\u0105zania kilku pozycji, z drugiej strony tylko jednemu zawodnikowi &#8211; <strong>Markowi Dzbankowskiemu<\/strong> ze Szko\u0142y Podstawowej w Ksi\u0105\u017cenicach &#8211; uda\u0142o si\u0119 rozwi\u0105za\u0107 prawid\u0142owo wszystkie 12 zada\u0144. Gratulujemy!<br \/>\nKolejna sz\u00f3stka pope\u0142ni\u0142a tylko 1 b\u0142\u0105d. \u015aredni wynik to 7,7 pkt.<\/p>\n<h3>Szko\u0142a Podstawowa w Ksi\u0105\u017cenicach<\/h3>\n<table style=\"width: auto;\">\n<tbody style=\"background: #f7f7f7;\">\n<tr style=\"background: #ffffff;\">\n<th>Miejsce<\/th>\n<th style=\"text-align: center;\">Ucze\u0144<\/th>\n<th style=\"text-align: center;\">Klasa<\/th>\n<th style=\"text-align: center;\">Punkty<\/th>\n<th style=\"text-align: center;\">Czas<\/th>\n<\/tr>\n<tr>\n<td style=\"text-align: right;\">1.<\/td>\n<td>Marek Dzbankowski<\/td>\n<td style=\"text-align: center;\">V a<\/td>\n<td style=\"text-align: center;\">12<\/td>\n<td style=\"text-align: center;\">06:48<\/td>\n<\/tr>\n<tr>\n<td style=\"text-align: right;\">2.<\/td>\n<td>Maciej Frankowski<\/td>\n<td style=\"text-align: center;\">IV a<\/td>\n<td style=\"text-align: center;\">11<\/td>\n<td style=\"text-align: center;\">03:56<\/td>\n<\/tr>\n<tr>\n<td style=\"text-align: right;\">3.<\/td>\n<td>Kamil Szewczyk<\/td>\n<td style=\"text-align: center;\">III b<\/td>\n<td style=\"text-align: center;\">10<\/td>\n<td style=\"text-align: center;\">04:31<\/td>\n<\/tr>\n<tr>\n<td style=\"text-align: right;\">4.<\/td>\n<td>Zosia Ku\u017ama<\/td>\n<td style=\"text-align: center;\">VI b<\/td>\n<td style=\"text-align: center;\">10<\/td>\n<td style=\"text-align: center;\">10:16<\/td>\n<\/tr>\n<tr>\n<td style=\"text-align: right;\">5.<\/td>\n<td>Bartek Kostarski<\/td>\n<td style=\"text-align: center;\">III c<\/td>\n<td style=\"text-align: center;\">10<\/td>\n<td style=\"text-align: center;\">12:48<\/td>\n<\/tr>\n<tr>\n<td style=\"text-align: right;\">6.<\/td>\n<td>Aleksander Sielezin<\/td>\n<td style=\"text-align: center;\">IV a<\/td>\n<td style=\"text-align: center;\">10<\/td>\n<td style=\"text-align: center;\">16:48<\/td>\n<\/tr>\n<tr>\n<td style=\"text-align: right;\">7.<\/td>\n<td>Adam Szewczyk<\/td>\n<td style=\"text-align: center;\">II c<\/td>\n<td style=\"text-align: center;\">9<\/td>\n<td style=\"text-align: center;\">07:45<\/td>\n<\/tr>\n<tr>\n<td style=\"text-align: right;\">8.<\/td>\n<td>Julia Plichta<\/td>\n<td style=\"text-align: center;\">VI a<\/td>\n<td style=\"text-align: center;\">9<\/td>\n<td style=\"text-align: center;\">07:55<\/td>\n<\/tr>\n<tr>\n<td style=\"text-align: right;\">9.<\/td>\n<td>Adam Plewi\u0144ski<\/td>\n<td style=\"text-align: center;\">I e<\/td>\n<td style=\"text-align: center;\">9<\/td>\n<td style=\"text-align: center;\">13:20<\/td>\n<\/tr>\n<tr>\n<td style=\"text-align: right;\">10.<\/td>\n<td>Aleksandra Poskrop<\/td>\n<td style=\"text-align: center;\">IV a<\/td>\n<td style=\"text-align: center;\">7<\/td>\n<td style=\"text-align: center;\">10:28<\/td>\n<\/tr>\n<tr>\n<td style=\"text-align: right;\">11.<\/td>\n<td>Kamil Pr\u00f3chnicki<\/td>\n<td style=\"text-align: center;\">II c<\/td>\n<td style=\"text-align: center;\">7<\/td>\n<td style=\"text-align: center;\">12:49<\/td>\n<\/tr>\n<tr>\n<td style=\"text-align: right;\">12.<\/td>\n<td>Ignacy Skalimowski<\/td>\n<td style=\"text-align: center;\">IV a<\/td>\n<td style=\"text-align: center;\">6<\/td>\n<td style=\"text-align: center;\">10:00<\/td>\n<\/tr>\n<tr>\n<td style=\"text-align: right;\">13.<\/td>\n<td>Wojtek Stankowski<\/td>\n<td style=\"text-align: center;\">I d<\/td>\n<td style=\"text-align: center;\">6<\/td>\n<td style=\"text-align: center;\">11:57<\/td>\n<\/tr>\n<tr>\n<td style=\"text-align: right;\">14.<\/td>\n<td>Fryderyk Wiszniewski<\/td>\n<td style=\"text-align: center;\">I e<\/td>\n<td style=\"text-align: center;\">6<\/td>\n<td style=\"text-align: center;\">22:58<\/td>\n<\/tr>\n<tr>\n<td style=\"text-align: right;\">15.<\/td>\n<td>Aleksandra Wierchowska<\/td>\n<td style=\"text-align: center;\">V b<\/td>\n<td style=\"text-align: center;\">5<\/td>\n<td style=\"text-align: center;\">10:23<\/td>\n<\/tr>\n<tr>\n<td style=\"text-align: right;\">16.<\/td>\n<td>Bartosz Skrzypczak<\/td>\n<td style=\"text-align: center;\">IV a<\/td>\n<td style=\"text-align: center;\">5<\/td>\n<td style=\"text-align: center;\">13:40<\/td>\n<\/tr>\n<tr>\n<td style=\"text-align: right;\">17.<\/td>\n<td>Paulina Piszczek<\/td>\n<td style=\"text-align: center;\">V b<\/td>\n<td style=\"text-align: center;\">5<\/td>\n<td style=\"text-align: center;\">13:48<\/td>\n<\/tr>\n<tr>\n<td style=\"text-align: right;\">18.<\/td>\n<td>Zby\u015b Matusak<\/td>\n<td style=\"text-align: center;\">I d<\/td>\n<td style=\"text-align: center;\">5<\/td>\n<td style=\"text-align: center;\">21:27<\/td>\n<\/tr>\n<tr>\n<td style=\"text-align: right;\">19.<\/td>\n<td>Adam Radkiewicz<\/td>\n<td style=\"text-align: center;\">I d<\/td>\n<td style=\"text-align: center;\">4<\/td>\n<td style=\"text-align: center;\">11:10<\/td>\n<\/tr>\n<tr>\n<td style=\"text-align: right;\">20.<\/td>\n<td>Wojtek Wysocza\u0144ski<\/td>\n<td style=\"text-align: center;\">I c<\/td>\n<td style=\"text-align: center;\">3<\/td>\n<td style=\"text-align: center;\">30:00<\/td>\n<\/tr>\n<tr>\n<td style=\"text-align: right;\">21.<\/td>\n<td>Szymon Kowalewski<\/td>\n<td style=\"text-align: center;\">I d<\/td>\n<td style=\"text-align: center;\">0<\/td>\n<td style=\"text-align: center;\">23:07<\/td>\n<\/tr>\n<\/tbody>\n<\/table>\n<h3>Szko\u0142a Podstawowa nr 6 w Grodzisku Maz.<\/h3>\n<table style=\"width: auto;\">\n<tbody style=\"background: #f7f7f7;\">\n<tr style=\"background: #ffffff;\">\n<th>Miejsce<\/th>\n<th style=\"text-align: center;\">Ucze\u0144<\/th>\n<th style=\"text-align: center;\">Klasa<\/th>\n<th style=\"text-align: center;\">Punkty<\/th>\n<th style=\"text-align: center;\">Czas<\/th>\n<\/tr>\n<tr style=\"bold;\">\n<td style=\"text-align: right;\">1.<\/td>\n<td>Illia Makarenko<\/td>\n<td style=\"text-align: center;\">VI b<\/td>\n<td style=\"text-align: center;\">10<\/td>\n<td style=\"text-align: center;\">16:44<\/td>\n<\/tr>\n<tr style=\"bold;\">\n<td style=\"text-align: right;\">2.<\/td>\n<td>Piotr Boba<\/td>\n<td style=\"text-align: center;\">V d<\/td>\n<td style=\"text-align: center;\">10<\/td>\n<td style=\"text-align: center;\">17:48<\/td>\n<\/tr>\n<tr style=\"bold;\">\n<td style=\"text-align: right;\">3.<\/td>\n<td>Adrian Kowalczyk<\/td>\n<td style=\"text-align: center;\">VI b<\/td>\n<td style=\"text-align: center;\">9<\/td>\n<td style=\"text-align: center;\">07:53<\/td>\n<\/tr>\n<tr style=\"bold;\">\n<td style=\"text-align: right;\">4.<\/td>\n<td>Jakub \u0141y\u017cwa<\/td>\n<td style=\"text-align: center;\">VI b<\/td>\n<td style=\"text-align: center;\">9<\/td>\n<td style=\"text-align: center;\">11:15<\/td>\n<\/tr>\n<tr style=\"bold;\">\n<td style=\"text-align: right;\">5.<\/td>\n<td>Kacper Bajorek<\/td>\n<td style=\"text-align: center;\">VI b<\/td>\n<td style=\"text-align: center;\">9<\/td>\n<td style=\"text-align: center;\">12:35<\/td>\n<\/tr>\n<tr style=\"bold;\">\n<td style=\"text-align: right;\">6.<\/td>\n<td>Jakub Piotrowski<\/td>\n<td style=\"text-align: center;\">VI b<\/td>\n<td style=\"text-align: center;\">9<\/td>\n<td style=\"text-align: center;\">13:05<\/td>\n<\/tr>\n<tr style=\"bold;\">\n<td style=\"text-align: right;\">7.<\/td>\n<td>Krystian Kami\u0144ski<\/td>\n<td style=\"text-align: center;\">VI c<\/td>\n<td style=\"text-align: center;\">8<\/td>\n<td style=\"text-align: center;\">14:39<\/td>\n<\/tr>\n<tr style=\"bold;\">\n<td style=\"text-align: right;\">8.<\/td>\n<td>Sandra Koz\u0142owska<\/td>\n<td style=\"text-align: center;\">V a<\/td>\n<td style=\"text-align: center;\">7<\/td>\n<td style=\"text-align: center;\">11:20<\/td>\n<\/tr>\n<tr style=\"bold;\">\n<td style=\"text-align: right;\">9.<\/td>\n<td>Kamil Tatarek<\/td>\n<td style=\"text-align: center;\">V a<\/td>\n<td style=\"text-align: center;\">7<\/td>\n<td style=\"text-align: center;\">12:43<\/td>\n<\/tr>\n<tr style=\"bold;\">\n<td style=\"text-align: right;\">10.<\/td>\n<td>Karol Boczkowski<\/td>\n<td style=\"text-align: center;\">V a<\/td>\n<td style=\"text-align: center;\">7<\/td>\n<td style=\"text-align: center;\">13:25<\/td>\n<\/tr>\n<tr style=\"bold;\">\n<td style=\"text-align: right;\">11.<\/td>\n<td>Mariusz Wlaz\u0142o<\/td>\n<td style=\"text-align: center;\">V a<\/td>\n<td style=\"text-align: center;\">7<\/td>\n<td style=\"text-align: center;\">19:24<\/td>\n<\/tr>\n<tr style=\"bold;\">\n<td style=\"text-align: right;\">12.<\/td>\n<td>Ma\u0142gorzata Mamul<\/td>\n<td style=\"text-align: center;\">V a<\/td>\n<td style=\"text-align: center;\">7<\/td>\n<td style=\"text-align: center;\">20:04<\/td>\n<\/tr>\n<tr style=\"bold;\">\n<td style=\"text-align: right;\">13.<\/td>\n<td>Micha\u0142 Rawi\u0144ski<\/td>\n<td style=\"text-align: center;\">VI b<\/td>\n<td style=\"text-align: center;\">6<\/td>\n<td style=\"text-align: center;\">06:04<\/td>\n<\/tr>\n<tr style=\"bold;\">\n<td style=\"text-align: right;\">14.<\/td>\n<td>Oliwier Marchewka<\/td>\n<td style=\"text-align: center;\">VI b<\/td>\n<td style=\"text-align: center;\">6<\/td>\n<td style=\"text-align: center;\">12:58<\/td>\n<\/tr>\n<\/tbody>\n<\/table>\n<h3>Szko\u0142a Podstawowa w Adamowi\u017anie<\/h3>\n<table style=\"width: auto;\">\n<tbody style=\"background: #f7f7f7;\">\n<tr style=\"background: #ffffff;\">\n<th>Miejsce<\/th>\n<th style=\"text-align: center;\">Ucze\u0144<\/th>\n<th style=\"text-align: center;\">Klasa<\/th>\n<th style=\"text-align: center;\">Punkty<\/th>\n<th style=\"text-align: center;\">Czas<\/th>\n<\/tr>\n<tr style=\"bold;\">\n<td style=\"text-align: right;\">1.<\/td>\n<td>Tadeusz Morytko<\/td>\n<td style=\"text-align: center;\">VI a<\/td>\n<td style=\"text-align: center;\">11<\/td>\n<td style=\"text-align: center;\">13:25<\/td>\n<\/tr>\n<tr style=\"bold;\">\n<td style=\"text-align: right;\">2.<\/td>\n<td>Mateusz Strzelczyk<\/td>\n<td style=\"text-align: center;\">III c<\/td>\n<td style=\"text-align: center;\">10<\/td>\n<td style=\"text-align: center;\">06:30<\/td>\n<\/tr>\n<tr style=\"bold;\">\n<td style=\"text-align: right;\">3.<\/td>\n<td>Dawid Pa\u0142dyna<\/td>\n<td style=\"text-align: center;\">I b<\/td>\n<td style=\"text-align: center;\">8<\/td>\n<td style=\"text-align: center;\">13:20<\/td>\n<\/tr>\n<tr style=\"bold;\">\n<td style=\"text-align: right;\">4.<\/td>\n<td>Mateusz Czechowski<\/td>\n<td style=\"text-align: center;\">VI b<\/td>\n<td style=\"text-align: center;\">8<\/td>\n<td style=\"text-align: center;\">14:45<\/td>\n<\/tr>\n<tr style=\"bold;\">\n<td style=\"text-align: right;\">5.<\/td>\n<td>Natalia Strzelczyk<\/td>\n<td style=\"text-align: center;\">II b<\/td>\n<td style=\"text-align: center;\">8<\/td>\n<td style=\"text-align: center;\">15:25<\/td>\n<\/tr>\n<tr style=\"bold;\">\n<td style=\"text-align: right;\">6.<\/td>\n<td>Pawe\u0142 Mazurek<\/td>\n<td style=\"text-align: center;\">III b<\/td>\n<td style=\"text-align: center;\">7<\/td>\n<td style=\"text-align: center;\">07:30<\/td>\n<\/tr>\n<tr style=\"bold;\">\n<td style=\"text-align: right;\">7.<\/td>\n<td>Mateusz Jasi\u0144ski<\/td>\n<td style=\"text-align: center;\">VI b<\/td>\n<td style=\"text-align: center;\">7<\/td>\n<td style=\"text-align: center;\">13:10<\/td>\n<\/tr>\n<tr style=\"bold;\">\n<td style=\"text-align: right;\">8.<\/td>\n<td>Franek Dziewulski<\/td>\n<td style=\"text-align: center;\">IV b<\/td>\n<td style=\"text-align: center;\">4<\/td>\n<td style=\"text-align: center;\">16:00<\/td>\n<\/tr>\n<\/tbody>\n<\/table>\n<h3>Szko\u0142a Podstawowa nr 2 w Grodzisku Maz.<\/h3>\n<table style=\"width: auto;\">\n<tbody style=\"background: #f7f7f7;\">\n<tr style=\"background: #ffffff;\">\n<th>Miejsce<\/th>\n<th style=\"text-align: center;\">Ucze\u0144<\/th>\n<th style=\"text-align: center;\">Klasa<\/th>\n<th style=\"text-align: center;\">Punkty<\/th>\n<th style=\"text-align: center;\">Czas<\/th>\n<\/tr>\n<tr style=\"bold;\">\n<td style=\"text-align: right;\">1.<\/td>\n<td>Madzia Kici\u0144ska<\/td>\n<td style=\"text-align: center;\">III f<\/td>\n<td style=\"text-align: center;\">11<\/td>\n<td style=\"text-align: center;\">03:49<\/td>\n<\/tr>\n<tr style=\"bold;\">\n<td style=\"text-align: right;\">2.<\/td>\n<td>Ania Kici\u0144ska<\/td>\n<td style=\"text-align: center;\">I e<\/td>\n<td style=\"text-align: center;\">11<\/td>\n<td style=\"text-align: center;\">07:19<\/td>\n<\/tr>\n<tr style=\"bold;\">\n<td style=\"text-align: right;\">3.<\/td>\n<td>Bartosz Je\u017cewski<\/td>\n<td style=\"text-align: center;\">II f<\/td>\n<td style=\"text-align: center;\">11<\/td>\n<td style=\"text-align: center;\">07:45<\/td>\n<\/tr>\n<tr style=\"bold;\">\n<td style=\"text-align: right;\">4.<\/td>\n<td>Julek Ko\u017alicki<\/td>\n<td style=\"text-align: center;\">I c<\/td>\n<td style=\"text-align: center;\">11<\/td>\n<td style=\"text-align: center;\">14:12<\/td>\n<\/tr>\n<tr style=\"bold;\">\n<td style=\"text-align: right;\">5.<\/td>\n<td>Maciek Kozak<\/td>\n<td style=\"text-align: center;\">III a<\/td>\n<td style=\"text-align: center;\">8<\/td>\n<td style=\"text-align: center;\">05:16<\/td>\n<\/tr>\n<tr style=\"bold;\">\n<td style=\"text-align: right;\">6.<\/td>\n<td>Julek Rytelewski<\/td>\n<td style=\"text-align: center;\">I f<\/td>\n<td style=\"text-align: center;\">7<\/td>\n<td style=\"text-align: center;\">12:40<\/td>\n<\/tr>\n<tr style=\"bold;\">\n<td style=\"text-align: right;\">7.<\/td>\n<td>Maciej Weso\u0142owski<\/td>\n<td style=\"text-align: center;\">I c<\/td>\n<td style=\"text-align: center;\">4<\/td>\n<td style=\"text-align: center;\">06:55<\/td>\n<\/tr>\n<\/tbody>\n<\/table>\n","protected":false},"excerpt":{"rendered":"<p>Z okazji Dnia Dziecka nasz Klub wraz z czterema szko\u0142ami podstawowymi z naszej Gminy zorganizowa\u0142 Konkurs Rozwi\u0105zywania Zagadek Szachowych. Konkurs polega\u0142 na znalezieniu matuj\u0105cego posuni\u0119cia w 12 pozycjach, uczniowie pisali go w swoich szko\u0142ach &#8211; 31 maja, 1 czerwca lub 2 czerwca. W Konkursie wzi\u0119\u0142o udzia\u0142 50 uczni\u00f3w. Poziom trudno\u015bci zada\u0144 by\u0142 zr\u00f3\u017cnicowany. Ju\u017c sama znajomo\u015b\u0107 zasad gry w szachy praktycznie wystarcza\u0142a do rozwi\u0105zania kilku pozycji, z drugiej strony tylko jednemu zawodnikowi &#8211; Markowi Dzbankowskiemu ze Szko\u0142y Podstawowej w Ksi\u0105\u017cenicach &#8211; uda\u0142o si\u0119 rozwi\u0105za\u0107 prawid\u0142owo wszystkie 12 zada\u0144. Gratulujemy! Kolejna sz\u00f3stka pope\u0142ni\u0142a tylko 1 b\u0142\u0105d. \u015aredni wynik to 7,7 pkt.&hellip;<\/p>\n<p> <a class=\"more-link\" href=\"https:\/\/szachygrodzisk.pl\/index.php\/konkurs-rozwiazywania-zagadek-szachowych-z-okazji-dnia-dziecka-2016\/\">Dowiedz si\u0119 wi\u0119cej<\/a><\/p>\n","protected":false},"author":2,"featured_media":0,"parent":0,"menu_order":0,"comment_status":"closed","ping_status":"closed","template":"","meta":{"_monsterinsights_skip_tracking":false,"_monsterinsights_sitenote_active":false,"_monsterinsights_sitenote_note":"","_monsterinsights_sitenote_category":0,"footnotes":""},"class_list":["post-607","page","type-page","status-publish"],"_links":{"self":[{"href":"https:\/\/szachygrodzisk.pl\/index.php\/wp-json\/wp\/v2\/pages\/607","targetHints":{"allow":["GET"]}}],"collection":[{"href":"https:\/\/szachygrodzisk.pl\/index.php\/wp-json\/wp\/v2\/pages"}],"about":[{"href":"https:\/\/szachygrodzisk.pl\/index.php\/wp-json\/wp\/v2\/types\/page"}],"author":[{"embeddable":true,"href":"https:\/\/szachygrodzisk.pl\/index.php\/wp-json\/wp\/v2\/users\/2"}],"replies":[{"embeddable":true,"href":"https:\/\/szachygrodzisk.pl\/index.php\/wp-json\/wp\/v2\/comments?post=607"}],"version-history":[{"count":15,"href":"https:\/\/szachygrodzisk.pl\/index.php\/wp-json\/wp\/v2\/pages\/607\/revisions"}],"predecessor-version":[{"id":749,"href":"https:\/\/szachygrodzisk.pl\/index.php\/wp-json\/wp\/v2\/pages\/607\/revisions\/749"}],"wp:attachment":[{"href":"https:\/\/szachygrodzisk.pl\/index.php\/wp-json\/wp\/v2\/media?parent=607"}],"curies":[{"name":"wp","href":"https:\/\/api.w.org\/{rel}","templated":true}]}}