{"id":666,"date":"2016-06-25T21:50:45","date_gmt":"2016-06-25T19:50:45","guid":{"rendered":"https:\/\/szachygrodzisk.pl\/?page_id=666"},"modified":"2016-06-25T21:50:45","modified_gmt":"2016-06-25T19:50:45","slug":"sp2-rok-szkolny-201516","status":"publish","type":"page","link":"https:\/\/szachygrodzisk.pl\/index.php\/sp2-rok-szkolny-201516\/","title":{"rendered":"Rok szkolny 2015\/16"},"content":{"rendered":"<p>W roku szkolnym 2015\/16 w Szkole Podstawowej nr 2 zaj\u0119cia szachowe odbywa\u0142y si\u0119 w pi\u0105tki na ostatnich szkolnych lekcjach, w I p\u00f3\u0142roczu r\u00f3wnie\u017c o godz. 10. Dodatkowo od kwietnia do czerwca we wtorki spotyka\u0142a si\u0119 grupa zaawansowana, a w pi\u0105tki o 17:15 &#8211; pocz\u0105tkuj\u0105ca.<br \/>\nW kwietniu przy Szkole Podstawowej nr 2 powsta\u0142 Uczniowski Klub Sportowy SZACHOWA DW\u00d3JKA Grodzisk Mazowiecki.<\/p>\n<p>Zrealizowane wsp\u00f3lnie dzia\u0142ania:<br \/>\n\u2705 <strong>I Szkolny Turniej Szachowy<\/strong> w SP2 &#8211; 14.10.2015 &#8211; <a href=\"https:\/\/szachygrodzisk.pl\/SP2\/T1_151014\/\" target=\"_blank\">wyniki<\/a> &#8211; 23 zawodnik\u00f3w<br \/>\n\u2705 Wsp\u00f3lny wyjazd na <strong>turniej nr 1<\/strong> grodziskiego Grand Prix (SP Adamowizna) &#8211; 29.10.2015<br \/>\n\u2705 <strong>I Konkurs Rozwi\u0105zywania Zada\u0144<\/strong> w SP2 &#8211; 17.11.2015 &#8211; <a href=\"\/index.php\/i-konkurs-rozwiazywania-zadan-szachowych-17-11-2015\/\">wyniki<\/a> &#8211; 23 uczestnik\u00f3w<br \/>\n\u2705 Udzia\u0142 w <strong>Dru\u017cynowych Mistrzostwach Mazowsza Szk\u00f3\u0142 Podstawowych w Szachach Szybkich<\/strong> w Weso\u0142ej &#8211; 21.11.2015 &#8211; <a href=\"\/index.php\/mmsp2015\/\">relacja<\/a> &#8211; 390 zawodnik\u00f3w (92 dru\u017cyny), w tym 8 uczni\u00f3w z naszej Szko\u0142y (2 dru\u017cyny)<br \/>\n\u2705 Wsp\u00f3lny wyjazd na <strong>turniej nr 2<\/strong> grodziskiego Grand Prix (SP nr 4 Grodzisk Maz.) &#8211; 3.12.2015<br \/>\n\u2705 <strong>II Szkolny Turniej Szachowy (Gwiazdkowy)<\/strong> w SP2 &#8211; 23.12.2015 &#8211; <a href=\"\/index.php\/2015\/12\/28\/turniej-gwiazdkowy-w-sp2\/\">info<\/a> <a href=\"https:\/\/drive.google.com\/folderview?id=0B_uTMqbwYgFgeHVLUFdndVdtMTg&amp;usp=sharing\" target=\"_blank\">zdj\u0119cia<\/a> &#8211; 23 zawodnik\u00f3w<br \/>\n\u2705 <strong>Otwarty turniej w Dw\u00f3jce<\/strong> (z mo\u017cliwo\u015bci\u0105 zdobycia kategorii) &#8211; 30.01.2016 &#8211; <a href=\"\/index.php\/2016\/02\/01\/turniej-w-dwojce-30-01\/\">info<\/a> <a href=\"https:\/\/drive.google.com\/folderview?id=0B_uTMqbwYgFgcFpCbDQ3TFdMQ00&amp;usp=sharing\" target=\"_blank\">zdj\u0119cia<\/a> &#8211; 51 zawodnik\u00f3w, w tym 14 uczni\u00f3w z naszej Szko\u0142y<br \/>\n\u2705 Wsp\u00f3lny wyjazd na <strong>turniej nr 3<\/strong> grodziskiego Grand Prix (SP Ksi\u0105\u017cenice) &#8211; 25.02.2016<br \/>\n\u2705 Wsp\u00f3lne wyj\u015bcie na <strong>turniej nr 4<\/strong> grodziskiego Grand Prix (SP nr 1 Grodzisk Maz.) &#8211; 17.03.2016<br \/>\n\u2705 <strong>Pierwszy Turniej Szachowej Dw\u00f3jki<\/strong> (3 grupy turniejowe) &#8211; 7-8.05.2016 &#8211; <a href=\"\/index.php\/2016\/05\/09\/pierwszy-turniej-szachowej-dwojki-2\/\">info<\/a> &#8211; 44 zawodnik\u00f3w, w tym 14 uczni\u00f3w z naszej Szko\u0142y<br \/>\n\u2705 Wsp\u00f3lny wyjazd na <strong>turniej nr 5<\/strong> grodziskiego Grand Prix (SP nr 6 Grodzisk Maz.) &#8211; 12.05.2016<br \/>\n\u2705 <strong>Konkurs Rozwi\u0105zywania Zagadek Szachowych z okazji Dnia Dziecka<\/strong> &#8211; 1.06 2016 &#8211; <a href=\"\/index.php\/konkurs-rozwiazywania-zagadek-szachowych-z-okazji-dnia-dziecka-2016\/\">info i wyniki<\/a> &#8211; 7 uczestnik\u00f3w z naszej Szko\u0142y, w sumie 50 uczni\u00f3w z 4 szk\u00f3\u0142<br \/>\n\u2705 Wsp\u00f3lny wyjazd na <strong>turniej fina\u0142owy<\/strong> grodziskiego Grand Prix (SP Adamowizna) &#8211; 16.06.2016<br \/>\n\u2705 <strong>I Mistrzostwa Szko\u0142y Podstawowej nr 2<\/strong> &#8211; 20.06.2016 &#8211; <a href=\"\/index.php\/2016\/06\/21\/mistrzostwa-szkoly-podstawowej-nr-2\/\">info<\/a> <a href=\"https:\/\/drive.google.com\/folderview?id=0B_uTMqbwYgFgRk5Qbi1BVjNlZFU&amp;usp=sharing\" target=\"_blank\">zdj\u0119cia<\/a> &#8211; 33 zawodnik\u00f3w<\/p>\n","protected":false},"excerpt":{"rendered":"<p>W roku szkolnym 2015\/16 w Szkole Podstawowej nr 2 zaj\u0119cia szachowe odbywa\u0142y si\u0119 w pi\u0105tki na ostatnich szkolnych lekcjach, w I p\u00f3\u0142roczu r\u00f3wnie\u017c o godz. 10. Dodatkowo od kwietnia do czerwca we wtorki spotyka\u0142a si\u0119 grupa zaawansowana, a w pi\u0105tki o 17:15 &#8211; pocz\u0105tkuj\u0105ca. W kwietniu przy Szkole Podstawowej nr 2 powsta\u0142 Uczniowski Klub Sportowy SZACHOWA DW\u00d3JKA Grodzisk Mazowiecki. Zrealizowane wsp\u00f3lnie dzia\u0142ania: \u2705 I Szkolny Turniej Szachowy w SP2 &#8211; 14.10.2015 &#8211; wyniki &#8211; 23 zawodnik\u00f3w \u2705 Wsp\u00f3lny wyjazd na turniej nr 1 grodziskiego Grand Prix (SP Adamowizna) &#8211; 29.10.2015 \u2705 I Konkurs Rozwi\u0105zywania Zada\u0144 w SP2 &#8211; 17.11.2015 &#8211;&hellip;<\/p>\n<p> <a class=\"more-link\" href=\"https:\/\/szachygrodzisk.pl\/index.php\/sp2-rok-szkolny-201516\/\">Dowiedz si\u0119 wi\u0119cej<\/a><\/p>\n","protected":false},"author":2,"featured_media":0,"parent":0,"menu_order":0,"comment_status":"closed","ping_status":"closed","template":"","meta":{"_monsterinsights_skip_tracking":false,"_monsterinsights_sitenote_active":false,"_monsterinsights_sitenote_note":"","_monsterinsights_sitenote_category":0,"footnotes":""},"class_list":["post-666","page","type-page","status-publish"],"_links":{"self":[{"href":"https:\/\/szachygrodzisk.pl\/index.php\/wp-json\/wp\/v2\/pages\/666","targetHints":{"allow":["GET"]}}],"collection":[{"href":"https:\/\/szachygrodzisk.pl\/index.php\/wp-json\/wp\/v2\/pages"}],"about":[{"href":"https:\/\/szachygrodzisk.pl\/index.php\/wp-json\/wp\/v2\/types\/page"}],"author":[{"embeddable":true,"href":"https:\/\/szachygrodzisk.pl\/index.php\/wp-json\/wp\/v2\/users\/2"}],"replies":[{"embeddable":true,"href":"https:\/\/szachygrodzisk.pl\/index.php\/wp-json\/wp\/v2\/comments?post=666"}],"version-history":[{"count":3,"href":"https:\/\/szachygrodzisk.pl\/index.php\/wp-json\/wp\/v2\/pages\/666\/revisions"}],"predecessor-version":[{"id":669,"href":"https:\/\/szachygrodzisk.pl\/index.php\/wp-json\/wp\/v2\/pages\/666\/revisions\/669"}],"wp:attachment":[{"href":"https:\/\/szachygrodzisk.pl\/index.php\/wp-json\/wp\/v2\/media?parent=666"}],"curies":[{"name":"wp","href":"https:\/\/api.w.org\/{rel}","templated":true}]}}