{"id":6877,"date":"2023-08-27T21:01:04","date_gmt":"2023-08-27T19:01:04","guid":{"rendered":"https:\/\/szachygrodzisk.pl\/?page_id=6877"},"modified":"2024-01-29T09:43:31","modified_gmt":"2024-01-29T08:43:31","slug":"zajecia-2023-24","status":"publish","type":"page","link":"https:\/\/szachygrodzisk.pl\/index.php\/zajecia-2023-24\/","title":{"rendered":"Zaj\u0119cia 2023\/24"},"content":{"rendered":"\t\t<div data-elementor-type=\"wp-page\" data-elementor-id=\"6877\" class=\"elementor elementor-6877\">\n\t\t\t\t\t\t<section class=\"elementor-section elementor-top-section elementor-element elementor-element-2d688456 elementor-section-boxed elementor-section-height-default elementor-section-height-default\" data-id=\"2d688456\" data-element_type=\"section\" data-e-type=\"section\">\n\t\t\t\t\t\t<div class=\"elementor-container elementor-column-gap-default\">\n\t\t\t\t\t<div class=\"elementor-column elementor-col-100 elementor-top-column elementor-element elementor-element-322975fb\" data-id=\"322975fb\" data-element_type=\"column\" data-e-type=\"column\">\n\t\t\t<div class=\"elementor-widget-wrap elementor-element-populated\">\n\t\t\t\t\t\t<div class=\"elementor-element elementor-element-95719cd elementor-widget elementor-widget-text-editor\" data-id=\"95719cd\" data-element_type=\"widget\" data-e-type=\"widget\" data-widget_type=\"text-editor.default\">\n\t\t\t\t<div class=\"elementor-widget-container\">\n\t\t\t\t\t\t\t\t\t<h3>Nab\u00f3r zimowy &#8211; uzupe\u0142niaj\u0105cy<\/h3>\n<p>Zapraszamy na zaj\u0119cia szachowe w Szkole Podstawowej nr 2 &#8211; grupy wtorkowe i pi\u0105tkowe na 15:25 i 16:20 (wymienione poni\u017cej). To grupy dla dzieci w wieku szkolnym, przede wszystkim dla klas I-III, ale przyjmujemy r\u00f3wnie\u017c zg\u0142oszenia ze starszych klas. W zaj\u0119ciach mog\u0105 uczestniczy\u0107 dzieci z innych szk\u00f3\u0142.<\/p><p>W przypadku dzieci z SP nr 2 instruktor mo\u017ce odbiera\u0107 dzieci ze \u015bwietlicy szkolnej (i odprowadza z powrotem).<\/p><div><span style=\"color: var( --e-global-color-text ); font-family: var( --e-global-typography-text-font-family ), Sans-serif; font-weight: var( --e-global-typography-text-font-weight ); word-spacing: normal;\">Je\u015bli dziecko nie umie gra\u0107 w szachy &#8211; nauczymy. Je\u015bli umie &#8211; to r\u00f3wnie\u017c na pewno nie b\u0119dzie si\u0119 nudzi\u0142o \ud83d\ude42<\/span><br><\/div>\n<p><span style=\"color: var( --e-global-color-text ); font-family: var( --e-global-typography-text-font-family ), Sans-serif; font-weight: var( --e-global-typography-text-font-weight ); word-spacing: normal;\">Zg\u0142oszenia mailem zgodnie z informacj\u0105 poni\u017cej.<\/span><br><\/p>\t\t\t\t\t\t\t\t<\/div>\n\t\t\t\t<\/div>\n\t\t\t\t<div class=\"elementor-element elementor-element-9f290d4 elementor-widget-divider--view-line_icon elementor-view-default elementor-widget-divider--element-align-center elementor-widget elementor-widget-divider\" data-id=\"9f290d4\" data-element_type=\"widget\" data-e-type=\"widget\" data-widget_type=\"divider.default\">\n\t\t\t\t<div class=\"elementor-widget-container\">\n\t\t\t\t\t\t\t<div class=\"elementor-divider\">\n\t\t\t<span class=\"elementor-divider-separator\">\n\t\t\t\t\t\t\t<div class=\"elementor-icon elementor-divider__element\">\n\t\t\t\t\t<i aria-hidden=\"true\" class=\"fas fa-star\"><\/i><\/div>\n\t\t\t\t\t\t<\/span>\n\t\t<\/div>\n\t\t\t\t\t\t<\/div>\n\t\t\t\t<\/div>\n\t\t\t\t<div class=\"elementor-element elementor-element-437827c elementor-widget elementor-widget-text-editor\" data-id=\"437827c\" data-element_type=\"widget\" data-e-type=\"widget\" data-widget_type=\"text-editor.default\">\n\t\t\t\t<div class=\"elementor-widget-container\">\n\t\t\t\t\t\t\t\t\t<h3><span style=\"color: var( --e-global-color-text ); font-family: var( --e-global-typography-text-font-family ), Sans-serif; font-weight: var( --e-global-typography-text-font-weight ); word-spacing: normal;\">Zaj\u0119cia dla pocz\u0105tkuj\u0105cych dzieci<\/span><\/h3><div>Planujemy zaj\u0119cia dla nast\u0119puj\u0105cych grup:<\/div><ul><li>poniedzia\u0142ek 17:30-18:30 (ul. Westfala 3A &#8211; wej\u015bcie do hali sportowej) &#8211; grupa od podstaw (zerowa lub niewielka znajomo\u015b\u0107 szach\u00f3w), do 8 lat (ur. 2015 i m\u0142odsi) &#8211; brak wolnych miejsc<\/li><li><strong>wtorek 15:25-16:15 (SP nr 2, sto\u0142\u00f3wka) &#8211; grupa szkolna, otwarta<\/strong><\/li><li><strong>wtorek 16:20-17:15 (SP nr 2, sto\u0142\u00f3wka) &#8211; grupa szkolna, otwarta<\/strong><\/li><li>\u015broda 17:00-18:00 (Mediateka) &#8211; grupa od podstaw (zerowa lub niewielka znajomo\u015b\u0107 szach\u00f3w), do 8 lat (ur. 2015 i m\u0142odsi) &#8211; brak wolnych miejsc<\/li><li><strong>pi\u0105tek 15:25-16:15 (SP nr 2, sto\u0142\u00f3wka) &#8211; grupa szkolna, otwarta<\/strong><\/li><li><strong>pi\u0105tek 16:20-17:15 (SP nr 2, sto\u0142\u00f3wka) &#8211; grupa szkolna, otwarta<\/strong><\/li><\/ul><p><span style=\"color: var( --e-global-color-text ); font-family: var( --e-global-typography-text-font-family ), Sans-serif; font-weight: var( --e-global-typography-text-font-weight ); word-spacing: normal;\">Op\u0142aty za powy\u017csze zaj\u0119cia to 60 z\u0142 miesi\u0119cznie (niezale\u017cnie od liczby zaj\u0119\u0107 w miesi\u0105cu oraz od frekwencji). P\u0142atne <\/span><a style=\"font-family: var( --e-global-typography-text-font-family ), Sans-serif; font-weight: var( --e-global-typography-text-font-weight ); background-color: #ffffff; word-spacing: normal;\" href=\"https:\/\/szachygrodzisk.pl\/index.php\/uks-szachowa-dwojka-grodzisk-maz\/\">na konto Klubu<\/a><span style=\"color: var( --e-global-color-text ); font-family: var( --e-global-typography-text-font-family ), Sans-serif; font-weight: var( --e-global-typography-text-font-weight ); word-spacing: normal;\"> z g\u00f3ry do 5. dnia miesi\u0105ca w miesi\u0105cach od pa\u017adziernika do maja w\u0142\u0105cznie. Zaj\u0119cia wrze\u015bniowe i czerwcowe s\u0105 bezp\u0142atne. Uczestnictwo w zaj\u0119ciach daje zni\u017cki \u201eklubowe\u201d na turnieje organizowane przez Szachow\u0105 Dw\u00f3jk\u0119. W tych grupach nie wymagamy przynale\u017cno\u015bci do Szachowej Dw\u00f3jki.<\/span><\/p><p>Mo\u017cemy odbiera\u0107 dzieci ze \u015bwietlicy szkolnej na zaj\u0119cia w SP nr 2 (nale\u017cy nas poinformowa\u0107 i zostawi\u0107 w \u015bwietlicy stosowne upowa\u017cnienie).<\/p><div>Zg\u0142oszenia do grup dla pocz\u0105tkuj\u0105cych dzieci nale\u017cy przesy\u0142a\u0107 mailem na adres\u00a0<a href=\"mailto:jkicinski@szachygrodzisk.pl\">jkicinski@szachygrodzisk.pl<\/a>. Przes\u0142anie zg\u0142oszenia drog\u0105 mailow\u0105 oznacza zgod\u0119 na przetwarzanie podanych danych w celu obs\u0142ugi rekrutacji na zaj\u0119cia oraz p\u00f3\u017aniej do realizacji cel\u00f3w statutowych Klubu. W zg\u0142oszeniu nale\u017cy poda\u0107:<\/div><ul><li>imi\u0119 i nazwisko dziecka, rok urodzenia<\/li><li>miejscowo\u015b\u0107 zamieszkania, szko\u0142\u0119 \/ przedszkole, w przypadku SP nr 2 r\u00f3wnie\u017c klas\u0119<\/li><li>znajomo\u015b\u0107 gry w szachy: czy dziecko wie, jak ruszaj\u0105 si\u0119 figury, czy na razie zupe\u0142nie nic nie wie o szachach<\/li><li>wybrany termin zaj\u0119\u0107<\/li><li>telefon kontaktowy (planujemy utworzenie grup na WhatsApp do bie\u017c\u0105cej komunikacji)<\/li><\/ul>\t\t\t\t\t\t\t\t<\/div>\n\t\t\t\t<\/div>\n\t\t\t\t<div class=\"elementor-element elementor-element-abd43a5 elementor-widget-divider--view-line_icon elementor-view-default elementor-widget-divider--element-align-center elementor-widget elementor-widget-divider\" data-id=\"abd43a5\" data-element_type=\"widget\" data-e-type=\"widget\" data-widget_type=\"divider.default\">\n\t\t\t\t<div class=\"elementor-widget-container\">\n\t\t\t\t\t\t\t<div class=\"elementor-divider\">\n\t\t\t<span class=\"elementor-divider-separator\">\n\t\t\t\t\t\t\t<div class=\"elementor-icon elementor-divider__element\">\n\t\t\t\t\t<i aria-hidden=\"true\" class=\"fas fa-star\"><\/i><\/div>\n\t\t\t\t\t\t<\/span>\n\t\t<\/div>\n\t\t\t\t\t\t<\/div>\n\t\t\t\t<\/div>\n\t\t\t\t<div class=\"elementor-element elementor-element-38ae794 elementor-widget elementor-widget-text-editor\" data-id=\"38ae794\" data-element_type=\"widget\" data-e-type=\"widget\" data-widget_type=\"text-editor.default\">\n\t\t\t\t<div class=\"elementor-widget-container\">\n\t\t\t\t\t\t\t\t\t<h3><span style=\"color: var( --e-global-color-text ); font-family: var( --e-global-typography-text-font-family ), Sans-serif; font-weight: var( --e-global-typography-text-font-weight ); word-spacing: normal;\">Zaj\u0119cia grup klubowych<\/span><\/h3><div><span style=\"color: var( --e-global-color-text ); font-family: var( --e-global-typography-text-font-family ), Sans-serif; font-weight: var( --e-global-typography-text-font-weight ); word-spacing: normal;\">G\u0142\u00f3wne zaj\u0119cia klubowe odbywaj\u0105 si\u0119 w pi\u0105tki w godz. 17:30-19:30 w Szkole Podstawowej nr 2. W tym roku szkolnym stawiamy na mniejsze grupy &#8211; zaj\u0119cia pi\u0105tkowe prowadzimy w podziale na 5 grup.<\/span><\/div><p><span style=\"color: var( --e-global-color-text ); font-family: var( --e-global-typography-text-font-family ), Sans-serif; font-weight: var( --e-global-typography-text-font-weight ); word-spacing: normal;\">Pozosta\u0142e grupy klubowe:<\/span><\/p><ul><li><span style=\"color: var( --e-global-color-text ); font-family: var( --e-global-typography-text-font-family ), Sans-serif; font-weight: var( --e-global-typography-text-font-weight ); word-spacing: normal;\">poniedzia\u0142ek 18:30-20:00 (ul. Westfala 3A &#8211; wej\u015bcie do hali sportowej)<\/span>\u00a0&#8211; zaj\u0119cia prowadzi K. Jarz\u0119bowski<\/li><li><span style=\"color: var( --e-global-color-text ); font-family: var( --e-global-typography-text-font-family ), Sans-serif; font-weight: var( --e-global-typography-text-font-weight ); word-spacing: normal;\">wtorek 17:30-19:30\u00a0<\/span>(Mediateka) &#8211; zaj\u0119cia prowadzi K. Jarz\u0119bowski<\/li><li>wtorek 17:30-19:30 (ul. Pi\u0119kna) &#8211; zaj\u0119cia prowadzi I. Rajlich<\/li><li><span style=\"color: var( --e-global-color-text ); font-family: var( --e-global-typography-text-font-family ), Sans-serif; font-weight: var( --e-global-typography-text-font-weight ); word-spacing: normal;\">\u015broda 18:00-19:30 (Mediateka) &#8211; zaj\u0119cia prowadzi J. Kici\u0144ski<\/span><\/li><\/ul>\t\t\t\t\t\t\t\t<\/div>\n\t\t\t\t<\/div>\n\t\t\t\t\t<\/div>\n\t\t<\/div>\n\t\t\t\t\t<\/div>\n\t\t<\/section>\n\t\t\t\t<\/div>\n\t\t","protected":false},"excerpt":{"rendered":"<p>Nab\u00f3r zimowy &#8211; uzupe\u0142niaj\u0105cy Zapraszamy na zaj\u0119cia szachowe w Szkole Podstawowej nr 2 &#8211; grupy wtorkowe i pi\u0105tkowe na 15:25 i 16:20 (wymienione poni\u017cej). To grupy dla dzieci w wieku szkolnym, przede wszystkim dla klas I-III, ale przyjmujemy r\u00f3wnie\u017c zg\u0142oszenia ze starszych klas. W zaj\u0119ciach mog\u0105 uczestniczy\u0107 dzieci z innych szk\u00f3\u0142. W przypadku dzieci z SP nr 2 instruktor mo\u017ce odbiera\u0107 dzieci ze \u015bwietlicy szkolnej (i odprowadza z powrotem). Je\u015bli dziecko nie umie gra\u0107 w szachy &#8211; nauczymy. Je\u015bli umie &#8211; to r\u00f3wnie\u017c na pewno nie b\u0119dzie si\u0119 nudzi\u0142o \ud83d\ude42 Zg\u0142oszenia mailem zgodnie z informacj\u0105 poni\u017cej. Zaj\u0119cia dla pocz\u0105tkuj\u0105cych dzieci&hellip;<\/p>\n<p> <a class=\"more-link\" href=\"https:\/\/szachygrodzisk.pl\/index.php\/zajecia-2023-24\/\">Dowiedz si\u0119 wi\u0119cej<\/a><\/p>\n","protected":false},"author":2,"featured_media":0,"parent":0,"menu_order":0,"comment_status":"closed","ping_status":"closed","template":"","meta":{"_monsterinsights_skip_tracking":false,"_monsterinsights_sitenote_active":false,"_monsterinsights_sitenote_note":"","_monsterinsights_sitenote_category":0,"footnotes":""},"class_list":["post-6877","page","type-page","status-publish"],"_links":{"self":[{"href":"https:\/\/szachygrodzisk.pl\/index.php\/wp-json\/wp\/v2\/pages\/6877","targetHints":{"allow":["GET"]}}],"collection":[{"href":"https:\/\/szachygrodzisk.pl\/index.php\/wp-json\/wp\/v2\/pages"}],"about":[{"href":"https:\/\/szachygrodzisk.pl\/index.php\/wp-json\/wp\/v2\/types\/page"}],"author":[{"embeddable":true,"href":"https:\/\/szachygrodzisk.pl\/index.php\/wp-json\/wp\/v2\/users\/2"}],"replies":[{"embeddable":true,"href":"https:\/\/szachygrodzisk.pl\/index.php\/wp-json\/wp\/v2\/comments?post=6877"}],"version-history":[{"count":40,"href":"https:\/\/szachygrodzisk.pl\/index.php\/wp-json\/wp\/v2\/pages\/6877\/revisions"}],"predecessor-version":[{"id":7670,"href":"https:\/\/szachygrodzisk.pl\/index.php\/wp-json\/wp\/v2\/pages\/6877\/revisions\/7670"}],"wp:attachment":[{"href":"https:\/\/szachygrodzisk.pl\/index.php\/wp-json\/wp\/v2\/media?parent=6877"}],"curies":[{"name":"wp","href":"https:\/\/api.w.org\/{rel}","templated":true}]}}