{"id":715,"date":"2016-08-31T10:40:44","date_gmt":"2016-08-31T08:40:44","guid":{"rendered":"https:\/\/szachygrodzisk.pl\/?page_id=715"},"modified":"2016-09-04T12:14:46","modified_gmt":"2016-09-04T10:14:46","slug":"mgj2016-regulamin","status":"publish","type":"page","link":"https:\/\/szachygrodzisk.pl\/index.php\/mgj2016-regulamin\/","title":{"rendered":"Mistrzostwa Grodziska Mazowieckiego Junior\u00f3w w szachach &#8211; REGULAMIN"},"content":{"rendered":"<p>Zawody obj\u0119te Honorowym Patronatem Burmistrza Grodziska Mazowieckiego<\/p>\n<h5>1. Cele zawod\u00f3w<\/h5>\n<p>Popularyzacja gry w szachy w Grodzisku Mazowieckim i okolicach<br \/>\nUmo\u017cliwienie dzieciom i m\u0142odzie\u017cy podwy\u017cszenia kategorii szachowych<br \/>\nWy\u0142onienie w sportowej rywalizacji najlepszych m\u0142odych szachist\u00f3w z regionu<br \/>\nIntegracja lokalnego \u015brodowiska szachowego<\/p>\n<h5>2. Organizatorzy<\/h5>\n<p>Uczniowski Klub Sportowy Szachowa Dw\u00f3jka Grodzisk Mazowiecki<br \/>\nSzko\u0142a Podstawowa nr 2 im. Marii Konopnickiej w Grodzisku Mazowieckim<span style=\"color: #ff0000;\"><br \/>\n<\/span><\/p>\n<h5>3. Program zawod\u00f3w<\/h5>\n<p>Miejsce rozgrywek: Szko\u0142a Podstawowa nr 2, ul. Westfala 3, Grodzisk Maz.<br \/>\nTermin: <u><strong>weekend 8-9 pa\u017adziernika 2016 r.<\/strong><\/u><\/p>\n<p>Obok 2-dniowego turnieju g\u0142\u00f3wnego w niedziel\u0119 odb\u0119dzie si\u0119 turniej towarzysz\u0105cy dla dzieci rozpoczynaj\u0105cych swoj\u0105 przygod\u0119 z szachami<\/p>\n<p><u>Sobota 8.10<\/u><br \/>\nPotwierdzanie uczestnictwa: 9:00-9:30<br \/>\nOdprawa techniczna (obowi\u0105zkowa): 9:45<br \/>\nI runda: 10:00 (i dalej rundy II, III, IV)<br \/>\nPrzewidywane zako\u0144czenie ok. 16:00 (zale\u017cnie od czasu rozgrywania rund)<\/p>\n<p><u>Niedziela 9.10<\/u><br \/>\nPotwierdzanie uczestnictwa (turniej dla dzieci): 9:00-9:30<br \/>\nOdprawa techniczna (obowi\u0105zkowa &#8211; turniej dla dzieci): 9:45<br \/>\nI runda (turniej dla dzieci): 10:00 (i dalej kolejne rundy)<br \/>\nV runda (turniej g\u0142\u00f3wny): 10:00 (i dalej rundy VI, VII)<br \/>\nZako\u0144czenie ok. 16:00 (zale\u017cnie od czasu rozgrywania rund)<\/p>\n<h5>4. System rozgrywek<\/h5>\n<p>Turniej g\u0142\u00f3wny:<br \/>\n\u2022 system szwajcarski na dystansie 7 rund,<br \/>\n\u2022 tempo gry: 30 minut na parti\u0119 dla zawodnika plus 30 sekund dodawane po ka\u017cdym posuni\u0119ciu,<br \/>\n\u2022 <u><strong>obowi\u0105zkowy zapis partii<\/strong><\/u>,<br \/>\n\u2022 mo\u017cliwo\u015b\u0107 zdobycia kategorii do I kobiecej w\u0142\u0105cznie.<\/p>\n<p>Turniej towarzysz\u0105cy:<br \/>\n\u2022 system szwajcarski na dystansie 6 rund,<br \/>\n\u2022 tempo gry: 30 minut na parti\u0119 dla zawodnika,<br \/>\n\u2022 mo\u017cliwo\u015b\u0107 zdobycia V lub IV kategorii szachowej.<\/p>\n<p>Przy r\u00f3wnej liczbie punkt\u00f3w o zaj\u0119tym miejscu decyduj\u0105: skr\u00f3cona punktacja Buchholza, pe\u0142na punktacja Buchholza, liczba zwyci\u0119stw, progres, losowanie.<br \/>\nW turniejach obowi\u0105zuj\u0105 przepisy gry FIDE. Turnieje nie b\u0119d\u0105 zg\u0142aszane do oceny rankingowej FIDE.<br \/>\nMaksymalne dopuszczalne sp\u00f3\u017anienie na rund\u0119: 10 minut<\/p>\n<h5>5. Warunki uczestnictwa<\/h5>\n<p>W turnieju g\u0142\u00f3wnym mog\u0105 uczestniczy\u0107 juniorzy urodzeni w roku 1998 lub m\u0142odsi (nie ma ogranicze\u0144 rankingowych)<br \/>\nW turnieju towarzysz\u0105cym mog\u0105 uczestniczy\u0107 dzieci urodzone w roku 2006 lub m\u0142odsze, bez kategorii szachowej, z V kategori\u0105 lub dziewcz\u0119ta z IV kategori\u0105 (ranking PZSzach do 1250)<\/p>\n<p>Do turnieju nale\u017cy zg\u0142asza\u0107 si\u0119:<br \/>\n\u2022 przez internetowy <i>Formularz zg\u0142oszenia<\/i>: <a href=\"http:\/\/www.chessarbiter.com\/turnieje\/2016\/ti_4932\/registration_form.html?l=pl\" target=\"_blank\">do turnieju g\u0142\u00f3wnego<\/a>, <a href=\"http:\/\/www.chessarbiter.com\/turnieje\/2016\/ti_4934\/registration_form.html?l=pl\" target=\"_blank\">do turnieju dla dzieci<\/a> (preferowana forma zg\u0142oszenia) lub<br \/>\n\u2022 mailem na adres <a href=\"mailto:klub@szachygrodzisk.pl\">klub@szachygrodzisk.pl<\/a> \u2013 nale\u017cy poda\u0107 imi\u0119, nazwisko, klub lub miejscowo\u015b\u0107, kategori\u0119 szachow\u0105 (o ile si\u0119 posiada) oraz pe\u0142n\u0105 dat\u0119 urodzenia lub<br \/>\n\u2022 telefonicznie w godzinach 20-21 (nr tel. na ko\u0144cu regulaminu) lub<br \/>\n\u2022 osobi\u015bcie.<\/p>\n<p><strong><u>Zg\u0142oszenia do niedzieli 2.10 w\u0142\u0105cznie<\/u><\/strong> (wszyscy zawodnicy zg\u0142oszeni w terminie otrzymaj\u0105 pami\u0105tkowe medale).<\/p>\n<p>Wpisowe do turnieju g\u0142\u00f3wnego: 35 z\u0142<br \/>\nWpisowe do turnieju dla dzieci: 20 z\u0142<br \/>\nZni\u017cka dla zawodnik\u00f3w z Grodziska Maz.: 5 z\u0142<br \/>\nZni\u017cka dla zawodnik\u00f3w Szachowej Dw\u00f3jki (z op\u0142aconymi sk\u0142adkami): 5 z\u0142<br \/>\nZni\u017cka dla rodze\u0144stwa: 5 z\u0142 (drugie i kolejne dziecko)<br \/>\nZni\u017cki sumuj\u0105 si\u0119<\/p>\n<p>Wpisowe p\u0142atne przed zawodami w godz. 9:00-9:30 lub na konto:<br \/>\n\u2022 Nazwa odbiorcy: Uczniowski Klub Sportowy Szachowa Dw\u00f3jka Grodzisk Mazowiecki<br \/>\n\u2022 Nr konta: 26 2030 0045 1110 0000 0425 1050<br \/>\n\u2022 W tytule przelewu\/wp\u0142aty nale\u017cy poda\u0107 imi\u0119 i nazwisko zawodnika.<\/p>\n<p>Zg\u0142oszenia i informacje o wp\u0142acie wpisowego b\u0119d\u0105 na bie\u017c\u0105co publikowane na stronie turnieju. Zawodnicy zg\u0142oszeni w terminie i z op\u0142aconym wpisowym nie musz\u0105 potwierdza\u0107 swojej obecno\u015bci na sali gry (czyli przychodz\u0105 na 9:45).<\/p>\n<p>Zapisy na sali gry w dniu zawod\u00f3w (o ile b\u0119d\u0105 wolne miejsca): w godz. 9:00-9:30, wpisowe w tym wypadku wzrasta o 10 z\u0142. Op\u0142acenie wpisowego po 9:30 wi\u0105\u017ce si\u0119 ze wzrostem wpisowego o 10 z\u0142 oraz grozi wykluczeniem z kojarzenia I rundy.<\/p>\n<h5>6. Nagrody<\/h5>\n<p>Wszyscy zawodnicy zg\u0142oszeni w terminie otrzymaj\u0105 pami\u0105tkowe medale.<br \/>\nZawodnicy nagrodzeni oraz wszyscy uczestnicy turnieju dla dzieci otrzymaj\u0105 dyplomy.<\/p>\n<p>Turniej g\u0142\u00f3wny (nagrody gwarantowane):<br \/>\n\u2022 I miejsce &#8211; puchar i tablet,<br \/>\n\u2022 miejsca II-III &#8211; puchar i nagroda rzeczowa,<br \/>\n\u2022 miejsca I-III w klasyfikacji junior\u00f3w z Grodziska Maz. &#8211; puchar i nagroda rzeczowa,<br \/>\n\u2022 najlepsza zawodniczka &#8211; puchar i nagroda rzeczowa,<br \/>\n\u2022 najlepszy m\u0142odzik (do lat 10) &#8211; puchar i nagroda rzeczowa,<br \/>\n\u2022 najlepszy zawodnik Szachowej Dw\u00f3jki &#8211; nagroda rzeczowa.<\/p>\n<p>Turniej towarzysz\u0105cy (nagrody gwarantowane):<br \/>\n\u2022 I miejsce &#8211; puchar i nagroda rzeczowa,<br \/>\n\u2022 miejsca II-III &#8211; nagroda rzeczowa,<br \/>\n\u2022 miejsca I-III w klasyfikacji dzieci z Grodziska Maz. &#8211; nagroda rzeczowa,<br \/>\n\u2022 najlepsza zawodniczka &#8211; nagroda rzeczowa,<br \/>\n\u2022 najlepszy zawodnik do lat 8 &#8211; nagroda rzeczowa,<br \/>\n\u2022 najlepszy zawodnik Szachowej Dw\u00f3jki &#8211; nagroda rzeczowa.<\/p>\n<p>Zawodnik mo\u017ce otrzyma\u0107 tylko jedn\u0105 nagrod\u0119.<br \/>\nPrzy wi\u0119kszej liczbie zawodnik\u00f3w organizatorzy zapewniaj\u0105 nagrody rzeczowe dla minimum 30% uczestnik\u00f3w w obu turniejach.<br \/>\nNagrody b\u0119d\u0105 wr\u0119czane wy\u0142\u0105cznie podczas ceremonii zako\u0144czenia turnieju.<\/p>\n<h5>7. Inne<\/h5>\n<p>Zawodnik\u00f3w obowi\u0105zuje zmiana obuwia.<br \/>\nNa sali gry obowi\u0105zuje ca\u0142kowity zakaz u\u017cywania telefon\u00f3w kom\u00f3rkowych.<br \/>\nUdzia\u0142 w zawodach oznacza zgod\u0119 na wykorzystanie zdj\u0119\u0107 do promocji dzia\u0142a\u0144 Organizator\u00f3w oraz na publikowanie danych na stronach internetowych (wyniki turnieju).<br \/>\nPrzed turniejem b\u0119dzie mo\u017cliwo\u015b\u0107 zapoznania dzieci z obs\u0142ug\u0105 zegara szachowego.<br \/>\nO wszelkich sprawach nieuj\u0119tych w niniejszym regulaminie decyduj\u0105 Organizatorzy.<br \/>\nOrganizatorzy zastrzegaj\u0105 sobie prawo wprowadzania zmian w niniejszym regulaminie.<\/p>\n<p>Dane kontaktowe: Jacek Kici\u0144ski, tel. 511 834 619, <a href=\"mailto:klub@szachygrodzisk.pl\">klub@szachygrodzisk.pl<\/a><\/p>\n","protected":false},"excerpt":{"rendered":"<p>Zawody obj\u0119te Honorowym Patronatem Burmistrza Grodziska Mazowieckiego 1. Cele zawod\u00f3w Popularyzacja gry w szachy w Grodzisku Mazowieckim i okolicach Umo\u017cliwienie dzieciom i m\u0142odzie\u017cy podwy\u017cszenia kategorii szachowych Wy\u0142onienie w sportowej rywalizacji najlepszych m\u0142odych szachist\u00f3w z regionu Integracja lokalnego \u015brodowiska szachowego 2. Organizatorzy Uczniowski Klub Sportowy Szachowa Dw\u00f3jka Grodzisk Mazowiecki Szko\u0142a Podstawowa nr 2 im. Marii Konopnickiej w Grodzisku Mazowieckim 3. Program zawod\u00f3w Miejsce rozgrywek: Szko\u0142a Podstawowa nr 2, ul. Westfala 3, Grodzisk Maz. Termin: weekend 8-9 pa\u017adziernika 2016 r. Obok 2-dniowego turnieju g\u0142\u00f3wnego w niedziel\u0119 odb\u0119dzie si\u0119 turniej towarzysz\u0105cy dla dzieci rozpoczynaj\u0105cych swoj\u0105 przygod\u0119 z szachami Sobota 8.10 Potwierdzanie uczestnictwa: 9:00-9:30&hellip;<\/p>\n<p> <a class=\"more-link\" href=\"https:\/\/szachygrodzisk.pl\/index.php\/mgj2016-regulamin\/\">Dowiedz si\u0119 wi\u0119cej<\/a><\/p>\n","protected":false},"author":2,"featured_media":0,"parent":0,"menu_order":0,"comment_status":"closed","ping_status":"closed","template":"","meta":{"_monsterinsights_skip_tracking":false,"_monsterinsights_sitenote_active":false,"_monsterinsights_sitenote_note":"","_monsterinsights_sitenote_category":0,"footnotes":""},"class_list":["post-715","page","type-page","status-publish"],"_links":{"self":[{"href":"https:\/\/szachygrodzisk.pl\/index.php\/wp-json\/wp\/v2\/pages\/715","targetHints":{"allow":["GET"]}}],"collection":[{"href":"https:\/\/szachygrodzisk.pl\/index.php\/wp-json\/wp\/v2\/pages"}],"about":[{"href":"https:\/\/szachygrodzisk.pl\/index.php\/wp-json\/wp\/v2\/types\/page"}],"author":[{"embeddable":true,"href":"https:\/\/szachygrodzisk.pl\/index.php\/wp-json\/wp\/v2\/users\/2"}],"replies":[{"embeddable":true,"href":"https:\/\/szachygrodzisk.pl\/index.php\/wp-json\/wp\/v2\/comments?post=715"}],"version-history":[{"count":5,"href":"https:\/\/szachygrodzisk.pl\/index.php\/wp-json\/wp\/v2\/pages\/715\/revisions"}],"predecessor-version":[{"id":731,"href":"https:\/\/szachygrodzisk.pl\/index.php\/wp-json\/wp\/v2\/pages\/715\/revisions\/731"}],"wp:attachment":[{"href":"https:\/\/szachygrodzisk.pl\/index.php\/wp-json\/wp\/v2\/media?parent=715"}],"curies":[{"name":"wp","href":"https:\/\/api.w.org\/{rel}","templated":true}]}}