{"id":9560,"date":"2025-02-14T10:43:54","date_gmt":"2025-02-14T09:43:54","guid":{"rendered":"https:\/\/szachygrodzisk.pl\/?page_id=9560"},"modified":"2025-07-05T21:40:51","modified_gmt":"2025-07-05T19:40:51","slug":"oboz-wakacyjny-2025-lista-uczestnikow","status":"publish","type":"page","link":"https:\/\/szachygrodzisk.pl\/index.php\/oboz-wakacyjny-2025-lista-uczestnikow\/","title":{"rendered":"Ob\u00f3z wakacyjny 2025 &#8211; lista uczestnik\u00f3w"},"content":{"rendered":"\t\t<div data-elementor-type=\"wp-page\" data-elementor-id=\"9560\" class=\"elementor elementor-9560\">\n\t\t\t\t\t\t<section class=\"elementor-section elementor-top-section elementor-element elementor-element-2af30661 elementor-section-boxed elementor-section-height-default elementor-section-height-default\" data-id=\"2af30661\" data-element_type=\"section\" data-e-type=\"section\">\n\t\t\t\t\t\t<div class=\"elementor-container elementor-column-gap-default\">\n\t\t\t\t\t<div class=\"elementor-column elementor-col-100 elementor-top-column elementor-element elementor-element-174ebf1a\" data-id=\"174ebf1a\" data-element_type=\"column\" data-e-type=\"column\">\n\t\t\t<div class=\"elementor-widget-wrap elementor-element-populated\">\n\t\t\t\t\t\t<div class=\"elementor-element elementor-element-54d4bd32 elementor-widget elementor-widget-text-editor\" data-id=\"54d4bd32\" data-element_type=\"widget\" data-e-type=\"widget\" data-widget_type=\"text-editor.default\">\n\t\t\t\t<div class=\"elementor-widget-container\">\n\t\t\t\t\t\t\t\t\t<p><\/p>\n<h3>Potwierdzeni uczestnicy obozu i osoby towarzysz\u0105ce &#8211; zni\u017cka 100 z\u0142<\/h3>\n<ol>\n<li>Ma\u0142gorzata K. (ur. 2012, ranking 1800)<\/li>\n<li><span style=\"color: var( --e-global-color-text ); font-family: var( --e-global-typography-text-font-family ), Sans-serif; font-weight: var( --e-global-typography-text-font-weight ); word-spacing: normal;\">Anna K. (ur. 2009, ranking 1900)<\/span><\/li>\n<li>Maks Sz. (ur. 2014, ranking 1600)<\/li>\n<li>Hubert K. (ur. 2014, ranking 1600)<\/li>\n<li>Szymon Ci. (ur. 2012, ranking 1600)<\/li>\n<li>Kacper K. (ur. 2012, ranking 1800)<\/li>\n<li>Przemys\u0142aw K. (ur. 2010, ranking 1800)<\/li>\n<li>Aleksandra P. (ur. 2017, ranking 1600)<\/li>\n<li>Witold P. (ur. 2015, ranking 1600)<\/li>\n<li>Franciszek S. (ur. 2013, ranking 1600)<\/li>\n<li>Jan. P. (ur. 2010, ranking 1800)<\/li>\n<li>Tomasz P. (ur. 2012, ranking 1600)<\/li>\n<li>Weronika G. (ur. 2012, ranking 1400)<\/li>\n<li>Brajan T. (ur. 2013, ranking 1800)<\/li>\n<li>Vaclav R. (ur. 2010, ranking 2100)<\/li>\n<li>Simon R. (ur. 2013, ranking 1800)<\/li>\n<li>Helen R. (ur. 2017. ranking 1400) + 1 osoba towarzysz\u0105ca<\/li>\n<li><span style=\"word-spacing: normal;\">Jan L. (ur. 2015, ranking 1400)<\/span><\/li>\n<li><span style=\"color: var( --e-global-color-text ); font-family: var( --e-global-typography-text-font-family ), Sans-serif; font-weight: var( --e-global-typography-text-font-weight ); word-spacing: normal;\">Maksymilian W. (ur. 2015, ranking 1600)<\/span><\/li>\n<li><span style=\"color: var( --e-global-color-text ); font-family: var( --e-global-typography-text-font-family ), Sans-serif; font-weight: var( --e-global-typography-text-font-weight ); word-spacing: normal;\">Jan Ko. (ur. 2015, ranking 1600)<\/span><\/li>\n<li>Igor Ko. (ur. 2017, ranking 1000) + 1 osoba towarzysz\u0105ca<\/li>\n<li><span style=\"word-spacing: normal;\">Milan F. (ur. 2015, ranking 2000)<\/span><\/li>\n<li>Karol O. (ur. 2010, ranking 1800)<\/li>\n<li>Franciszek O. (ur. 2013, ranking 1600)<\/li>\n<li>Piotr N. (ur. 2012, ranking 1800)<\/li>\n<li><span style=\"color: var( --e-global-color-text ); font-family: var( --e-global-typography-text-font-family ), Sans-serif; font-weight: var( --e-global-typography-text-font-weight ); word-spacing: normal;\">Jan K. (ur. 2017, ranking 1600)<\/span><\/li>\n<li>Wojciech T. (ur. 2014, ranking 1600)<\/li>\n<li>Edward T. (ur. 2016, ranking 1600) + 3 osoby towarzysz\u0105ce<\/li>\n<li>Patryk P. (ur. 2011, ranking 1800)<\/li>\n<li><span style=\"color: var( --e-global-color-text ); font-family: var( --e-global-typography-text-font-family ), Sans-serif; font-weight: var( --e-global-typography-text-font-weight ); word-spacing: normal;\">Zofia K. (ur. 2014, ranking 1600)<\/span><\/li>\n<li><span style=\"color: var( --e-global-color-text ); font-family: var( --e-global-typography-text-font-family ), Sans-serif; font-weight: var( --e-global-typography-text-font-weight ); word-spacing: normal;\">Robert W. (ur. 2013, ranking 1600)<\/span><\/li>\n<li>Olga W. (ur. 2015, ranking 1400)<\/li>\n<li><span style=\"color: var( --e-global-color-text ); font-family: var( --e-global-typography-text-font-family ), Sans-serif; font-weight: var( --e-global-typography-text-font-weight ); word-spacing: normal;\">Liliana O. (ur. 2015, ranking 1600)<\/span><\/li>\n<li>Mateusz Si. (ur. 2010, ranking 1800)<\/li>\n<li><span style=\"color: var( --e-global-color-text ); font-family: var( --e-global-typography-text-font-family ), Sans-serif; font-weight: var( --e-global-typography-text-font-weight ); word-spacing: normal;\">Lena J. (ur. 2011, ranking 1600)<\/span><\/li>\n<li>Jan J. (ur. 2017, ranking 1400) + 1 osoba towarzysz\u0105ca<\/li>\n<li><span style=\"color: var( --e-global-color-text ); font-family: var( --e-global-typography-text-font-family ), Sans-serif; font-weight: var( --e-global-typography-text-font-weight ); word-spacing: normal;\">Kacper \u0141. (ur. 2015, ranking 1600)<\/span><\/li>\n<li><span style=\"color: var( --e-global-color-text ); font-family: var( --e-global-typography-text-font-family ), Sans-serif; font-weight: var( --e-global-typography-text-font-weight ); word-spacing: normal;\">Kalina H. (ur. 2015, ranking 1400)<\/span><\/li>\n<li>R\u00f3\u017ca H. (ur. 2017, ranking 1250) + 2 osoby towarzysz\u0105ce<\/li>\n<li>Leon J. (ur. 2015, ranking 1000)<\/li>\n<li>Sta\u015b L. (ur. 2014, ranking 1800)<\/li>\n<li><span style=\"word-spacing: normal;\">Antonia M. (ur. 2014, ranking 1600)<\/span><\/li>\n<li>Ignacy M. (ur. 2016. ranking 1600)<\/li>\n<li>Kajetan M. (ur. 2018, ranking 1400) + 1 osoba towarzysz\u0105ca<\/li>\n<li><span style=\"word-spacing: normal;\">Bart\u0142omiej Ku. (ur. 2017, ranking 1400)<\/span><\/li>\n<li><span style=\"word-spacing: normal;\">Dominik S. (ur. 2015, ranking 1400)<\/span><\/li>\n<li><span style=\"word-spacing: normal;\">Alek K. (ur. 2016, ranking 1400) + 1 osoba towarzysz\u0105ca<\/span><\/li>\n<li><span style=\"word-spacing: normal;\">Jan Jag. (ur. 2014, ranking 1400)<\/span><\/li>\n<\/ol>\n<h3 style=\"color: #323232; font-family: -apple-system, BlinkMacSystemFont, 'Segoe UI', Roboto, Helvetica, Arial, sans-serif, sans-serif; letter-spacing: normal; word-spacing: 0px; font-weight: bold; text-transform: none; box-sizing: border-box; font-size: 1.625em; line-height: 1.15; font-style: normal; font-variant-ligatures: normal; font-variant-caps: normal; orphans: 2; text-align: start; text-indent: 0px; widows: 2; -webkit-text-stroke-width: 0px; white-space: normal; background-color: #ffffff; text-decoration-thickness: initial; text-decoration-style: initial; text-decoration-color: initial;\">Potwierdzeni uczestnicy obozu i osoby towarzysz\u0105ce &#8211; bez zni\u017cki 100 z\u0142<\/h3>\n<div>\n<ol>\n<li><span style=\"word-spacing: normal;\">Bart\u0142omiej S. (ur. 2013, ranking 1800)<\/span><\/li>\n<li><span style=\"word-spacing: normal;\">Franciszek Str. (ur. 2015, ranking 1600)<\/span><\/li>\n<li><span style=\"word-spacing: normal;\">Amelia P. (ur. 2013, ranking 1000)<\/span><\/li>\n<\/ol>\n<\/div>\n<h3>Zg\u0142oszenia nie potwierdzone wp\u0142at\u0105 zaliczki<\/h3>\n<ol>\n<li>&#8211;<\/li>\n<\/ol>\n<p><\/p>\t\t\t\t\t\t\t\t<\/div>\n\t\t\t\t<\/div>\n\t\t\t\t\t<\/div>\n\t\t<\/div>\n\t\t\t\t\t<\/div>\n\t\t<\/section>\n\t\t\t\t<\/div>\n\t\t","protected":false},"excerpt":{"rendered":"<p>Potwierdzeni uczestnicy obozu i osoby towarzysz\u0105ce &#8211; zni\u017cka 100 z\u0142 Ma\u0142gorzata K. (ur. 2012, ranking 1800) Anna K. (ur. 2009, ranking 1900) Maks Sz. (ur. 2014, ranking 1600) Hubert K. (ur. 2014, ranking 1600) Szymon Ci. (ur. 2012, ranking 1600) Kacper K. (ur. 2012, ranking 1800) Przemys\u0142aw K. (ur. 2010, ranking 1800) Aleksandra P. (ur. 2017, ranking 1600) Witold P. (ur. 2015, ranking 1600) Franciszek S. (ur. 2013, ranking 1600) Jan. P. (ur. 2010, ranking 1800) Tomasz P. (ur. 2012, ranking 1600) Weronika G. (ur. 2012, ranking 1400) Brajan T. (ur. 2013, ranking 1800) Vaclav R. (ur. 2010, ranking 2100)&hellip;<\/p>\n<p> <a class=\"more-link\" href=\"https:\/\/szachygrodzisk.pl\/index.php\/oboz-wakacyjny-2025-lista-uczestnikow\/\">Dowiedz si\u0119 wi\u0119cej<\/a><\/p>\n","protected":false},"author":2,"featured_media":0,"parent":0,"menu_order":0,"comment_status":"closed","ping_status":"closed","template":"","meta":{"_monsterinsights_skip_tracking":false,"_monsterinsights_sitenote_active":false,"_monsterinsights_sitenote_note":"","_monsterinsights_sitenote_category":0,"footnotes":""},"class_list":["post-9560","page","type-page","status-publish"],"_links":{"self":[{"href":"https:\/\/szachygrodzisk.pl\/index.php\/wp-json\/wp\/v2\/pages\/9560","targetHints":{"allow":["GET"]}}],"collection":[{"href":"https:\/\/szachygrodzisk.pl\/index.php\/wp-json\/wp\/v2\/pages"}],"about":[{"href":"https:\/\/szachygrodzisk.pl\/index.php\/wp-json\/wp\/v2\/types\/page"}],"author":[{"embeddable":true,"href":"https:\/\/szachygrodzisk.pl\/index.php\/wp-json\/wp\/v2\/users\/2"}],"replies":[{"embeddable":true,"href":"https:\/\/szachygrodzisk.pl\/index.php\/wp-json\/wp\/v2\/comments?post=9560"}],"version-history":[{"count":113,"href":"https:\/\/szachygrodzisk.pl\/index.php\/wp-json\/wp\/v2\/pages\/9560\/revisions"}],"predecessor-version":[{"id":10616,"href":"https:\/\/szachygrodzisk.pl\/index.php\/wp-json\/wp\/v2\/pages\/9560\/revisions\/10616"}],"wp:attachment":[{"href":"https:\/\/szachygrodzisk.pl\/index.php\/wp-json\/wp\/v2\/media?parent=9560"}],"curies":[{"name":"wp","href":"https:\/\/api.w.org\/{rel}","templated":true}]}}